{"id":826,"date":"2026-02-21T20:39:58","date_gmt":"2026-02-21T20:39:58","guid":{"rendered":"https:\/\/shatranj.art\/?page_id=826"},"modified":"2026-02-23T04:40:58","modified_gmt":"2026-02-23T04:40:58","slug":"poster-9","status":"publish","type":"page","link":"https:\/\/shatranj.art\/it\/exhibit\/poster-9\/","title":{"rendered":"poster 9"},"content":{"rendered":"<div data-elementor-type=\"wp-page\" data-elementor-id=\"826\" class=\"elementor elementor-826\" data-elementor-post-type=\"page\">\n\t\t\t\t<div class=\"elementor-element elementor-element-33b56aa e-flex e-con-boxed e-con e-parent\" data-id=\"33b56aa\" data-element_type=\"container\" data-e-type=\"container\" data-settings=\"{&quot;background_background&quot;:&quot;classic&quot;}\">\n\t\t\t\t\t<div class=\"e-con-inner\">\n\t\t<div class=\"elementor-element elementor-element-44a7504 e-con-full e-flex e-con e-child\" data-id=\"44a7504\" data-element_type=\"container\" data-e-type=\"container\">\n\t\t\t\t<div class=\"elementor-element elementor-element-53f2410 elementor-widget__width-initial elementor-widget elementor-widget-image\" data-id=\"53f2410\" data-element_type=\"widget\" data-e-type=\"widget\" data-widget_type=\"image.default\">\n\t\t\t\t<div class=\"elementor-widget-container\">\n\t\t\t\t\t\t\t\t\t\t\t\t\t\t\t<img fetchpriority=\"high\" decoding=\"async\" width=\"1356\" height=\"1803\" src=\"https:\/\/shatranj.art\/wp-content\/uploads\/2026\/02\/9.jpg\" class=\"attachment-full size-full wp-image-828\" alt=\"\" srcset=\"https:\/\/shatranj.art\/wp-content\/uploads\/2026\/02\/9.jpg 1356w, https:\/\/shatranj.art\/wp-content\/uploads\/2026\/02\/9-226x300.jpg 226w, https:\/\/shatranj.art\/wp-content\/uploads\/2026\/02\/9-770x1024.jpg 770w, https:\/\/shatranj.art\/wp-content\/uploads\/2026\/02\/9-768x1021.jpg 768w, https:\/\/shatranj.art\/wp-content\/uploads\/2026\/02\/9-1155x1536.jpg 1155w\" sizes=\"(max-width: 1356px) 100vw, 1356px\" \/>\t\t\t\t\t\t\t\t\t\t\t\t\t\t\t<\/div>\n\t\t\t\t<\/div>\n\t\t\t\t<div class=\"elementor-element elementor-element-efc76fe elementor-widget__width-initial elementor-widget elementor-widget-text-editor\" data-id=\"efc76fe\" data-element_type=\"widget\" data-e-type=\"widget\" data-widget_type=\"text-editor.default\">\n\t\t\t\t<div class=\"elementor-widget-container\">\n\t\t\t\t\t\t\t\t\t<p><strong>Un'eredit\u00e0 strategica: Le linee architettoniche dell'insieme di Averbakh<\/strong><\/p><p>\u00a0<\/p><p>Chiamato cos\u00ec in onore di Yuri Averbakh, uno dei pi\u00f9 grandi teorici degli scacchi moderni e maestro dell'endgame, questo set rappresenta l'epoca d'oro della scuola scacchistica sovietica. Utilizzato spesso nei prestigiosi tornei degli anni '50 e '60, questo design \u00e8 rinomato per le sue linee minimaliste, che favoriscono la concentrazione e sono architettonicamente equilibrate. Riflettendo l'approccio scientifico di Averbakh, in cui la scacchiera era trattata come un laboratorio, questi pezzi, con i loro steli sottili e le silhouette semplificate, simboleggiano la forma pi\u00f9 pura dell'intelletto. Questo set \u00e8 pi\u00f9 di uno strumento di gioco: \u00e8 un manifesto visivo dell'epoca dell'egemonia sovietica degli scacchi e un'intersezione disciplinata di artigianato e strategia.<\/p>\t\t\t\t\t\t\t\t<\/div>\n\t\t\t\t<\/div>\n\t\t\t\t<\/div>\n\t\t<div class=\"elementor-element elementor-element-ae859ed e-con-full e-flex e-con e-child\" data-id=\"ae859ed\" data-element_type=\"container\" data-e-type=\"container\">\n\t\t\t\t<div class=\"elementor-element elementor-element-c38a481 elementor-widget elementor-widget-image\" data-id=\"c38a481\" data-element_type=\"widget\" data-e-type=\"widget\" data-widget_type=\"image.default\">\n\t\t\t\t<div class=\"elementor-widget-container\">\n\t\t\t\t\t\t\t\t\t\t\t\t\t\t\t<img decoding=\"async\" width=\"1972\" height=\"1308\" src=\"https:\/\/shatranj.art\/wp-content\/uploads\/2026\/02\/9-1.jpg\" class=\"attachment-full size-full wp-image-829\" alt=\"\" srcset=\"https:\/\/shatranj.art\/wp-content\/uploads\/2026\/02\/9-1.jpg 1972w, https:\/\/shatranj.art\/wp-content\/uploads\/2026\/02\/9-1-300x199.jpg 300w, https:\/\/shatranj.art\/wp-content\/uploads\/2026\/02\/9-1-1024x679.jpg 1024w, https:\/\/shatranj.art\/wp-content\/uploads\/2026\/02\/9-1-768x509.jpg 768w, https:\/\/shatranj.art\/wp-content\/uploads\/2026\/02\/9-1-1536x1019.jpg 1536w\" sizes=\"(max-width: 1972px) 100vw, 1972px\" \/>\t\t\t\t\t\t\t\t\t\t\t\t\t\t\t<\/div>\n\t\t\t\t<\/div>\n\t\t\t\t<div class=\"elementor-element elementor-element-f7be571 elementor-widget elementor-widget-image\" data-id=\"f7be571\" data-element_type=\"widget\" data-e-type=\"widget\" data-widget_type=\"image.default\">\n\t\t\t\t<div class=\"elementor-widget-container\">\n\t\t\t\t\t\t\t\t\t\t\t\t\t\t\t<img decoding=\"async\" width=\"2160\" height=\"1317\" src=\"https:\/\/shatranj.art\/wp-content\/uploads\/2026\/02\/9-2.jpg\" class=\"attachment-full size-full wp-image-830\" alt=\"\" srcset=\"https:\/\/shatranj.art\/wp-content\/uploads\/2026\/02\/9-2.jpg 2160w, https:\/\/shatranj.art\/wp-content\/uploads\/2026\/02\/9-2-300x183.jpg 300w, https:\/\/shatranj.art\/wp-content\/uploads\/2026\/02\/9-2-1024x624.jpg 1024w, https:\/\/shatranj.art\/wp-content\/uploads\/2026\/02\/9-2-768x468.jpg 768w, https:\/\/shatranj.art\/wp-content\/uploads\/2026\/02\/9-2-1536x937.jpg 1536w, https:\/\/shatranj.art\/wp-content\/uploads\/2026\/02\/9-2-2048x1249.jpg 2048w\" sizes=\"(max-width: 2160px) 100vw, 2160px\" \/>\t\t\t\t\t\t\t\t\t\t\t\t\t\t\t<\/div>\n\t\t\t\t<\/div>\n\t\t\t\t<\/div>\n\t\t\t\t<div class=\"elementor-element elementor-element-9d4fead elementor-widget elementor-widget-text-editor\" data-id=\"9d4fead\" data-element_type=\"widget\" data-e-type=\"widget\" data-widget_type=\"text-editor.default\">\n\t\t\t\t<div class=\"elementor-widget-container\">\n\t\t\t\t\t\t\t\t\t<p><b>Un fenomeno culturale:\u00a0<\/b><b> L'eredit\u00e0 lettone di Beth Harmon<\/b><\/p><p>Simbolo del momento rivoluzionario in cui la cultura popolare si \u00e8 ricongiunta agli scacchi, questo set riproduce il leggendario design \u201clettone sovietico\u201d degli anni Cinquanta. Protagonisti della partita finale mozzafiato tra Beth Harmon e Vasily Borgov, questi pezzi dalla silhouette sottile, alta ed elegante erano noti per essere i preferiti del campione del mondo Mikhail Tal, il \u201cMago di Riga\u201d. Realizzato in betulla ebanizzata e legno di bosso, questo disegno \u00e8 l'icona centrale dell\u201c\u201dEffetto Queen's Gambit\", che ha innescato una massiccia ondata di interesse per gli scacchi a livello mondiale. Dove l'artigianato incontra la narrazione cinematografica, questo set \u00e8 la prova evidente del fascino universale degli scacchi nell'era moderna.<\/p>\t\t\t\t\t\t\t\t<\/div>\n\t\t\t\t<\/div>\n\t\t<div class=\"elementor-element elementor-element-dc9aff1 e-con-full e-flex e-con e-child\" data-id=\"dc9aff1\" data-element_type=\"container\" data-e-type=\"container\">\n\t\t\t\t<div class=\"elementor-element elementor-element-96cc3e0 elementor-widget elementor-widget-image\" data-id=\"96cc3e0\" data-element_type=\"widget\" data-e-type=\"widget\" data-widget_type=\"image.default\">\n\t\t\t\t<div class=\"elementor-widget-container\">\n\t\t\t\t\t\t\t\t\t\t\t\t\t\t\t<img loading=\"lazy\" decoding=\"async\" width=\"1513\" height=\"1360\" src=\"https:\/\/shatranj.art\/wp-content\/uploads\/2026\/02\/9-3.jpg\" class=\"attachment-full size-full wp-image-831\" alt=\"\" srcset=\"https:\/\/shatranj.art\/wp-content\/uploads\/2026\/02\/9-3.jpg 1513w, https:\/\/shatranj.art\/wp-content\/uploads\/2026\/02\/9-3-300x270.jpg 300w, https:\/\/shatranj.art\/wp-content\/uploads\/2026\/02\/9-3-1024x920.jpg 1024w, https:\/\/shatranj.art\/wp-content\/uploads\/2026\/02\/9-3-768x690.jpg 768w\" sizes=\"(max-width: 1513px) 100vw, 1513px\" \/>\t\t\t\t\t\t\t\t\t\t\t\t\t\t\t<\/div>\n\t\t\t\t<\/div>\n\t\t\t\t<div class=\"elementor-element elementor-element-59f8cf3 elementor-widget elementor-widget-image\" data-id=\"59f8cf3\" data-element_type=\"widget\" data-e-type=\"widget\" data-widget_type=\"image.default\">\n\t\t\t\t<div class=\"elementor-widget-container\">\n\t\t\t\t\t\t\t\t\t\t\t\t\t\t\t<img loading=\"lazy\" decoding=\"async\" width=\"1637\" height=\"990\" src=\"https:\/\/shatranj.art\/wp-content\/uploads\/2026\/02\/9-4.jpg\" class=\"attachment-full size-full wp-image-833\" alt=\"\" srcset=\"https:\/\/shatranj.art\/wp-content\/uploads\/2026\/02\/9-4.jpg 1637w, https:\/\/shatranj.art\/wp-content\/uploads\/2026\/02\/9-4-300x181.jpg 300w, https:\/\/shatranj.art\/wp-content\/uploads\/2026\/02\/9-4-1024x619.jpg 1024w, https:\/\/shatranj.art\/wp-content\/uploads\/2026\/02\/9-4-768x464.jpg 768w, https:\/\/shatranj.art\/wp-content\/uploads\/2026\/02\/9-4-1536x929.jpg 1536w\" sizes=\"(max-width: 1637px) 100vw, 1637px\" \/>\t\t\t\t\t\t\t\t\t\t\t\t\t\t\t<\/div>\n\t\t\t\t<\/div>\n\t\t\t\t<div class=\"elementor-element elementor-element-5ed6e7b elementor-widget elementor-widget-image\" data-id=\"5ed6e7b\" data-element_type=\"widget\" data-e-type=\"widget\" data-widget_type=\"image.default\">\n\t\t\t\t<div class=\"elementor-widget-container\">\n\t\t\t\t\t\t\t\t\t\t\t\t\t\t\t<img loading=\"lazy\" decoding=\"async\" width=\"1464\" height=\"1310\" src=\"https:\/\/shatranj.art\/wp-content\/uploads\/2026\/02\/9-5.jpg\" class=\"attachment-full size-full wp-image-834\" alt=\"\" srcset=\"https:\/\/shatranj.art\/wp-content\/uploads\/2026\/02\/9-5.jpg 1464w, https:\/\/shatranj.art\/wp-content\/uploads\/2026\/02\/9-5-300x268.jpg 300w, https:\/\/shatranj.art\/wp-content\/uploads\/2026\/02\/9-5-1024x916.jpg 1024w, https:\/\/shatranj.art\/wp-content\/uploads\/2026\/02\/9-5-768x687.jpg 768w\" sizes=\"(max-width: 1464px) 100vw, 1464px\" \/>\t\t\t\t\t\t\t\t\t\t\t\t\t\t\t<\/div>\n\t\t\t\t<\/div>\n\t\t\t\t<\/div>\n\t\t\t\t<div class=\"elementor-element elementor-element-cd06d9e elementor-widget elementor-widget-text-editor\" data-id=\"cd06d9e\" data-element_type=\"widget\" data-e-type=\"widget\" data-widget_type=\"text-editor.default\">\n\t\t\t\t<div class=\"elementor-widget-container\">\n\t\t\t\t\t\t\t\t\t<p><b>Una citt\u00e0, un campionato, un mito:\u00a0<\/b><b>L'eredit\u00e0 \u201cBaku\u201d di Leningrado<\/b><\/p><p>Famoso nel mondo degli scacchi come set \u201cBaku 1961\u201d, questo design \u00e8 in realt\u00e0 un capolavoro dei laboratori Artel Drevprom della regione di Leningrado. Si \u00e8 guadagnato il suo soprannome dopo essere stato utilizzato da giganti come Mikhail Tal durante il Campionato dell'URSS del 1961 tenutosi a Baku. La sua iconica silhouette a steli lunghi e sottili \u00e8, infatti, una pura espressione del Modernismo di Leningrado.<\/p><p>Appesantiti con segatura compressa invece che con piombo a causa delle carenze belliche, questi pezzi dimostrano che l'artigianato pu\u00f2 rimanere estetico anche in presenza di forti limitazioni. Con la sua forma laica e minimalista, completamente priva di simboli religiosi, il set si \u00e8 trasformato in uno strumento universale di strategia. Con le impronte figurative di un giovane Kasparov che \u00e8 cresciuto giocando con questi pezzi a Baku, questo design di Leningrado \u00e8 un classico esempio di come un nome sbagliato possa diventare una leggenda globale.<\/p>\t\t\t\t\t\t\t\t<\/div>\n\t\t\t\t<\/div>\n\t\t\t\t\t<\/div>\n\t\t\t\t<\/div>\n\t\t\t\t<\/div>","protected":false},"excerpt":{"rendered":"<p>A Strategic Legacy:\u00a0The Architectural Lines of the Averbakh Set \u00a0 Named after Yuri Averbakh, one of the greatest theorists of modern chess and a master of the endgame, this set represents the golden age of the Soviet Chess School. Frequently used in the prestigious tournaments of the 1950s and 60s, this design is renowned for [&hellip;]<\/p>\n","protected":false},"author":1,"featured_media":0,"parent":743,"menu_order":0,"comment_status":"closed","ping_status":"closed","template":"","meta":{"footnotes":""},"class_list":["post-826","page","type-page","status-publish","hentry"],"_links":{"self":[{"href":"https:\/\/shatranj.art\/it\/wp-json\/wp\/v2\/pages\/826","targetHints":{"allow":["GET"]}}],"collection":[{"href":"https:\/\/shatranj.art\/it\/wp-json\/wp\/v2\/pages"}],"about":[{"href":"https:\/\/shatranj.art\/it\/wp-json\/wp\/v2\/types\/page"}],"author":[{"embeddable":true,"href":"https:\/\/shatranj.art\/it\/wp-json\/wp\/v2\/users\/1"}],"replies":[{"embeddable":true,"href":"https:\/\/shatranj.art\/it\/wp-json\/wp\/v2\/comments?post=826"}],"version-history":[{"count":10,"href":"https:\/\/shatranj.art\/it\/wp-json\/wp\/v2\/pages\/826\/revisions"}],"predecessor-version":[{"id":1195,"href":"https:\/\/shatranj.art\/it\/wp-json\/wp\/v2\/pages\/826\/revisions\/1195"}],"up":[{"embeddable":true,"href":"https:\/\/shatranj.art\/it\/wp-json\/wp\/v2\/pages\/743"}],"wp:attachment":[{"href":"https:\/\/shatranj.art\/it\/wp-json\/wp\/v2\/media?parent=826"}],"curies":[{"name":"wp","href":"https:\/\/api.w.org\/{rel}","templated":true}]}}