{"id":936,"date":"2026-02-22T10:03:32","date_gmt":"2026-02-22T10:03:32","guid":{"rendered":"https:\/\/shatranj.art\/?page_id=936"},"modified":"2026-02-23T08:46:38","modified_gmt":"2026-02-23T08:46:38","slug":"poster-14","status":"publish","type":"page","link":"https:\/\/shatranj.art\/it\/exhibit\/poster-14\/","title":{"rendered":"poster 14"},"content":{"rendered":"<div data-elementor-type=\"wp-page\" data-elementor-id=\"936\" class=\"elementor elementor-936\" data-elementor-post-type=\"page\">\n\t\t\t\t<div class=\"elementor-element elementor-element-c355192 e-flex e-con-boxed e-con e-parent\" data-id=\"c355192\" data-element_type=\"container\" data-e-type=\"container\" data-settings=\"{&quot;background_background&quot;:&quot;classic&quot;}\">\n\t\t\t\t\t<div class=\"e-con-inner\">\n\t\t<div class=\"elementor-element elementor-element-5bf7f96 e-con-full e-flex e-con e-child\" data-id=\"5bf7f96\" data-element_type=\"container\" data-e-type=\"container\">\n\t\t\t\t<div class=\"elementor-element elementor-element-82eab3c elementor-widget__width-initial elementor-widget-mobile__width-inherit elementor-widget elementor-widget-image\" data-id=\"82eab3c\" data-element_type=\"widget\" data-e-type=\"widget\" data-widget_type=\"image.default\">\n\t\t\t\t<div class=\"elementor-widget-container\">\n\t\t\t\t\t\t\t\t\t\t\t\t\t\t\t<img fetchpriority=\"high\" decoding=\"async\" width=\"768\" height=\"1024\" src=\"https:\/\/shatranj.art\/wp-content\/uploads\/2026\/02\/14-768x1024.jpg\" class=\"attachment-large size-large wp-image-939\" alt=\"\" srcset=\"https:\/\/shatranj.art\/wp-content\/uploads\/2026\/02\/14-768x1024.jpg 768w, https:\/\/shatranj.art\/wp-content\/uploads\/2026\/02\/14-225x300.jpg 225w, https:\/\/shatranj.art\/wp-content\/uploads\/2026\/02\/14-1152x1536.jpg 1152w, https:\/\/shatranj.art\/wp-content\/uploads\/2026\/02\/14-1536x2048.jpg 1536w, https:\/\/shatranj.art\/wp-content\/uploads\/2026\/02\/14-scaled.jpg 1920w\" sizes=\"(max-width: 768px) 100vw, 768px\" \/>\t\t\t\t\t\t\t\t\t\t\t\t\t\t\t<\/div>\n\t\t\t\t<\/div>\n\t\t\t\t<div class=\"elementor-element elementor-element-f30dc26 elementor-widget__width-initial elementor-widget elementor-widget-text-editor\" data-id=\"f30dc26\" data-element_type=\"widget\" data-e-type=\"widget\" data-widget_type=\"text-editor.default\">\n\t\t\t\t<div class=\"elementor-widget-container\">\n\t\t\t\t\t\t\t\t\t<p><strong>L'eredit\u00e0 intellettuale di un aristocratico gorganita<\/strong><\/p><p>\u00a0<\/p><p>Al-Suli non fu solo il pi\u00f9 importante maestro di scacchi della sua epoca; fu anche \u201cnadim\u201d (compagno di corte) dei califfi abbasidi, storico di palazzo e poeta arguto. Nato a Gorgan intorno all'870 d.C., la sua discendenza risale alla fortezza fortificata di Sul nelle steppe del Dehistan, dove regnava suo nonno, il principe turco Sul tekin. Questa nobile eredit\u00e0 \u00e8 oggi commemorata con una statua presso il Monumento all'Indipendenza di Ashgabat, in Turkmenistan.<\/p><p>\u00a0<\/p><p>Con il grado di \u201cAliya\u201d, il pi\u00f9 alto titolo raggiungibile negli scacchi, Al-Suli ha trasformato il gioco in un'architettura scientifica strutturata. Nella sua opera fondamentale, il Kitab al-Shatranj, fu il primo a documentare sistematicamente le formazioni di apertura (tabiyas) e le strategie di fine partita (mansubas). Il quadro teorico da lui stabilito \u00e8 rimasto per secoli il punto di riferimento definitivo per la padronanza del gioco e la fonte primaria di riferimento, resistendo fino alla nascita delle moderne regole degli scacchi.<\/p>\t\t\t\t\t\t\t\t<\/div>\n\t\t\t\t<\/div>\n\t\t<div class=\"elementor-element elementor-element-8f27e89 e-con-full e-flex e-con e-child\" data-id=\"8f27e89\" data-element_type=\"container\" data-e-type=\"container\">\n\t\t\t\t<div class=\"elementor-element elementor-element-374a727 elementor-widget-mobile__width-inherit elementor-widget elementor-widget-image\" data-id=\"374a727\" data-element_type=\"widget\" data-e-type=\"widget\" data-widget_type=\"image.default\">\n\t\t\t\t<div class=\"elementor-widget-container\">\n\t\t\t\t\t\t\t\t\t\t\t\t\t\t\t<img decoding=\"async\" width=\"800\" height=\"457\" src=\"https:\/\/shatranj.art\/wp-content\/uploads\/2026\/02\/14-1-1024x585.jpg\" class=\"attachment-large size-large wp-image-940\" alt=\"\" srcset=\"https:\/\/shatranj.art\/wp-content\/uploads\/2026\/02\/14-1-1024x585.jpg 1024w, https:\/\/shatranj.art\/wp-content\/uploads\/2026\/02\/14-1-300x171.jpg 300w, https:\/\/shatranj.art\/wp-content\/uploads\/2026\/02\/14-1-768x439.jpg 768w, https:\/\/shatranj.art\/wp-content\/uploads\/2026\/02\/14-1-1536x877.jpg 1536w, https:\/\/shatranj.art\/wp-content\/uploads\/2026\/02\/14-1-2048x1170.jpg 2048w\" sizes=\"(max-width: 800px) 100vw, 800px\" \/>\t\t\t\t\t\t\t\t\t\t\t\t\t\t\t<\/div>\n\t\t\t\t<\/div>\n\t\t\t\t<div class=\"elementor-element elementor-element-118c953 elementor-widget-mobile__width-inherit elementor-widget elementor-widget-image\" data-id=\"118c953\" data-element_type=\"widget\" data-e-type=\"widget\" data-widget_type=\"image.default\">\n\t\t\t\t<div class=\"elementor-widget-container\">\n\t\t\t\t\t\t\t\t\t\t\t\t\t\t\t<img decoding=\"async\" width=\"800\" height=\"488\" src=\"https:\/\/shatranj.art\/wp-content\/uploads\/2026\/02\/14-2-1024x624.jpg\" class=\"attachment-large size-large wp-image-941\" alt=\"\" srcset=\"https:\/\/shatranj.art\/wp-content\/uploads\/2026\/02\/14-2-1024x624.jpg 1024w, https:\/\/shatranj.art\/wp-content\/uploads\/2026\/02\/14-2-300x183.jpg 300w, https:\/\/shatranj.art\/wp-content\/uploads\/2026\/02\/14-2-768x468.jpg 768w, https:\/\/shatranj.art\/wp-content\/uploads\/2026\/02\/14-2-1536x936.jpg 1536w, https:\/\/shatranj.art\/wp-content\/uploads\/2026\/02\/14-2-2048x1249.jpg 2048w\" sizes=\"(max-width: 800px) 100vw, 800px\" \/>\t\t\t\t\t\t\t\t\t\t\t\t\t\t\t<\/div>\n\t\t\t\t<\/div>\n\t\t\t\t<\/div>\n\t\t\t\t<div class=\"elementor-element elementor-element-bbcc28f elementor-widget__width-initial elementor-widget elementor-widget-text-editor\" data-id=\"bbcc28f\" data-element_type=\"widget\" data-e-type=\"widget\" data-widget_type=\"text-editor.default\">\n\t\t\t\t<div class=\"elementor-widget-container\">\n\t\t\t\t\t\t\t\t\t<p><b>Il diamante di Suli: Il picco \u201cirrisolvibile\u201d della strategia lungo un millennio<\/b><\/p><p>\u00a0<\/p><p>Composto nel X secolo dal maestro gorganita Abu Bakr bin Yahya al-Suli, il \u201cDiamante\u201d \u00e8 l'enigma pi\u00f9 leggendario e discusso della storia degli scacchi. Nonostante la sua assoluta semplicit\u00e0 esteriore, un endgame con solo un Re e un Ferz (il predecessore storico della Regina) per ogni lato, questa composizione \u00e8 rimasta l'Everest \u201cirrisolvibile\u201d del mondo degli scacchi per ben mille anni. Questa brillante creazione di Al-Suli \u00e8 una suprema arte di manovra che si spinge oltre i confini degli scacchi storici.<\/p><p>\u00a0<\/p><p><strong>Il segreto del Manoscritto S\u00fcleymaniye<\/strong><\/p><p>\u00a0<\/p><p>La testimonianza pi\u00f9 importante di questo enigma si trova nella copia del Kitab Ash-Shatranj conservata nella Biblioteca S\u00fcleymaniye di Istanbul. Sebbene le pagine di questo specifico manoscritto siano intatte, \u00e8 evidente che alcune posizioni e mosse sono state trascritte in modo errato o incompleto dalla fonte originale. Tuttavia, anche con questi errori storici di scriba, la soluzione parziale fornita nel testo si allinea perfettamente con il profondo lavoro analitico condotto dal Gran Maestro Yuri Averbakh nel XX secolo. Al-Suli ha immortalato l'esclusivit\u00e0 della sua maestria con questa affermazione di sfida:<\/p><p>\u201cNessuno lo risolver\u00e0, se non coloro che ho istruito\u201d.\u201d<\/p><p>\u00a0<\/p><p><strong>Il trionfo degli algoritmi:<\/strong> <strong>shatranj.ai<\/strong><\/p><p>\u00a0<\/p><p>Il \u201cDiamante\u201d, che ha lasciato le menti umane a bocca aperta per un millennio, \u00e8 stato ora completamente illuminato dalla potenza dell'era digitale. Nell'ambito del progetto shatranj.ai, utilizzando metodi di programmazione dinamica e moderni algoritmi con funzioni di \u201chash\u201d (tabella di trasposizione) abilitate, ogni variazione di questa ingegnosa composizione \u00e8 stata risolta matematicamente. Questo viaggio, che si estende dalle linee dei manoscritti S\u00fcleymaniye al codice moderno, \u00e8 la verifica finale del genio strategico senza tempo di Al-Suli, che dimostra che ci\u00f2 che un tempo era riservato agli allievi scelti del maestro pu\u00f2 ora essere compreso attraverso il linguaggio della logica pura.<\/p>\t\t\t\t\t\t\t\t<\/div>\n\t\t\t\t<\/div>\n\t\t\t\t<\/div>\n\t\t\t\t\t<\/div>\n\t\t\t\t<\/div>\n\t\t\t\t<\/div>","protected":false},"excerpt":{"rendered":"<p>The Intellectual Legacy of a Gorganite Aristocrat \u00a0 Al-Suli was not merely the preeminent chess master of his age; he was a &#8220;nadim&#8221; (court companion) to Abbasid Caliphs, a palace historian, and a sharp-witted poet. Born in Gorgan around 870 AD, his lineage traces back to the fortified Fortress of Sul in the Dehistan steppes, [&hellip;]<\/p>\n","protected":false},"author":1,"featured_media":0,"parent":743,"menu_order":0,"comment_status":"closed","ping_status":"closed","template":"","meta":{"footnotes":""},"class_list":["post-936","page","type-page","status-publish","hentry"],"_links":{"self":[{"href":"https:\/\/shatranj.art\/it\/wp-json\/wp\/v2\/pages\/936","targetHints":{"allow":["GET"]}}],"collection":[{"href":"https:\/\/shatranj.art\/it\/wp-json\/wp\/v2\/pages"}],"about":[{"href":"https:\/\/shatranj.art\/it\/wp-json\/wp\/v2\/types\/page"}],"author":[{"embeddable":true,"href":"https:\/\/shatranj.art\/it\/wp-json\/wp\/v2\/users\/1"}],"replies":[{"embeddable":true,"href":"https:\/\/shatranj.art\/it\/wp-json\/wp\/v2\/comments?post=936"}],"version-history":[{"count":31,"href":"https:\/\/shatranj.art\/it\/wp-json\/wp\/v2\/pages\/936\/revisions"}],"predecessor-version":[{"id":1351,"href":"https:\/\/shatranj.art\/it\/wp-json\/wp\/v2\/pages\/936\/revisions\/1351"}],"up":[{"embeddable":true,"href":"https:\/\/shatranj.art\/it\/wp-json\/wp\/v2\/pages\/743"}],"wp:attachment":[{"href":"https:\/\/shatranj.art\/it\/wp-json\/wp\/v2\/media?parent=936"}],"curies":[{"name":"wp","href":"https:\/\/api.w.org\/{rel}","templated":true}]}}