{"id":954,"date":"2026-02-22T15:10:21","date_gmt":"2026-02-22T15:10:21","guid":{"rendered":"https:\/\/shatranj.art\/?page_id=954"},"modified":"2026-02-24T09:18:28","modified_gmt":"2026-02-24T09:18:28","slug":"poster-16","status":"publish","type":"page","link":"https:\/\/shatranj.art\/it\/exhibit\/poster-16\/","title":{"rendered":"poster 16"},"content":{"rendered":"<div data-elementor-type=\"wp-page\" data-elementor-id=\"954\" class=\"elementor elementor-954\" data-elementor-post-type=\"page\">\n\t\t\t\t<div class=\"elementor-element elementor-element-05751de e-flex e-con-boxed e-con e-parent\" data-id=\"05751de\" data-element_type=\"container\" data-e-type=\"container\" data-settings=\"{&quot;background_background&quot;:&quot;classic&quot;}\">\n\t\t\t\t\t<div class=\"e-con-inner\">\n\t\t<div class=\"elementor-element elementor-element-415f3f4 e-con-full e-flex e-con e-child\" data-id=\"415f3f4\" data-element_type=\"container\" data-e-type=\"container\">\n\t\t\t\t<div class=\"elementor-element elementor-element-ee52ef0 elementor-widget__width-initial elementor-widget elementor-widget-image\" data-id=\"ee52ef0\" data-element_type=\"widget\" data-e-type=\"widget\" data-widget_type=\"image.default\">\n\t\t\t\t<div class=\"elementor-widget-container\">\n\t\t\t\t\t\t\t\t\t\t\t\t\t\t\t<img fetchpriority=\"high\" decoding=\"async\" width=\"723\" height=\"1024\" src=\"https:\/\/shatranj.art\/wp-content\/uploads\/2026\/02\/16-723x1024.jpg\" class=\"attachment-large size-large wp-image-959\" alt=\"\" srcset=\"https:\/\/shatranj.art\/wp-content\/uploads\/2026\/02\/16-723x1024.jpg 723w, https:\/\/shatranj.art\/wp-content\/uploads\/2026\/02\/16-212x300.jpg 212w, https:\/\/shatranj.art\/wp-content\/uploads\/2026\/02\/16-768x1087.jpg 768w, https:\/\/shatranj.art\/wp-content\/uploads\/2026\/02\/16-1085x1536.jpg 1085w, https:\/\/shatranj.art\/wp-content\/uploads\/2026\/02\/16-1447x2048.jpg 1447w, https:\/\/shatranj.art\/wp-content\/uploads\/2026\/02\/16.jpg 1557w\" sizes=\"(max-width: 723px) 100vw, 723px\" \/>\t\t\t\t\t\t\t\t\t\t\t\t\t\t\t<\/div>\n\t\t\t\t<\/div>\n\t\t\t\t<div class=\"elementor-element elementor-element-bc51b4f elementor-widget__width-initial elementor-widget elementor-widget-text-editor\" data-id=\"bc51b4f\" data-element_type=\"widget\" data-e-type=\"widget\" data-widget_type=\"text-editor.default\">\n\t\t\t\t<div class=\"elementor-widget-container\">\n\t\t\t\t\t\t\t\t\t<h3><b>Bucefalo: lo spirito leggendario delle steppe e delle conquiste<\/b><\/h3><p>In greco antico significa \u201ctesta di bue\u201d (Boukephalos), probabilmente a causa dell'ampia fronte o di un marchio sulla spalla, Bucefalo \u00e8 il cavallo da guerra pi\u00f9 iconico della storia. La leggenda narra che fu offerto al re Filippo II da Filonico il Tessalico per l'incredibile somma di 13 talenti, ma nessuno riusc\u00ec a domare il suo spirito selvaggio. Un giovane Alessandro, osservando che il cavallo era semplicemente spaventato dalla sua stessa ombra, lo gir\u00f2 verso il sole per calmarlo. Vedendo ci\u00f2, il re Filippo dichiar\u00f2 notoriamente: \u201cO figlio mio, cercati un regno all'altezza e degno di te, perch\u00e9 la Macedonia \u00e8 troppo piccola per te!\u201d.\u201d<\/p><p>\u00a0<\/p><p>Dai campi di battaglia all'immortalit\u00e0<\/p><p>\u00a0<\/p><p>Bucefalo accompagn\u00f2 Alessandro durante tutta la sua campagna dalla Grecia al cuore dell'India. Sopport\u00f2 il suo padrone negli scontri pi\u00f9 sanguinosi, da Granico e Issus a Gaugamela e alla battaglia delle Idaspe. Nel 326 a.C., durante la campagna indiana, mor\u00ec per le ferite riportate in battaglia o per la vecchiaia (a quasi 30 anni). In suo onore, Alessandro fond\u00f2 la citt\u00e0 di Alessandria Bucefala sulle rive del fiume Jhelum, nell'odierno Pakistan.<\/p><p>\u00a0<\/p><p>Eredit\u00e0 culturale<\/p><p>\u00a0<\/p><p>Nella storia dell'arte e della letteratura, Bucefalo \u00e8 simbolo di potere, lealt\u00e0 e istinto. Nelle tradizioni orientali, dove Alessandro \u00e8 spesso identificato come \u201cIskandar\u201d, Bucefalo \u00e8 raffigurato come un compagno fedele dotato di qualit\u00e0 soprannaturali. Egli rimane il vero \u201cspirito\u201d dietro il pi\u00f9 grande conquistatore della storia, rappresentando un legame che trascende il campo di battaglia.<\/p>\t\t\t\t\t\t\t\t<\/div>\n\t\t\t\t<\/div>\n\t\t\t\t<\/div>\n\t\t\t\t\t<\/div>\n\t\t\t\t<\/div>\n\t\t\t\t<\/div>","protected":false},"excerpt":{"rendered":"<p>Bucephalus: The Legendary Spirit of the Steppes and Conquests Meaning &#8220;Ox-headed&#8221; (Boukephalos) in Ancient Greek likely due to his broad brow or a branding on his shoulder Bucephalus is the most iconic warhorse in history. Legend tells that he was offered to King Philip II by Philonicus the Thessalian for the staggering sum of 13 [&hellip;]<\/p>\n","protected":false},"author":1,"featured_media":0,"parent":743,"menu_order":0,"comment_status":"closed","ping_status":"closed","template":"","meta":{"footnotes":""},"class_list":["post-954","page","type-page","status-publish","hentry"],"_links":{"self":[{"href":"https:\/\/shatranj.art\/it\/wp-json\/wp\/v2\/pages\/954","targetHints":{"allow":["GET"]}}],"collection":[{"href":"https:\/\/shatranj.art\/it\/wp-json\/wp\/v2\/pages"}],"about":[{"href":"https:\/\/shatranj.art\/it\/wp-json\/wp\/v2\/types\/page"}],"author":[{"embeddable":true,"href":"https:\/\/shatranj.art\/it\/wp-json\/wp\/v2\/users\/1"}],"replies":[{"embeddable":true,"href":"https:\/\/shatranj.art\/it\/wp-json\/wp\/v2\/comments?post=954"}],"version-history":[{"count":13,"href":"https:\/\/shatranj.art\/it\/wp-json\/wp\/v2\/pages\/954\/revisions"}],"predecessor-version":[{"id":1579,"href":"https:\/\/shatranj.art\/it\/wp-json\/wp\/v2\/pages\/954\/revisions\/1579"}],"up":[{"embeddable":true,"href":"https:\/\/shatranj.art\/it\/wp-json\/wp\/v2\/pages\/743"}],"wp:attachment":[{"href":"https:\/\/shatranj.art\/it\/wp-json\/wp\/v2\/media?parent=954"}],"curies":[{"name":"wp","href":"https:\/\/api.w.org\/{rel}","templated":true}]}}