{"id":963,"date":"2026-02-22T15:16:26","date_gmt":"2026-02-22T15:16:26","guid":{"rendered":"https:\/\/shatranj.art\/?page_id=963"},"modified":"2026-02-23T11:10:10","modified_gmt":"2026-02-23T11:10:10","slug":"poster-17","status":"publish","type":"page","link":"https:\/\/shatranj.art\/it\/exhibit\/poster-17\/","title":{"rendered":"manifesto 17"},"content":{"rendered":"<div data-elementor-type=\"wp-page\" data-elementor-id=\"963\" class=\"elementor elementor-963\" data-elementor-post-type=\"page\">\n\t\t\t\t<div class=\"elementor-element elementor-element-73ca0e2 e-flex e-con-boxed e-con e-parent\" data-id=\"73ca0e2\" data-element_type=\"container\" data-e-type=\"container\" data-settings=\"{&quot;background_background&quot;:&quot;classic&quot;}\">\n\t\t\t\t\t<div class=\"e-con-inner\">\n\t\t<div class=\"elementor-element elementor-element-4151d56 e-con-full e-flex e-con e-child\" data-id=\"4151d56\" data-element_type=\"container\" data-e-type=\"container\">\n\t\t\t\t<div class=\"elementor-element elementor-element-3b5a1d2 elementor-widget elementor-widget-image\" data-id=\"3b5a1d2\" data-element_type=\"widget\" data-e-type=\"widget\" data-widget_type=\"image.default\">\n\t\t\t\t<div class=\"elementor-widget-container\">\n\t\t\t\t\t\t\t\t\t\t\t\t\t\t\t<img fetchpriority=\"high\" decoding=\"async\" width=\"800\" height=\"378\" src=\"https:\/\/shatranj.art\/wp-content\/uploads\/2026\/02\/15-1-1024x484.jpg\" class=\"attachment-large size-large wp-image-948\" alt=\"\" srcset=\"https:\/\/shatranj.art\/wp-content\/uploads\/2026\/02\/15-1-1024x484.jpg 1024w, https:\/\/shatranj.art\/wp-content\/uploads\/2026\/02\/15-1-300x142.jpg 300w, https:\/\/shatranj.art\/wp-content\/uploads\/2026\/02\/15-1-768x363.jpg 768w, https:\/\/shatranj.art\/wp-content\/uploads\/2026\/02\/15-1-1536x726.jpg 1536w, https:\/\/shatranj.art\/wp-content\/uploads\/2026\/02\/15-1-2048x968.jpg 2048w\" sizes=\"(max-width: 800px) 100vw, 800px\" \/>\t\t\t\t\t\t\t\t\t\t\t\t\t\t\t<\/div>\n\t\t\t\t<\/div>\n\t\t\t\t<div class=\"elementor-element elementor-element-4e7af25 elementor-widget elementor-widget-text-editor\" data-id=\"4e7af25\" data-element_type=\"widget\" data-e-type=\"widget\" data-widget_type=\"text-editor.default\">\n\t\t\t\t<div class=\"elementor-widget-container\">\n\t\t\t\t\t\t\t\t\t<h2><b>Il tour del cavaliere<\/b><\/h2><p><b>Approfondimento storico:<\/b><span style=\"font-weight: 400;\"> Il Giro del Cavaliere \u00e8 una sequenza matematica in cui un cavaliere visita ogni singola casella di una scacchiera esattamente una volta. Si tratta di una sfida strategica e di un problema classico della matematica ludica.<\/span><\/p><p>\u00a0<\/p><p><b>Origini:<\/b><\/p><p>Questo problema \u00e8 tutt'altro che una scoperta moderna. Le prime soluzioni conosciute risalgono al IX secolo, fornite da maestri di Baghdad come Al-Adli e As-Suli. Inoltre, nella letteratura indiana del IX secolo, il poeta kashmiro Rudrata dimostr\u00f2 questa estetica matematica nella sua opera Kavyalankara, dove compose un poema che seguiva la sequenza del giro di un cavaliere.<\/p><p>\u00a0<\/p><p><b>Letteratura occidentale:<\/b><\/p><p>Nel XIII secolo, il re Alfonso X di Castiglia present\u00f2 nel suo famoso Libro de los Juegos (Libro dei giochi) complesse manovre basate sul movimento del cavaliere. Tuttavia, le moderne basi matematiche del problema furono poste nel 1759 da Leonhard Euler, la cui analisi \u00e8 oggi riconosciuta come una delle pietre miliari della teoria dei grafi.<\/p><p>\u00a0<\/p><p><b>Caratteristiche:<\/b><\/p><p><b>Tour chiuso (rientro):<\/b> Se il cavaliere finisce su una casella che si trova esattamente a una mossa di cavaliere di distanza dalla casella di partenza, pu\u00f2 ricominciare immediatamente il giro.<\/p><p>\u00a0<\/p><p><b>Tour aperto:<\/b><\/p><p><span style=\"font-weight: 400;\">Se il cavaliere visita tutte le caselle ma termina in una casella da cui non pu\u00f2 raggiungere il punto di partenza con una sola mossa.<\/span><\/p>\t\t\t\t\t\t\t\t<\/div>\n\t\t\t\t<\/div>\n\t\t\t\t<div class=\"elementor-element elementor-element-14fac00 elementor-widget elementor-widget-image\" data-id=\"14fac00\" data-element_type=\"widget\" data-e-type=\"widget\" data-widget_type=\"image.default\">\n\t\t\t\t<div class=\"elementor-widget-container\">\n\t\t\t\t\t\t\t\t\t\t\t\t\t\t\t<img decoding=\"async\" width=\"800\" height=\"342\" src=\"https:\/\/shatranj.art\/wp-content\/uploads\/2026\/02\/15-1024x438.jpg\" class=\"attachment-large size-large wp-image-950\" alt=\"\" srcset=\"https:\/\/shatranj.art\/wp-content\/uploads\/2026\/02\/15-1024x438.jpg 1024w, https:\/\/shatranj.art\/wp-content\/uploads\/2026\/02\/15-300x128.jpg 300w, https:\/\/shatranj.art\/wp-content\/uploads\/2026\/02\/15-768x328.jpg 768w, https:\/\/shatranj.art\/wp-content\/uploads\/2026\/02\/15-1536x657.jpg 1536w, https:\/\/shatranj.art\/wp-content\/uploads\/2026\/02\/15-2048x875.jpg 2048w\" sizes=\"(max-width: 800px) 100vw, 800px\" \/>\t\t\t\t\t\t\t\t\t\t\t\t\t\t\t<\/div>\n\t\t\t\t<\/div>\n\t\t\t\t<div class=\"elementor-element elementor-element-1e25ada elementor-widget elementor-widget-text-editor\" data-id=\"1e25ada\" data-element_type=\"widget\" data-e-type=\"widget\" data-widget_type=\"text-editor.default\">\n\t\t\t\t<div class=\"elementor-widget-container\">\n\t\t\t\t\t\t\t\t\t<h2><b>Il problema delle 8 regine: Dijkstra e la nascita della programmazione strutturata<\/b><\/h2><p>Posto da Max Bezzel nel 1848 e che ha attirato l'attenzione di geni come Carl Friedrich Gauss, questo problema \u00e8 stato trasformato in un \u201cmanifesto della programmazione\u201d negli anni Settanta da uno dei padri dell'informatica moderna, Edsger W. Dijkstra.<\/p><h3><b>Il legame tra Dijkstra e DFS<\/b><\/h3><p><span style=\"font-weight: 400;\">Nella sua opera fondamentale, <\/span><i><span style=\"font-weight: 400;\">Note sulla programmazione strutturata<\/span><\/i><span style=\"font-weight: 400;\"> (1972), Dijkstra ha utilizzato il problema delle 8 regine per dimostrare come un algoritmo possa essere costruito sistematicamente attraverso un processo che ha chiamato \u201caffinamento graduale\u201d.\u201d<\/span><\/p><ul><li style=\"font-weight: 400;\" aria-level=\"1\">DFS e Backtracking: Dijkstra defin\u00ec il metodo di mettere una regina in fila e di scendere alla successiva (Depth-First Search - DFS) e di tornare al passo precedente per tentare una diversa possibilit\u00e0 quando si trova in un vicolo cieco (Backtracking) come l'esempio pi\u00f9 puro di programmazione strutturata.<\/li><\/ul><p><b>Il potere del backtracking:<\/b><\/p><p>Secondo Dijkstra, questo approccio rappresenta la prima grande pietra miliare nel perfezionamento del processo \u201cper tentativi ed errori\u201d in una sequenza logica impeccabile che un co<\/p>\t\t\t\t\t\t\t\t<\/div>\n\t\t\t\t<\/div>\n\t\t\t\t<div class=\"elementor-element elementor-element-3aa137e elementor-widget elementor-widget-image\" data-id=\"3aa137e\" data-element_type=\"widget\" data-e-type=\"widget\" data-widget_type=\"image.default\">\n\t\t\t\t<div class=\"elementor-widget-container\">\n\t\t\t\t\t\t\t\t\t\t\t\t\t\t\t<img decoding=\"async\" width=\"800\" height=\"588\" src=\"https:\/\/shatranj.art\/wp-content\/uploads\/2026\/02\/15-2-1024x752.jpg\" class=\"attachment-large size-large wp-image-949\" alt=\"\" srcset=\"https:\/\/shatranj.art\/wp-content\/uploads\/2026\/02\/15-2-1024x752.jpg 1024w, https:\/\/shatranj.art\/wp-content\/uploads\/2026\/02\/15-2-300x220.jpg 300w, https:\/\/shatranj.art\/wp-content\/uploads\/2026\/02\/15-2-768x564.jpg 768w, https:\/\/shatranj.art\/wp-content\/uploads\/2026\/02\/15-2-1536x1128.jpg 1536w, https:\/\/shatranj.art\/wp-content\/uploads\/2026\/02\/15-2-2048x1504.jpg 2048w\" sizes=\"(max-width: 800px) 100vw, 800px\" \/>\t\t\t\t\t\t\t\t\t\t\t\t\t\t\t<\/div>\n\t\t\t\t<\/div>\n\t\t\t\t<div class=\"elementor-element elementor-element-be7cb02 elementor-widget elementor-widget-text-editor\" data-id=\"be7cb02\" data-element_type=\"widget\" data-e-type=\"widget\" data-widget_type=\"text-editor.default\">\n\t\t\t\t<div class=\"elementor-widget-container\">\n\t\t\t\t\t\t\t\t\t<h3><b>Il problema del grano e della scacchiera: la crescita esponenziale<\/b><\/h3><p><b>Leggenda e origine:<\/b><\/p><p>Secondo la storia, quando l'inventore degli scacchi, Sissa bin Dahir, present\u00f2 il gioco al re dell'India, il re gli chiese quale ricompensa avrebbe voluto. Sissa fece una richiesta apparentemente modesta: \u201cVoglio un chicco di grano per la prima casella della scacchiera, due per la seconda, quattro per la terza e, per ogni casella successiva, il doppio della precedente\u201d. Il re inizialmente respinse la richiesta, pensando che si trattasse solo di \u201cuna manciata di grano\u201d; tuttavia, quando iniziarono i calcoli, divenne chiaro che n\u00e9 il tesoro n\u00e9 le intere scorte di grano del mondo sarebbero state sufficienti a soddisfare questa richiesta.<\/p><p><b>Record storico: Ibn Khallikan (1256)<\/b><\/p><p>La prima testimonianza scritta di questa famosa storia fu documentata nel 1256 dal famoso biografo e storico Ibn Khallikan. Ibn Khallikan inser\u00ec questo evento nella sua opera non solo come racconto, ma come prova di come la matematica spinga i confini dell'immaginazione.<\/p><p><b>Realt\u00e0 matematica:<\/b><\/p><p><span style=\"font-weight: 400;\">Questa richiesta fatta per le 64 caselle della scacchiera \u00e8 il pi\u00f9 puro esempio di progressione geometrica (crescita esponenziale). L'importo di ogni casella \u00e8 calcolato con la formula <strong>2<sup>n-1<\/sup><\/strong> . L'equazione che fornisce la quantit\u00e0 totale di grano \u00e8 la seguente:<\/span><\/p><p>\u00a0<\/p><div class=\"wheat-formula-box\"><div class=\"wheat-formula\" aria-label=\"S \u00e8 uguale alla somma da i uguale a 0 a 63 di 2 a i, uguale a 2 a 64 meno 1\"><div class=\"formula-wrap\"><span class=\"formula\">S =<\/span><p><span class=\"sigma-block\" aria-label=\"somma da i uguale a 0 a 63\"><br \/><span class=\"sigma-top\">63<\/span><br \/><span class=\"sigma\">\u2211<\/span><br \/><span class=\"sigma-bottom\"><i>i<\/i>=0<\/span><br \/><\/span><\/p><p><span class=\"formula\">2<sup><i>i<\/i><\/sup> = 2<sup>64<\/sup> - 1<\/span><\/p><\/div><p>La cifra massiccia risultante da questo calcolo \u00e8:<\/p><p><b>18,446,744,073,709,551,615<\/b><\/p><p><b>Perch\u00e9 \u00e8 cos\u00ec importante?<\/b><\/p><ul><li style=\"font-weight: 400;\" aria-level=\"1\"><b>Scala di crescita:<\/b><span style=\"font-weight: 400;\"> Questo numero equivale a circa 2.000 volte l'attuale produzione annuale totale di grano del mondo.\u00a0<\/span><\/li><\/ul><p><b>Lezione strategica:<\/b><span style=\"font-weight: 400;\"> Questo problema \u00e8 un'antica lezione di saggezza che insegna a leader e strateghi come piccoli cambiamenti (\u201craddoppi\u201d) possano trasformarsi in forze incontrollabili nel tempo.<\/span><\/p><\/div><\/div>\t\t\t\t\t\t\t\t<\/div>\n\t\t\t\t<\/div>\n\t\t\t\t<\/div>\n\t\t\t\t\t<\/div>\n\t\t\t\t<\/div>\n\t\t\t\t<\/div>","protected":false},"excerpt":{"rendered":"<p>The Knight&#8217;s Tour Historical Depth: The Knight&#8217;s Tour is a mathematical sequence in which a knight visits every single square on a chessboard exactly once. It is both a strategic challenge and a classic problem in recreational mathematics. \u00a0 Origins: This problem is far from a modern discovery. The earliest known solutions date back to [&hellip;]<\/p>\n","protected":false},"author":1,"featured_media":0,"parent":743,"menu_order":0,"comment_status":"closed","ping_status":"closed","template":"","meta":{"footnotes":""},"class_list":["post-963","page","type-page","status-publish","hentry"],"_links":{"self":[{"href":"https:\/\/shatranj.art\/it\/wp-json\/wp\/v2\/pages\/963","targetHints":{"allow":["GET"]}}],"collection":[{"href":"https:\/\/shatranj.art\/it\/wp-json\/wp\/v2\/pages"}],"about":[{"href":"https:\/\/shatranj.art\/it\/wp-json\/wp\/v2\/types\/page"}],"author":[{"embeddable":true,"href":"https:\/\/shatranj.art\/it\/wp-json\/wp\/v2\/users\/1"}],"replies":[{"embeddable":true,"href":"https:\/\/shatranj.art\/it\/wp-json\/wp\/v2\/comments?post=963"}],"version-history":[{"count":22,"href":"https:\/\/shatranj.art\/it\/wp-json\/wp\/v2\/pages\/963\/revisions"}],"predecessor-version":[{"id":1443,"href":"https:\/\/shatranj.art\/it\/wp-json\/wp\/v2\/pages\/963\/revisions\/1443"}],"up":[{"embeddable":true,"href":"https:\/\/shatranj.art\/it\/wp-json\/wp\/v2\/pages\/743"}],"wp:attachment":[{"href":"https:\/\/shatranj.art\/it\/wp-json\/wp\/v2\/media?parent=963"}],"curies":[{"name":"wp","href":"https:\/\/api.w.org\/{rel}","templated":true}]}}