{"id":1053,"date":"2026-02-22T18:09:29","date_gmt":"2026-02-22T18:09:29","guid":{"rendered":"https:\/\/shatranj.art\/?page_id=1053"},"modified":"2026-02-23T05:20:05","modified_gmt":"2026-02-23T05:20:05","slug":"poster-28","status":"publish","type":"page","link":"https:\/\/shatranj.art\/ja\/exhibit\/poster-28\/","title":{"rendered":"\u30dd\u30b9\u30bf\u30fc28"},"content":{"rendered":"<div data-elementor-type=\"wp-page\" data-elementor-id=\"1053\" class=\"elementor elementor-1053\" data-elementor-post-type=\"page\">\n\t\t\t\t<div class=\"elementor-element elementor-element-0bbd3b8 e-flex e-con-boxed e-con e-parent\" data-id=\"0bbd3b8\" data-element_type=\"container\" data-e-type=\"container\" data-settings=\"{&quot;background_background&quot;:&quot;classic&quot;}\">\n\t\t\t\t\t<div class=\"e-con-inner\">\n\t\t<div class=\"elementor-element elementor-element-c1f4b02 e-con-full e-flex e-con e-child\" data-id=\"c1f4b02\" data-element_type=\"container\" data-e-type=\"container\">\n\t\t\t\t<div class=\"elementor-element elementor-element-be9a805 elementor-widget__width-initial elementor-widget elementor-widget-image\" data-id=\"be9a805\" data-element_type=\"widget\" data-e-type=\"widget\" data-widget_type=\"image.default\">\n\t\t\t\t<div class=\"elementor-widget-container\">\n\t\t\t\t\t\t\t\t\t\t\t\t\t\t\t<img fetchpriority=\"high\" decoding=\"async\" width=\"683\" height=\"1024\" src=\"https:\/\/shatranj.art\/wp-content\/uploads\/2026\/02\/28-683x1024.jpg\" class=\"attachment-large size-large wp-image-1059\" alt=\"\" srcset=\"https:\/\/shatranj.art\/wp-content\/uploads\/2026\/02\/28-683x1024.jpg 683w, https:\/\/shatranj.art\/wp-content\/uploads\/2026\/02\/28-200x300.jpg 200w, https:\/\/shatranj.art\/wp-content\/uploads\/2026\/02\/28-768x1152.jpg 768w, https:\/\/shatranj.art\/wp-content\/uploads\/2026\/02\/28-1024x1536.jpg 1024w, https:\/\/shatranj.art\/wp-content\/uploads\/2026\/02\/28.jpg 1249w\" sizes=\"(max-width: 683px) 100vw, 683px\" \/>\t\t\t\t\t\t\t\t\t\t\t\t\t\t\t<\/div>\n\t\t\t\t<\/div>\n\t\t\t\t<div class=\"elementor-element elementor-element-b42301a elementor-widget__width-initial elementor-widget-tablet__width-inherit elementor-widget elementor-widget-text-editor\" data-id=\"b42301a\" data-element_type=\"widget\" data-e-type=\"widget\" data-widget_type=\"text-editor.default\">\n\t\t\t\t<div class=\"elementor-widget-container\">\n\t\t\t\t\t\t\t\t\t<p><b>\u015eah\u00ee\u30bb\u30c3\u30c8\u30ea\u30fc\u30b8\u30a7\u30f3\u30b7\u30fc\u30fb\u30d5\u30a3\u30ea\u30c9\u30fc\u30eb\u30fb\u30dd\u30fc\u30f3<\/b><\/p><p>\u00a0<\/p><p>\u30b3\u30fc\u30d2\u30fc\u3068\u30ab\u30d5\u30a7\u306e\u666e\u53ca\u306f\u3001\u30c1\u30a7\u30b9\u306e\u9032\u5316\u3068\u7d61\u307f\u5408\u3063\u3066\u3044\u307e\u3059\u3002\u30ec\u30b8\u30e3\u30f3\u30b9\u30fb\u30d5\u30a3\u30ea\u30c9\u30fc\u30eb\u306e\u30dd\u30fc\u30f3\u306f\u3001\u5553\u8499\u6642\u4ee3\u306e\u30d1\u30ea\u30fb\u30ec\u30b8\u30e3\u30f3\u30b9\u30fb\u30ab\u30d5\u30a7\u306e\u672c\u683c\u7684\u306a\u30c1\u30a7\u30b9\u30bb\u30c3\u30c8\u3068\u3001\u305d\u306e\u6642\u4ee3\u306e\u6700\u5f37\u30d7\u30ec\u30a4\u30e4\u30fc\u3001\u30d5\u30a3\u30ea\u30c9\u30fc\u30eb\u306e\u6709\u540d\u306a\u30d5\u30ec\u30fc\u30ba\u306b\u30a4\u30f3\u30b9\u30d1\u30a4\u30a2\u3055\u308c\u3066\u3044\u307e\u3059\uff1a\u300c\u30dd\u30fc\u30f3\u306f\u30c1\u30a7\u30b9\u306e\u9b42\u3067\u3042\u308b\u3002.<\/p><p>\u00a0<\/p><p>\u30dd\u30fc\u30f3\u306e\u69cb\u9020\u306f\u30c1\u30a7\u30b9\u306e\u30b2\u30fc\u30e0\u306e\u6d41\u308c\u3092\u6c7a\u3081\u308b\u6700\u3082\u91cd\u8981\u306a\u57fa\u6e96\u306e\u4e00\u3064\u3067\u3042\u308a\u3001\u591a\u304f\u306e\u30dd\u30b8\u30b7\u30e7\u30f3\u306f\u30dd\u30fc\u30f3\u306e\u69cb\u9020\u306b\u57fa\u3065\u3044\u3066\u5206\u985e\u3055\u308c\u308b\u3002\u30aa\u30da\u30e9\u4f5c\u66f2\u5bb6\u3067\u3042\u308a\u3001\u6709\u540d\u306a\u30c1\u30a7\u30b9\u306e\u30aa\u30fc\u30c8\u30de\u30c8\u30f3\u3067\u3042\u308b\u30bf\u30fc\u30af\u3092\u7834\u3063\u305f\u6570\u5c11\u306a\u3044\u68cb\u58eb\u306e\u4e00\u4eba\u3067\u3042\u308b\u30d5\u30a3\u30ea\u30c9\u30fc\u30eb\u306f\u3001\u793e\u4f1a\u306e\u57fa\u76e4\u3067\u3042\u308a\u9b42\u3067\u3042\u308b\u4e00\u822c\u5e02\u6c11\u3092\u5f37\u8abf\u3057\u305f\u3002.<\/p>\t\t\t\t\t\t\t\t<\/div>\n\t\t\t\t<\/div>\n\t\t\t\t<div class=\"elementor-element elementor-element-080136b elementor-widget__width-initial elementor-widget elementor-widget-image\" data-id=\"080136b\" data-element_type=\"widget\" data-e-type=\"widget\" data-widget_type=\"image.default\">\n\t\t\t\t<div class=\"elementor-widget-container\">\n\t\t\t\t\t\t\t\t\t\t\t\t\t\t\t<img decoding=\"async\" width=\"683\" height=\"1024\" src=\"https:\/\/shatranj.art\/wp-content\/uploads\/2026\/02\/28-1-683x1024.jpg\" class=\"attachment-large size-large wp-image-1060\" alt=\"\" srcset=\"https:\/\/shatranj.art\/wp-content\/uploads\/2026\/02\/28-1-683x1024.jpg 683w, https:\/\/shatranj.art\/wp-content\/uploads\/2026\/02\/28-1-200x300.jpg 200w, https:\/\/shatranj.art\/wp-content\/uploads\/2026\/02\/28-1-768x1152.jpg 768w, https:\/\/shatranj.art\/wp-content\/uploads\/2026\/02\/28-1-1024x1536.jpg 1024w, https:\/\/shatranj.art\/wp-content\/uploads\/2026\/02\/28-1.jpg 1262w\" sizes=\"(max-width: 683px) 100vw, 683px\" \/>\t\t\t\t\t\t\t\t\t\t\t\t\t\t\t<\/div>\n\t\t\t\t<\/div>\n\t\t\t\t<\/div>\n\t\t<div class=\"elementor-element elementor-element-94f3877 e-con-full e-flex e-con e-child\" data-id=\"94f3877\" data-element_type=\"container\" data-e-type=\"container\">\n\t\t<div class=\"elementor-element elementor-element-da14b56 e-con-full e-flex e-con e-child\" data-id=\"da14b56\" data-element_type=\"container\" data-e-type=\"container\">\n\t\t\t\t<div class=\"elementor-element elementor-element-3478291 elementor-widget elementor-widget-image\" data-id=\"3478291\" data-element_type=\"widget\" data-e-type=\"widget\" data-widget_type=\"image.default\">\n\t\t\t\t<div class=\"elementor-widget-container\">\n\t\t\t\t\t\t\t\t\t\t\t\t\t\t\t<img decoding=\"async\" width=\"800\" height=\"648\" src=\"https:\/\/shatranj.art\/wp-content\/uploads\/2026\/02\/28-2-1024x829.jpg\" class=\"attachment-large size-large wp-image-1064\" alt=\"\" srcset=\"https:\/\/shatranj.art\/wp-content\/uploads\/2026\/02\/28-2-1024x829.jpg 1024w, https:\/\/shatranj.art\/wp-content\/uploads\/2026\/02\/28-2-300x243.jpg 300w, https:\/\/shatranj.art\/wp-content\/uploads\/2026\/02\/28-2-768x622.jpg 768w, https:\/\/shatranj.art\/wp-content\/uploads\/2026\/02\/28-2-1536x1244.jpg 1536w, https:\/\/shatranj.art\/wp-content\/uploads\/2026\/02\/28-2.jpg 1973w\" sizes=\"(max-width: 800px) 100vw, 800px\" \/>\t\t\t\t\t\t\t\t\t\t\t\t\t\t\t<\/div>\n\t\t\t\t<\/div>\n\t\t\t\t<div class=\"elementor-element elementor-element-3621f13 elementor-widget-tablet__width-inherit elementor-widget elementor-widget-text-editor\" data-id=\"3621f13\" data-element_type=\"widget\" data-e-type=\"widget\" data-widget_type=\"text-editor.default\">\n\t\t\t\t<div class=\"elementor-widget-container\">\n\t\t\t\t\t\t\t\t\t<p><span style=\"font-weight: 400;\">\u30a2\u30c3\u30d0\u30fc\u30b9\u671d\u6642\u4ee3\u306b\u30d0\u30b0\u30c0\u30c3\u30c9\u3067\u4f5c\u3089\u308c\u305f\u30c1\u30a7\u30b9\u306e\u99d2\u3067\u3001\u7279\u5fb4\u7684\u306a\u5e7e\u4f55\u5b66\u7684\u306a\u5f62\u3068\u8868\u9762\u306b\u65bd\u3055\u308c\u305f\u7e4a\u7d30\u306a\u5f6b\u523b\u304c\u7279\u5fb4\u3067\u3059\u3002\u3053\u306e\u4f5c\u54c1\u306f\u3001\u5f53\u6642\u306e\u6d17\u7df4\u3055\u308c\u305f\u8077\u4eba\u6280\u3092\u53cd\u6620\u3057\u3066\u304a\u308a\u3001\u305d\u306e\u30e6\u30cb\u30fc\u30af\u3067\u8a73\u7d30\u306a\u30c7\u30b6\u30a4\u30f3\u3092\u901a\u3057\u3066\u3001\u30dd\u30fc\u30f3\u306e\u6226\u7565\u7684\u91cd\u8981\u6027\u3092\u969b\u7acb\u305f\u305b\u3066\u3044\u308b\u3002.<\/span><\/p>\t\t\t\t\t\t\t\t<\/div>\n\t\t\t\t<\/div>\n\t\t\t\t<\/div>\n\t\t<div class=\"elementor-element elementor-element-3a10b69 e-con-full e-flex e-con e-child\" data-id=\"3a10b69\" data-element_type=\"container\" data-e-type=\"container\">\n\t\t\t\t<div class=\"elementor-element elementor-element-9fad6d9 elementor-widget elementor-widget-image\" data-id=\"9fad6d9\" data-element_type=\"widget\" data-e-type=\"widget\" data-widget_type=\"image.default\">\n\t\t\t\t<div class=\"elementor-widget-container\">\n\t\t\t\t\t\t\t\t\t\t\t\t\t\t\t<img loading=\"lazy\" decoding=\"async\" width=\"768\" height=\"1024\" src=\"https:\/\/shatranj.art\/wp-content\/uploads\/2026\/02\/28-3-768x1024.jpg\" class=\"attachment-large size-large wp-image-1061\" alt=\"\" srcset=\"https:\/\/shatranj.art\/wp-content\/uploads\/2026\/02\/28-3-768x1024.jpg 768w, https:\/\/shatranj.art\/wp-content\/uploads\/2026\/02\/28-3-225x300.jpg 225w, https:\/\/shatranj.art\/wp-content\/uploads\/2026\/02\/28-3-1152x1536.jpg 1152w, https:\/\/shatranj.art\/wp-content\/uploads\/2026\/02\/28-3.jpg 1195w\" sizes=\"(max-width: 768px) 100vw, 768px\" \/>\t\t\t\t\t\t\t\t\t\t\t\t\t\t\t<\/div>\n\t\t\t\t<\/div>\n\t\t\t\t<div class=\"elementor-element elementor-element-7ad603d elementor-widget-tablet__width-inherit elementor-widget elementor-widget-text-editor\" data-id=\"7ad603d\" data-element_type=\"widget\" data-e-type=\"widget\" data-widget_type=\"text-editor.default\">\n\t\t\t\t<div class=\"elementor-widget-container\">\n\t\t\t\t\t\t\t\t\t<p><b>1820 \u30d2\u30f3\u30c7\u30a3\u30b9\u30bf\u30f3 \u30d4\u30e8\u30f3\u30fb\u30bf\u30b7\u30e5<\/b> <span style=\"font-weight: 400;\"><br \/><\/span><span style=\"font-weight: 400;\"><br \/><\/span><span style=\"font-weight: 400;\">1820\u5e74\u3001\u30d2\u30f3\u30ba\u30fc\u6559\u306e\u6559\u7fa9\u3068\u5b97\u6559\u306e\u6b74\u53f2\u306f\u3001\u305d\u306e\u8d77\u6e90\u3092\u305f\u3069\u308c\u3070\u304d\u308a\u304c\u306a\u3044\u3002\u30d2\u30f3\u30ba\u30fc\u6559\u306e19\u4e16\u7d00\u306b\u306f\u3001\u3053\u306e\u3088\u3046\u306a\u5b97\u6559\u7684\u306a\u80cc\u666f\u3092\u6301\u3064\u4eba\u3005\u304c\u3001\u3053\u306e\u3088\u3046\u306a\u5b97\u6559\u7684\u306a\u80cc\u666f\u3092\u6301\u3064\u4eba\u3005\u3068\u3057\u3066\u8a8d\u8b58\u3055\u308c\u308b\u3088\u3046\u306b\u306a\u308a\u307e\u3057\u305f\u3002.<\/span><\/p>\t\t\t\t\t\t\t\t<\/div>\n\t\t\t\t<\/div>\n\t\t\t\t<\/div>\n\t\t<div class=\"elementor-element elementor-element-926e3bd e-con-full e-flex e-con e-child\" data-id=\"926e3bd\" data-element_type=\"container\" data-e-type=\"container\">\n\t\t\t\t<div class=\"elementor-element elementor-element-8fc6637 elementor-widget elementor-widget-image\" data-id=\"8fc6637\" data-element_type=\"widget\" data-e-type=\"widget\" data-widget_type=\"image.default\">\n\t\t\t\t<div class=\"elementor-widget-container\">\n\t\t\t\t\t\t\t\t\t\t\t\t\t\t\t<img loading=\"lazy\" decoding=\"async\" width=\"800\" height=\"498\" src=\"https:\/\/shatranj.art\/wp-content\/uploads\/2026\/02\/28-5-1024x637.jpg\" class=\"attachment-large size-large wp-image-1062\" alt=\"\" srcset=\"https:\/\/shatranj.art\/wp-content\/uploads\/2026\/02\/28-5-1024x637.jpg 1024w, https:\/\/shatranj.art\/wp-content\/uploads\/2026\/02\/28-5-300x187.jpg 300w, https:\/\/shatranj.art\/wp-content\/uploads\/2026\/02\/28-5-768x478.jpg 768w, https:\/\/shatranj.art\/wp-content\/uploads\/2026\/02\/28-5-1536x955.jpg 1536w, https:\/\/shatranj.art\/wp-content\/uploads\/2026\/02\/28-5.jpg 1835w\" sizes=\"(max-width: 800px) 100vw, 800px\" \/>\t\t\t\t\t\t\t\t\t\t\t\t\t\t\t<\/div>\n\t\t\t\t<\/div>\n\t\t\t\t<div class=\"elementor-element elementor-element-ea860c4 elementor-widget-tablet__width-inherit elementor-widget elementor-widget-text-editor\" data-id=\"ea860c4\" data-element_type=\"widget\" data-e-type=\"widget\" data-widget_type=\"text-editor.default\">\n\t\t\t\t<div class=\"elementor-widget-container\">\n\t\t\t\t\t\t\t\t\t<p><b>\u30d5\u30ec\u30f3\u30c1\u30fb\u30ea\u30fc\u30b8\u30a7\u30f3\u30b7\u30fc\u30fb\u30dd\u30fc\u30f3<\/b> <span style=\"font-weight: 400;\"><br \/><\/span><span style=\"font-weight: 400;\"><br \/><\/span><span style=\"font-weight: 400;\">\u30a8\u30ec\u30ac\u30f3\u30c8\u306a18\u4e16\u7d00\u306e\u7f8e\u5b66\u3092\u53cd\u6620\u3057\u305f\u30d5\u30ec\u30f3\u30c1\u30fb\u30ea\u30fc\u30b8\u30a7\u30f3\u30b7\u30fc\u306e\u30dd\u30fc\u30f3\u306f\u3001\u201c\u30dd\u30fc\u30f3\u306f\u30c1\u30a7\u30b9\u306e\u9b42\u3067\u3042\u308b \u201d\u3068\u3044\u3046\u30d5\u30a3\u30ea\u30c9\u30fc\u30eb\u306e\u6709\u540d\u306a\u539f\u5247\u3092\u4f53\u73fe\u3057\u3066\u3044\u308b\u3002\u3053\u306e\u30b9\u30bf\u30a4\u30eb\u306e\u666e\u53ca\u306b\u8ca2\u732e\u3057\u305f\u30d5\u30a3\u30ea\u30c9\u30fc\u30eb\u306f\u3001\u30c1\u30a7\u30b9\u306e\u81ea\u52d5\u4eba\u5f62\u300c\u30e1\u30ab\u30cb\u30ab\u30eb\u30fb\u30bf\u30fc\u30af\u300d\u3092\u5012\u3057\u3001\u30b2\u30fc\u30e0\u3068\u5f53\u6642\u306e\u6709\u540d\u306a\u30a4\u30ea\u30e5\u30fc\u30b8\u30e7\u30f3\u306e\u4e21\u65b9\u306b\u7cbe\u901a\u3057\u3066\u3044\u305f\u3053\u3068\u3092\u8a3c\u660e\u3057\u305f\u3053\u3068\u3067\u3082\u77e5\u3089\u308c\u3066\u3044\u308b\u3002.<\/span><\/p>\t\t\t\t\t\t\t\t<\/div>\n\t\t\t\t<\/div>\n\t\t\t\t<\/div>\n\t\t\t\t<\/div>\n\t\t\t\t\t<\/div>\n\t\t\t\t<\/div>\n\t\t\t\t<\/div>","protected":false},"excerpt":{"rendered":"<p>The \u015eah\u00ee Set: Regency Philidor Pawn \u00a0 The spread of coffee and caf\u00e9s intertwines with the evolution of chess. The R\u00e9gence Philidor pawn is inspired by the authentic chess set from Paris-R\u00e9gence caf\u00e9 during the Age of Enlightenment and the famous phrase by the era&#8217;s strongest player, Philidor: &#8220;Pawns are the soul of chess. \u00a0 The pawn structure is one of the most critical criteria determining the flow of a chess game, and many positions are classified based on pawn structures. Philidor, an opera composer and one of the few players who defeated the Turk, a famous chess automaton, emphasized ordinary citizens as the foundation and soul of society. An [&hellip;]<\/p>\n","protected":false},"author":1,"featured_media":0,"parent":743,"menu_order":0,"comment_status":"closed","ping_status":"closed","template":"","meta":{"footnotes":""},"class_list":["post-1053","page","type-page","status-publish","hentry"],"_links":{"self":[{"href":"https:\/\/shatranj.art\/ja\/wp-json\/wp\/v2\/pages\/1053","targetHints":{"allow":["GET"]}}],"collection":[{"href":"https:\/\/shatranj.art\/ja\/wp-json\/wp\/v2\/pages"}],"about":[{"href":"https:\/\/shatranj.art\/ja\/wp-json\/wp\/v2\/types\/page"}],"author":[{"embeddable":true,"href":"https:\/\/shatranj.art\/ja\/wp-json\/wp\/v2\/users\/1"}],"replies":[{"embeddable":true,"href":"https:\/\/shatranj.art\/ja\/wp-json\/wp\/v2\/comments?post=1053"}],"version-history":[{"count":10,"href":"https:\/\/shatranj.art\/ja\/wp-json\/wp\/v2\/pages\/1053\/revisions"}],"predecessor-version":[{"id":1252,"href":"https:\/\/shatranj.art\/ja\/wp-json\/wp\/v2\/pages\/1053\/revisions\/1252"}],"up":[{"embeddable":true,"href":"https:\/\/shatranj.art\/ja\/wp-json\/wp\/v2\/pages\/743"}],"wp:attachment":[{"href":"https:\/\/shatranj.art\/ja\/wp-json\/wp\/v2\/media?parent=1053"}],"curies":[{"name":"wp","href":"https:\/\/api.w.org\/{rel}","templated":true}]}}