{"id":1068,"date":"2026-02-22T18:39:42","date_gmt":"2026-02-22T18:39:42","guid":{"rendered":"https:\/\/shatranj.art\/?page_id=1068"},"modified":"2026-02-24T09:00:42","modified_gmt":"2026-02-24T09:00:42","slug":"poster-29","status":"publish","type":"page","link":"https:\/\/shatranj.art\/ja\/exhibit\/poster-29\/","title":{"rendered":"\u30dd\u30b9\u30bf\u30fc29"},"content":{"rendered":"<div data-elementor-type=\"wp-page\" data-elementor-id=\"1068\" class=\"elementor elementor-1068\" data-elementor-post-type=\"page\">\n\t\t\t\t<div class=\"elementor-element elementor-element-cfd54a0 e-flex e-con-boxed e-con e-parent\" data-id=\"cfd54a0\" data-element_type=\"container\" data-e-type=\"container\" data-settings=\"{&quot;background_background&quot;:&quot;classic&quot;}\">\n\t\t\t\t\t<div class=\"e-con-inner\">\n\t\t<div class=\"elementor-element elementor-element-00cae2a e-con-full e-flex e-con e-child\" data-id=\"00cae2a\" data-element_type=\"container\" data-e-type=\"container\">\n\t\t<div class=\"elementor-element elementor-element-edcf7ea e-con-full e-flex e-con e-child\" data-id=\"edcf7ea\" data-element_type=\"container\" data-e-type=\"container\">\n\t\t\t\t<div class=\"elementor-element elementor-element-411efec elementor-widget elementor-widget-image\" data-id=\"411efec\" data-element_type=\"widget\" data-e-type=\"widget\" data-widget_type=\"image.default\">\n\t\t\t\t<div class=\"elementor-widget-container\">\n\t\t\t\t\t\t\t\t\t\t\t\t\t\t\t<img fetchpriority=\"high\" decoding=\"async\" width=\"800\" height=\"384\" src=\"https:\/\/shatranj.art\/wp-content\/uploads\/2026\/02\/regence-cafe-chess-set-1780-1820-1-1024x491.png\" class=\"attachment-large size-large wp-image-1073\" alt=\"\" srcset=\"https:\/\/shatranj.art\/wp-content\/uploads\/2026\/02\/regence-cafe-chess-set-1780-1820-1-1024x491.png 1024w, https:\/\/shatranj.art\/wp-content\/uploads\/2026\/02\/regence-cafe-chess-set-1780-1820-1-300x144.png 300w, https:\/\/shatranj.art\/wp-content\/uploads\/2026\/02\/regence-cafe-chess-set-1780-1820-1-768x369.png 768w, https:\/\/shatranj.art\/wp-content\/uploads\/2026\/02\/regence-cafe-chess-set-1780-1820-1-1536x737.png 1536w, https:\/\/shatranj.art\/wp-content\/uploads\/2026\/02\/regence-cafe-chess-set-1780-1820-1.png 1886w\" sizes=\"(max-width: 800px) 100vw, 800px\" \/>\t\t\t\t\t\t\t\t\t\t\t\t\t\t\t<\/div>\n\t\t\t\t<\/div>\n\t\t\t\t<div class=\"elementor-element elementor-element-6e231da elementor-widget-tablet__width-inherit elementor-widget elementor-widget-text-editor\" data-id=\"6e231da\" data-element_type=\"widget\" data-e-type=\"widget\" data-widget_type=\"text-editor.default\">\n\t\t\t\t<div class=\"elementor-widget-container\">\n\t\t\t\t\t\t\t\t\t<p><strong>\u015eAH\u00ce\u30bb\u30c3\u30c8\u541b\u4e3b\/\u738b\/\u30b7\u30e3\u30fc\u30d4\u30fc\u30b9\uff1a\u30ae\u30e5\u30eb\u30b7\u30e3<\/strong><\/p><p>\u30ae\u30e5\u30eb\u30b7\u30e3\u306f\u30d8\u30c3\u30c9\u30e9\u30c3\u30d7\u306e\u77e5\u6075\u3001\u30c9\u30fc\u30e0\u306e\u795e\u8056\u3055\u3068\u6a29\u5a01\u3001\u305d\u3057\u3066\u30c1\u30a7\u30c3\u30af\u30e1\u30a4\u30c8\u304b\u3089\u5b88\u3089\u306a\u3051\u308c\u3070\u306a\u3089\u306a\u3044\u751f\u547d\u3068\u7f8e\u306e\u8c61\u5fb4\u3068\u3057\u3066\u306e\u30d0\u30e9\u3092\u8868\u3057\u3066\u3044\u308b\u3002\u30c9\u30fc\u30e0\u306f\u3001\u30a2\u30e4\u30bd\u30d5\u30a3\u30a2\u3001\u30d1\u30f3\u30c6\u30aa\u30f3\u3001MIT\u3068\u3044\u3063\u305f\u8c61\u5fb4\u7684\u306a\u5efa\u9020\u7269\u304b\u3089\u30a4\u30f3\u30b9\u30d4\u30ec\u30fc\u30b7\u30e7\u30f3\u3092\u5f97\u3066\u3044\u308b\u3002\u30d8\u30c3\u30c9\u30e9\u30c3\u30d7\u306f\u3001\u30a2\u30b9\u30ea\u3084\u30b9\u30bf\u30f3\u30de\u3068\u3044\u3063\u305f\u521d\u671f\u306e\u30c1\u30a7\u30b9\u4f5c\u5bb6\u306e\u77e5\u7684\u907a\u7523\u3092\u53cd\u6620\u3057\u3001\u738b\u51a0\u306f\u53e4\u4ee3\u30aa\u30ea\u30f3\u30d4\u30c3\u30af\u306e\u30aa\u30ea\u30fc\u30d6\u306e\u82b1\u8f2a\u306b\u4f3c\u3066\u3044\u308b\u3002\u6b74\u53f2\u7684\u306b\u3001\u3053\u306e\u99d2\u306f\u30e9\u30b8\u30e3\u3001\u30b7\u30e3\u30fc\u3001\u30ad\u30f3\u30b0\u3001\u3042\u308b\u3044\u306f\u53f8\u4ee4\u5b98\u3068\u547c\u3070\u308c\u3066\u304d\u305f\u3002\u300c\u30ae\u30e5\u30eb\u300d\u306f\u4e2d\u592e\u30a2\u30b8\u30a2\u306e\u8a00\u8449\u3067\u30d0\u30e9\u3092\u610f\u5473\u3059\u308b\u3002\u201c\u30b7\u30e3\u30fc \u201d\u3068\u767a\u97f3\u3055\u308c\u308b \u201c\u015eah \u201d\u306f\u3001\u591a\u304f\u306e\u8a00\u8a9e\u3067\u30c1\u30a7\u30b9\u306e\u540d\u79f0\u3067\u3042\u308b\u3002shah\u306f\u3082\u3068\u3082\u3068\u7537\u6027\u306e\u30eb\u30fc\u30eb\u3092\u6307\u3057\u305f\u304c\u3001\u6bd4\u55a9\u7684\u306a\u4f7f\u308f\u308c\u65b9\u3084\u73fe\u4ee3\u7684\u306a\u4f7f\u308f\u308c\u65b9\u306f\u6027\u5225\u3092\u554f\u308f\u306a\u3044\u3088\u3046\u306b\u306a\u3063\u305f\u3002.<\/p>\t\t\t\t\t\t\t\t<\/div>\n\t\t\t\t<\/div>\n\t\t\t\t<div class=\"elementor-element elementor-element-10b021d elementor-widget elementor-widget-image\" data-id=\"10b021d\" data-element_type=\"widget\" data-e-type=\"widget\" data-widget_type=\"image.default\">\n\t\t\t\t<div class=\"elementor-widget-container\">\n\t\t\t\t\t\t\t\t\t\t\t\t\t\t\t<img decoding=\"async\" width=\"188\" height=\"237\" src=\"https:\/\/shatranj.art\/wp-content\/uploads\/2026\/02\/Philipp-Stamma-Public-Domain.jpg\" class=\"attachment-large size-large wp-image-1071\" alt=\"\" \/>\t\t\t\t\t\t\t\t\t\t\t\t\t\t\t<\/div>\n\t\t\t\t<\/div>\n\t\t\t\t<\/div>\n\t\t<div class=\"elementor-element elementor-element-538608d e-con-full e-flex e-con e-child\" data-id=\"538608d\" data-element_type=\"container\" data-e-type=\"container\">\n\t\t\t\t<div class=\"elementor-element elementor-element-60ca9fa elementor-widget elementor-widget-image\" data-id=\"60ca9fa\" data-element_type=\"widget\" data-e-type=\"widget\" data-widget_type=\"image.default\">\n\t\t\t\t<div class=\"elementor-widget-container\">\n\t\t\t\t\t\t\t\t\t\t\t\t\t\t\t<img decoding=\"async\" width=\"800\" height=\"800\" src=\"https:\/\/shatranj.art\/wp-content\/uploads\/2026\/02\/shahi-gulsah-king-piece-1-1024x1024.png\" class=\"attachment-large size-large wp-image-1074\" alt=\"\" srcset=\"https:\/\/shatranj.art\/wp-content\/uploads\/2026\/02\/shahi-gulsah-king-piece-1-1024x1024.png 1024w, https:\/\/shatranj.art\/wp-content\/uploads\/2026\/02\/shahi-gulsah-king-piece-1-300x300.png 300w, https:\/\/shatranj.art\/wp-content\/uploads\/2026\/02\/shahi-gulsah-king-piece-1-150x150.png 150w, https:\/\/shatranj.art\/wp-content\/uploads\/2026\/02\/shahi-gulsah-king-piece-1-768x768.png 768w, https:\/\/shatranj.art\/wp-content\/uploads\/2026\/02\/shahi-gulsah-king-piece-1-1536x1536.png 1536w, https:\/\/shatranj.art\/wp-content\/uploads\/2026\/02\/shahi-gulsah-king-piece-1-2048x2048.png 2048w\" sizes=\"(max-width: 800px) 100vw, 800px\" \/>\t\t\t\t\t\t\t\t\t\t\t\t\t\t\t<\/div>\n\t\t\t\t<\/div>\n\t\t\t\t<div class=\"elementor-element elementor-element-aa06c95 elementor-widget-tablet__width-inherit elementor-widget elementor-widget-text-editor\" data-id=\"aa06c95\" data-element_type=\"widget\" data-e-type=\"widget\" data-widget_type=\"text-editor.default\">\n\t\t\t\t<div class=\"elementor-widget-container\">\n\t\t\t\t\t\t\t\t\t<p><strong>\u6982\u8981\u3068\u907a\u7523<\/strong><\/p><p>\u30ae\u30e5\u30eb\u30b7\u30e3\u99d2\u306f\u3001\u30c1\u30a7\u30b9\u306e\u6b74\u53f2\u306b\u540d\u3092\u6b8b\u3059\u77e5\u7684\u5de8\u4eba\u306b\u656c\u610f\u3092\u8868\u3057\u3001\u7279\u5fb4\u7684\u306a\u30d8\u30c3\u30c9\u30e9\u30c3\u30d7\u306e\u30c7\u30b6\u30a4\u30f3\u3092\u63a1\u7528\u3057\u3066\u3044\u308b\u3002\u3053\u306e\u30d8\u30c3\u30c9\u30a6\u30a7\u30a2\u306f\u3001\u4e2d\u4e16\u306e\u5de8\u5320\u30a2\u30b9\u30fb\u30b9\u30ea\u3084\u300118\u4e16\u7d00\u306e\u5de8\u5320\u3067\u738b\u5ba4\u7ffb\u8a33\u5bb6\u3067\u3082\u3042\u3063\u305f\u30d5\u30a3\u30ea\u30c3\u30d7\u30fb\u30b9\u30bf\u30f3\u30de\u3068\u3044\u3063\u305f\u4eba\u7269\u304c\u7740\u7528\u3057\u3066\u3044\u305f\u4f1d\u7d71\u7684\u306a\u30bf\u30fc\u30d0\u30f3\u3092\u30e2\u30c7\u30eb\u306b\u3057\u3066\u3044\u308b\u3002\u30a2\u30ec\u30c3\u30dd\u306b\u751f\u307e\u308c\u3001\u30ed\u30f3\u30c9\u30f3\u3068\u30d1\u30ea\u306e\u77e5\u7684\u4e2d\u5fc3\u5730\u3067\u6d3b\u8e8d\u3057\u305f\u30b9\u30bf\u30f3\u30de\u306f\u3001\u30a4\u30ae\u30ea\u30b9\u56fd\u5bb6\u306e\u901a\u8a33\u3068\u3057\u3066\u3001\u307e\u305f\u5148\u99c6\u7684\u306a\u30c1\u30a7\u30b9\u306e\u8a18\u8b5c\u30b7\u30b9\u30c6\u30e0\u306b\u3088\u3063\u3066\u6771\u6d0b\u3068\u897f\u6d0b\u306e\u4f1d\u7d71\u306e\u67b6\u3051\u6a4b\u3068\u306a\u3063\u305f\u3001\u307e\u3055\u306b\u591a\u6587\u5316\u7684\u306a\u4eba\u7269\u3067\u3042\u308b\u3002\u3053\u306e\u30c7\u30b6\u30a4\u30f3\u306f\u3001\u4f5c\u54c1\u306b\u6df1\u3044\u77e5\u6075\u3068\u5b66\u554f\u7684\u6a29\u5a01\u3092\u5439\u304d\u8fbc\u3093\u3067\u3044\u308b\u3002.<\/p>\t\t\t\t\t\t\t\t<\/div>\n\t\t\t\t<\/div>\n\t\t\t\t<div class=\"elementor-element elementor-element-117e242 elementor-widget elementor-widget-image\" data-id=\"117e242\" data-element_type=\"widget\" data-e-type=\"widget\" data-widget_type=\"image.default\">\n\t\t\t\t<div class=\"elementor-widget-container\">\n\t\t\t\t\t\t\t\t\t\t\t\t\t\t\t<img loading=\"lazy\" decoding=\"async\" width=\"800\" height=\"592\" src=\"https:\/\/shatranj.art\/wp-content\/uploads\/2026\/02\/olive-crown-olympos-1024x758.jpg\" class=\"attachment-large size-large wp-image-1558\" alt=\"\" srcset=\"https:\/\/shatranj.art\/wp-content\/uploads\/2026\/02\/olive-crown-olympos-1024x758.jpg 1024w, https:\/\/shatranj.art\/wp-content\/uploads\/2026\/02\/olive-crown-olympos-300x222.jpg 300w, https:\/\/shatranj.art\/wp-content\/uploads\/2026\/02\/olive-crown-olympos-768x568.jpg 768w, https:\/\/shatranj.art\/wp-content\/uploads\/2026\/02\/olive-crown-olympos-16x12.jpg 16w, https:\/\/shatranj.art\/wp-content\/uploads\/2026\/02\/olive-crown-olympos.jpg 1280w\" sizes=\"(max-width: 800px) 100vw, 800px\" \/>\t\t\t\t\t\t\t\t\t\t\t\t\t\t\t<\/div>\n\t\t\t\t<\/div>\n\t\t\t\t<div class=\"elementor-element elementor-element-07417e4 elementor-widget-tablet__width-inherit elementor-widget elementor-widget-text-editor\" data-id=\"07417e4\" data-element_type=\"widget\" data-e-type=\"widget\" data-widget_type=\"text-editor.default\">\n\t\t\t\t<div class=\"elementor-widget-container\">\n\t\t\t\t\t\t\t\t\t<p><strong>\u30d0\u30e9\u306e\u82b1\u3073\u3089\u3068\u30aa\u30ea\u30f3\u30dd\u30b9\u306e\u30aa\u30ea\u30fc\u30d6\u306e\u51a0<\/strong><\/p><p>\u015eAH\u00ce\u306e\u541b\u4e3b\u99d2\u306e\u738b\u51a0\u306b\u306f\u3001\u30d0\u30e9\u306e\u82b1\u3073\u3089\u304c\u3042\u3057\u3089\u308f\u308c\u3066\u3044\u307e\u3059\u3002\u3053\u308c\u306f\u751f\u547d\u306e\u7f8e\u3057\u3055\u3068\u306f\u304b\u306a\u3055\u3092\u8c61\u5fb4\u3059\u308b\u3082\u306e\u3067\u3001\u30c1\u30a7\u30b9\u76e4\u3067\u30ad\u30f3\u30b0\u304c\u30c1\u30a7\u30c3\u30af\u30e1\u30a4\u30c8\u3092\u9632\u3050\u305f\u3081\u306b\u5b88\u3089\u308c\u308b\u3088\u3046\u306b\u3001\u6fc0\u3057\u304f\u5b88\u3089\u308c\u306a\u3051\u308c\u3070\u306a\u3089\u306a\u3044\u8cb4\u91cd\u306a\u72b6\u614b\u3067\u3059\u3002\u3053\u306e\u30c7\u30b6\u30a4\u30f3\u306f\u3001\u30aa\u30ea\u30f3\u30dd\u30b9\u306e\u30aa\u30ea\u30fc\u30d6\u306e\u738b\u51a0\u304b\u3089\u3055\u3089\u306b\u30a4\u30f3\u30b9\u30d4\u30ec\u30fc\u30b7\u30e7\u30f3\u3092\u5f97\u3066\u304a\u308a\u3001\u6b74\u53f2\u7684\u306a\u52dd\u5229\u306e\u8ffd\u6c42\u3068\u751f\u547d\u306e\u7e4a\u7d30\u306a\u81ea\u7136\u306e\u4fdd\u8b77\u306e\u67b6\u3051\u6a4b\u3068\u306a\u3063\u3066\u3044\u307e\u3059\u3002.<\/p>\t\t\t\t\t\t\t\t<\/div>\n\t\t\t\t<\/div>\n\t\t\t\t<\/div>\n\t\t<div class=\"elementor-element elementor-element-2d81034 e-con-full e-flex e-con e-child\" data-id=\"2d81034\" data-element_type=\"container\" data-e-type=\"container\">\n\t\t\t\t<div class=\"elementor-element elementor-element-71345be elementor-widget elementor-widget-image\" data-id=\"71345be\" data-element_type=\"widget\" data-e-type=\"widget\" data-widget_type=\"image.default\">\n\t\t\t\t<div class=\"elementor-widget-container\">\n\t\t\t\t\t\t\t\t\t\t\t\t\t\t\t<img loading=\"lazy\" decoding=\"async\" width=\"600\" height=\"800\" src=\"https:\/\/shatranj.art\/wp-content\/uploads\/2026\/02\/suli-statue.jpg\" class=\"attachment-large size-large wp-image-1075\" alt=\"\" srcset=\"https:\/\/shatranj.art\/wp-content\/uploads\/2026\/02\/suli-statue.jpg 600w, https:\/\/shatranj.art\/wp-content\/uploads\/2026\/02\/suli-statue-225x300.jpg 225w\" sizes=\"(max-width: 600px) 100vw, 600px\" \/>\t\t\t\t\t\t\t\t\t\t\t\t\t\t\t<\/div>\n\t\t\t\t<\/div>\n\t\t\t\t<div class=\"elementor-element elementor-element-1f7e824 elementor-widget-tablet__width-inherit elementor-widget elementor-widget-text-editor\" data-id=\"1f7e824\" data-element_type=\"widget\" data-e-type=\"widget\" data-widget_type=\"text-editor.default\">\n\t\t\t\t<div class=\"elementor-widget-container\">\n\t\t\t\t\t\t\t\t\t<p><strong>\u5553\u8499\u306e\u907a\u7523<\/strong><br \/><strong>\u015eah\u00ee\u30bb\u30c3\u30c8\u306e\u30ec\u30b8\u30a7\u30f3\u30b9\u30fb\u30ec\u30ac\u30b7\u30fc<\/strong><\/p><p>\u00a0<\/p><p>\u30d5\u30e9\u30f3\u30b9\u306e\u30ec\u30b8\u30e3\u30f3\u30b9\u30bb\u30c3\u30c8\u306f\u3001\u7406\u6027\u3068\u77e5\u8b58\u306e\u8ffd\u6c42\u306b\u3088\u3063\u3066\u5b9a\u7fa9\u3055\u308c\u305f\u6642\u4ee3\u3001\u5553\u8499\u4e3b\u7fa9\u3092\u8c61\u5fb4\u3057\u3066\u3044\u307e\u3059\u3002\u30d9\u30f3\u30b8\u30e3\u30df\u30f3\u30fb\u30d5\u30e9\u30f3\u30af\u30ea\u30f3\u3001\u30ca\u30dd\u30ec\u30aa\u30f3\u30fb\u30dc\u30ca\u30d1\u30eb\u30c8\u3001\u5de8\u5320\u30d5\u30a3\u30ea\u30c9\u30fc\u30eb\u3068\u3044\u3063\u305f\u6b74\u53f2\u4e0a\u306e\u5de8\u4eba\u305f\u3061\u304c\u3001\u6709\u540d\u306a\u30ab\u30d5\u30a7\u30fb\u30c9\u30fb\u30e9\u30fb\u30ec\u30b8\u30e3\u30f3\u30b9\u3067\u30d7\u30ec\u30a4\u3057\u305f\u3053\u306e\u30bb\u30c3\u30c8\u306f\u3001\u77e5\u7684\u7af6\u4e89\u306e\u30b9\u30bf\u30f3\u30c0\u30fc\u30c9\u3068\u306a\u308a\u307e\u3057\u305f\u3002\u015eah\u00ee\u30c1\u30a7\u30b9\u30bb\u30c3\u30c8\u306f\u3001\u3053\u306e\u907a\u7523\u3092\u610f\u56f3\u7684\u306b\u4fdd\u5b58\u3057\u3066\u3044\u307e\u3059\u3002\u30ae\u30e5\u30eb\u30b7\u30e3\u99d2\u306b\u30ec\u30b8\u30e3\u30f3\u30b9\u30fb\u30ad\u30f3\u30b0\u306e\u82b1\u306e\u30e2\u30c1\u30fc\u30d5\u304b\u3089\u30a4\u30f3\u30b9\u30d4\u30ec\u30fc\u30b7\u30e7\u30f3\u3092\u5f97\u305f\u015eah\u00ee\u30bb\u30c3\u30c8\u306f\u300118\u4e16\u7d00\u306e\u30e8\u30fc\u30ed\u30c3\u30d1\u306e\u30a8\u30ec\u30ac\u30f3\u30b9\u3068\u6771\u6d0b\u306e\u6df1\u3044\u5b66\u554f\u306e\u4f1d\u7d71\u306e\u67b6\u3051\u6a4b\u3068\u306a\u308a\u3001\u30b2\u30fc\u30e0\u306e\u9ec4\u91d1\u6642\u4ee3\u3092\u7bc9\u3044\u305f\u5de8\u5320\u305f\u3061\u306b\u656c\u610f\u3092\u8868\u3057\u3066\u3044\u307e\u3059\u3002.<\/p>\t\t\t\t\t\t\t\t<\/div>\n\t\t\t\t<\/div>\n\t\t\t\t<\/div>\n\t\t\t\t<\/div>\n\t\t\t\t\t<\/div>\n\t\t\t\t<\/div>\n\t\t\t\t<\/div>","protected":false},"excerpt":{"rendered":"<p>\u015eAH\u00ce set monarch\/king\/shah piece: G\u00fcl\u015fah G\u00fcl\u015fah represents the wisdom of the headwrap, the sanctity and authority of the dome, and rose as a symbol of life and beauty, which must be protected from checkmate. The dome draws inspiration from iconic structures like the Hagia Sophia, the Pantheon, and MIT. The headwrap reflects the intellectual legacy of early chess authors, such as As-Suli and Stamma, while the crown resembles the olive wreaths of ancient Olympics. Historically, this piece has been called raja, shah, king, or commander. \u201cG\u00fcl\u201d means rose in Central Asian languages. \u201c\u015eah\u201d, pronounced as \u2018Shah\u2019, is the name for chess in many languagues. While shah originally referred to male [&hellip;]<\/p>\n","protected":false},"author":1,"featured_media":0,"parent":743,"menu_order":0,"comment_status":"closed","ping_status":"closed","template":"","meta":{"footnotes":""},"class_list":["post-1068","page","type-page","status-publish","hentry"],"_links":{"self":[{"href":"https:\/\/shatranj.art\/ja\/wp-json\/wp\/v2\/pages\/1068","targetHints":{"allow":["GET"]}}],"collection":[{"href":"https:\/\/shatranj.art\/ja\/wp-json\/wp\/v2\/pages"}],"about":[{"href":"https:\/\/shatranj.art\/ja\/wp-json\/wp\/v2\/types\/page"}],"author":[{"embeddable":true,"href":"https:\/\/shatranj.art\/ja\/wp-json\/wp\/v2\/users\/1"}],"replies":[{"embeddable":true,"href":"https:\/\/shatranj.art\/ja\/wp-json\/wp\/v2\/comments?post=1068"}],"version-history":[{"count":10,"href":"https:\/\/shatranj.art\/ja\/wp-json\/wp\/v2\/pages\/1068\/revisions"}],"predecessor-version":[{"id":1561,"href":"https:\/\/shatranj.art\/ja\/wp-json\/wp\/v2\/pages\/1068\/revisions\/1561"}],"up":[{"embeddable":true,"href":"https:\/\/shatranj.art\/ja\/wp-json\/wp\/v2\/pages\/743"}],"wp:attachment":[{"href":"https:\/\/shatranj.art\/ja\/wp-json\/wp\/v2\/media?parent=1068"}],"curies":[{"name":"wp","href":"https:\/\/api.w.org\/{rel}","templated":true}]}}