{"id":1355,"date":"2026-02-23T08:47:26","date_gmt":"2026-02-23T08:47:26","guid":{"rendered":"https:\/\/shatranj.art\/?page_id=1355"},"modified":"2026-02-24T06:17:29","modified_gmt":"2026-02-24T06:17:29","slug":"poster-33","status":"publish","type":"page","link":"https:\/\/shatranj.art\/ja\/exhibit\/poster-33\/","title":{"rendered":"\u30dd\u30b9\u30bf\u30fc33"},"content":{"rendered":"<div data-elementor-type=\"wp-page\" data-elementor-id=\"1355\" class=\"elementor elementor-1355\" data-elementor-post-type=\"page\">\n\t\t\t\t<div class=\"elementor-element elementor-element-2851794 e-flex e-con-boxed e-con e-parent\" data-id=\"2851794\" data-element_type=\"container\" data-e-type=\"container\" data-settings=\"{&quot;background_background&quot;:&quot;classic&quot;}\">\n\t\t\t\t\t<div class=\"e-con-inner\">\n\t\t<div class=\"elementor-element elementor-element-ed4d108 e-con-full e-flex e-con e-child\" data-id=\"ed4d108\" data-element_type=\"container\" data-e-type=\"container\">\n\t\t\t\t<div class=\"elementor-element elementor-element-2753e94 elementor-widget elementor-widget-image\" data-id=\"2753e94\" data-element_type=\"widget\" data-e-type=\"widget\" data-widget_type=\"image.default\">\n\t\t\t\t<div class=\"elementor-widget-container\">\n\t\t\t\t\t\t\t\t\t\t\t\t\t\t\t<img fetchpriority=\"high\" decoding=\"async\" width=\"800\" height=\"534\" src=\"https:\/\/shatranj.art\/wp-content\/uploads\/2026\/02\/ulku-ve-dalkiran-kultur-un-1024x683.jpeg\" class=\"attachment-large size-large wp-image-1359\" alt=\"\" srcset=\"https:\/\/shatranj.art\/wp-content\/uploads\/2026\/02\/ulku-ve-dalkiran-kultur-un-1024x683.jpeg 1024w, https:\/\/shatranj.art\/wp-content\/uploads\/2026\/02\/ulku-ve-dalkiran-kultur-un-300x200.jpeg 300w, https:\/\/shatranj.art\/wp-content\/uploads\/2026\/02\/ulku-ve-dalkiran-kultur-un-768x512.jpeg 768w, https:\/\/shatranj.art\/wp-content\/uploads\/2026\/02\/ulku-ve-dalkiran-kultur-un-1536x1024.jpeg 1536w, https:\/\/shatranj.art\/wp-content\/uploads\/2026\/02\/ulku-ve-dalkiran-kultur-un-2048x1365.jpeg 2048w, https:\/\/shatranj.art\/wp-content\/uploads\/2026\/02\/ulku-ve-dalkiran-kultur-un-18x12.jpeg 18w\" sizes=\"(max-width: 800px) 100vw, 800px\" \/>\t\t\t\t\t\t\t\t\t\t\t\t\t\t\t<\/div>\n\t\t\t\t<\/div>\n\t\t\t\t<div class=\"elementor-element elementor-element-1b1dadb elementor-widget-tablet__width-inherit elementor-widget elementor-widget-text-editor\" data-id=\"1b1dadb\" data-element_type=\"widget\" data-e-type=\"widget\" data-widget_type=\"text-editor.default\">\n\t\t\t\t<div class=\"elementor-widget-container\">\n\t\t\t\t\t\t\t\t\t<h3><strong>\u30e0\u30b9\u30bf\u30d5\u30a1\u30fb\u30b1\u30de\u30eb\u30fb\u30a2\u30bf\u30c6\u30e5\u30eb\u30af\u306e\u30c1\u30a7\u30b9\u30bb\u30c3\u30c8<\/strong><span style=\"font-weight: 400;\"><br \/><\/span><span style=\"font-weight: 400;\"><br \/><\/span><\/h3><p><span style=\"font-weight: 400;\">\u3053\u306e\u30bb\u30af\u30b7\u30e7\u30f3\u3067\u306f\u3001\u30c8\u30eb\u30b3\u5171\u548c\u56fd\u306e\u5275\u59cb\u8005\u3067\u3042\u308b\u30e0\u30b9\u30bf\u30d5\u30a1\u30fb\u30b1\u30de\u30eb\u30fb\u30a2\u30bf\u30c6\u30e5\u30eb\u30af\u306e\u500b\u4eba\u7684\u306a\u30c1\u30a7\u30b9\u30bb\u30c3\u30c8\u3068\u3044\u3046\u3001\u30c8\u30eb\u30b3\u306e\u6b74\u53f2\u306b\u304a\u3051\u308b\u30e6\u30cb\u30fc\u30af\u306a\u4f5c\u54c1\u306b\u30b9\u30dd\u30c3\u30c8\u3092\u5f53\u3066\u3066\u3044\u308b\u3002\u30ae\u30e3\u30e9\u30ea\u30fc\u306e\u5199\u771f\u306f\u3001\u30a2\u30bf\u30c6\u30e5\u30eb\u30af\u306e\u990a\u5973\u3067\u3042\u308b\u30a6\u30eb\u30af\u30fb\u30a2\u30c0\u30c6\u30da\u3068\u4e26\u3093\u3067\u3001\u3053\u306e\u30bb\u30c3\u30c8\u3092\u8a87\u3089\u3057\u3052\u306b\u7d39\u4ecb\u3059\u308bH.\u30bb\u30eb\u30bf\u30c1\u30fb\u30c0\u30eb\u30af\u30e9\u30f3\u3002.<\/span><span style=\"font-weight: 400;\"><br \/><\/span><span style=\"font-weight: 400;\"><br \/><\/span><span style=\"font-weight: 400;\">\u3053\u306e\u30c1\u30a7\u30b9\u30fb\u30bb\u30c3\u30c8\u306f\u3001\u30c4\u30b2\u6750\u304b\u3089\u5f6b\u308a\u51fa\u3055\u308c\u305f\u30e6\u30cb\u30fc\u30af\u306a\u4e00\u70b9\u3082\u306e\u306e\u30c7\u30b6\u30a4\u30f3\u3067\u3042\u308b\u3002\u30ac\u30ea\u30dd\u30ea\u306e\u6226\u3044\u306b\u30a4\u30f3\u30b9\u30d1\u30a4\u30a2\u3055\u308c\u3001\u30a2\u30bf\u30c6\u30e5\u30eb\u30af\u68ee\u6797\u8fb2\u5834\u306e\u6240\u9577\u3067\u3042\u308a\u3001\u30ba\u30d9\u30a4\u30c7\u30fb\u30cf\u30cc\u30e0\u306e\u990a\u5973\u30f4\u30a1\u30b9\u30d5\u30a3\u30a8\u30fb\u30cf\u30cc\u30e0\u306e\u592b\u3067\u3042\u308a\u3001\u30a2\u30bf\u30c6\u30e5\u30eb\u30af\u306e\u990a\u5973\u30a6\u30eb\u30af\u30fb\u30a2\u30c0\u30c6\u30da\u306e\u7236\u3067\u3042\u308b\u30bf\u30d5\u30b7\u30f3\u30fb\u30c1\u30e5\u30af\u30eb\u30aa\u30a6\u30eb\u306b\u3088\u3063\u3066\u4f5c\u3089\u308c\u305f\u3002\u30a2\u30bf\u30c6\u30e5\u30eb\u30af\u3078\u306e\u8d08\u308a\u7269\u3068\u3057\u3066\u8d08\u3089\u308c\u305f\u3002\u591a\u304f\u306e\u5357\u30b9\u30e9\u30f4\u8a9e\u3084\u30d0\u30eb\u30ab\u30f3\u8af8\u8a9e\u3067\u5927\u7832\u3001\u300c\u30c8\u30c3\u30d7\u300d\u3068\u547c\u3070\u308c\u308b\u3053\u306e\u4f5c\u54c1\u306e\u7528\u8a9e\u306b\u5408\u308f\u305b\u3001\u30eb\u30fc\u30af\u304c\u5927\u7832\u3068\u3057\u3066\u63cf\u304b\u308c\u3066\u3044\u308b\u3002.\u00a0<\/span><\/p><p><span style=\"font-weight: 400;\">\u30a2\u30bf\u30c6\u30e5\u30eb\u30af\u306e\u6b7b\u5f8c\u3001\u3053\u306e\u30bb\u30c3\u30c8\u306f\u3053\u306e\u5bb6\u65cf\u306b\u3088\u3063\u3066\u4fdd\u5b58\u3055\u308c\u305f\u3002\u30bf\u30d5\u30b7\u30f3\u30fb\u30c1\u30e5\u30af\u30eb\u30aa\u30fc\u30eb\u304c\u4ea1\u304f\u306a\u308b\u3068\u3001\u30a4\u30b9\u30bf\u30f3\u30d6\u30fc\u30eb\u306e\u30c1\u30a7\u30f4\u30a3\u30ba\u30ea\u306b\u3042\u308b\u81ea\u5b85\u3067\u3001\u30c1\u30a7\u30b9\u754c\u3067\u5c0a\u656c\u3092\u96c6\u3081\u308b\u89aa\u53cb\u30bb\u30e9\u30cf\u30c3\u30c6\u30a3\u30f3\u30fb\u30a2\u30b7\u30e5\u30ab\u30f3\u306b\u8a18\u5ff5\u54c1\u3068\u3057\u3066\u8d08\u3089\u308c\u305f\u3002.<\/span><\/p><p><span style=\"font-weight: 400;\">\u5f8c\u306b\u3053\u306e\u30bb\u30c3\u30c8\u306f\u3001\u30c8\u30eb\u30b3\u306b\u304a\u3051\u308b\u30c1\u30a7\u30b9\u3078\u306e\u591a\u5927\u306a\u8ca2\u732e\u304c\u8a8d\u3081\u3089\u308c\u3001\u308f\u304c\u56fd\u521d\u306e\u30c1\u30a7\u30b9\u5b66\u6821\u3068\u535a\u7269\u9928\u3092\u8a2d\u7acb\u3057\u305fH.\u30bb\u30eb\u30bf\u30c1\u30fb\u30c0\u30eb\u30af\u30e9\u30f3\u306b\u8d08\u3089\u308c\u305f\u3002\u30a2\u30bf\u30c6\u30e5\u30eb\u30af\u306f\u3053\u306e\u30bb\u30c3\u30c8\u3067\u3001\u30a4\u30b9\u30e1\u30c8\u30fb\u30a4\u30fc\u30cb\u30e5\u3001\u30bb\u30e9\u30cf\u30c3\u30c6\u30a3\u30f3\u30fb\u30a2\u30c7\u30a3\u30eb\u30fb\u30d1\u30b7\u30e3\u3001\u305d\u306e\u4ed6\u306e\u6226\u53cb\u305f\u3061\u3068\u5bfe\u6226\u3057\u305f\u3053\u3068\u304c\u77e5\u3089\u308c\u3066\u3044\u308b\u3002.<\/span><\/p>\t\t\t\t\t\t\t\t<\/div>\n\t\t\t\t<\/div>\n\t\t\t\t<div class=\"elementor-element elementor-element-8077669 elementor-widget elementor-widget-image\" data-id=\"8077669\" data-element_type=\"widget\" data-e-type=\"widget\" data-widget_type=\"image.default\">\n\t\t\t\t<div class=\"elementor-widget-container\">\n\t\t\t\t\t\t\t\t\t\t\t\t\t\t\t<img decoding=\"async\" width=\"800\" height=\"576\" src=\"https:\/\/shatranj.art\/wp-content\/uploads\/2026\/02\/ataturkun-takimi-afis-calismasi-1-1024x737.jpg\" class=\"attachment-large size-large wp-image-1358\" alt=\"\" srcset=\"https:\/\/shatranj.art\/wp-content\/uploads\/2026\/02\/ataturkun-takimi-afis-calismasi-1-1024x737.jpg 1024w, https:\/\/shatranj.art\/wp-content\/uploads\/2026\/02\/ataturkun-takimi-afis-calismasi-1-300x216.jpg 300w, https:\/\/shatranj.art\/wp-content\/uploads\/2026\/02\/ataturkun-takimi-afis-calismasi-1-768x553.jpg 768w, https:\/\/shatranj.art\/wp-content\/uploads\/2026\/02\/ataturkun-takimi-afis-calismasi-1-1536x1106.jpg 1536w, https:\/\/shatranj.art\/wp-content\/uploads\/2026\/02\/ataturkun-takimi-afis-calismasi-1-2048x1475.jpg 2048w, https:\/\/shatranj.art\/wp-content\/uploads\/2026\/02\/ataturkun-takimi-afis-calismasi-1-18x12.jpg 18w\" sizes=\"(max-width: 800px) 100vw, 800px\" \/>\t\t\t\t\t\t\t\t\t\t\t\t\t\t\t<\/div>\n\t\t\t\t<\/div>\n\t\t\t\t<div class=\"elementor-element elementor-element-887b309 elementor-widget elementor-widget-image\" data-id=\"887b309\" data-element_type=\"widget\" data-e-type=\"widget\" data-widget_type=\"image.default\">\n\t\t\t\t<div class=\"elementor-widget-container\">\n\t\t\t\t\t\t\t\t\t\t\t\t\t\t\t<img decoding=\"async\" width=\"800\" height=\"504\" src=\"https:\/\/shatranj.art\/wp-content\/uploads\/2026\/02\/mustafa-kemal-ataturk-chess-set-reduced-size-1024x645.jpg\" class=\"attachment-large size-large wp-image-1446\" alt=\"\" srcset=\"https:\/\/shatranj.art\/wp-content\/uploads\/2026\/02\/mustafa-kemal-ataturk-chess-set-reduced-size-1024x645.jpg 1024w, https:\/\/shatranj.art\/wp-content\/uploads\/2026\/02\/mustafa-kemal-ataturk-chess-set-reduced-size-300x189.jpg 300w, https:\/\/shatranj.art\/wp-content\/uploads\/2026\/02\/mustafa-kemal-ataturk-chess-set-reduced-size-768x484.jpg 768w, https:\/\/shatranj.art\/wp-content\/uploads\/2026\/02\/mustafa-kemal-ataturk-chess-set-reduced-size-1536x968.jpg 1536w, https:\/\/shatranj.art\/wp-content\/uploads\/2026\/02\/mustafa-kemal-ataturk-chess-set-reduced-size-2048x1291.jpg 2048w, https:\/\/shatranj.art\/wp-content\/uploads\/2026\/02\/mustafa-kemal-ataturk-chess-set-reduced-size-18x12.jpg 18w\" sizes=\"(max-width: 800px) 100vw, 800px\" \/>\t\t\t\t\t\t\t\t\t\t\t\t\t\t\t<\/div>\n\t\t\t\t<\/div>\n\t\t\t\t<div class=\"elementor-element elementor-element-67db2a3 elementor-widget elementor-widget-image\" data-id=\"67db2a3\" data-element_type=\"widget\" data-e-type=\"widget\" data-widget_type=\"image.default\">\n\t\t\t\t<div class=\"elementor-widget-container\">\n\t\t\t\t\t\t\t\t\t\t\t\t\t\t\t<img loading=\"lazy\" decoding=\"async\" width=\"768\" height=\"1024\" src=\"https:\/\/shatranj.art\/wp-content\/uploads\/2026\/02\/ulku-adatepe-my-childhood-with-ataturk-768x1024.jpg\" class=\"attachment-large size-large wp-image-1451\" alt=\"\" srcset=\"https:\/\/shatranj.art\/wp-content\/uploads\/2026\/02\/ulku-adatepe-my-childhood-with-ataturk-768x1024.jpg 768w, https:\/\/shatranj.art\/wp-content\/uploads\/2026\/02\/ulku-adatepe-my-childhood-with-ataturk-225x300.jpg 225w, https:\/\/shatranj.art\/wp-content\/uploads\/2026\/02\/ulku-adatepe-my-childhood-with-ataturk-1152x1536.jpg 1152w, https:\/\/shatranj.art\/wp-content\/uploads\/2026\/02\/ulku-adatepe-my-childhood-with-ataturk-1536x2048.jpg 1536w, https:\/\/shatranj.art\/wp-content\/uploads\/2026\/02\/ulku-adatepe-my-childhood-with-ataturk-9x12.jpg 9w, https:\/\/shatranj.art\/wp-content\/uploads\/2026\/02\/ulku-adatepe-my-childhood-with-ataturk-scaled.jpg 1920w\" sizes=\"(max-width: 768px) 100vw, 768px\" \/>\t\t\t\t\t\t\t\t\t\t\t\t\t\t\t<\/div>\n\t\t\t\t<\/div>\n\t\t\t\t<div class=\"elementor-element elementor-element-00467b4 elementor-widget elementor-widget-image\" data-id=\"00467b4\" data-element_type=\"widget\" data-e-type=\"widget\" data-widget_type=\"image.default\">\n\t\t\t\t<div class=\"elementor-widget-container\">\n\t\t\t\t\t\t\t\t\t\t\t\t\t\t\t<img loading=\"lazy\" decoding=\"async\" width=\"768\" height=\"1024\" src=\"https:\/\/shatranj.art\/wp-content\/uploads\/2026\/02\/ulku-adatepe-ataturk-memoirs-768x1024.jpg\" class=\"attachment-large size-large wp-image-1447\" alt=\"\" srcset=\"https:\/\/shatranj.art\/wp-content\/uploads\/2026\/02\/ulku-adatepe-ataturk-memoirs-768x1024.jpg 768w, https:\/\/shatranj.art\/wp-content\/uploads\/2026\/02\/ulku-adatepe-ataturk-memoirs-225x300.jpg 225w, https:\/\/shatranj.art\/wp-content\/uploads\/2026\/02\/ulku-adatepe-ataturk-memoirs-1152x1536.jpg 1152w, https:\/\/shatranj.art\/wp-content\/uploads\/2026\/02\/ulku-adatepe-ataturk-memoirs-1536x2048.jpg 1536w, https:\/\/shatranj.art\/wp-content\/uploads\/2026\/02\/ulku-adatepe-ataturk-memoirs-9x12.jpg 9w, https:\/\/shatranj.art\/wp-content\/uploads\/2026\/02\/ulku-adatepe-ataturk-memoirs-scaled.jpg 1920w\" sizes=\"(max-width: 768px) 100vw, 768px\" \/>\t\t\t\t\t\t\t\t\t\t\t\t\t\t\t<\/div>\n\t\t\t\t<\/div>\n\t\t\t\t<div class=\"elementor-element elementor-element-9bf6bee elementor-widget elementor-widget-image\" data-id=\"9bf6bee\" data-element_type=\"widget\" data-e-type=\"widget\" data-widget_type=\"image.default\">\n\t\t\t\t<div class=\"elementor-widget-container\">\n\t\t\t\t\t\t\t\t\t\t\t\t\t\t\t<img loading=\"lazy\" decoding=\"async\" width=\"530\" height=\"800\" src=\"https:\/\/shatranj.art\/wp-content\/uploads\/2026\/02\/mustafa-kemal-atatur-ulku-adatepe.jpg\" class=\"attachment-large size-large wp-image-1449\" alt=\"\" srcset=\"https:\/\/shatranj.art\/wp-content\/uploads\/2026\/02\/mustafa-kemal-atatur-ulku-adatepe.jpg 530w, https:\/\/shatranj.art\/wp-content\/uploads\/2026\/02\/mustafa-kemal-atatur-ulku-adatepe-199x300.jpg 199w, https:\/\/shatranj.art\/wp-content\/uploads\/2026\/02\/mustafa-kemal-atatur-ulku-adatepe-8x12.jpg 8w\" sizes=\"(max-width: 530px) 100vw, 530px\" \/>\t\t\t\t\t\t\t\t\t\t\t\t\t\t\t<\/div>\n\t\t\t\t<\/div>\n\t\t\t\t<div class=\"elementor-element elementor-element-c32a832 elementor-widget elementor-widget-image\" data-id=\"c32a832\" data-element_type=\"widget\" data-e-type=\"widget\" data-widget_type=\"image.default\">\n\t\t\t\t<div class=\"elementor-widget-container\">\n\t\t\t\t\t\t\t\t\t\t\t\t\t\t\t<img loading=\"lazy\" decoding=\"async\" width=\"640\" height=\"1024\" src=\"https:\/\/shatranj.art\/wp-content\/uploads\/2026\/02\/tahsin-cukurluoglu-ulku-adatepe-chesset-memory-640x1024.jpg\" class=\"attachment-large size-large wp-image-1450\" alt=\"\" srcset=\"https:\/\/shatranj.art\/wp-content\/uploads\/2026\/02\/tahsin-cukurluoglu-ulku-adatepe-chesset-memory-640x1024.jpg 640w, https:\/\/shatranj.art\/wp-content\/uploads\/2026\/02\/tahsin-cukurluoglu-ulku-adatepe-chesset-memory-187x300.jpg 187w, https:\/\/shatranj.art\/wp-content\/uploads\/2026\/02\/tahsin-cukurluoglu-ulku-adatepe-chesset-memory-7x12.jpg 7w, https:\/\/shatranj.art\/wp-content\/uploads\/2026\/02\/tahsin-cukurluoglu-ulku-adatepe-chesset-memory.jpg 652w\" sizes=\"(max-width: 640px) 100vw, 640px\" \/>\t\t\t\t\t\t\t\t\t\t\t\t\t\t\t<\/div>\n\t\t\t\t<\/div>\n\t\t\t\t<div class=\"elementor-element elementor-element-4fc3267 elementor-widget elementor-widget-image\" data-id=\"4fc3267\" data-element_type=\"widget\" data-e-type=\"widget\" data-widget_type=\"image.default\">\n\t\t\t\t<div class=\"elementor-widget-container\">\n\t\t\t\t\t\t\t\t\t\t\t\t\t\t\t<img loading=\"lazy\" decoding=\"async\" width=\"580\" height=\"984\" src=\"https:\/\/shatranj.art\/wp-content\/uploads\/2026\/02\/Tahsin-Cukurluoglu.jpg\" class=\"attachment-large size-large wp-image-1448\" alt=\"\" srcset=\"https:\/\/shatranj.art\/wp-content\/uploads\/2026\/02\/Tahsin-Cukurluoglu.jpg 580w, https:\/\/shatranj.art\/wp-content\/uploads\/2026\/02\/Tahsin-Cukurluoglu-177x300.jpg 177w, https:\/\/shatranj.art\/wp-content\/uploads\/2026\/02\/Tahsin-Cukurluoglu-7x12.jpg 7w\" sizes=\"(max-width: 580px) 100vw, 580px\" \/>\t\t\t\t\t\t\t\t\t\t\t\t\t\t\t<\/div>\n\t\t\t\t<\/div>\n\t\t\t\t<div class=\"elementor-element elementor-element-7c081ec elementor-widget-tablet__width-inherit elementor-widget elementor-widget-text-editor\" data-id=\"7c081ec\" data-element_type=\"widget\" data-e-type=\"widget\" data-widget_type=\"text-editor.default\">\n\t\t\t\t<div class=\"elementor-widget-container\">\n\t\t\t\t\t\t\t\t\t<h3><b>\u30d5\u30a7\u30cd\u30eb\u30d0\u30d5\u30c1\u30a7\u30fb\u30b9\u30bf\u30b8\u30a2\u30e0\u3067\u306e\u30e9\u30a4\u30d6\u30fb\u30b8\u30e3\u30a4\u30a2\u30f3\u30c8\u30fb\u30c1\u30a7\u30b9\u30fb\u30b7\u30e7\u30fc\uff081997\u5e74\uff09<\/b><\/h3><p><b>\u30b9\u30bf\u30b8\u30a2\u30e0\u306e\u30b3\u30e9\u30fc\u30b8\u30e5\u304c\u30d9\u30fc\u30b9\u3002.<\/b><\/p><p><span style=\"font-weight: 400;\">\u3053\u306e\u5370\u8c61\u7684\u306a\u30d3\u30b8\u30e5\u30a2\u30eb\u306f\u30011997\u5e74\u306b\u30c8\u30eb\u30b3\u3067\u6700\u3082\u5b9a\u8a55\u306e\u3042\u308b\u30b9\u30dd\u30fc\u30c4\u30af\u30e9\u30d6\u306e\u3072\u3068\u3064\u3067\u3042\u308b\u30d5\u30a7\u30cd\u30eb\u30d0\u30d5\u306e\u30b9\u30bf\u30b8\u30a2\u30e0\u3067\u958b\u50ac\u3055\u308c\u305f\u5927\u898f\u6a21\u306a\u300c\u30e9\u30a4\u30d6\u30fb\u30c1\u30a7\u30b9\u300d\u30a4\u30d9\u30f3\u30c8\u3092\u7d39\u4ecb\u3057\u3066\u3044\u308b\u3002.<\/span><\/p><p><span style=\"font-weight: 400;\">\u30b5\u30c3\u30ab\u30fc\u306e\u30d4\u30c3\u30c1\u304c\u5de8\u5927\u306a\u30c1\u30a7\u30b9\u76e4\u306b\u5909\u8eab\u3057\u305f\u3053\u306e\u30a4\u30d9\u30f3\u30c8\u3067\u306f\u3001\u7279\u5225\u306a\u30b3\u30b9\u30c1\u30e5\u30fc\u30e0\u3092\u7740\u305f\u30d1\u30d5\u30a9\u30fc\u30de\u30fc\u304c\u30c1\u30a7\u30b9\u306e\u99d2\u306b\u626e\u3057\u3001\u30b9\u30bf\u30b8\u30a2\u30e0\u306e\u89b3\u5ba2\u306e\u524d\u3067\u6226\u7565\u7684\u306a\u30b2\u30fc\u30e0\u306b\u547d\u3092\u5439\u304d\u8fbc\u3093\u3060\u3002\u3053\u306e\u30d3\u30b8\u30e5\u30a2\u30eb\u306f\u3001\u30c1\u30a7\u30b9\u306e\u77e5\u7684\u306a\u5965\u6df1\u3055\u3068\u3001\u8089\u4f53\u7684\u306a\u8996\u899a\u7684\u9957\u5bb4\u3068\u30b9\u30dd\u30fc\u30c4\u6587\u5316\u3092\u30b7\u30fc\u30e0\u30ec\u30b9\u306b\u878d\u5408\u3055\u305b\u3066\u3044\u308b\u3002\u30b9\u30bf\u30b8\u30a2\u30e0\u306e\u65d7\u306b\u306f\u30a2\u30bf\u30c1\u30e5\u30eb\u30af\u306e\u5199\u771f\u304c\u63b2\u3052\u3089\u308c\u3066\u3044\u308b\u3002.<\/span><\/p><p><b>\u30a2\u30fc\u30ab\u30a4\u30d6\u30ce\u30fc\u30c8<\/b><span style=\"font-weight: 400;\"> \u30aa\u30ea\u30b8\u30ca\u30eb\u306e\u5199\u771f\u306b\u8a18\u8f09\u3055\u308c\u3066\u3044\u308b\u3088\u3046\u306b\u3001\u3053\u306e\u30c1\u30a7\u30b9\u306e\u6b74\u53f2\u306e\u7279\u5225\u306a\u4f5c\u54c1\u306f\u3001FIDE\u56fd\u969b\u30c1\u30a7\u30b9\u4ef2\u88c1\u4eba\u517c\u30e9\u30a4\u30bf\u30fc\u306e\u500b\u4eba\u7684\u306a\u30a2\u30fc\u30ab\u30a4\u30d6\u3068\u30b3\u30ec\u30af\u30b7\u30e7\u30f3\u304b\u3089\u5c55\u793a\u3055\u308c\u3066\u3044\u308b\u3001, <\/span><b>H.\u30bb\u30eb\u30bf\u30c3\u30c1\u30fb\u30c0\u30eb\u30af\u30e9\u30f3<\/b><span style=\"font-weight: 400;\">.<\/span><\/p>\t\t\t\t\t\t\t\t<\/div>\n\t\t\t\t<\/div>\n\t\t\t\t<div class=\"elementor-element elementor-element-2284ad2 elementor-widget elementor-widget-image\" data-id=\"2284ad2\" data-element_type=\"widget\" data-e-type=\"widget\" data-widget_type=\"image.default\">\n\t\t\t\t<div class=\"elementor-widget-container\">\n\t\t\t\t\t\t\t\t\t\t\t\t\t\t\t<img loading=\"lazy\" decoding=\"async\" width=\"800\" height=\"557\" src=\"https:\/\/shatranj.art\/wp-content\/uploads\/2026\/02\/Fenerbahce-stadi-bale-1997-1024x713.jpg\" class=\"attachment-large size-large wp-image-1360\" alt=\"\" srcset=\"https:\/\/shatranj.art\/wp-content\/uploads\/2026\/02\/Fenerbahce-stadi-bale-1997-1024x713.jpg 1024w, https:\/\/shatranj.art\/wp-content\/uploads\/2026\/02\/Fenerbahce-stadi-bale-1997-300x209.jpg 300w, https:\/\/shatranj.art\/wp-content\/uploads\/2026\/02\/Fenerbahce-stadi-bale-1997-768x535.jpg 768w, https:\/\/shatranj.art\/wp-content\/uploads\/2026\/02\/Fenerbahce-stadi-bale-1997-1536x1070.jpg 1536w, https:\/\/shatranj.art\/wp-content\/uploads\/2026\/02\/Fenerbahce-stadi-bale-1997-2048x1426.jpg 2048w, https:\/\/shatranj.art\/wp-content\/uploads\/2026\/02\/Fenerbahce-stadi-bale-1997-18x12.jpg 18w\" sizes=\"(max-width: 800px) 100vw, 800px\" \/>\t\t\t\t\t\t\t\t\t\t\t\t\t\t\t<\/div>\n\t\t\t\t<\/div>\n\t\t\t\t<\/div>\n\t\t\t\t\t<\/div>\n\t\t\t\t<\/div>\n\t\t\t\t<\/div>","protected":false},"excerpt":{"rendered":"<p>The chess set of Mustafa Kemal Atat\u00fcrk This section of the exhibit highlights a unique piece of Turkish history: the personal chess set of Mustafa Kemal Atat\u00fcrk, the founder of the Republic of Turkey. The gallery photo shows H. Serta\u00e7 Dalk\u0131ran alongside Atat\u00fcrk&#8217;s adopted daughter, \u00dclk\u00fc Adatepe, proudly presenting the set. This chess set was uniquely carved from boxwood as a one-of-a-kind design. It was inspired by the Battle of Gallipoli and crafted by Tahsin \u00c7ukurluo\u011flu the Station Chief of the Atat\u00fcrk Forest Farm, the husband of Z\u00fcbeyde Han\u0131m&#8217;s adopted daughter Vasfiye Han\u0131m, and the father of Atat\u00fcrk&#8217;s adopted daughter \u00dclk\u00fc Adatepe. It was presented as a gift to Atat\u00fcrk. [&hellip;]<\/p>\n","protected":false},"author":1,"featured_media":0,"parent":743,"menu_order":0,"comment_status":"closed","ping_status":"closed","template":"","meta":{"footnotes":""},"class_list":["post-1355","page","type-page","status-publish","hentry"],"_links":{"self":[{"href":"https:\/\/shatranj.art\/ja\/wp-json\/wp\/v2\/pages\/1355","targetHints":{"allow":["GET"]}}],"collection":[{"href":"https:\/\/shatranj.art\/ja\/wp-json\/wp\/v2\/pages"}],"about":[{"href":"https:\/\/shatranj.art\/ja\/wp-json\/wp\/v2\/types\/page"}],"author":[{"embeddable":true,"href":"https:\/\/shatranj.art\/ja\/wp-json\/wp\/v2\/users\/1"}],"replies":[{"embeddable":true,"href":"https:\/\/shatranj.art\/ja\/wp-json\/wp\/v2\/comments?post=1355"}],"version-history":[{"count":16,"href":"https:\/\/shatranj.art\/ja\/wp-json\/wp\/v2\/pages\/1355\/revisions"}],"predecessor-version":[{"id":1457,"href":"https:\/\/shatranj.art\/ja\/wp-json\/wp\/v2\/pages\/1355\/revisions\/1457"}],"up":[{"embeddable":true,"href":"https:\/\/shatranj.art\/ja\/wp-json\/wp\/v2\/pages\/743"}],"wp:attachment":[{"href":"https:\/\/shatranj.art\/ja\/wp-json\/wp\/v2\/media?parent=1355"}],"curies":[{"name":"wp","href":"https:\/\/api.w.org\/{rel}","templated":true}]}}