{"id":1355,"date":"2026-02-23T08:47:26","date_gmt":"2026-02-23T08:47:26","guid":{"rendered":"https:\/\/shatranj.art\/?page_id=1355"},"modified":"2026-02-24T06:17:29","modified_gmt":"2026-02-24T06:17:29","slug":"poster-33","status":"publish","type":"page","link":"https:\/\/shatranj.art\/ko\/exhibit\/poster-33\/","title":{"rendered":"\ud3ec\uc2a4\ud130 33"},"content":{"rendered":"<div data-elementor-type=\"wp-page\" data-elementor-id=\"1355\" class=\"elementor elementor-1355\" data-elementor-post-type=\"page\">\n\t\t\t\t<div class=\"elementor-element elementor-element-2851794 e-flex e-con-boxed e-con e-parent\" data-id=\"2851794\" data-element_type=\"container\" data-e-type=\"container\" data-settings=\"{&quot;background_background&quot;:&quot;classic&quot;}\">\n\t\t\t\t\t<div class=\"e-con-inner\">\n\t\t<div class=\"elementor-element elementor-element-ed4d108 e-con-full e-flex e-con e-child\" data-id=\"ed4d108\" data-element_type=\"container\" data-e-type=\"container\">\n\t\t\t\t<div class=\"elementor-element elementor-element-2753e94 elementor-widget elementor-widget-image\" data-id=\"2753e94\" data-element_type=\"widget\" data-e-type=\"widget\" data-widget_type=\"image.default\">\n\t\t\t\t<div class=\"elementor-widget-container\">\n\t\t\t\t\t\t\t\t\t\t\t\t\t\t\t<img fetchpriority=\"high\" decoding=\"async\" width=\"800\" height=\"534\" src=\"https:\/\/shatranj.art\/wp-content\/uploads\/2026\/02\/ulku-ve-dalkiran-kultur-un-1024x683.jpeg\" class=\"attachment-large size-large wp-image-1359\" alt=\"\" srcset=\"https:\/\/shatranj.art\/wp-content\/uploads\/2026\/02\/ulku-ve-dalkiran-kultur-un-1024x683.jpeg 1024w, https:\/\/shatranj.art\/wp-content\/uploads\/2026\/02\/ulku-ve-dalkiran-kultur-un-300x200.jpeg 300w, https:\/\/shatranj.art\/wp-content\/uploads\/2026\/02\/ulku-ve-dalkiran-kultur-un-768x512.jpeg 768w, https:\/\/shatranj.art\/wp-content\/uploads\/2026\/02\/ulku-ve-dalkiran-kultur-un-1536x1024.jpeg 1536w, https:\/\/shatranj.art\/wp-content\/uploads\/2026\/02\/ulku-ve-dalkiran-kultur-un-2048x1365.jpeg 2048w, https:\/\/shatranj.art\/wp-content\/uploads\/2026\/02\/ulku-ve-dalkiran-kultur-un-18x12.jpeg 18w\" sizes=\"(max-width: 800px) 100vw, 800px\" \/>\t\t\t\t\t\t\t\t\t\t\t\t\t\t\t<\/div>\n\t\t\t\t<\/div>\n\t\t\t\t<div class=\"elementor-element elementor-element-1b1dadb elementor-widget-tablet__width-inherit elementor-widget elementor-widget-text-editor\" data-id=\"1b1dadb\" data-element_type=\"widget\" data-e-type=\"widget\" data-widget_type=\"text-editor.default\">\n\t\t\t\t<div class=\"elementor-widget-container\">\n\t\t\t\t\t\t\t\t\t<h3><strong>\ubb34\uc2a4\ud0c0\ud30c \ucf00\ub9d0 \uc544\ud0c0\ud280\ub974\ud06c\uc758 \uccb4\uc2a4 \uc138\ud2b8<\/strong><span style=\"font-weight: 400;\"><br \/><\/span><span style=\"font-weight: 400;\"><br \/><\/span><\/h3><p><span style=\"font-weight: 400;\">\uc774 \uc804\uc2dc \uc139\uc158\uc5d0\uc11c\ub294 \ud130\ud0a4 \uacf5\ud654\uad6d\uc758 \uac74\uad6d\uc790\uc778 \ubb34\uc2a4\ud0c0\ud30c \ucf00\ub9d0 \uc544\ud0c0\ud280\ub974\ud06c\uc758 \uac1c\uc778 \uccb4\uc2a4 \uc138\ud2b8\ub97c \ud1b5\ud574 \ud130\ud0a4 \uc5ed\uc0ac\uc758 \ub3c5\ud2b9\ud55c \ubd80\ubd84\uc744 \uc870\uba85\ud569\ub2c8\ub2e4. \uac24\ub7ec\ub9ac \uc0ac\uc9c4\uc5d0\ub294 \uc544\ud0c0\ud280\ub974\ud06c\uc758 \uc785\uc591 \ub538\uc778 \uc6b8\ucfe0 \uc544\ub2e4\ud14c\ud398\uc640 \ud568\uaed8 \uccb4\uc2a4 \uc138\ud2b8\ub97c \uc790\ub791\uc2a4\ub7fd\uac8c \ub4e4\uace0 \uc788\ub294 H. \uc138\ub974\ud0c0\uc988 \ub2ec\ud0a4\ub780\uc758 \ubaa8\uc2b5\uc774 \ub2f4\uaca8 \uc788\uc2b5\ub2c8\ub2e4.<\/span><span style=\"font-weight: 400;\"><br \/><\/span><span style=\"font-weight: 400;\"><br \/><\/span><span style=\"font-weight: 400;\">\uc774 \uccb4\uc2a4 \uc138\ud2b8\ub294 \ud68c\uc591\ubaa9\uc73c\ub85c \ub3c5\ud2b9\ud558\uac8c \uc870\uac01\ub41c \ub3c5\ud2b9\ud55c \ub514\uc790\uc778\uc785\ub2c8\ub2e4. \uac08\ub9ac\ud3f4\ub9ac \uc804\ud22c\uc5d0\uc11c \uc601\uac10\uc744 \ubc1b\uc544 \uc544\ud0c0\ud280\ub974\ud06c \uc0b0\ub9bc \ub18d\uc7a5\uc758 \uc5ed\uc7a5\uc774\uc790 \uc8fc\ubca0\uc774\ub370 \ud558\ub2a0\uc758 \uc785\uc591 \ub538 \ubc14\uc2a4\ud53c\uc608 \ud558\ub2a0\uc758 \ub0a8\ud3b8\uc774\uc790 \uc544\ud0c0\ud280\ub974\ud06c\uc758 \uc785\uc591 \ub538 \uc6b8\ucfe0 \uc544\ub2e4\ud14c\ud398\uc758 \uc544\ubc84\uc9c0\uc778 \ud0c0\ud750\uc2e0 \ucd94\ucfe0\ub97c\ub8e8\uc624\uae00\ub8e8\uac00 \uc81c\uc791\ud588\uc2b5\ub2c8\ub2e4. \uc774 \uc791\ud488\uc740 \uc544\ud0c0\ud280\ub974\ud06c\uc5d0\uac8c \uc120\ubb3c\ub85c \uc99d\uc815\ub418\uc5c8\uc2b5\ub2c8\ub2e4. \uc774 \uc791\ud488\uc758 \uc6a9\uc5b4\uc778 \ub0a8\uc2ac\ub77c\ube0c\uc5b4\uc640 \ubc1c\uce78\uc5b4\uc5d0\uc11c \ub300\ud3ec, \u201c\uaf2d\ub300\uae30\u201d\ub77c\ub294 \ub73b\uc5d0 \ub530\ub77c \uc2e0\uc778\ub4e4\uc740 \ub300\ud3ec\ub85c \ubb18\uc0ac\ub418\uc5b4 \uc788\uc2b5\ub2c8\ub2e4.\u00a0<\/span><\/p><p><span style=\"font-weight: 400;\">\uc544\ud0c0\ud280\ub974\ud06c\uac00 \uc138\uc0c1\uc744 \ub5a0\ub09c \ud6c4 \uc774 \uc138\ud2b8\ub294 \uc774 \uac00\uc871\uc5d0 \uc758\ud574 \ubcf4\uc874\ub418\uc5c8\uc2b5\ub2c8\ub2e4. \ud0c0\uc2e0 \ucd94\ucfe0\ub97c\ub8e8\uc624\uae00\ub8e8\uac00 \uc0ac\ub9dd\ud558\uc790 \uc774 \uc138\ud2b8\ub294 \uc774\uc2a4\ud0c4\ubd88 \uc138\ube44\uc990\ub9ac\uc758 \uc790\ud0dd\uc5d0\uc11c \uccb4\uc2a4\uacc4\uc758 \uc874\uacbd\ubc1b\ub294 \uc778\ubb3c\uc778 \uadf8\uc758 \uc808\uce5c\ud55c \uce5c\uad6c \uc140\ub77c\ud558\ud2f4 \uc544\uc2a4\uce78\uc5d0\uac8c \uc720\ud488\uc73c\ub85c \uc804\ub2ec\ub418\uc5c8\uc2b5\ub2c8\ub2e4.<\/span><\/p><p><span style=\"font-weight: 400;\">\ub098\uc911\uc5d0 \uc774 \uc138\ud2b8\ub294 \ud130\ud0a4 \uccb4\uc2a4\uc5d0 \ub300\ud55c \ub6f0\uc5b4\ub09c \uacf5\ub85c\ub97c \uc778\uc815\ubc1b\uc544 \ud130\ud0a4 \ucd5c\ucd08\uc758 \uccb4\uc2a4 \ud559\uad50\uc640 \ubc15\ubb3c\uad00\uc744 \uc124\ub9bd\ud55c H. \uc138\ub974\ud0c0\uc988 \ub2ec\ud0a4\ub780\uc5d0\uac8c \uc120\ubb3c\ub85c \uc8fc\uc5b4\uc84c\uc2b5\ub2c8\ub2e4. \uc544\ud0c0\ud280\ub974\ud06c\ub294 \uc774 \uc138\ud2b8\ub97c \uac00\uc9c0\uace0 \uc774\uc2a4\uba67 \uc774\ub178\ub204, \uc140\ub77c\ud558\ud2f4 \uc544\ub51c \ud30c\uc0e4 \ubc0f \ub2e4\ub978 \uc804\uc6b0\ub4e4\uacfc \uacbd\uae30\ub97c \ud55c \uac83\uc73c\ub85c \uc54c\ub824\uc838 \uc788\uc2b5\ub2c8\ub2e4.<\/span><\/p>\t\t\t\t\t\t\t\t<\/div>\n\t\t\t\t<\/div>\n\t\t\t\t<div class=\"elementor-element elementor-element-8077669 elementor-widget elementor-widget-image\" data-id=\"8077669\" data-element_type=\"widget\" data-e-type=\"widget\" data-widget_type=\"image.default\">\n\t\t\t\t<div class=\"elementor-widget-container\">\n\t\t\t\t\t\t\t\t\t\t\t\t\t\t\t<img decoding=\"async\" width=\"800\" height=\"576\" src=\"https:\/\/shatranj.art\/wp-content\/uploads\/2026\/02\/ataturkun-takimi-afis-calismasi-1-1024x737.jpg\" class=\"attachment-large size-large wp-image-1358\" alt=\"\" srcset=\"https:\/\/shatranj.art\/wp-content\/uploads\/2026\/02\/ataturkun-takimi-afis-calismasi-1-1024x737.jpg 1024w, https:\/\/shatranj.art\/wp-content\/uploads\/2026\/02\/ataturkun-takimi-afis-calismasi-1-300x216.jpg 300w, https:\/\/shatranj.art\/wp-content\/uploads\/2026\/02\/ataturkun-takimi-afis-calismasi-1-768x553.jpg 768w, https:\/\/shatranj.art\/wp-content\/uploads\/2026\/02\/ataturkun-takimi-afis-calismasi-1-1536x1106.jpg 1536w, https:\/\/shatranj.art\/wp-content\/uploads\/2026\/02\/ataturkun-takimi-afis-calismasi-1-2048x1475.jpg 2048w, https:\/\/shatranj.art\/wp-content\/uploads\/2026\/02\/ataturkun-takimi-afis-calismasi-1-18x12.jpg 18w\" sizes=\"(max-width: 800px) 100vw, 800px\" \/>\t\t\t\t\t\t\t\t\t\t\t\t\t\t\t<\/div>\n\t\t\t\t<\/div>\n\t\t\t\t<div class=\"elementor-element elementor-element-887b309 elementor-widget elementor-widget-image\" data-id=\"887b309\" data-element_type=\"widget\" data-e-type=\"widget\" data-widget_type=\"image.default\">\n\t\t\t\t<div class=\"elementor-widget-container\">\n\t\t\t\t\t\t\t\t\t\t\t\t\t\t\t<img decoding=\"async\" width=\"800\" height=\"504\" src=\"https:\/\/shatranj.art\/wp-content\/uploads\/2026\/02\/mustafa-kemal-ataturk-chess-set-reduced-size-1024x645.jpg\" class=\"attachment-large size-large wp-image-1446\" alt=\"\" srcset=\"https:\/\/shatranj.art\/wp-content\/uploads\/2026\/02\/mustafa-kemal-ataturk-chess-set-reduced-size-1024x645.jpg 1024w, https:\/\/shatranj.art\/wp-content\/uploads\/2026\/02\/mustafa-kemal-ataturk-chess-set-reduced-size-300x189.jpg 300w, https:\/\/shatranj.art\/wp-content\/uploads\/2026\/02\/mustafa-kemal-ataturk-chess-set-reduced-size-768x484.jpg 768w, https:\/\/shatranj.art\/wp-content\/uploads\/2026\/02\/mustafa-kemal-ataturk-chess-set-reduced-size-1536x968.jpg 1536w, https:\/\/shatranj.art\/wp-content\/uploads\/2026\/02\/mustafa-kemal-ataturk-chess-set-reduced-size-2048x1291.jpg 2048w, https:\/\/shatranj.art\/wp-content\/uploads\/2026\/02\/mustafa-kemal-ataturk-chess-set-reduced-size-18x12.jpg 18w\" sizes=\"(max-width: 800px) 100vw, 800px\" \/>\t\t\t\t\t\t\t\t\t\t\t\t\t\t\t<\/div>\n\t\t\t\t<\/div>\n\t\t\t\t<div class=\"elementor-element elementor-element-67db2a3 elementor-widget elementor-widget-image\" data-id=\"67db2a3\" data-element_type=\"widget\" data-e-type=\"widget\" data-widget_type=\"image.default\">\n\t\t\t\t<div class=\"elementor-widget-container\">\n\t\t\t\t\t\t\t\t\t\t\t\t\t\t\t<img loading=\"lazy\" decoding=\"async\" width=\"768\" height=\"1024\" src=\"https:\/\/shatranj.art\/wp-content\/uploads\/2026\/02\/ulku-adatepe-my-childhood-with-ataturk-768x1024.jpg\" class=\"attachment-large size-large wp-image-1451\" alt=\"\" srcset=\"https:\/\/shatranj.art\/wp-content\/uploads\/2026\/02\/ulku-adatepe-my-childhood-with-ataturk-768x1024.jpg 768w, https:\/\/shatranj.art\/wp-content\/uploads\/2026\/02\/ulku-adatepe-my-childhood-with-ataturk-225x300.jpg 225w, https:\/\/shatranj.art\/wp-content\/uploads\/2026\/02\/ulku-adatepe-my-childhood-with-ataturk-1152x1536.jpg 1152w, https:\/\/shatranj.art\/wp-content\/uploads\/2026\/02\/ulku-adatepe-my-childhood-with-ataturk-1536x2048.jpg 1536w, https:\/\/shatranj.art\/wp-content\/uploads\/2026\/02\/ulku-adatepe-my-childhood-with-ataturk-9x12.jpg 9w, https:\/\/shatranj.art\/wp-content\/uploads\/2026\/02\/ulku-adatepe-my-childhood-with-ataturk-scaled.jpg 1920w\" sizes=\"(max-width: 768px) 100vw, 768px\" \/>\t\t\t\t\t\t\t\t\t\t\t\t\t\t\t<\/div>\n\t\t\t\t<\/div>\n\t\t\t\t<div class=\"elementor-element elementor-element-00467b4 elementor-widget elementor-widget-image\" data-id=\"00467b4\" data-element_type=\"widget\" data-e-type=\"widget\" data-widget_type=\"image.default\">\n\t\t\t\t<div class=\"elementor-widget-container\">\n\t\t\t\t\t\t\t\t\t\t\t\t\t\t\t<img loading=\"lazy\" decoding=\"async\" width=\"768\" height=\"1024\" src=\"https:\/\/shatranj.art\/wp-content\/uploads\/2026\/02\/ulku-adatepe-ataturk-memoirs-768x1024.jpg\" class=\"attachment-large size-large wp-image-1447\" alt=\"\" srcset=\"https:\/\/shatranj.art\/wp-content\/uploads\/2026\/02\/ulku-adatepe-ataturk-memoirs-768x1024.jpg 768w, https:\/\/shatranj.art\/wp-content\/uploads\/2026\/02\/ulku-adatepe-ataturk-memoirs-225x300.jpg 225w, https:\/\/shatranj.art\/wp-content\/uploads\/2026\/02\/ulku-adatepe-ataturk-memoirs-1152x1536.jpg 1152w, https:\/\/shatranj.art\/wp-content\/uploads\/2026\/02\/ulku-adatepe-ataturk-memoirs-1536x2048.jpg 1536w, https:\/\/shatranj.art\/wp-content\/uploads\/2026\/02\/ulku-adatepe-ataturk-memoirs-9x12.jpg 9w, https:\/\/shatranj.art\/wp-content\/uploads\/2026\/02\/ulku-adatepe-ataturk-memoirs-scaled.jpg 1920w\" sizes=\"(max-width: 768px) 100vw, 768px\" \/>\t\t\t\t\t\t\t\t\t\t\t\t\t\t\t<\/div>\n\t\t\t\t<\/div>\n\t\t\t\t<div class=\"elementor-element elementor-element-9bf6bee elementor-widget elementor-widget-image\" data-id=\"9bf6bee\" data-element_type=\"widget\" data-e-type=\"widget\" data-widget_type=\"image.default\">\n\t\t\t\t<div class=\"elementor-widget-container\">\n\t\t\t\t\t\t\t\t\t\t\t\t\t\t\t<img loading=\"lazy\" decoding=\"async\" width=\"530\" height=\"800\" src=\"https:\/\/shatranj.art\/wp-content\/uploads\/2026\/02\/mustafa-kemal-atatur-ulku-adatepe.jpg\" class=\"attachment-large size-large wp-image-1449\" alt=\"\" srcset=\"https:\/\/shatranj.art\/wp-content\/uploads\/2026\/02\/mustafa-kemal-atatur-ulku-adatepe.jpg 530w, https:\/\/shatranj.art\/wp-content\/uploads\/2026\/02\/mustafa-kemal-atatur-ulku-adatepe-199x300.jpg 199w, https:\/\/shatranj.art\/wp-content\/uploads\/2026\/02\/mustafa-kemal-atatur-ulku-adatepe-8x12.jpg 8w\" sizes=\"(max-width: 530px) 100vw, 530px\" \/>\t\t\t\t\t\t\t\t\t\t\t\t\t\t\t<\/div>\n\t\t\t\t<\/div>\n\t\t\t\t<div class=\"elementor-element elementor-element-c32a832 elementor-widget elementor-widget-image\" data-id=\"c32a832\" data-element_type=\"widget\" data-e-type=\"widget\" data-widget_type=\"image.default\">\n\t\t\t\t<div class=\"elementor-widget-container\">\n\t\t\t\t\t\t\t\t\t\t\t\t\t\t\t<img loading=\"lazy\" decoding=\"async\" width=\"640\" height=\"1024\" src=\"https:\/\/shatranj.art\/wp-content\/uploads\/2026\/02\/tahsin-cukurluoglu-ulku-adatepe-chesset-memory-640x1024.jpg\" class=\"attachment-large size-large wp-image-1450\" alt=\"\" srcset=\"https:\/\/shatranj.art\/wp-content\/uploads\/2026\/02\/tahsin-cukurluoglu-ulku-adatepe-chesset-memory-640x1024.jpg 640w, https:\/\/shatranj.art\/wp-content\/uploads\/2026\/02\/tahsin-cukurluoglu-ulku-adatepe-chesset-memory-187x300.jpg 187w, https:\/\/shatranj.art\/wp-content\/uploads\/2026\/02\/tahsin-cukurluoglu-ulku-adatepe-chesset-memory-7x12.jpg 7w, https:\/\/shatranj.art\/wp-content\/uploads\/2026\/02\/tahsin-cukurluoglu-ulku-adatepe-chesset-memory.jpg 652w\" sizes=\"(max-width: 640px) 100vw, 640px\" \/>\t\t\t\t\t\t\t\t\t\t\t\t\t\t\t<\/div>\n\t\t\t\t<\/div>\n\t\t\t\t<div class=\"elementor-element elementor-element-4fc3267 elementor-widget elementor-widget-image\" data-id=\"4fc3267\" data-element_type=\"widget\" data-e-type=\"widget\" data-widget_type=\"image.default\">\n\t\t\t\t<div class=\"elementor-widget-container\">\n\t\t\t\t\t\t\t\t\t\t\t\t\t\t\t<img loading=\"lazy\" decoding=\"async\" width=\"580\" height=\"984\" src=\"https:\/\/shatranj.art\/wp-content\/uploads\/2026\/02\/Tahsin-Cukurluoglu.jpg\" class=\"attachment-large size-large wp-image-1448\" alt=\"\" srcset=\"https:\/\/shatranj.art\/wp-content\/uploads\/2026\/02\/Tahsin-Cukurluoglu.jpg 580w, https:\/\/shatranj.art\/wp-content\/uploads\/2026\/02\/Tahsin-Cukurluoglu-177x300.jpg 177w, https:\/\/shatranj.art\/wp-content\/uploads\/2026\/02\/Tahsin-Cukurluoglu-7x12.jpg 7w\" sizes=\"(max-width: 580px) 100vw, 580px\" \/>\t\t\t\t\t\t\t\t\t\t\t\t\t\t\t<\/div>\n\t\t\t\t<\/div>\n\t\t\t\t<div class=\"elementor-element elementor-element-7c081ec elementor-widget-tablet__width-inherit elementor-widget elementor-widget-text-editor\" data-id=\"7c081ec\" data-element_type=\"widget\" data-e-type=\"widget\" data-widget_type=\"text-editor.default\">\n\t\t\t\t<div class=\"elementor-widget-container\">\n\t\t\t\t\t\t\t\t\t<h3><b>\ud398\ub124\ub974\ubc14\uccb4 \uc2a4\ud0c0\ub514\uc6c0\uc758 \ub77c\uc774\ube0c \uc790\uc774\uc5b8\ud2b8 \uccb4\uc2a4 \uc1fc (1997)<\/b><\/h3><p><b>\uacbd\uae30\uc7a5 \ucf5c\ub77c\uc8fc\ub97c \uae30\ubc18\uc73c\ub85c \ud569\ub2c8\ub2e4.<\/b><\/p><p><span style=\"font-weight: 400;\">\uc774 \uc778\uc0c1\uc801\uc778 \uc601\uc0c1\uc740 1997\ub144 \ud130\ud0a4\uc5d0\uc11c \uac00\uc7a5 \uc720\uba85\ud55c \uc2a4\ud3ec\uce20 \ud074\ub7fd \uc911 \ud558\ub098\uc778 \ud398\ub124\ub974\ubc14\uccb4 \uacbd\uae30\uc7a5\uc5d0\uc11c \uc5f4\ub9b0 \ub300\uaddc\ubaa8 \u201c\ub77c\uc774\ube0c \uccb4\uc2a4\u201d \uc774\ubca4\ud2b8\ub97c \ubcf4\uc5ec\uc90d\ub2c8\ub2e4.<\/span><\/p><p><span style=\"font-weight: 400;\">\ucd95\uad6c \uacbd\uae30\uc7a5\uc774 \uac70\ub300\ud55c \uccb4\uc2a4\ud310\uc73c\ub85c \ubcc0\uc2e0\ud55c \uc774 \uc774\ubca4\ud2b8\uc5d0\uc11c\ub294 \ud2b9\uc218 \ubd84\uc7a5\uc744 \ud55c \ucd9c\uc5f0\uc790\ub4e4\uc774 \uccb4\uc2a4 \ub9d0 \uc5ed\ud560\uc744 \ub9e1\uc544 \uacbd\uae30\uc7a5 \uad00\uc911 \uc55e\uc5d0\uc11c \uc804\ub7b5 \uac8c\uc784\uc5d0 \uc0dd\ub3d9\uac10\uc744 \ubd88\uc5b4\ub123\uc5c8\uc2b5\ub2c8\ub2e4. \uc774 \ube44\uc8fc\uc5bc\uc740 \uccb4\uc2a4\uc758 \uc9c0\uc801 \uae4a\uc774\uc640 \ubb3c\ub9ac\uc801 \uc2dc\uac01\uc801 \ud5a5\uc5f0 \ubc0f \uc2a4\ud3ec\uce20 \ubb38\ud654\ub97c \uc644\ubcbd\ud558\uac8c \uc870\ud654\uc2dc\ucf30\uc2b5\ub2c8\ub2e4. \uc544\ud0c0\ud280\ub974\ud06c\uc758 \uc0ac\uc9c4\uc740 \uacbd\uae30\uc7a5 \uae43\ubc1c\uc5d0\uc11c \ubcfc \uc218 \uc788\uc2b5\ub2c8\ub2e4.<\/span><\/p><p><b>\uc544\uce74\uc774\ube0c \ub178\ud2b8:<\/b><span style=\"font-weight: 400;\"> \uc6d0\ubcf8 \uc0ac\uc9c4\uc5d0 \uba85\uc2dc\ub41c \uac83\ucc98\ub7fc, \uc774 \ud2b9\ubcc4\ud55c \uccb4\uc2a4 \uc5ed\uc0ac\uc758 \ud55c \uc870\uac01\uc740 FIDE \uad6d\uc81c \uccb4\uc2a4 \uc911\uc7ac\uc790\uc774\uc790 \uc791\uac00\uc758 \uac1c\uc778 \uc544\uce74\uc774\ube0c\uc640 \uceec\ub809\uc158\uc5d0\uc11c \uc804\uc2dc\ub429\ub2c8\ub2e4, <\/span><b>H. \uc138\ub974\ud0c0\uc988 \ub2ec\ud0a4\ub780<\/b><span style=\"font-weight: 400;\">.<\/span><\/p>\t\t\t\t\t\t\t\t<\/div>\n\t\t\t\t<\/div>\n\t\t\t\t<div class=\"elementor-element elementor-element-2284ad2 elementor-widget elementor-widget-image\" data-id=\"2284ad2\" data-element_type=\"widget\" data-e-type=\"widget\" data-widget_type=\"image.default\">\n\t\t\t\t<div class=\"elementor-widget-container\">\n\t\t\t\t\t\t\t\t\t\t\t\t\t\t\t<img loading=\"lazy\" decoding=\"async\" width=\"800\" height=\"557\" src=\"https:\/\/shatranj.art\/wp-content\/uploads\/2026\/02\/Fenerbahce-stadi-bale-1997-1024x713.jpg\" class=\"attachment-large size-large wp-image-1360\" alt=\"\" srcset=\"https:\/\/shatranj.art\/wp-content\/uploads\/2026\/02\/Fenerbahce-stadi-bale-1997-1024x713.jpg 1024w, https:\/\/shatranj.art\/wp-content\/uploads\/2026\/02\/Fenerbahce-stadi-bale-1997-300x209.jpg 300w, https:\/\/shatranj.art\/wp-content\/uploads\/2026\/02\/Fenerbahce-stadi-bale-1997-768x535.jpg 768w, https:\/\/shatranj.art\/wp-content\/uploads\/2026\/02\/Fenerbahce-stadi-bale-1997-1536x1070.jpg 1536w, https:\/\/shatranj.art\/wp-content\/uploads\/2026\/02\/Fenerbahce-stadi-bale-1997-2048x1426.jpg 2048w, https:\/\/shatranj.art\/wp-content\/uploads\/2026\/02\/Fenerbahce-stadi-bale-1997-18x12.jpg 18w\" sizes=\"(max-width: 800px) 100vw, 800px\" \/>\t\t\t\t\t\t\t\t\t\t\t\t\t\t\t<\/div>\n\t\t\t\t<\/div>\n\t\t\t\t<\/div>\n\t\t\t\t\t<\/div>\n\t\t\t\t<\/div>\n\t\t\t\t<\/div>","protected":false},"excerpt":{"rendered":"<p>The chess set of Mustafa Kemal Atat\u00fcrk This section of the exhibit highlights a unique piece of Turkish history: the personal chess set of Mustafa Kemal Atat\u00fcrk, the founder of the Republic of Turkey. The gallery photo shows H. Serta\u00e7 Dalk\u0131ran alongside Atat\u00fcrk&#8217;s adopted daughter, \u00dclk\u00fc Adatepe, proudly presenting the set. This chess set was [&hellip;]<\/p>\n","protected":false},"author":1,"featured_media":0,"parent":743,"menu_order":0,"comment_status":"closed","ping_status":"closed","template":"","meta":{"footnotes":""},"class_list":["post-1355","page","type-page","status-publish","hentry"],"_links":{"self":[{"href":"https:\/\/shatranj.art\/ko\/wp-json\/wp\/v2\/pages\/1355","targetHints":{"allow":["GET"]}}],"collection":[{"href":"https:\/\/shatranj.art\/ko\/wp-json\/wp\/v2\/pages"}],"about":[{"href":"https:\/\/shatranj.art\/ko\/wp-json\/wp\/v2\/types\/page"}],"author":[{"embeddable":true,"href":"https:\/\/shatranj.art\/ko\/wp-json\/wp\/v2\/users\/1"}],"replies":[{"embeddable":true,"href":"https:\/\/shatranj.art\/ko\/wp-json\/wp\/v2\/comments?post=1355"}],"version-history":[{"count":16,"href":"https:\/\/shatranj.art\/ko\/wp-json\/wp\/v2\/pages\/1355\/revisions"}],"predecessor-version":[{"id":1457,"href":"https:\/\/shatranj.art\/ko\/wp-json\/wp\/v2\/pages\/1355\/revisions\/1457"}],"up":[{"embeddable":true,"href":"https:\/\/shatranj.art\/ko\/wp-json\/wp\/v2\/pages\/743"}],"wp:attachment":[{"href":"https:\/\/shatranj.art\/ko\/wp-json\/wp\/v2\/media?parent=1355"}],"curies":[{"name":"wp","href":"https:\/\/api.w.org\/{rel}","templated":true}]}}