{"id":1016,"date":"2026-02-22T16:17:45","date_gmt":"2026-02-22T16:17:45","guid":{"rendered":"https:\/\/shatranj.art\/?page_id=1016"},"modified":"2026-02-24T09:42:49","modified_gmt":"2026-02-24T09:42:49","slug":"poster-24","status":"publish","type":"page","link":"https:\/\/shatranj.art\/lb\/exhibit\/poster-24\/","title":{"rendered":"Plakat 24"},"content":{"rendered":"<div data-elementor-type=\"wp-page\" data-elementor-id=\"1016\" class=\"elementor elementor-1016\" data-elementor-post-type=\"page\">\n\t\t\t\t<div class=\"elementor-element elementor-element-cbef851 e-flex e-con-boxed e-con e-parent\" data-id=\"cbef851\" data-element_type=\"container\" data-e-type=\"container\" data-settings=\"{&quot;background_background&quot;:&quot;classic&quot;}\">\n\t\t\t\t\t<div class=\"e-con-inner\">\n\t\t<div class=\"elementor-element elementor-element-919ca16 e-con-full e-flex e-con e-child\" data-id=\"919ca16\" data-element_type=\"container\" data-e-type=\"container\">\n\t\t\t\t<div class=\"elementor-element elementor-element-3a8b40d elementor-widget elementor-widget-image\" data-id=\"3a8b40d\" data-element_type=\"widget\" data-e-type=\"widget\" data-widget_type=\"image.default\">\n\t\t\t\t<div class=\"elementor-widget-container\">\n\t\t\t\t\t\t\t\t\t\t\t\t\t\t\t<img fetchpriority=\"high\" decoding=\"async\" width=\"800\" height=\"534\" src=\"https:\/\/shatranj.art\/wp-content\/uploads\/2026\/02\/21-1024x683.jpg\" class=\"attachment-large size-large wp-image-995\" alt=\"\" srcset=\"https:\/\/shatranj.art\/wp-content\/uploads\/2026\/02\/21-1024x683.jpg 1024w, https:\/\/shatranj.art\/wp-content\/uploads\/2026\/02\/21-300x200.jpg 300w, https:\/\/shatranj.art\/wp-content\/uploads\/2026\/02\/21-768x512.jpg 768w, https:\/\/shatranj.art\/wp-content\/uploads\/2026\/02\/21-1536x1024.jpg 1536w, https:\/\/shatranj.art\/wp-content\/uploads\/2026\/02\/21-2048x1366.jpg 2048w\" sizes=\"(max-width: 800px) 100vw, 800px\" \/>\t\t\t\t\t\t\t\t\t\t\t\t\t\t\t<\/div>\n\t\t\t\t<\/div>\n\t\t\t\t<div class=\"elementor-element elementor-element-07a7613 elementor-widget elementor-widget-text-editor\" data-id=\"07a7613\" data-element_type=\"widget\" data-e-type=\"widget\" data-widget_type=\"text-editor.default\">\n\t\t\t\t<div class=\"elementor-widget-container\">\n\t\t\t\t\t\t\t\t\t<p>D'\u015eAH\u00ce-Schachspill ass m\u00e9i w\u00e9i n\u00ebmmen e Spill; et ass eng Br\u00e9ck t\u00ebscht Kulturen, Epochen a Philosophien. Entworf fir b\u00e9id imperialesch an k\u00f6niglech Sensatiounen ze evok\u00e9ieren, h\u00eblt d'Set s\u00e4in Numm vun engem Begr\u00ebff, deen am Balkan an an de ville slawesche Sproochen dacks benotzt g\u00ebtt, fir op d'Schachspill ze bez\u00e9ien.<\/p><p>Dat Wuert \u201c\u015eAH\u00ce\u201d selwer d\u00e9ngt als e k\u00f6niglecht Adjektiv, dat \u201cspezifesch fir de Schah\u201d bedeit, a huet e literar\u00ebscht Gewiicht, dat Kraaft, Pracht a strategesch D\u00e9ift symbolis\u00e9iert.<\/p><h3><b>E Meeschterwierk vun der kultureller Evolutioun<\/b><\/h3><p>Entworf vum erfuerenen Schachp\u00e4dagog an fr\u00e9iere MIT-\u00c9ischtbrietspiller Tamer Karatekin, verkierpert d\u00ebst Set op elegant Man\u00e9ier d'Geschicht vum Spill. All Figur ass esou entworf, datt si eng eenzegaarteg historesch Erzielung reflekt\u00e9iert:<\/p><ul><li style=\"font-weight: 400;\" aria-level=\"1\"><b>G\u00fcl\u015fah (De Kinnek):<\/b><span style=\"font-weight: 400;\"> Represent\u00e9iert d'Heilgkeet vun der Kuppel, inspir\u00e9iert vun Strukturen w\u00e9i der Hagia Sophia an dem Pantheon, an d'intellektuell Ierfschaft vum Kopftuch.<\/span><\/li><li style=\"font-weight: 400;\" aria-level=\"1\"><b>Sokol (D'Kinnegin\/Vizeer):<\/b><span style=\"font-weight: 400;\"> Benannt no dem milit\u00e4resche Symbol Falke a inspir\u00e9iert vum Zwiwweldome-Finale an dem Helmdesign vum \u00e9istr\u00e4iches Caf\u00e9haus-Schachset, symbolis\u00e9iert et milit\u00e4resch Autorit\u00e9it an d'Weisheet vum \u201cWiseier\u201d. Sokolovichi war d'Gebuertsstad vum am meeschten aflossr\u00e4ichen Groussen Wizeier vum Osmanesche R\u00e4ich, Sokollu Mehmet Pasha.<\/span><\/li><li style=\"font-weight: 400;\" aria-level=\"1\"><b>Bukefal (De Ritter):<\/b><span style=\"font-weight: 400;\"> Benannt no dem legend\u00e4re P\u00e4erd vum Alexander dem Groussen, dat de zweiseitege kulturellen Austausch t\u00ebscht Osten a Westen symbolis\u00e9iert.<\/span><\/li><li style=\"font-weight: 400;\" aria-level=\"1\"><b>Shahrukh (De Rook):<\/b><span style=\"font-weight: 400;\"> Eng pr\u00e4chteg Synthese vun der milit\u00e4rescher Entw\u00e9cklung, d\u00e9i Elementer vum Krichswagen, vum Turm, vun der Kanoun an vum Sch\u00ebff integr\u00e9iert. De Schachmeeschter a Kommandant Timur huet sengem Jong de Numm Shahrukh ginn, well d'Neiegkeet vun senger Gebuert w\u00e4rend engem Schachspill ukomm ass.<\/span><\/li><li style=\"font-weight: 400;\" aria-level=\"1\"><b>Abul-Abbas (De B\u00ebschof\/De Elefant):<\/b><span style=\"font-weight: 400;\"> Spigelt d'ikonesch Rees vum Elefant, deen dem Karl dem Groussen geschenkt gouf, a verfollegt d'Migratioun vum Schach iwwer dr\u00e4i Kontinenter.<\/span><\/li><li style=\"font-weight: 400;\" aria-level=\"1\"><b>R\u00e9gence-Philidor (De Bauer):<\/b><span style=\"font-weight: 400;\"> Inspir\u00e9iert vun de Caf\u00e9en aus der Z\u00e4it vun der Opkl\u00e4rung zu Par\u00e4is an Philidors ber\u00fcmter Maxime: \u201cD'Bauer sinn d'S\u00e9il vum Schach\u201d.<\/span><\/li><\/ul>\t\t\t\t\t\t\t\t<\/div>\n\t\t\t\t<\/div>\n\t\t\t\t<div class=\"elementor-element elementor-element-52a94ef elementor-widget elementor-widget-text-editor\" data-id=\"52a94ef\" data-element_type=\"widget\" data-e-type=\"widget\" data-widget_type=\"text-editor.default\">\n\t\t\t\t<div class=\"elementor-widget-container\">\n\t\t\t\t\t\t\t\t\t<h3><b>Design a Zweck<\/b><\/h3><p>De \u015eAH\u00ce-Set ass pr\u00e4zis virbereet, fir souwuel als k\u00fcnstleresch Ausstellung w\u00e9i och als funktionellt Instrument fir p\u00e4dagogesch an Turn\u00e9ierzwecker ze d\u00e9ngen. D'Designphilosophie bas\u00e9iert op kultureller a geeschteger Inklusioun, fir s\u00e9cherzestellen, datt et bei Spiller op der ganzer Welt Anklang f\u00ebnnt.<\/p><p><b>Eng Erbe vu \u00cbnnerst\u00ebtzung:<\/b><\/p><p>D'Produktioun vun d\u00ebsem Set gouf duerch d'\u00cbnnerst\u00ebtzung vum Massachusetts Cultural Council an dem Jugendprogramm vun der Europ\u00e4escher Unioun m\u00e9iglech gemaach.<\/p>\t\t\t\t\t\t\t\t<\/div>\n\t\t\t\t<\/div>\n\t\t\t\t<\/div>\n\t\t\t\t\t<\/div>\n\t\t\t\t<\/div>\n\t\t\t\t<\/div>","protected":false},"excerpt":{"rendered":"<p>The \u015eAH\u00ce Chess Set is more than just a game; it is a bridge between cultures, eras, and philosophies. Designed to evoke both imperial and royal sensations, the set draws its name from a term widely used in the Balkans and many Slavic languages to refer to the game of chess. The word &#8220;\u015eAH\u00ce&#8221; itself [&hellip;]<\/p>\n","protected":false},"author":1,"featured_media":0,"parent":743,"menu_order":0,"comment_status":"closed","ping_status":"closed","template":"","meta":{"footnotes":""},"class_list":["post-1016","page","type-page","status-publish","hentry"],"_links":{"self":[{"href":"https:\/\/shatranj.art\/lb\/wp-json\/wp\/v2\/pages\/1016","targetHints":{"allow":["GET"]}}],"collection":[{"href":"https:\/\/shatranj.art\/lb\/wp-json\/wp\/v2\/pages"}],"about":[{"href":"https:\/\/shatranj.art\/lb\/wp-json\/wp\/v2\/types\/page"}],"author":[{"embeddable":true,"href":"https:\/\/shatranj.art\/lb\/wp-json\/wp\/v2\/users\/1"}],"replies":[{"embeddable":true,"href":"https:\/\/shatranj.art\/lb\/wp-json\/wp\/v2\/comments?post=1016"}],"version-history":[{"count":19,"href":"https:\/\/shatranj.art\/lb\/wp-json\/wp\/v2\/pages\/1016\/revisions"}],"predecessor-version":[{"id":1601,"href":"https:\/\/shatranj.art\/lb\/wp-json\/wp\/v2\/pages\/1016\/revisions\/1601"}],"up":[{"embeddable":true,"href":"https:\/\/shatranj.art\/lb\/wp-json\/wp\/v2\/pages\/743"}],"wp:attachment":[{"href":"https:\/\/shatranj.art\/lb\/wp-json\/wp\/v2\/media?parent=1016"}],"curies":[{"name":"wp","href":"https:\/\/api.w.org\/{rel}","templated":true}]}}