{"id":1021,"date":"2026-02-22T16:28:38","date_gmt":"2026-02-22T16:28:38","guid":{"rendered":"https:\/\/shatranj.art\/?page_id=1021"},"modified":"2026-02-23T05:16:08","modified_gmt":"2026-02-23T05:16:08","slug":"poster-25","status":"publish","type":"page","link":"https:\/\/shatranj.art\/lb\/exhibit\/poster-25\/","title":{"rendered":"Plakat 25"},"content":{"rendered":"<div data-elementor-type=\"wp-page\" data-elementor-id=\"1021\" class=\"elementor elementor-1021\" data-elementor-post-type=\"page\">\n\t\t\t\t<div class=\"elementor-element elementor-element-3d217f0 e-flex e-con-boxed e-con e-parent\" data-id=\"3d217f0\" data-element_type=\"container\" data-e-type=\"container\" data-settings=\"{&quot;background_background&quot;:&quot;classic&quot;}\">\n\t\t\t\t\t<div class=\"e-con-inner\">\n\t\t<div class=\"elementor-element elementor-element-a3a2689 e-con-full e-flex e-con e-child\" data-id=\"a3a2689\" data-element_type=\"container\" data-e-type=\"container\">\n\t\t\t\t<div class=\"elementor-element elementor-element-fa1aaae elementor-widget__width-initial elementor-widget elementor-widget-image\" data-id=\"fa1aaae\" data-element_type=\"widget\" data-e-type=\"widget\" data-widget_type=\"image.default\">\n\t\t\t\t<div class=\"elementor-widget-container\">\n\t\t\t\t\t\t\t\t\t\t\t\t\t\t\t<img fetchpriority=\"high\" decoding=\"async\" width=\"800\" height=\"463\" src=\"https:\/\/shatranj.art\/wp-content\/uploads\/2026\/02\/25-1024x592.jpg\" class=\"attachment-large size-large wp-image-1023\" alt=\"\" srcset=\"https:\/\/shatranj.art\/wp-content\/uploads\/2026\/02\/25-1024x592.jpg 1024w, https:\/\/shatranj.art\/wp-content\/uploads\/2026\/02\/25-300x173.jpg 300w, https:\/\/shatranj.art\/wp-content\/uploads\/2026\/02\/25-768x444.jpg 768w, https:\/\/shatranj.art\/wp-content\/uploads\/2026\/02\/25-1536x887.jpg 1536w, https:\/\/shatranj.art\/wp-content\/uploads\/2026\/02\/25-2048x1183.jpg 2048w\" sizes=\"(max-width: 800px) 100vw, 800px\" \/>\t\t\t\t\t\t\t\t\t\t\t\t\t\t\t<\/div>\n\t\t\t\t<\/div>\n\t\t\t\t<div class=\"elementor-element elementor-element-cbddf52 elementor-widget__width-initial elementor-widget elementor-widget-text-editor\" data-id=\"cbddf52\" data-element_type=\"widget\" data-e-type=\"widget\" data-widget_type=\"text-editor.default\">\n\t\t\t\t<div class=\"elementor-widget-container\">\n\t\t\t\t\t\t\t\t\t<p><strong>\u015eAH\u00ce Bucephalus: <\/strong><strong>Eng Iwwerliwwerung vu Strategie a Kultur<\/strong><\/p><p>D\u00ebs Figur dr\u00e9it d'Ierfschaft vum Philipp Stamma, dem Iwwersetzer aus Aleppo, deen duerch s\u00e4i Wierk Essai sur le jeu des \u00e9checs, publiz\u00e9iert zu Par\u00e4is am Joer 1737, bekannt ass. D'Gestalt vum Ritter, mat frans\u00e9ischen Locken an der M\u00e4hne, stellt d\u00e9i nahtlos Synthese t\u00ebscht dem rationalen Denken vun der Opkl\u00e4rung an der antiker strategescher D\u00e9ift vum Osten duer. D'Formen am St\u00e9ck bauen eng kulturell Br\u00e9ck, d\u00e9i de takt\u00ebschen Genius vum \u201cStamma Mate\u201d, deen Stamma vun Aleppo an Europa bruecht huet, mat der milit\u00e4rescher Kraaft vum mazedonesche P\u00e4erd, Bucephalus, vereent.<\/p>\t\t\t\t\t\t\t\t<\/div>\n\t\t\t\t<\/div>\n\t\t\t\t<div class=\"elementor-element elementor-element-f641ab0 elementor-widget__width-initial elementor-widget elementor-widget-text-editor\" data-id=\"f641ab0\" data-element_type=\"widget\" data-e-type=\"widget\" data-widget_type=\"text-editor.default\">\n\t\t\t\t<div class=\"elementor-widget-container\">\n\t\t\t\t\t\t\t\t\t<p><b>1950 Dubrovnik a Staunton: <\/b><b style=\"font-family: -apple-system, BlinkMacSystemFont, 'Segoe UI', Roboto, 'Helvetica Neue', Arial, 'Noto Sans', sans-serif, 'Apple Color Emoji', 'Segoe UI Emoji', 'Segoe UI Symbol', 'Noto Color Emoji';\">Identit\u00e9it a traditionell Grenzen am Design<\/b><\/p><p>\u00a0<\/p><p>D\u00ebse visuellen Kontrast stellt zwou verschidde Designphilosophien an der Schachwelt g\u00e9iges\u00e4iteg duer. De Dubrovnik-Ritter vu 1950 ass e Charakter-st\u00ebftene Figur, deen vum Bobby Fischer als \u201cdat beschte Schachdesign, dat je gemaach gouf\u201d beschriwwen gouf, a mat senge schaarfen a skulpturale Linnen erausst\u00e9cht. De Dynamismus an sengem Design spigelt de strategesche Geescht vum Schach duerch eng eenzegaarteg artistesch Sprooch.<\/p><p>\u00a0<\/p><p>Am G\u00e9igesaz dozou ass d'Staunton-Design an der M\u00ebtt vum 19. Joerhonnert haapts\u00e4chlech entstanen, fir d'Massproduktioun ze vereinfachen an d'Eenheetlechkeet op Basis vu traditionellen westlechen Formen ze garant\u00e9ieren. Well et reli\u00e9is Symboler w\u00e9i d'B\u00ebschofsm\u00ebter an de Kriiz enth\u00e4lt, feelt dem Staunton-Set eng sekul\u00e4r an inklusiv Identit\u00e9it; amplaz bleift et bannent de Grenzen vun enger best\u00ebmmter traditioneller Struktur agefaasst. D'\u00cbnnerscheed t\u00ebscht d\u00ebsen zwee Silhouetten \u00ebnnerstr\u00e4icht d'Differenz t\u00ebscht der Sich no engem eenzegaartegen Charakter am Schach an engem standardis\u00e9ierten, traditionellen Format.<\/p>\t\t\t\t\t\t\t\t<\/div>\n\t\t\t\t<\/div>\n\t\t\t\t<div class=\"elementor-element elementor-element-9b94e22 elementor-widget__width-initial elementor-widget elementor-widget-image\" data-id=\"9b94e22\" data-element_type=\"widget\" data-e-type=\"widget\" data-widget_type=\"image.default\">\n\t\t\t\t<div class=\"elementor-widget-container\">\n\t\t\t\t\t\t\t\t\t\t\t\t\t\t\t<img decoding=\"async\" width=\"800\" height=\"641\" src=\"https:\/\/shatranj.art\/wp-content\/uploads\/2026\/02\/25-1-1024x820.jpg\" class=\"attachment-large size-large wp-image-1024\" alt=\"\" srcset=\"https:\/\/shatranj.art\/wp-content\/uploads\/2026\/02\/25-1-1024x820.jpg 1024w, https:\/\/shatranj.art\/wp-content\/uploads\/2026\/02\/25-1-300x240.jpg 300w, https:\/\/shatranj.art\/wp-content\/uploads\/2026\/02\/25-1-768x615.jpg 768w, https:\/\/shatranj.art\/wp-content\/uploads\/2026\/02\/25-1.jpg 1481w\" sizes=\"(max-width: 800px) 100vw, 800px\" \/>\t\t\t\t\t\t\t\t\t\t\t\t\t\t\t<\/div>\n\t\t\t\t<\/div>\n\t\t\t\t<div class=\"elementor-element elementor-element-7a3f622 elementor-widget__width-initial elementor-widget-tablet__width-inherit elementor-widget elementor-widget-image\" data-id=\"7a3f622\" data-element_type=\"widget\" data-e-type=\"widget\" data-widget_type=\"image.default\">\n\t\t\t\t<div class=\"elementor-widget-container\">\n\t\t\t\t\t\t\t\t\t\t\t\t\t\t\t<img decoding=\"async\" width=\"767\" height=\"1024\" src=\"https:\/\/shatranj.art\/wp-content\/uploads\/2026\/02\/25-2-767x1024.jpg\" class=\"attachment-large size-large wp-image-1025\" alt=\"\" srcset=\"https:\/\/shatranj.art\/wp-content\/uploads\/2026\/02\/25-2-767x1024.jpg 767w, https:\/\/shatranj.art\/wp-content\/uploads\/2026\/02\/25-2-225x300.jpg 225w, https:\/\/shatranj.art\/wp-content\/uploads\/2026\/02\/25-2-768x1025.jpg 768w, https:\/\/shatranj.art\/wp-content\/uploads\/2026\/02\/25-2-1151x1536.jpg 1151w, https:\/\/shatranj.art\/wp-content\/uploads\/2026\/02\/25-2.jpg 1499w\" sizes=\"(max-width: 767px) 100vw, 767px\" \/>\t\t\t\t\t\t\t\t\t\t\t\t\t\t\t<\/div>\n\t\t\t\t<\/div>\n\t\t\t\t<div class=\"elementor-element elementor-element-7e9c0df elementor-widget__width-initial elementor-widget elementor-widget-text-editor\" data-id=\"7e9c0df\" data-element_type=\"widget\" data-e-type=\"widget\" data-widget_type=\"text-editor.default\">\n\t\t\t\t<div class=\"elementor-widget-container\">\n\t\t\t\t\t\t\t\t\t<p><b>De Lewis-Ritter: Eng n\u00f6rdlech Iwwerliwwerung vum M\u00ebttelalter<\/b><\/p><p>E Meeschterwierk vum 12. Joerhonnert skandinavescher Handwierkskunst, ass d\u00ebs Figur Deel vun der weltber\u00fchmt Lewis-Schachfiguren-Sammlung, d\u00e9i 1831 op der schottescher Insel Lewis entdeckt gouf. Pr\u00e4zise aus Walrossz\u00e4nn geschn\u00ebtzt, dokument\u00e9iert d'St\u00e9ck d'\u00e4sthetesch Entw\u00e9cklung vum Schach, w\u00e9i et sech iwwer Europa verbreet huet. D'Darstellung vum geriddenen Krieger symbolis\u00e9iert d\u00e9i d\u00e9if Verbonnenheet t\u00ebscht dem Spill an der Adels- a milit\u00e4rescher Hierarchie vun der m\u00ebttelalterlecher Gesellschaft. D\u00ebs ikon\u00ebsch Silhouette bleift e aussergew\u00e9inlecht Zeien vun der k\u00ebnschtlerescher F\u00e4egkeet vun d\u00e4r \u00c4ra an dem best\u00e4nnege Status vum Spill als Konschtwierk.<\/p>\t\t\t\t\t\t\t\t<\/div>\n\t\t\t\t<\/div>\n\t\t\t\t<div class=\"elementor-element elementor-element-765b6b1 elementor-widget__width-initial elementor-widget elementor-widget-text-editor\" data-id=\"765b6b1\" data-element_type=\"widget\" data-e-type=\"widget\" data-widget_type=\"text-editor.default\">\n\t\t\t\t<div class=\"elementor-widget-container\">\n\t\t\t\t\t\t\t\t\t<p><b>De Ritterszuch: e geometr\u00ebscht Puzzle vum Intellekt<\/b><\/p><p>D'Ritterfaart bas\u00e9iert op dem Prinzip, datt e Ritter all eenzel Feld um Schachbriet genau eemol besicht. Vum Al-Adli am 9. Joerhonnert zu Bagdad bis zu Leonhard Euler an der europ\u00e4escher Opkl\u00e4rung vum 18. Joerhonnert huet d\u00ebst Problem Genien als perfekt Harmonie vu Mathematik a Strategie faszin\u00e9iert. D'L\u00e9isung, d\u00e9i hei gewisen g\u00ebtt, demonstr\u00e9iert, w\u00e9i d'Sprongen vum Ritter eng komplex a fesselnd Symmetrie entstinn, d\u00e9i d\u201c\u201dgeometresch Poesie\" an d'universell Logik vum Schach opdeckt.<\/p>\t\t\t\t\t\t\t\t<\/div>\n\t\t\t\t<\/div>\n\t\t\t\t<div class=\"elementor-element elementor-element-e34bfdc elementor-widget__width-initial elementor-widget-tablet__width-inherit elementor-widget elementor-widget-image\" data-id=\"e34bfdc\" data-element_type=\"widget\" data-e-type=\"widget\" data-widget_type=\"image.default\">\n\t\t\t\t<div class=\"elementor-widget-container\">\n\t\t\t\t\t\t\t\t\t\t\t\t\t\t\t<img loading=\"lazy\" decoding=\"async\" width=\"800\" height=\"800\" src=\"https:\/\/shatranj.art\/wp-content\/uploads\/2026\/02\/25-3-1024x1024.jpg\" class=\"attachment-large size-large wp-image-1026\" alt=\"\" srcset=\"https:\/\/shatranj.art\/wp-content\/uploads\/2026\/02\/25-3-1024x1024.jpg 1024w, https:\/\/shatranj.art\/wp-content\/uploads\/2026\/02\/25-3-300x300.jpg 300w, https:\/\/shatranj.art\/wp-content\/uploads\/2026\/02\/25-3-150x150.jpg 150w, https:\/\/shatranj.art\/wp-content\/uploads\/2026\/02\/25-3-768x768.jpg 768w, https:\/\/shatranj.art\/wp-content\/uploads\/2026\/02\/25-3.jpg 1486w\" sizes=\"(max-width: 800px) 100vw, 800px\" \/>\t\t\t\t\t\t\t\t\t\t\t\t\t\t\t<\/div>\n\t\t\t\t<\/div>\n\t\t\t\t<div class=\"elementor-element elementor-element-f59bb1a elementor-widget__width-initial elementor-widget elementor-widget-image\" data-id=\"f59bb1a\" data-element_type=\"widget\" data-e-type=\"widget\" data-widget_type=\"image.default\">\n\t\t\t\t<div class=\"elementor-widget-container\">\n\t\t\t\t\t\t\t\t\t\t\t\t\t\t\t<img loading=\"lazy\" decoding=\"async\" width=\"800\" height=\"537\" src=\"https:\/\/shatranj.art\/wp-content\/uploads\/2026\/02\/25-4-1024x687.jpg\" class=\"attachment-large size-large wp-image-1027\" alt=\"\" srcset=\"https:\/\/shatranj.art\/wp-content\/uploads\/2026\/02\/25-4-1024x687.jpg 1024w, https:\/\/shatranj.art\/wp-content\/uploads\/2026\/02\/25-4-300x201.jpg 300w, https:\/\/shatranj.art\/wp-content\/uploads\/2026\/02\/25-4-768x515.jpg 768w, https:\/\/shatranj.art\/wp-content\/uploads\/2026\/02\/25-4.jpg 1107w\" sizes=\"(max-width: 800px) 100vw, 800px\" \/>\t\t\t\t\t\t\t\t\t\t\t\t\t\t\t<\/div>\n\t\t\t\t<\/div>\n\t\t\t\t<div class=\"elementor-element elementor-element-88ba55c elementor-widget__width-initial elementor-widget elementor-widget-text-editor\" data-id=\"88ba55c\" data-element_type=\"widget\" data-e-type=\"widget\" data-widget_type=\"text-editor.default\">\n\t\t\t\t<div class=\"elementor-widget-container\">\n\t\t\t\t\t\t\t\t\t<p><b>Den legend\u00e4re Bucephalus:\u00a0 <\/b><b>E Symbol vun Eroberung a Loyalit\u00e9it<\/b><\/p><p>\u00a0<\/p><p>D\u00ebse Mosaik weist Bucephalus, dat mazedonescht P\u00e4erd an deen noosten Begleeder vum Alexander dem Groussen. Bucephalus, deen dem Alexander w\u00e4rend all senge Campagnen zur S\u00e4it stoung, ass an deem wat haut Pakistan ass gestuerwen \u2013 genau an d\u00e4r Regioun, wou d'historesch Wuerzelen vum Schach sech als \u00e9ischt festgesat hunn. Ausserdeem steet d\u00ebs ikon\u00ebsch Figur als Symbol fir d'kulturell Iwwerschneidung t\u00ebscht Ost a West, mat enger Rees, d\u00e9i vu Mazedonien bis an d'Industal gefouert huet. D\u00ebs Geschicht, d\u00e9i milit\u00e4resch Kraaft mat onersch\u00fctterlecher Treue verb\u00ebnnt, erhaalt d'Er\u00ebnnerung un eng epesch Rees, d\u00e9i an der Wiege vum Schach zu engem Ofschloss koum.<\/p>\t\t\t\t\t\t\t\t<\/div>\n\t\t\t\t<\/div>\n\t\t\t\t<\/div>\n\t\t\t\t\t<\/div>\n\t\t\t\t<\/div>\n\t\t\t\t<\/div>","protected":false},"excerpt":{"rendered":"<p>\u015eAH\u00ce Bucephalus: A Legacy of Strategy and Culture This figure carries the legacy of Philipp Stamma, the translator from Aleppo renowned for his work Essai sur le jeu des echecs, published in Paris in 1737. The design of the knight, featuring French curls in its mane, represents the seamless synthesis between the rational mindset of [&hellip;]<\/p>\n","protected":false},"author":1,"featured_media":0,"parent":743,"menu_order":0,"comment_status":"closed","ping_status":"closed","template":"","meta":{"footnotes":""},"class_list":["post-1021","page","type-page","status-publish","hentry"],"_links":{"self":[{"href":"https:\/\/shatranj.art\/lb\/wp-json\/wp\/v2\/pages\/1021","targetHints":{"allow":["GET"]}}],"collection":[{"href":"https:\/\/shatranj.art\/lb\/wp-json\/wp\/v2\/pages"}],"about":[{"href":"https:\/\/shatranj.art\/lb\/wp-json\/wp\/v2\/types\/page"}],"author":[{"embeddable":true,"href":"https:\/\/shatranj.art\/lb\/wp-json\/wp\/v2\/users\/1"}],"replies":[{"embeddable":true,"href":"https:\/\/shatranj.art\/lb\/wp-json\/wp\/v2\/comments?post=1021"}],"version-history":[{"count":7,"href":"https:\/\/shatranj.art\/lb\/wp-json\/wp\/v2\/pages\/1021\/revisions"}],"predecessor-version":[{"id":1243,"href":"https:\/\/shatranj.art\/lb\/wp-json\/wp\/v2\/pages\/1021\/revisions\/1243"}],"up":[{"embeddable":true,"href":"https:\/\/shatranj.art\/lb\/wp-json\/wp\/v2\/pages\/743"}],"wp:attachment":[{"href":"https:\/\/shatranj.art\/lb\/wp-json\/wp\/v2\/media?parent=1021"}],"curies":[{"name":"wp","href":"https:\/\/api.w.org\/{rel}","templated":true}]}}