{"id":1045,"date":"2026-02-22T18:00:08","date_gmt":"2026-02-22T18:00:08","guid":{"rendered":"https:\/\/shatranj.art\/?page_id=1045"},"modified":"2026-02-23T06:54:44","modified_gmt":"2026-02-23T06:54:44","slug":"poster-27","status":"publish","type":"page","link":"https:\/\/shatranj.art\/lb\/exhibit\/poster-27\/","title":{"rendered":"Plakat 27"},"content":{"rendered":"<div data-elementor-type=\"wp-page\" data-elementor-id=\"1045\" class=\"elementor elementor-1045\" data-elementor-post-type=\"page\">\n\t\t\t\t<div class=\"elementor-element elementor-element-cb9e80e e-flex e-con-boxed e-con e-parent\" data-id=\"cb9e80e\" data-element_type=\"container\" data-e-type=\"container\" data-settings=\"{&quot;background_background&quot;:&quot;classic&quot;}\">\n\t\t\t\t\t<div class=\"e-con-inner\">\n\t\t<div class=\"elementor-element elementor-element-c0024d0 e-con-full e-flex e-con e-child\" data-id=\"c0024d0\" data-element_type=\"container\" data-e-type=\"container\">\n\t\t\t\t<div class=\"elementor-element elementor-element-99752bb elementor-widget elementor-widget-image\" data-id=\"99752bb\" data-element_type=\"widget\" data-e-type=\"widget\" data-widget_type=\"image.default\">\n\t\t\t\t<div class=\"elementor-widget-container\">\n\t\t\t\t\t\t\t\t\t\t\t\t\t\t\t<img fetchpriority=\"high\" decoding=\"async\" width=\"800\" height=\"720\" src=\"https:\/\/shatranj.art\/wp-content\/uploads\/2026\/02\/dede-takimi-kale-top-subotica.jpg\" class=\"attachment-large size-large wp-image-1047\" alt=\"\" srcset=\"https:\/\/shatranj.art\/wp-content\/uploads\/2026\/02\/dede-takimi-kale-top-subotica.jpg 1024w, https:\/\/shatranj.art\/wp-content\/uploads\/2026\/02\/dede-takimi-kale-top-subotica-300x270.jpg 300w, https:\/\/shatranj.art\/wp-content\/uploads\/2026\/02\/dede-takimi-kale-top-subotica-768x692.jpg 768w\" sizes=\"(max-width: 800px) 100vw, 800px\" \/>\t\t\t\t\t\t\t\t\t\t\t\t\t\t\t<\/div>\n\t\t\t\t<\/div>\n\t\t\t\t<div class=\"elementor-element elementor-element-d61bb1f elementor-widget elementor-widget-text-editor\" data-id=\"d61bb1f\" data-element_type=\"widget\" data-e-type=\"widget\" data-widget_type=\"text-editor.default\">\n\t\t\t\t<div class=\"elementor-widget-container\">\n\t\t\t\t\t\t\t\t\t<h3><b>De Kanoun vun de Balkanen<\/b><\/h3><p><b>S\u00fcdslavescht \u201cTop\u201d (Cannon) Design<\/b><\/p><p>An der s\u00fcdslavescher Traditioun wiesselt d'Ikonographie vum Turm vun der Architektur op d'Artillerie. Well d'St\u00e9ck Top (wat \u201cKanoun\u201d bedeit) genannt g\u00ebtt, verz\u00e9ien vill regional Designen, w\u00e9i dat ber\u00fchmt Subotica-Set, d'traditionell Zinnen vun engem Schlassstuerm. Amplaz huet d'Figur eng zylindresch oder verj\u00e9ngt Form mat engem konkaven, schossel\u00e4hnlechen Uewerdeel, dat un d'Rohr vun enger Kanoun er\u00ebnnert. D\u00ebs Entw\u00e9cklung spigelt d\u00e9i eenzegaarteg sproochlech a kulturell Schichten vum Balkan, wou t\u00fcrkesch, slawesch a k.u.k.-Afl\u00ebss dacks de St\u00e9cker zwou Nimm ginn, w\u00e9i Top a Kula (Tuerm). D\u00ebs kulturell Iwwerschneidung \u00ebnnerstr\u00e4icht, w\u00e9i Schach als Br\u00e9ck t\u00ebscht verschiddene historesche Perioden a Gesellschaften d\u00e9ngt.<\/p>\t\t\t\t\t\t\t\t<\/div>\n\t\t\t\t<\/div>\n\t\t\t\t<\/div>\n\t\t<div class=\"elementor-element elementor-element-d9490d4 e-con-full e-flex e-con e-child\" data-id=\"d9490d4\" data-element_type=\"container\" data-e-type=\"container\">\n\t\t\t\t<div class=\"elementor-element elementor-element-53c002b elementor-widget elementor-widget-image\" data-id=\"53c002b\" data-element_type=\"widget\" data-e-type=\"widget\" data-widget_type=\"image.default\">\n\t\t\t\t<div class=\"elementor-widget-container\">\n\t\t\t\t\t\t\t\t\t\t\t\t\t\t\t<img decoding=\"async\" width=\"800\" height=\"921\" src=\"https:\/\/shatranj.art\/wp-content\/uploads\/2026\/02\/rook-nishapur-889x1024.jpeg\" class=\"attachment-large size-large wp-image-1048\" alt=\"\" srcset=\"https:\/\/shatranj.art\/wp-content\/uploads\/2026\/02\/rook-nishapur-889x1024.jpeg 889w, https:\/\/shatranj.art\/wp-content\/uploads\/2026\/02\/rook-nishapur-261x300.jpeg 261w, https:\/\/shatranj.art\/wp-content\/uploads\/2026\/02\/rook-nishapur-768x884.jpeg 768w, https:\/\/shatranj.art\/wp-content\/uploads\/2026\/02\/rook-nishapur.jpeg 1042w\" sizes=\"(max-width: 800px) 100vw, 800px\" \/>\t\t\t\t\t\t\t\t\t\t\t\t\t\t\t<\/div>\n\t\t\t\t<\/div>\n\t\t\t\t<div class=\"elementor-element elementor-element-7b2ef7f elementor-widget elementor-widget-text-editor\" data-id=\"7b2ef7f\" data-element_type=\"widget\" data-e-type=\"widget\" data-widget_type=\"text-editor.default\">\n\t\t\t\t<div class=\"elementor-widget-container\">\n\t\t\t\t\t\t\t\t\t<p><b>Nishapur Rook (Rukh)<\/b> <span style=\"font-weight: 400;\"><br \/><\/span><span style=\"font-weight: 400;\"><br \/><\/span>D\u00ebst Steest\u00e9ck aus Nishapur ass en ale Turm, urspr\u00e9nglech als Rukh bekannt. Obwuel d'gespaltent Sp\u00ebtzt vum modernen L\u00e4ufer dacks falsch de Sto\u00dfz\u00e4nn vun ale Elefantest\u00e9cker zougeschriwwen g\u00ebtt, war et eigentlech de traditionelle Turm, deen d\u00ebs markant L\u00fcck t\u00ebscht zwou h\u00e9ijen Kanten opgewisen huet. D\u00ebs V-f\u00ebrmeg Silhouette war eng abstrakt Duerstellung vun engem Streitwagen a betount d'geometr\u00ebsch Designsprooch, d\u00e9i fr\u00e9iz\u00e4iteg persesch a mediterran Schachbretter defin\u00e9iert huet.<\/p>\t\t\t\t\t\t\t\t<\/div>\n\t\t\t\t<\/div>\n\t\t\t\t<\/div>\n\t\t<div class=\"elementor-element elementor-element-03fdcd4 e-con-full e-flex e-con e-child\" data-id=\"03fdcd4\" data-element_type=\"container\" data-e-type=\"container\">\n\t\t\t\t<div class=\"elementor-element elementor-element-05ec882 elementor-widget elementor-widget-image\" data-id=\"05ec882\" data-element_type=\"widget\" data-e-type=\"widget\" data-widget_type=\"image.default\">\n\t\t\t\t<div class=\"elementor-widget-container\">\n\t\t\t\t\t\t\t\t\t\t\t\t\t\t\t<img decoding=\"async\" width=\"800\" height=\"800\" src=\"https:\/\/shatranj.art\/wp-content\/uploads\/2026\/02\/shahi-rook-shahkrukh-piece-1024x1024.png\" class=\"attachment-large size-large wp-image-1049\" alt=\"\" srcset=\"https:\/\/shatranj.art\/wp-content\/uploads\/2026\/02\/shahi-rook-shahkrukh-piece-1024x1024.png 1024w, https:\/\/shatranj.art\/wp-content\/uploads\/2026\/02\/shahi-rook-shahkrukh-piece-300x300.png 300w, https:\/\/shatranj.art\/wp-content\/uploads\/2026\/02\/shahi-rook-shahkrukh-piece-150x150.png 150w, https:\/\/shatranj.art\/wp-content\/uploads\/2026\/02\/shahi-rook-shahkrukh-piece-768x768.png 768w, https:\/\/shatranj.art\/wp-content\/uploads\/2026\/02\/shahi-rook-shahkrukh-piece-1536x1536.png 1536w, https:\/\/shatranj.art\/wp-content\/uploads\/2026\/02\/shahi-rook-shahkrukh-piece-2048x2048.png 2048w\" sizes=\"(max-width: 800px) 100vw, 800px\" \/>\t\t\t\t\t\t\t\t\t\t\t\t\t\t\t<\/div>\n\t\t\t\t<\/div>\n\t\t\t\t<div class=\"elementor-element elementor-element-cb65d08 elementor-widget elementor-widget-text-editor\" data-id=\"cb65d08\" data-element_type=\"widget\" data-e-type=\"widget\" data-widget_type=\"text-editor.default\">\n\t\t\t\t<div class=\"elementor-widget-container\">\n\t\t\t\t\t\t\t\t\t<p><b>\u015eAH\u00ce huet de Turmst\u00e9ck gesat: Shahrukh<\/b><span style=\"font-weight: 400;\"><br \/><\/span><span style=\"font-weight: 400;\"><br \/><\/span>Shahrukh, no dem Jong vum Befeeler a Schachmeeschter Timur genannt, bedeit \u201dHerrscher, Meeschter a pr\u00e4chteg vun de Turmen\u201d. Shahrukh gouf e bedeitende Patron vun der W\u00ebssenschaft, der Kultur an der Konscht. De Begr\u00ebff \u201cRukh\u201d bedeit Krichswagen a huet sech zu \u201croca\u201d entw\u00e9ckelt, wat op Spuenesch an Italienesch \"Tuerm\" bedeit, an huet d'Designen vun de Schachfiguren beaflosst. D\u00ebs Figur gouf historesch Krichswagen, Tuerm, Sch\u00ebff a Kanoun genannt. D'\u015eahruh-Figur integr\u00e9iert d'rollend Rieder vun engem Krichswagen, d'Zillen vun engem Tuerm, de Laf vun enger Kanoun an den Anker vun engem Sch\u00ebff.<\/p>\t\t\t\t\t\t\t\t<\/div>\n\t\t\t\t<\/div>\n\t\t\t\t<\/div>\n\t\t\t\t\t<\/div>\n\t\t\t\t<\/div>\n\t\t\t\t<\/div>","protected":false},"excerpt":{"rendered":"<p>The Cannon of the Balkans South Slavic &#8220;Top&#8221; (Cannon) Design In the South Slavic tradition, the iconography of the rook shifts from architecture to artillery. Because the piece is named Top (meaning &#8220;Cannon&#8221;), many regional designs such as the famous Subotica set abandon the traditional battlements of a castle tower. Instead, the piece takes on [&hellip;]<\/p>\n","protected":false},"author":1,"featured_media":0,"parent":743,"menu_order":0,"comment_status":"closed","ping_status":"closed","template":"","meta":{"footnotes":""},"class_list":["post-1045","page","type-page","status-publish","hentry"],"_links":{"self":[{"href":"https:\/\/shatranj.art\/lb\/wp-json\/wp\/v2\/pages\/1045","targetHints":{"allow":["GET"]}}],"collection":[{"href":"https:\/\/shatranj.art\/lb\/wp-json\/wp\/v2\/pages"}],"about":[{"href":"https:\/\/shatranj.art\/lb\/wp-json\/wp\/v2\/types\/page"}],"author":[{"embeddable":true,"href":"https:\/\/shatranj.art\/lb\/wp-json\/wp\/v2\/users\/1"}],"replies":[{"embeddable":true,"href":"https:\/\/shatranj.art\/lb\/wp-json\/wp\/v2\/comments?post=1045"}],"version-history":[{"count":10,"href":"https:\/\/shatranj.art\/lb\/wp-json\/wp\/v2\/pages\/1045\/revisions"}],"predecessor-version":[{"id":1292,"href":"https:\/\/shatranj.art\/lb\/wp-json\/wp\/v2\/pages\/1045\/revisions\/1292"}],"up":[{"embeddable":true,"href":"https:\/\/shatranj.art\/lb\/wp-json\/wp\/v2\/pages\/743"}],"wp:attachment":[{"href":"https:\/\/shatranj.art\/lb\/wp-json\/wp\/v2\/media?parent=1045"}],"curies":[{"name":"wp","href":"https:\/\/api.w.org\/{rel}","templated":true}]}}