{"id":1521,"date":"2026-02-24T07:53:08","date_gmt":"2026-02-24T07:53:08","guid":{"rendered":"https:\/\/shatranj.art\/?page_id=1521"},"modified":"2026-02-24T10:48:54","modified_gmt":"2026-02-24T10:48:54","slug":"poster-40","status":"publish","type":"page","link":"https:\/\/shatranj.art\/lb\/exhibit\/poster-40\/","title":{"rendered":"plakat-40"},"content":{"rendered":"<div data-elementor-type=\"wp-page\" data-elementor-id=\"1521\" class=\"elementor elementor-1521\" data-elementor-post-type=\"page\">\n\t\t\t\t<div class=\"elementor-element elementor-element-e98c0ef e-flex e-con-boxed e-con e-parent\" data-id=\"e98c0ef\" data-element_type=\"container\" data-e-type=\"container\" data-settings=\"{&quot;background_background&quot;:&quot;classic&quot;}\">\n\t\t\t\t\t<div class=\"e-con-inner\">\n\t\t<div class=\"elementor-element elementor-element-1fd6b3d e-con-full e-flex e-con e-child\" data-id=\"1fd6b3d\" data-element_type=\"container\" data-e-type=\"container\">\n\t\t\t\t<div class=\"elementor-element elementor-element-bf9198e elementor-widget elementor-widget-image\" data-id=\"bf9198e\" data-element_type=\"widget\" data-e-type=\"widget\" data-widget_type=\"image.default\">\n\t\t\t\t<div class=\"elementor-widget-container\">\n\t\t\t\t\t\t\t\t\t\t\t\t\t\t\t<img fetchpriority=\"high\" decoding=\"async\" width=\"1225\" height=\"919\" src=\"https:\/\/shatranj.art\/wp-content\/uploads\/2026\/02\/shahi-chess-set-pieces-fsvmu-uskudar-istanbul-2022.jpg\" class=\"attachment-full size-full wp-image-1523\" alt=\"\" srcset=\"https:\/\/shatranj.art\/wp-content\/uploads\/2026\/02\/shahi-chess-set-pieces-fsvmu-uskudar-istanbul-2022.jpg 1225w, https:\/\/shatranj.art\/wp-content\/uploads\/2026\/02\/shahi-chess-set-pieces-fsvmu-uskudar-istanbul-2022-300x225.jpg 300w, https:\/\/shatranj.art\/wp-content\/uploads\/2026\/02\/shahi-chess-set-pieces-fsvmu-uskudar-istanbul-2022-1024x768.jpg 1024w, https:\/\/shatranj.art\/wp-content\/uploads\/2026\/02\/shahi-chess-set-pieces-fsvmu-uskudar-istanbul-2022-768x576.jpg 768w, https:\/\/shatranj.art\/wp-content\/uploads\/2026\/02\/shahi-chess-set-pieces-fsvmu-uskudar-istanbul-2022-16x12.jpg 16w\" sizes=\"(max-width: 1225px) 100vw, 1225px\" \/>\t\t\t\t\t\t\t\t\t\t\t\t\t\t\t<\/div>\n\t\t\t\t<\/div>\n\t\t\t\t<div class=\"elementor-element elementor-element-72424f5 elementor-widget elementor-widget-text-editor\" data-id=\"72424f5\" data-element_type=\"widget\" data-e-type=\"widget\" data-widget_type=\"text-editor.default\">\n\t\t\t\t<div class=\"elementor-widget-container\">\n\t\t\t\t\t\t\t\t\t<h3 data-path-to-node=\"0\"><strong>D'Shatranj-Projet-Team an de \u015eAH\u00ce-Prototyp<\/strong><\/h3><p data-path-to-node=\"1\">\u00a0<\/p><p data-path-to-node=\"1\">D'Entw\u00e9cklung vum \u015eAH\u00ce-Schachset war e gemeinsame Meilesteen fir d'Teams hannert de Projeten shatranj.ai an shatranj.art. D\u00ebs Initiativen, koordin\u00e9iert vum Departement fir W\u00ebssenschaftsgeschicht vun der Fatih Sultan Mehmet Vak\u0131f University (FSMVU) a \u00ebnnerst\u00ebtzt vum EU Erasmus+ Jugendprogramm, hu zum Zil, d'Geschicht vun der W\u00ebssenschaft, der Konscht, vu strategesche Spiller an der k\u00ebnschtlecher Intelligenz ze verbannen.<\/p><p data-path-to-node=\"2\">\u00a0<\/p><p data-path-to-node=\"2\">Foto 1: D'Projetekipp um FSMVU \u00dcsk\u00fcdar Campus<\/p><p data-path-to-node=\"3\">\u00a0<\/p><p data-path-to-node=\"3\">D\u00ebst Bild dokument\u00e9iert d'Projetekipp, w\u00e9i si den Ofschloss vum \u00e9ischte \u015eAH\u00ce-Prototyp den 26. Mee 2022 feieren. D'Fuerschung vum Departement huet d'historesch Basis fir d'eenzegaarteg \u00c4sthetik vum Set geliwwert.<\/p><p data-path-to-node=\"4\">\u00a0<\/p><p data-path-to-node=\"4\">Vun l\u00e9nks no riets:<\/p><p data-path-to-node=\"4\">\u00a0<\/p><p data-path-to-node=\"4\">Jahangir Ashurov: weltbekannten Miniaturk\u00ebnschtler a L\u00e9iermeeschter (Buchara-Schoul). Hien huet de \u015eAH\u00ce-Designprozess iwwer d'Afrasiyab-Wuerzelen vum Schach beroden.\u00a0<\/p><p data-path-to-node=\"4\">\u00a0<\/p><p data-path-to-node=\"4\">Prof. Dr. G\u00fcner Karatekin: Professor fir Kanner\u00adgesondheet a Neonatologie.<\/p><p data-path-to-node=\"4\">\u00a0<\/p><p data-path-to-node=\"4\">Tamer Karatekin: Techneschen Koordinator vum shatranj.ai-Curriculum an Co-Kurator vun der shatranj.art-Ausstellung, Designer vum \u015eAH\u00ce-Schachset an de Schachfiguren<\/p><p data-path-to-node=\"4\">\u00a0<\/p><p data-path-to-node=\"4\">Prof. Dr. Mustafa Ka\u00e7ar: Dekan vum Departement fir W\u00ebssenschaftsgeschicht bei FSMVU. Koordinator vun de Projeten shatranj.ai an shatranj.art.<\/p><p data-path-to-node=\"4\">\u00a0<\/p><p data-path-to-node=\"4\">Prof. Dr. Atilla Bir: Professor a f\u00e9ierend Autorit\u00e9it op dem Gebitt vun der W\u00ebssenschaftsgeschicht an historesche Instrumenter. Hien huet de Designprozess vum \u015eAH\u00ce-Schachbriet duerch vill Referenzen op d'W\u00ebssenschaftsgeschicht beroden.<\/p>\t\t\t\t\t\t\t\t<\/div>\n\t\t\t\t<\/div>\n\t\t\t\t<div class=\"elementor-element elementor-element-b19a222 elementor-widget elementor-widget-image\" data-id=\"b19a222\" data-element_type=\"widget\" data-e-type=\"widget\" data-widget_type=\"image.default\">\n\t\t\t\t<div class=\"elementor-widget-container\">\n\t\t\t\t\t\t\t\t\t\t\t\t\t\t\t<img decoding=\"async\" width=\"1000\" height=\"667\" src=\"https:\/\/shatranj.art\/wp-content\/uploads\/2026\/02\/sergi-ayasofya-11Ocak2024.jpg\" class=\"attachment-full size-full wp-image-1524\" alt=\"\" srcset=\"https:\/\/shatranj.art\/wp-content\/uploads\/2026\/02\/sergi-ayasofya-11Ocak2024.jpg 1000w, https:\/\/shatranj.art\/wp-content\/uploads\/2026\/02\/sergi-ayasofya-11Ocak2024-300x200.jpg 300w, https:\/\/shatranj.art\/wp-content\/uploads\/2026\/02\/sergi-ayasofya-11Ocak2024-768x512.jpg 768w, https:\/\/shatranj.art\/wp-content\/uploads\/2026\/02\/sergi-ayasofya-11Ocak2024-18x12.jpg 18w\" sizes=\"(max-width: 1000px) 100vw, 1000px\" \/>\t\t\t\t\t\t\t\t\t\t\t\t\t\t\t<\/div>\n\t\t\t\t<\/div>\n\t\t\t\t<div class=\"elementor-element elementor-element-8b672e6 elementor-widget elementor-widget-text-editor\" data-id=\"8b672e6\" data-element_type=\"widget\" data-e-type=\"widget\" data-widget_type=\"text-editor.default\">\n\t\t\t\t<div class=\"elementor-widget-container\">\n\t\t\t\t\t\t\t\t\t<p data-path-to-node=\"5\">Foto 2: Ausstellung vu Shatranj.art um Hagia Sophia Campus vun der FSVMU<\/p><p data-path-to-node=\"6\">\u00a0<\/p><p data-path-to-node=\"6\">Den \u015eAH\u00ce-Schachset gouf dem Public fir d'\u00e9ischte K\u00e9ier den 11. Januar 2024 um Hagia Sophia Campus vun der FSMVU am Kader vun der Ausstellung shatranj.art present\u00e9iert. Prof. Dr. Mustafa Ka\u00e7ar an Tamer Karatekin hunn d'kulturell an historesch Entw\u00e9cklung vun de Schachfiguren diskut\u00e9iert. An der Ried gouf d'byzantinesch\/rumesch Schachvariant, w\u00e9i se am Kitab-ash Shatranj fonnt g\u00ebtt, ervirgehuewen, souw\u00e9i d\u00e9i spezifesch architektonesch Inspiratiounen \u2013 w\u00e9i d'ikonesch Kuppelen vun der Hagia Sophia, dem Pantheon an dem MIT \u2013 d\u00e9i d'Gestaltung vum Kinngst\u00e9ck vum \u015eAH\u00ce-Set beaflosst hunn.<\/p>\t\t\t\t\t\t\t\t<\/div>\n\t\t\t\t<\/div>\n\t\t\t\t<div class=\"elementor-element elementor-element-c44898c elementor-widget elementor-widget-image\" data-id=\"c44898c\" data-element_type=\"widget\" data-e-type=\"widget\" data-widget_type=\"image.default\">\n\t\t\t\t<div class=\"elementor-widget-container\">\n\t\t\t\t\t\t\t\t\t\t\t\t\t\t\t<img decoding=\"async\" width=\"1225\" height=\"919\" src=\"https:\/\/shatranj.art\/wp-content\/uploads\/2026\/02\/fsmvu-halic-creativity-prof.jpg\" class=\"attachment-full size-full wp-image-1534\" alt=\"\" srcset=\"https:\/\/shatranj.art\/wp-content\/uploads\/2026\/02\/fsmvu-halic-creativity-prof.jpg 1225w, https:\/\/shatranj.art\/wp-content\/uploads\/2026\/02\/fsmvu-halic-creativity-prof-300x225.jpg 300w, https:\/\/shatranj.art\/wp-content\/uploads\/2026\/02\/fsmvu-halic-creativity-prof-1024x768.jpg 1024w, https:\/\/shatranj.art\/wp-content\/uploads\/2026\/02\/fsmvu-halic-creativity-prof-768x576.jpg 768w, https:\/\/shatranj.art\/wp-content\/uploads\/2026\/02\/fsmvu-halic-creativity-prof-16x12.jpg 16w\" sizes=\"(max-width: 1225px) 100vw, 1225px\" \/>\t\t\t\t\t\t\t\t\t\t\t\t\t\t\t<\/div>\n\t\t\t\t<\/div>\n\t\t\t\t<div class=\"elementor-element elementor-element-58d2518 elementor-widget elementor-widget-text-editor\" data-id=\"58d2518\" data-element_type=\"widget\" data-e-type=\"widget\" data-widget_type=\"text-editor.default\">\n\t\t\t\t<div class=\"elementor-widget-container\">\n\t\t\t\t\t\t\t\t\t<p data-path-to-node=\"6\">Foto 3: \u015eAH\u00ce-Set-Prototypfoto mat Prof. Se\u00e7il \u015eat\u0131r<\/p><p data-path-to-node=\"5\">\u00a0<\/p><p data-path-to-node=\"5\">Prof. Dr. Se\u00e7il \u015eat\u0131r ass d'Gr\u00ebnnerdean vun der Fakult\u00e9it fir Sch\u00e9in- a Uwendkunst, Design a Architektur un der Hitit-Universit\u00e9it; an eng Professorin an der Fakult\u00e9it fir Architektur a Design vun der FSMVU. Si huet als wichteg Designberoderin am \u015eAH\u00ce-Designprozess ged\u00e9ngt. Tamer Karatekin op der l\u00e9nker S\u00e4it, Prof. Dr. G\u00fcner Karatekin op der rietser S\u00e4it.<\/p><p><em>\u00a0<\/em><\/p>\t\t\t\t\t\t\t\t<\/div>\n\t\t\t\t<\/div>\n\t\t\t\t<\/div>\n\t\t\t\t\t<\/div>\n\t\t\t\t<\/div>\n\t\t\t\t<\/div>","protected":false},"excerpt":{"rendered":"<p>The Shatranj Project Team and the \u015eAH\u00ce Prototype \u00a0 The development of the \u015eAH\u00ce chess set was a collaborative milestone for the teams behind the shatranj.ai and shatranj.art projects. These initiatives, coordinated through the Science History Department of Fatih Sultan Mehmet Vak\u0131f University (FSMVU) and supported by the EU Erasmus+ Youth programme, aim to bridge [&hellip;]<\/p>\n","protected":false},"author":1,"featured_media":0,"parent":743,"menu_order":0,"comment_status":"closed","ping_status":"closed","template":"","meta":{"footnotes":""},"class_list":["post-1521","page","type-page","status-publish","hentry"],"_links":{"self":[{"href":"https:\/\/shatranj.art\/lb\/wp-json\/wp\/v2\/pages\/1521","targetHints":{"allow":["GET"]}}],"collection":[{"href":"https:\/\/shatranj.art\/lb\/wp-json\/wp\/v2\/pages"}],"about":[{"href":"https:\/\/shatranj.art\/lb\/wp-json\/wp\/v2\/types\/page"}],"author":[{"embeddable":true,"href":"https:\/\/shatranj.art\/lb\/wp-json\/wp\/v2\/users\/1"}],"replies":[{"embeddable":true,"href":"https:\/\/shatranj.art\/lb\/wp-json\/wp\/v2\/comments?post=1521"}],"version-history":[{"count":22,"href":"https:\/\/shatranj.art\/lb\/wp-json\/wp\/v2\/pages\/1521\/revisions"}],"predecessor-version":[{"id":1637,"href":"https:\/\/shatranj.art\/lb\/wp-json\/wp\/v2\/pages\/1521\/revisions\/1637"}],"up":[{"embeddable":true,"href":"https:\/\/shatranj.art\/lb\/wp-json\/wp\/v2\/pages\/743"}],"wp:attachment":[{"href":"https:\/\/shatranj.art\/lb\/wp-json\/wp\/v2\/media?parent=1521"}],"curies":[{"name":"wp","href":"https:\/\/api.w.org\/{rel}","templated":true}]}}