{"id":1543,"date":"2026-02-24T08:36:27","date_gmt":"2026-02-24T08:36:27","guid":{"rendered":"https:\/\/shatranj.art\/?page_id=1543"},"modified":"2026-02-24T08:53:53","modified_gmt":"2026-02-24T08:53:53","slug":"plakat-41","status":"publish","type":"page","link":"https:\/\/shatranj.art\/lb\/exhibit\/plakat-41\/","title":{"rendered":"plakat-41"},"content":{"rendered":"<div data-elementor-type=\"wp-page\" data-elementor-id=\"1543\" class=\"elementor elementor-1543\" data-elementor-post-type=\"page\">\n\t\t\t\t<div class=\"elementor-element elementor-element-7a8daa7 e-flex e-con-boxed e-con e-parent\" data-id=\"7a8daa7\" data-element_type=\"container\" data-e-type=\"container\" data-settings=\"{&quot;background_background&quot;:&quot;classic&quot;}\">\n\t\t\t\t\t<div class=\"e-con-inner\">\n\t\t<div class=\"elementor-element elementor-element-26be55b e-con-full e-flex e-con e-child\" data-id=\"26be55b\" data-element_type=\"container\" data-e-type=\"container\">\n\t\t\t\t<div class=\"elementor-element elementor-element-3278af1 elementor-widget elementor-widget-image\" data-id=\"3278af1\" data-element_type=\"widget\" data-e-type=\"widget\" data-widget_type=\"image.default\">\n\t\t\t\t<div class=\"elementor-widget-container\">\n\t\t\t\t\t\t\t\t\t\t\t\t\t\t\t<img fetchpriority=\"high\" decoding=\"async\" width=\"1280\" height=\"960\" src=\"https:\/\/shatranj.art\/wp-content\/uploads\/2026\/02\/Sahi_Cannon_at_Fort_Nelson_UK.jpg\" class=\"attachment-full size-full wp-image-1545\" alt=\"\" srcset=\"https:\/\/shatranj.art\/wp-content\/uploads\/2026\/02\/Sahi_Cannon_at_Fort_Nelson_UK.jpg 1280w, https:\/\/shatranj.art\/wp-content\/uploads\/2026\/02\/Sahi_Cannon_at_Fort_Nelson_UK-300x225.jpg 300w, https:\/\/shatranj.art\/wp-content\/uploads\/2026\/02\/Sahi_Cannon_at_Fort_Nelson_UK-1024x768.jpg 1024w, https:\/\/shatranj.art\/wp-content\/uploads\/2026\/02\/Sahi_Cannon_at_Fort_Nelson_UK-768x576.jpg 768w, https:\/\/shatranj.art\/wp-content\/uploads\/2026\/02\/Sahi_Cannon_at_Fort_Nelson_UK-16x12.jpg 16w\" sizes=\"(max-width: 1280px) 100vw, 1280px\" \/>\t\t\t\t\t\t\t\t\t\t\t\t\t\t\t<\/div>\n\t\t\t\t<\/div>\n\t\t\t\t<div class=\"elementor-element elementor-element-6723efb elementor-widget elementor-widget-text-editor\" data-id=\"6723efb\" data-element_type=\"widget\" data-e-type=\"widget\" data-widget_type=\"text-editor.default\">\n\t\t\t\t<div class=\"elementor-widget-container\">\n\t\t\t\t\t\t\t\t\t<h3><b>D'Ursprong vum Wuert \u015eAH\u00ce an seng Verbindung mat der Entw\u00e9cklung vum Schach\u00a0<\/b><\/h3><p>SHAH (\u015eAH) ass e Begr\u00ebff, deen an de ville slawesche Sproochen fir Schach benotzt g\u00ebtt. D'd\u00e4itsch Wuert \u201cschach\u201d, d'frans\u00e9isch \u201c\u00e9checs\u201d an d'engl\u00ebsch \u201cchess\u201d sinn all phonetesch vum Wuert \u201cshah\u201d ofgeleet. De Begr\u00ebff \u201c\u015eAH\u00ce\u201d als Adjektiv bedeit k\u00f6niglech oder dem Shah eigent\u00fcmlech. Et g\u00ebtt och an literar\u00ebsche Texter benotzt, fir staark a pr\u00e4chteg ze bedeiten.<\/p><p>\u00a0<\/p><p>D'\u015eAH\u00ce-Kanoun, entworf vum ungar\u00ebschen Ingenieur Orban, huet eng entscheedend Roll gespillt beim Duerchbroch vun de massiven Maueren a Tuermen vu Konstantinopel w\u00e4hrend der Belagerung am Joer 1453 \u00ebnner der Leedung vum Fatih Sultan Mehmed, wat e revolution\u00e4re Wandel am Belagerungskrieg symbolis\u00e9iert.<\/p><p>\u00a0<\/p><p>Dr\u00e4i Joerhonnerten no der Eroberung vun Istanbul gouf w\u00e4rend der Dardanellen-Operatioun am Joer 1807 eng aner Joerhonnerten al \u015eAH\u00ce-Kanoun op britesch Sch\u00ebffer gefeuert, wat bedeitend Verloschter verursaacht huet. Den osmanesche Sultan Abd\u00fclaziz huet d\u00ebs Kanoun 1866 der Kinigin Victoria geschenkt. D'Foto vun der \u015eAH\u00ce-Kanoun hei uewen ass vum Fort Nelson am Vereenegte Kinnekr\u00e4ich.<\/p><p>\u00a0<\/p><p>Den Numm \u015eAH\u00ce symbolis\u00e9iert d'Entw\u00e9cklung vum Turmst\u00e9ck an verschiddene Sproochen, vum Krichswagen bis zum Turm, vun der Kanoun bis zum Sch\u00ebff, a spigelt d'Entw\u00e9cklung vum Schachspill.<\/p><p>\u00a0<\/p><p>D'\u015eAH\u00ce-Schachspill gouf vum Tamer Karatekin entworf, engem fr\u00e9iere \u00e9ischte Brettspiller vun der Schachmannschaft vum Massachusetts Institute of Technology an engem erfuerenen Schachp\u00e4dagog. Et stellt op eng elegant Man\u00e9ier d'Geschicht an d'Entw\u00e9cklung vum Schach duer a gouf fir de Schoul- an Turn\u00e9iergebrauch hiergestallt. Et ass esou entworf, datt et kulturell an geeschteg inklusiv ass. D'Produktioun gouf duerch Zousch\u00ebss vum Massachusetts Cultural Council an dem Erasmus+ Jugendprogramm vun der Europ\u00e4escher Unioun \u00ebnnerst\u00ebtzt.<\/p><p>\u00a0<\/p><p>L\u00e9iert m\u00e9i iwwer d'Designstory vum \u015eAH\u00ce op:\u00a0 \u00a0<a href=\"http:\/\/www.shahimasterset.com\/\">www.shahimasterset.com<\/a><\/p><p>Kuckt och eis verbonne Projeten un:<br \/>Schach-bas\u00e9iert KI-L\u00e9ierplang: <a href=\"http:\/\/www.shatranj.ai\/\">schachspill.ai<\/a><\/p><p>Histor\u00ebsch Geeschtespill-Ausstellung: <a href=\"https:\/\/shatranj.art\/lb\/\">Schachspillkonscht<\/a><\/p>\t\t\t\t\t\t\t\t<\/div>\n\t\t\t\t<\/div>\n\t\t\t\t<div class=\"elementor-element elementor-element-7946825 elementor-widget elementor-widget-image\" data-id=\"7946825\" data-element_type=\"widget\" data-e-type=\"widget\" data-widget_type=\"image.default\">\n\t\t\t\t<div class=\"elementor-widget-container\">\n\t\t\t\t\t\t\t\t\t\t\t\t\t\t\t<img decoding=\"async\" width=\"559\" height=\"397\" src=\"https:\/\/shatranj.art\/wp-content\/uploads\/2026\/02\/shahi-engish-brochure-A6-page1.png\" class=\"attachment-full size-full wp-image-1548\" alt=\"\" srcset=\"https:\/\/shatranj.art\/wp-content\/uploads\/2026\/02\/shahi-engish-brochure-A6-page1.png 559w, https:\/\/shatranj.art\/wp-content\/uploads\/2026\/02\/shahi-engish-brochure-A6-page1-300x213.png 300w, https:\/\/shatranj.art\/wp-content\/uploads\/2026\/02\/shahi-engish-brochure-A6-page1-18x12.png 18w\" sizes=\"(max-width: 559px) 100vw, 559px\" \/>\t\t\t\t\t\t\t\t\t\t\t\t\t\t\t<\/div>\n\t\t\t\t<\/div>\n\t\t\t\t<\/div>\n\t\t\t\t\t<\/div>\n\t\t\t\t<\/div>\n\t\t\t\t<\/div>","protected":false},"excerpt":{"rendered":"<p>The origins of the \u015eAH\u00ce\u00a0 word and its connection to the evolution of chess\u00a0 SHAH (\u015eAH) is a term used in many Slavic languages for chess. The German word &#8220;schach,&#8221; French &#8220;\u00e9checs,&#8221; and English &#8220;chess&#8221; are all phonetically derived from the word &#8220;shah.&#8221; The term &#8220;\u015eAH\u00ce&#8221; as an adjective means royal or specific to the [&hellip;]<\/p>\n","protected":false},"author":1,"featured_media":0,"parent":743,"menu_order":0,"comment_status":"closed","ping_status":"closed","template":"","meta":{"footnotes":""},"class_list":["post-1543","page","type-page","status-publish","hentry"],"_links":{"self":[{"href":"https:\/\/shatranj.art\/lb\/wp-json\/wp\/v2\/pages\/1543","targetHints":{"allow":["GET"]}}],"collection":[{"href":"https:\/\/shatranj.art\/lb\/wp-json\/wp\/v2\/pages"}],"about":[{"href":"https:\/\/shatranj.art\/lb\/wp-json\/wp\/v2\/types\/page"}],"author":[{"embeddable":true,"href":"https:\/\/shatranj.art\/lb\/wp-json\/wp\/v2\/users\/1"}],"replies":[{"embeddable":true,"href":"https:\/\/shatranj.art\/lb\/wp-json\/wp\/v2\/comments?post=1543"}],"version-history":[{"count":10,"href":"https:\/\/shatranj.art\/lb\/wp-json\/wp\/v2\/pages\/1543\/revisions"}],"predecessor-version":[{"id":1557,"href":"https:\/\/shatranj.art\/lb\/wp-json\/wp\/v2\/pages\/1543\/revisions\/1557"}],"up":[{"embeddable":true,"href":"https:\/\/shatranj.art\/lb\/wp-json\/wp\/v2\/pages\/743"}],"wp:attachment":[{"href":"https:\/\/shatranj.art\/lb\/wp-json\/wp\/v2\/media?parent=1543"}],"curies":[{"name":"wp","href":"https:\/\/api.w.org\/{rel}","templated":true}]}}