{"id":746,"date":"2026-02-21T08:56:19","date_gmt":"2026-02-21T08:56:19","guid":{"rendered":"https:\/\/shatranj.art\/?page_id=746"},"modified":"2026-02-24T09:40:48","modified_gmt":"2026-02-24T09:40:48","slug":"poster-2","status":"publish","type":"page","link":"https:\/\/shatranj.art\/lb\/exhibit\/poster-2\/","title":{"rendered":"Plakat 2"},"content":{"rendered":"<div data-elementor-type=\"wp-page\" data-elementor-id=\"746\" class=\"elementor elementor-746\" data-elementor-post-type=\"page\">\n\t\t\t\t<div class=\"elementor-element elementor-element-ce34391 e-flex e-con-boxed e-con e-parent\" data-id=\"ce34391\" data-element_type=\"container\" data-e-type=\"container\" data-settings=\"{&quot;background_background&quot;:&quot;classic&quot;}\">\n\t\t\t\t\t<div class=\"e-con-inner\">\n\t\t<div class=\"elementor-element elementor-element-0ae7be7 e-grid e-con-full e-con e-child\" data-id=\"0ae7be7\" data-element_type=\"container\" data-e-type=\"container\">\n\t\t<div class=\"elementor-element elementor-element-1ce30ac e-con-full e-flex e-con e-child\" data-id=\"1ce30ac\" data-element_type=\"container\" data-e-type=\"container\">\n\t\t\t\t<div class=\"elementor-element elementor-element-19e97fe elementor-widget elementor-widget-image\" data-id=\"19e97fe\" data-element_type=\"widget\" data-e-type=\"widget\" data-widget_type=\"image.default\">\n\t\t\t\t<div class=\"elementor-widget-container\">\n\t\t\t\t\t\t\t\t\t\t\t\t\t\t\t<img fetchpriority=\"high\" decoding=\"async\" width=\"1635\" height=\"2180\" src=\"https:\/\/shatranj.art\/wp-content\/uploads\/2026\/02\/3.jpg\" class=\"attachment-full size-full wp-image-765\" alt=\"\" srcset=\"https:\/\/shatranj.art\/wp-content\/uploads\/2026\/02\/3.jpg 1635w, https:\/\/shatranj.art\/wp-content\/uploads\/2026\/02\/3-225x300.jpg 225w, https:\/\/shatranj.art\/wp-content\/uploads\/2026\/02\/3-768x1024.jpg 768w, https:\/\/shatranj.art\/wp-content\/uploads\/2026\/02\/3-1152x1536.jpg 1152w, https:\/\/shatranj.art\/wp-content\/uploads\/2026\/02\/3-1536x2048.jpg 1536w\" sizes=\"(max-width: 1635px) 100vw, 1635px\" \/>\t\t\t\t\t\t\t\t\t\t\t\t\t\t\t<\/div>\n\t\t\t\t<\/div>\n\t\t\t\t<div class=\"elementor-element elementor-element-d10d922 elementor-widget elementor-widget-text-editor\" data-id=\"d10d922\" data-element_type=\"widget\" data-e-type=\"widget\" data-widget_type=\"text-editor.default\">\n\t\t\t\t<div class=\"elementor-widget-container\">\n\t\t\t\t\t\t\t\t\t<p><strong>De Rhythmus vun der Ernte: Mancala an kollektivt W\u00ebssen<\/strong><span style=\"font-weight: 400;\"> <br \/>Vum H\u00e4erz vun Afrika bis an Asien an de M\u00ebttleren Osten erstreckt sech Mancala, dat eelste \u201cZielen-an-F\u00e4nken\u201d-Spill vun der M\u00ebnschheet. Et g\u00ebtt a Forme fonnt, vun L\u00e4cher, d\u00e9i an d'\u00c4erd gegruewe sinn, bis hin zu pr\u00e4chtege Holzbriet, d\u00e9i fir d'Kinnekschaft geschn\u00ebtzt goufen; et symbolis\u00e9iert net n\u00ebmmen mathematesch F\u00e4egkeeten, mee och d'Zyklen vum Iwwerschoss an dem Deelen. Och wann et iwwer d'Joerhonnerte \u00ebnner ville Nimm bekannt war, d\u00e9ngt seng konsequent a d\u00e9ifgr\u00e4ifend Logik als Beweis dofir, w\u00e9i de m\u00ebnschleche Verstand op engem universellen Terrain zesummek\u00ebnnt, onofh\u00e4ngeg vun der Geographie.<br \/><\/span><\/p>\t\t\t\t\t\t\t\t<\/div>\n\t\t\t\t<\/div>\n\t\t\t\t<\/div>\n\t\t<div class=\"elementor-element elementor-element-729250c e-con-full e-flex e-con e-child\" data-id=\"729250c\" data-element_type=\"container\" data-e-type=\"container\">\n\t\t\t\t<div class=\"elementor-element elementor-element-acf6f3e elementor-widget elementor-widget-image\" data-id=\"acf6f3e\" data-element_type=\"widget\" data-e-type=\"widget\" data-widget_type=\"image.default\">\n\t\t\t\t<div class=\"elementor-widget-container\">\n\t\t\t\t\t\t\t\t\t\t\t\t\t\t\t<img decoding=\"async\" width=\"2433\" height=\"1622\" src=\"https:\/\/shatranj.art\/wp-content\/uploads\/2026\/02\/3-2.jpg\" class=\"attachment-full size-full wp-image-766\" alt=\"\" srcset=\"https:\/\/shatranj.art\/wp-content\/uploads\/2026\/02\/3-2.jpg 2433w, https:\/\/shatranj.art\/wp-content\/uploads\/2026\/02\/3-2-300x200.jpg 300w, https:\/\/shatranj.art\/wp-content\/uploads\/2026\/02\/3-2-1024x683.jpg 1024w, https:\/\/shatranj.art\/wp-content\/uploads\/2026\/02\/3-2-768x512.jpg 768w, https:\/\/shatranj.art\/wp-content\/uploads\/2026\/02\/3-2-1536x1024.jpg 1536w, https:\/\/shatranj.art\/wp-content\/uploads\/2026\/02\/3-2-2048x1365.jpg 2048w\" sizes=\"(max-width: 2433px) 100vw, 2433px\" \/>\t\t\t\t\t\t\t\t\t\t\t\t\t\t\t<\/div>\n\t\t\t\t<\/div>\n\t\t\t\t<div class=\"elementor-element elementor-element-d9c2fd4 elementor-widget elementor-widget-text-editor\" data-id=\"d9c2fd4\" data-element_type=\"widget\" data-e-type=\"widget\" data-widget_type=\"text-editor.default\">\n\t\t\t\t<div class=\"elementor-widget-container\">\n\t\t\t\t\t\t\t\t\t<p><b>Liewen an Marmor agegraff: Vu Aphrodisias bis Backgammon<br \/><\/b>Dacks op de Stuf\u00eb vum Stadion an an de \u00ebffentleche Plazen vun Aphrodisias fonnt, sinn d\u00ebs marmorne Spillbriet lieweg Spueren vum deegleche soziale Gewebe vu Rom. De Ludus Duodecim Scriptorum ass e Verm\u00e4chtnis, dat sech aus der r\u00f6m\u00ebscher Stroossenkultur an d'strategesch Kader vun der byzantinescher an islamescher Welt entw\u00e9ckelt huet, an schliisslech an dat modernen Backgammon (Tabula) iwwergeet. D\u00ebs Linnen fl\u00fcsteren, datt d'Leit an der antiker Welt net n\u00ebmmen Spiller gespillt hunn; si hunn kulturell Br\u00e9cken gebaut.<\/p>\t\t\t\t\t\t\t\t<\/div>\n\t\t\t\t<\/div>\n\t\t\t\t<\/div>\n\t\t\t\t<\/div>\n\t\t<div class=\"elementor-element elementor-element-236ef5e e-grid e-con-full e-con e-child\" data-id=\"236ef5e\" data-element_type=\"container\" data-e-type=\"container\">\n\t\t<div class=\"elementor-element elementor-element-02db768 e-con-full e-flex e-con e-child\" data-id=\"02db768\" data-element_type=\"container\" data-e-type=\"container\">\n\t\t\t\t<div class=\"elementor-element elementor-element-51f7531 elementor-widget elementor-widget-image\" data-id=\"51f7531\" data-element_type=\"widget\" data-e-type=\"widget\" data-widget_type=\"image.default\">\n\t\t\t\t<div class=\"elementor-widget-container\">\n\t\t\t\t\t\t\t\t\t\t\t\t\t\t\t<img decoding=\"async\" width=\"2129\" height=\"1875\" src=\"https:\/\/shatranj.art\/wp-content\/uploads\/2026\/02\/3-3.jpg\" class=\"attachment-full size-full wp-image-767\" alt=\"\" srcset=\"https:\/\/shatranj.art\/wp-content\/uploads\/2026\/02\/3-3.jpg 2129w, https:\/\/shatranj.art\/wp-content\/uploads\/2026\/02\/3-3-300x264.jpg 300w, https:\/\/shatranj.art\/wp-content\/uploads\/2026\/02\/3-3-1024x902.jpg 1024w, https:\/\/shatranj.art\/wp-content\/uploads\/2026\/02\/3-3-768x676.jpg 768w, https:\/\/shatranj.art\/wp-content\/uploads\/2026\/02\/3-3-1536x1353.jpg 1536w, https:\/\/shatranj.art\/wp-content\/uploads\/2026\/02\/3-3-2048x1804.jpg 2048w\" sizes=\"(max-width: 2129px) 100vw, 2129px\" \/>\t\t\t\t\t\t\t\t\t\t\t\t\t\t\t<\/div>\n\t\t\t\t<\/div>\n\t\t\t\t<div class=\"elementor-element elementor-element-4ca9fa0 elementor-widget elementor-widget-text-editor\" data-id=\"4ca9fa0\" data-element_type=\"widget\" data-e-type=\"widget\" data-widget_type=\"text-editor.default\">\n\t\t\t\t<div class=\"elementor-widget-container\">\n\t\t\t\t\t\t\t\t\t<p><b>D\u00e9i \u00e9ischt Beweegunge vun der Z\u00e4it: D'Kinnekl\u00e9ck Spill vun Ur<\/b><span style=\"font-weight: 400;\"> <br \/>Aus dem H\u00e4erz vu Mesopotamien, ongef\u00e9ier 2600 v. Chr., entstanen, ass d\u00ebst Spill eng vun de m\u00ebnschlechechsten dokument\u00e9ierte Passiounen fir Strategie. S\u00e4in Spillbriet, filigran mat Lapis-Lazuli an Muschelschuelen bestozt, weist d'raffin\u00e9iert Konscht a Handwierksgeschick vun d\u00e4r \u00c4ra. D'Nei-Entdeckung vu senge Reegelen op enger Lehmtafel Joerhonnerten m\u00e9i sp\u00e9it erlaabt d\u00ebsem ale geeschtege Erbe, sech nees mat der moderner Welt ze verbannen.<br \/><\/span><\/p>\t\t\t\t\t\t\t\t<\/div>\n\t\t\t\t<\/div>\n\t\t\t\t<\/div>\n\t\t<div class=\"elementor-element elementor-element-0a06631 e-con-full e-flex e-con e-child\" data-id=\"0a06631\" data-element_type=\"container\" data-e-type=\"container\">\n\t\t\t\t<div class=\"elementor-element elementor-element-361ce2f elementor-widget elementor-widget-image\" data-id=\"361ce2f\" data-element_type=\"widget\" data-e-type=\"widget\" data-widget_type=\"image.default\">\n\t\t\t\t<div class=\"elementor-widget-container\">\n\t\t\t\t\t\t\t\t\t\t\t\t\t\t\t<img loading=\"lazy\" decoding=\"async\" width=\"2353\" height=\"1875\" src=\"https:\/\/shatranj.art\/wp-content\/uploads\/2026\/02\/3-4.jpg\" class=\"attachment-full size-full wp-image-768\" alt=\"\" srcset=\"https:\/\/shatranj.art\/wp-content\/uploads\/2026\/02\/3-4.jpg 2353w, https:\/\/shatranj.art\/wp-content\/uploads\/2026\/02\/3-4-300x239.jpg 300w, https:\/\/shatranj.art\/wp-content\/uploads\/2026\/02\/3-4-1024x816.jpg 1024w, https:\/\/shatranj.art\/wp-content\/uploads\/2026\/02\/3-4-768x612.jpg 768w, https:\/\/shatranj.art\/wp-content\/uploads\/2026\/02\/3-4-1536x1224.jpg 1536w, https:\/\/shatranj.art\/wp-content\/uploads\/2026\/02\/3-4-2048x1632.jpg 2048w\" sizes=\"(max-width: 2353px) 100vw, 2353px\" \/>\t\t\t\t\t\t\t\t\t\t\t\t\t\t\t<\/div>\n\t\t\t\t<\/div>\n\t\t\t\t<div class=\"elementor-element elementor-element-c5f325b elementor-widget elementor-widget-text-editor\" data-id=\"c5f325b\" data-element_type=\"widget\" data-e-type=\"widget\" data-widget_type=\"text-editor.default\">\n\t\t\t\t<div class=\"elementor-widget-container\">\n\t\t\t\t\t\t\t\t\t<p><b>Universal Geometrie: De grenzlose dr\u00e4ifache M\u00e4nner-Morris<\/b><span style=\"font-weight: 400;\"> <br \/>Mat senge Wuerzelen, d\u00e9i zr\u00e9ckgoen op al\u00e4gyptesch Tempelen an r\u00f6m\u00ebsch Foren, ass Three Men's Morris e Symbol fir d\u00e9if Strategie an Einfachheet. Mindestens esou al w\u00e9i Schach, ass et dat \u201cdemokrateschst\u201d Geeschtspill, dat vun all Zivilisatioun mat lokalen Materialien a Schnitzereien am Liewen gehalen gouf. S\u00e4in Iwwerliewen iwwer dausende Joer ouni de Besoin un komplexe Reegelen beweist s\u00e4i onver\u00e4nnerlechen Platz an der m\u00ebnschlecher Psyche.<br \/><\/span><\/p>\t\t\t\t\t\t\t\t<\/div>\n\t\t\t\t<\/div>\n\t\t\t\t<\/div>\n\t\t\t\t<\/div>\n\t\t\t\t\t<\/div>\n\t\t\t\t<\/div>\n\t\t\t\t<\/div>","protected":false},"excerpt":{"rendered":"<p>The Rhythm of Harvest: Mancala and Collective Wisdom Spanning from the heart of Africa to Asia and the Middle East, Mancala is humanity\u2019s oldest &#8220;count-and-capture&#8221; game. Found in forms ranging from holes dug into the earth to magnificent wooden boards carved for royalty, it symbolizes not just mathematical skill, but the cycles of abundance and [&hellip;]<\/p>\n","protected":false},"author":1,"featured_media":0,"parent":743,"menu_order":0,"comment_status":"closed","ping_status":"closed","template":"elementor_header_footer","meta":{"footnotes":""},"class_list":["post-746","page","type-page","status-publish","hentry"],"_links":{"self":[{"href":"https:\/\/shatranj.art\/lb\/wp-json\/wp\/v2\/pages\/746","targetHints":{"allow":["GET"]}}],"collection":[{"href":"https:\/\/shatranj.art\/lb\/wp-json\/wp\/v2\/pages"}],"about":[{"href":"https:\/\/shatranj.art\/lb\/wp-json\/wp\/v2\/types\/page"}],"author":[{"embeddable":true,"href":"https:\/\/shatranj.art\/lb\/wp-json\/wp\/v2\/users\/1"}],"replies":[{"embeddable":true,"href":"https:\/\/shatranj.art\/lb\/wp-json\/wp\/v2\/comments?post=746"}],"version-history":[{"count":11,"href":"https:\/\/shatranj.art\/lb\/wp-json\/wp\/v2\/pages\/746\/revisions"}],"predecessor-version":[{"id":1595,"href":"https:\/\/shatranj.art\/lb\/wp-json\/wp\/v2\/pages\/746\/revisions\/1595"}],"up":[{"embeddable":true,"href":"https:\/\/shatranj.art\/lb\/wp-json\/wp\/v2\/pages\/743"}],"wp:attachment":[{"href":"https:\/\/shatranj.art\/lb\/wp-json\/wp\/v2\/media?parent=746"}],"curies":[{"name":"wp","href":"https:\/\/api.w.org\/{rel}","templated":true}]}}