{"id":788,"date":"2026-02-21T17:52:41","date_gmt":"2026-02-21T17:52:41","guid":{"rendered":"https:\/\/shatranj.art\/?page_id=788"},"modified":"2026-02-23T08:09:25","modified_gmt":"2026-02-23T08:09:25","slug":"poster-5","status":"publish","type":"page","link":"https:\/\/shatranj.art\/lb\/exhibit\/poster-5\/","title":{"rendered":"Plakat 5"},"content":{"rendered":"<div data-elementor-type=\"wp-page\" data-elementor-id=\"788\" class=\"elementor elementor-788\" data-elementor-post-type=\"page\">\n\t\t\t\t<div class=\"elementor-element elementor-element-392e0f4 e-flex e-con-boxed e-con e-parent\" data-id=\"392e0f4\" data-element_type=\"container\" data-e-type=\"container\" data-settings=\"{&quot;background_background&quot;:&quot;classic&quot;}\">\n\t\t\t\t\t<div class=\"e-con-inner\">\n\t\t<div class=\"elementor-element elementor-element-7cea5b8 e-con-full e-flex e-con e-child\" data-id=\"7cea5b8\" data-element_type=\"container\" data-e-type=\"container\">\n\t\t\t\t<div class=\"elementor-element elementor-element-022fe27 elementor-widget elementor-widget-image\" data-id=\"022fe27\" data-element_type=\"widget\" data-e-type=\"widget\" data-widget_type=\"image.default\">\n\t\t\t\t<div class=\"elementor-widget-container\">\n\t\t\t\t\t\t\t\t\t\t\t\t\t\t\t<img fetchpriority=\"high\" decoding=\"async\" width=\"800\" height=\"667\" src=\"https:\/\/shatranj.art\/wp-content\/uploads\/2026\/02\/22-1024x854.jpg\" class=\"attachment-large size-large wp-image-1004\" alt=\"\" srcset=\"https:\/\/shatranj.art\/wp-content\/uploads\/2026\/02\/22-1024x854.jpg 1024w, https:\/\/shatranj.art\/wp-content\/uploads\/2026\/02\/22-300x250.jpg 300w, https:\/\/shatranj.art\/wp-content\/uploads\/2026\/02\/22-768x640.jpg 768w, https:\/\/shatranj.art\/wp-content\/uploads\/2026\/02\/22-1536x1280.jpg 1536w, https:\/\/shatranj.art\/wp-content\/uploads\/2026\/02\/22-2048x1707.jpg 2048w\" sizes=\"(max-width: 800px) 100vw, 800px\" \/>\t\t\t\t\t\t\t\t\t\t\t\t\t\t\t<\/div>\n\t\t\t\t<\/div>\n\t\t\t\t<div class=\"elementor-element elementor-element-883ad20 elementor-widget elementor-widget-text-editor\" data-id=\"883ad20\" data-element_type=\"widget\" data-e-type=\"widget\" data-widget_type=\"text-editor.default\">\n\t\t\t\t<div class=\"elementor-widget-container\">\n\t\t\t\t\t\t\t\t\t<h3><b>Ludus Duodecim Scriptorum: D'r\u00f6mescht Erbe vum Backgammon<\/b><\/h3><p>D'Geheimnis vun de zwielef Mark\u00e9ierungen, wat op Lat\u00e4in \u201cD'Spill vun de zwielef Mark\u00e9ierungen\u201d bedeit, Ludus Duodecim Scriptorum, war e w\u00e4it verbreet Strategie- a Gl\u00e9ckspill am ganzen r\u00f6m\u00ebschen Imperium, vun de Milit\u00e4rkas\u00e4rmen bis zu de kaiserleche Palaissen. Beispiller, d\u00e9i an d'Marmorbuedemer vun der antiker Stad Ephesus agegraff sinn, besonnesch op de Trappen vun der Biblioth\u00e9ik vum Celsus, dokument\u00e9ieren d'zentral Roll vun d\u00ebsem Spill am deegleche Liewen vun de R\u00f6mer. Mat engem Spillplang aus dr\u00e4i Reien, vun deenen all 12 Felder huet, stellt d'Spill e Rennen duer, bei deem d'St\u00e9cker mat dr\u00e4i Wierfelen an d'Heemzone beweegt musse ginn.<\/p><p>\u00a0<\/p><p><b>De Virfahre vum Backgammon<\/b> <span style=\"font-weight: 400;\"><br \/><\/span>Iwwer Joerhonnerten huet d'Vereenfachung vu senge Reegelen an de Wiessel op e Format mat zwou Reien dat Spill entstoe gelooss, dat als Tabula bekannt ass, de direkte Virg\u00e4nger vum modernen Backgammon. Ludus Duodecim Scriptorum ass net n\u00ebmmen eng Z\u00e4itvertreib; et ass e an d'Steen agegraffent Zeechen vum antike Geescht sengem Streben no mathematescher Wahrscheinlechkeet, Risikomanagement an dem \u00e9iwege Kampf g\u00e9int d'Schicksal.<\/p>\t\t\t\t\t\t\t\t<\/div>\n\t\t\t\t<\/div>\n\t\t\t\t<\/div>\n\t\t\t\t\t<\/div>\n\t\t\t\t<\/div>\n\t\t\t\t<\/div>","protected":false},"excerpt":{"rendered":"<p>Ludus Duodecim Scriptorum: The Roman Heritage of Backgammon The Mystery of the Twelve Markings Meaning &#8220;The Game of Twelve Markings&#8221; in Latin, Ludus Duodecim Scriptorum was a widely played strategy and chance game throughout the Roman Empire, from military barracks to imperial palaces. Examples etched into the marble floors of the ancient city of Ephesus [&hellip;]<\/p>\n","protected":false},"author":1,"featured_media":0,"parent":743,"menu_order":0,"comment_status":"closed","ping_status":"closed","template":"","meta":{"footnotes":""},"class_list":["post-788","page","type-page","status-publish","hentry"],"_links":{"self":[{"href":"https:\/\/shatranj.art\/lb\/wp-json\/wp\/v2\/pages\/788","targetHints":{"allow":["GET"]}}],"collection":[{"href":"https:\/\/shatranj.art\/lb\/wp-json\/wp\/v2\/pages"}],"about":[{"href":"https:\/\/shatranj.art\/lb\/wp-json\/wp\/v2\/types\/page"}],"author":[{"embeddable":true,"href":"https:\/\/shatranj.art\/lb\/wp-json\/wp\/v2\/users\/1"}],"replies":[{"embeddable":true,"href":"https:\/\/shatranj.art\/lb\/wp-json\/wp\/v2\/comments?post=788"}],"version-history":[{"count":19,"href":"https:\/\/shatranj.art\/lb\/wp-json\/wp\/v2\/pages\/788\/revisions"}],"predecessor-version":[{"id":1301,"href":"https:\/\/shatranj.art\/lb\/wp-json\/wp\/v2\/pages\/788\/revisions\/1301"}],"up":[{"embeddable":true,"href":"https:\/\/shatranj.art\/lb\/wp-json\/wp\/v2\/pages\/743"}],"wp:attachment":[{"href":"https:\/\/shatranj.art\/lb\/wp-json\/wp\/v2\/media?parent=788"}],"curies":[{"name":"wp","href":"https:\/\/api.w.org\/{rel}","templated":true}]}}