{"id":936,"date":"2026-02-22T10:03:32","date_gmt":"2026-02-22T10:03:32","guid":{"rendered":"https:\/\/shatranj.art\/?page_id=936"},"modified":"2026-02-23T08:46:38","modified_gmt":"2026-02-23T08:46:38","slug":"poster-14","status":"publish","type":"page","link":"https:\/\/shatranj.art\/lb\/exhibit\/poster-14\/","title":{"rendered":"Plakat 14"},"content":{"rendered":"<div data-elementor-type=\"wp-page\" data-elementor-id=\"936\" class=\"elementor elementor-936\" data-elementor-post-type=\"page\">\n\t\t\t\t<div class=\"elementor-element elementor-element-c355192 e-flex e-con-boxed e-con e-parent\" data-id=\"c355192\" data-element_type=\"container\" data-e-type=\"container\" data-settings=\"{&quot;background_background&quot;:&quot;classic&quot;}\">\n\t\t\t\t\t<div class=\"e-con-inner\">\n\t\t<div class=\"elementor-element elementor-element-5bf7f96 e-con-full e-flex e-con e-child\" data-id=\"5bf7f96\" data-element_type=\"container\" data-e-type=\"container\">\n\t\t\t\t<div class=\"elementor-element elementor-element-82eab3c elementor-widget__width-initial elementor-widget-mobile__width-inherit elementor-widget elementor-widget-image\" data-id=\"82eab3c\" data-element_type=\"widget\" data-e-type=\"widget\" data-widget_type=\"image.default\">\n\t\t\t\t<div class=\"elementor-widget-container\">\n\t\t\t\t\t\t\t\t\t\t\t\t\t\t\t<img fetchpriority=\"high\" decoding=\"async\" width=\"768\" height=\"1024\" src=\"https:\/\/shatranj.art\/wp-content\/uploads\/2026\/02\/14-768x1024.jpg\" class=\"attachment-large size-large wp-image-939\" alt=\"\" srcset=\"https:\/\/shatranj.art\/wp-content\/uploads\/2026\/02\/14-768x1024.jpg 768w, https:\/\/shatranj.art\/wp-content\/uploads\/2026\/02\/14-225x300.jpg 225w, https:\/\/shatranj.art\/wp-content\/uploads\/2026\/02\/14-1152x1536.jpg 1152w, https:\/\/shatranj.art\/wp-content\/uploads\/2026\/02\/14-1536x2048.jpg 1536w, https:\/\/shatranj.art\/wp-content\/uploads\/2026\/02\/14-scaled.jpg 1920w\" sizes=\"(max-width: 768px) 100vw, 768px\" \/>\t\t\t\t\t\t\t\t\t\t\t\t\t\t\t<\/div>\n\t\t\t\t<\/div>\n\t\t\t\t<div class=\"elementor-element elementor-element-f30dc26 elementor-widget__width-initial elementor-widget elementor-widget-text-editor\" data-id=\"f30dc26\" data-element_type=\"widget\" data-e-type=\"widget\" data-widget_type=\"text-editor.default\">\n\t\t\t\t<div class=\"elementor-widget-container\">\n\t\t\t\t\t\t\t\t\t<p><strong>D'intellektuell Iwwerliwwerung vun engem Gorganiteschen Aristokrat<\/strong><\/p><p>\u00a0<\/p><p>Al-Suli war net n\u00ebmmen de bedeitendste Schachmeeschter vu senger Z\u00e4it; hien war e \u201cnadim\u201d (Hofbegleeder) vun de Abbasidenkalifen, e Palaishistoriker an e scharfs\u00ebnnege Dichter. Gebuer ronn 870 n. Chr. zu Gorgan, geet seng Ahnenlinn zr\u00e9ck op d'befestegt Festung Sul an de Dehistan-Steppen, wou s\u00e4i Grousspapp, de turkesch Pr\u00ebnz Sul tekin, eemol reg\u00e9iert huet. D\u00ebs edel Ierfschaft g\u00ebtt haut mat enger Statue um Onofh\u00e4ngegkeetsmonument zu Aschgabat, Turkmenistan, gefeiert.<\/p><p>\u00a0<\/p><p>Als Tr\u00e4ger vum Rang \u201cAliya\u201d, dem h\u00e9chsten erreechbare Titel am Schach, huet Al-Suli d'Spill an eng struktur\u00e9iert w\u00ebssenschaftlech Architektur transform\u00e9iert. An sengem wegweisenden Wierk Kitab al-Shatranj war hien deen \u00e9ischten, deen d'Ouvertuerstellungen (Tabiyas) an d'Endspillstrategien (Mansubas) systematesch dokument\u00e9iert huet. De theoretesche Kader, deen hien etabl\u00e9iert huet, huet fir Joerhonnerten als definitiv Moossstaf fir Meeschterschaft an als wichtegst Referenz ged\u00e9ngt, bis d'Erscheinen vun de modernen Schachreegelen.<\/p>\t\t\t\t\t\t\t\t<\/div>\n\t\t\t\t<\/div>\n\t\t<div class=\"elementor-element elementor-element-8f27e89 e-con-full e-flex e-con e-child\" data-id=\"8f27e89\" data-element_type=\"container\" data-e-type=\"container\">\n\t\t\t\t<div class=\"elementor-element elementor-element-374a727 elementor-widget-mobile__width-inherit elementor-widget elementor-widget-image\" data-id=\"374a727\" data-element_type=\"widget\" data-e-type=\"widget\" data-widget_type=\"image.default\">\n\t\t\t\t<div class=\"elementor-widget-container\">\n\t\t\t\t\t\t\t\t\t\t\t\t\t\t\t<img decoding=\"async\" width=\"800\" height=\"457\" src=\"https:\/\/shatranj.art\/wp-content\/uploads\/2026\/02\/14-1-1024x585.jpg\" class=\"attachment-large size-large wp-image-940\" alt=\"\" srcset=\"https:\/\/shatranj.art\/wp-content\/uploads\/2026\/02\/14-1-1024x585.jpg 1024w, https:\/\/shatranj.art\/wp-content\/uploads\/2026\/02\/14-1-300x171.jpg 300w, https:\/\/shatranj.art\/wp-content\/uploads\/2026\/02\/14-1-768x439.jpg 768w, https:\/\/shatranj.art\/wp-content\/uploads\/2026\/02\/14-1-1536x877.jpg 1536w, https:\/\/shatranj.art\/wp-content\/uploads\/2026\/02\/14-1-2048x1170.jpg 2048w\" sizes=\"(max-width: 800px) 100vw, 800px\" \/>\t\t\t\t\t\t\t\t\t\t\t\t\t\t\t<\/div>\n\t\t\t\t<\/div>\n\t\t\t\t<div class=\"elementor-element elementor-element-118c953 elementor-widget-mobile__width-inherit elementor-widget elementor-widget-image\" data-id=\"118c953\" data-element_type=\"widget\" data-e-type=\"widget\" data-widget_type=\"image.default\">\n\t\t\t\t<div class=\"elementor-widget-container\">\n\t\t\t\t\t\t\t\t\t\t\t\t\t\t\t<img decoding=\"async\" width=\"800\" height=\"488\" src=\"https:\/\/shatranj.art\/wp-content\/uploads\/2026\/02\/14-2-1024x624.jpg\" class=\"attachment-large size-large wp-image-941\" alt=\"\" srcset=\"https:\/\/shatranj.art\/wp-content\/uploads\/2026\/02\/14-2-1024x624.jpg 1024w, https:\/\/shatranj.art\/wp-content\/uploads\/2026\/02\/14-2-300x183.jpg 300w, https:\/\/shatranj.art\/wp-content\/uploads\/2026\/02\/14-2-768x468.jpg 768w, https:\/\/shatranj.art\/wp-content\/uploads\/2026\/02\/14-2-1536x936.jpg 1536w, https:\/\/shatranj.art\/wp-content\/uploads\/2026\/02\/14-2-2048x1249.jpg 2048w\" sizes=\"(max-width: 800px) 100vw, 800px\" \/>\t\t\t\t\t\t\t\t\t\t\t\t\t\t\t<\/div>\n\t\t\t\t<\/div>\n\t\t\t\t<\/div>\n\t\t\t\t<div class=\"elementor-element elementor-element-bbcc28f elementor-widget__width-initial elementor-widget elementor-widget-text-editor\" data-id=\"bbcc28f\" data-element_type=\"widget\" data-e-type=\"widget\" data-widget_type=\"text-editor.default\">\n\t\t\t\t<div class=\"elementor-widget-container\">\n\t\t\t\t\t\t\t\t\t<p><b>Suli s\u00e4i Diamant: De millenniumslaange \u201conl\u00e9isbare\u201d H\u00e9ichpunkt vun der Strategie<\/b><\/p><p>\u00a0<\/p><p>Kompon\u00e9iert am 10. Joerhonnert vum Gorganite-Meeschter Abu Bakr bin Yahya al-Suli, ass de \u201cDiamant\u201d dat legend\u00e4rst an am meeschten diskut\u00e9iert R\u00e4tsel an der Schachgeschicht. Trotz senger absoluter \u00e4usserer Einfachheet \u2013 e Endspill mat n\u00ebmmen engem Kinnek an engem Ferz (dem historeschen Virg\u00e4nger vun der Damm) op b\u00e9ide S\u00e4iten \u2013 ass d\u00ebs Kompositioun fir e ganzen Dausend Joer de \u201conl\u00e9isbare\u201d Everest vun der Schachwelt bliwwen. D\u00ebs brillant Kreatioun vum Al-Suli ass eng iwwerlee\u00ebn Man\u00f6verkonscht, d\u00e9i d'Grenze vum historesche Schach auslot.<\/p><p>\u00a0<\/p><p><strong>D'Geheimnis am S\u00fcleymaniye-Manuskript<\/strong><\/p><p>\u00a0<\/p><p>D\u00e9i wichtegst Opzeechnung vun d\u00ebsem R\u00e4tsel f\u00ebnnt een an der Kopie vum Kitab Ash-Shatranj, d\u00e9i an der S\u00fcleymaniye-Biblioth\u00e9ik zu Istanbul erhalen ass. Obwuel d'S\u00e4iten vun d\u00ebsem Manuskript intakt sinn, ass et evident, datt best\u00ebmmte Positiounen an Zich falsch oder onvollst\u00e4nneg aus der Originalquell transkrib\u00e9iert goufen. Trotz d\u00ebse historesche Schreiffeeler st\u00ebmmt d'deelweis L\u00e9isung am Text perfekt mat der d\u00e9ifgr\u00e4ifender analytescher Aarbecht iwwereneen, d\u00e9i de Grossmeeschter Yuri Averbakh am 20. Joerhonnert duerchgefouert huet. Al-Suli huet d'Exklusivit\u00e9it vu senger Meeschterschaft mat d\u00ebser trotzeger Ausso onsterblich gemaach:<\/p><p>\u201cKeng w\u00e4ert et l\u00e9isen, ausser d\u00e9i, d\u00e9i ech instruit hunn.\u201d<\/p><p>\u00a0<\/p><p><strong>De Triomf vun de Algorithmen:<\/strong> <strong>schachspill.ai<\/strong><\/p><p>\u00a0<\/p><p>De \u201cDiamant\u201d, deen d'm\u00ebnschlech Geeschter e Joerdausend laang an Erstaunen versat huet, ass elo duerch d'Kraaft vum digitalen Z\u00e4italter vollst\u00e4nneg opgekl\u00e4ert ginn. Am Kader vum shatranj.ai-Projet goufen, mat H\u00ebllef vu dynamesche Programm\u00e9ierungsmethoden an modernen Algorithmen mat aktiv\u00e9ierten \u201cHash\u201d- (Transpositiounstabelle-)F\u00e4egkeeten, all Variatiounen vun d\u00ebser genialer Kompositioun mathematesch opgel\u00e9ist. D\u00ebs Rees, d\u00e9i sech vun de Linnen vun de S\u00fcleymaniye-Manuskripter bis zum modernen Code erstreckt, ass d\u00e9i ultimativ Best\u00e4tegung vum zeitlosen strategeschen Genie vum Al-Suli a beweist, datt dat, wat eemol de gewielte Sch\u00fcler vum Meeschter reserv\u00e9iert war, elo duerch d'Sprooch vun der reiner Logik verstan ka ginn.<\/p>\t\t\t\t\t\t\t\t<\/div>\n\t\t\t\t<\/div>\n\t\t\t\t<\/div>\n\t\t\t\t\t<\/div>\n\t\t\t\t<\/div>\n\t\t\t\t<\/div>","protected":false},"excerpt":{"rendered":"<p>The Intellectual Legacy of a Gorganite Aristocrat \u00a0 Al-Suli was not merely the preeminent chess master of his age; he was a &#8220;nadim&#8221; (court companion) to Abbasid Caliphs, a palace historian, and a sharp-witted poet. Born in Gorgan around 870 AD, his lineage traces back to the fortified Fortress of Sul in the Dehistan steppes, [&hellip;]<\/p>\n","protected":false},"author":1,"featured_media":0,"parent":743,"menu_order":0,"comment_status":"closed","ping_status":"closed","template":"","meta":{"footnotes":""},"class_list":["post-936","page","type-page","status-publish","hentry"],"_links":{"self":[{"href":"https:\/\/shatranj.art\/lb\/wp-json\/wp\/v2\/pages\/936","targetHints":{"allow":["GET"]}}],"collection":[{"href":"https:\/\/shatranj.art\/lb\/wp-json\/wp\/v2\/pages"}],"about":[{"href":"https:\/\/shatranj.art\/lb\/wp-json\/wp\/v2\/types\/page"}],"author":[{"embeddable":true,"href":"https:\/\/shatranj.art\/lb\/wp-json\/wp\/v2\/users\/1"}],"replies":[{"embeddable":true,"href":"https:\/\/shatranj.art\/lb\/wp-json\/wp\/v2\/comments?post=936"}],"version-history":[{"count":31,"href":"https:\/\/shatranj.art\/lb\/wp-json\/wp\/v2\/pages\/936\/revisions"}],"predecessor-version":[{"id":1351,"href":"https:\/\/shatranj.art\/lb\/wp-json\/wp\/v2\/pages\/936\/revisions\/1351"}],"up":[{"embeddable":true,"href":"https:\/\/shatranj.art\/lb\/wp-json\/wp\/v2\/pages\/743"}],"wp:attachment":[{"href":"https:\/\/shatranj.art\/lb\/wp-json\/wp\/v2\/media?parent=936"}],"curies":[{"name":"wp","href":"https:\/\/api.w.org\/{rel}","templated":true}]}}