{"id":954,"date":"2026-02-22T15:10:21","date_gmt":"2026-02-22T15:10:21","guid":{"rendered":"https:\/\/shatranj.art\/?page_id=954"},"modified":"2026-02-24T09:18:28","modified_gmt":"2026-02-24T09:18:28","slug":"poster-16","status":"publish","type":"page","link":"https:\/\/shatranj.art\/lb\/exhibit\/poster-16\/","title":{"rendered":"Poster 16"},"content":{"rendered":"<div data-elementor-type=\"wp-page\" data-elementor-id=\"954\" class=\"elementor elementor-954\" data-elementor-post-type=\"page\">\n\t\t\t\t<div class=\"elementor-element elementor-element-05751de e-flex e-con-boxed e-con e-parent\" data-id=\"05751de\" data-element_type=\"container\" data-e-type=\"container\" data-settings=\"{&quot;background_background&quot;:&quot;classic&quot;}\">\n\t\t\t\t\t<div class=\"e-con-inner\">\n\t\t<div class=\"elementor-element elementor-element-415f3f4 e-con-full e-flex e-con e-child\" data-id=\"415f3f4\" data-element_type=\"container\" data-e-type=\"container\">\n\t\t\t\t<div class=\"elementor-element elementor-element-ee52ef0 elementor-widget__width-initial elementor-widget elementor-widget-image\" data-id=\"ee52ef0\" data-element_type=\"widget\" data-e-type=\"widget\" data-widget_type=\"image.default\">\n\t\t\t\t<div class=\"elementor-widget-container\">\n\t\t\t\t\t\t\t\t\t\t\t\t\t\t\t<img fetchpriority=\"high\" decoding=\"async\" width=\"723\" height=\"1024\" src=\"https:\/\/shatranj.art\/wp-content\/uploads\/2026\/02\/16-723x1024.jpg\" class=\"attachment-large size-large wp-image-959\" alt=\"\" srcset=\"https:\/\/shatranj.art\/wp-content\/uploads\/2026\/02\/16-723x1024.jpg 723w, https:\/\/shatranj.art\/wp-content\/uploads\/2026\/02\/16-212x300.jpg 212w, https:\/\/shatranj.art\/wp-content\/uploads\/2026\/02\/16-768x1087.jpg 768w, https:\/\/shatranj.art\/wp-content\/uploads\/2026\/02\/16-1085x1536.jpg 1085w, https:\/\/shatranj.art\/wp-content\/uploads\/2026\/02\/16-1447x2048.jpg 1447w, https:\/\/shatranj.art\/wp-content\/uploads\/2026\/02\/16.jpg 1557w\" sizes=\"(max-width: 723px) 100vw, 723px\" \/>\t\t\t\t\t\t\t\t\t\t\t\t\t\t\t<\/div>\n\t\t\t\t<\/div>\n\t\t\t\t<div class=\"elementor-element elementor-element-bc51b4f elementor-widget__width-initial elementor-widget elementor-widget-text-editor\" data-id=\"bc51b4f\" data-element_type=\"widget\" data-e-type=\"widget\" data-widget_type=\"text-editor.default\">\n\t\t\t\t<div class=\"elementor-widget-container\">\n\t\t\t\t\t\t\t\t\t<h3><b>Bucephalus: De legend\u00e4re Geescht vun de Steppen a Eroberungen<\/b><\/h3><p>Mat der Bedeitung \u201cK\u00e9i-Kapp\u201d (Boukephalos) am antike Gr\u00e9ichesch, wahrscheinlech w\u00e9inst sengem breede Stirn oder engem Brandzeechen op senger Sch\u00ebller, ass Bucephalus dat ikonescht Schluechtspuerd an der Geschicht. D'Legend erzielt, datt en dem Kinnek Philip II. vum Thessalier Philonicus fir d\u00e9i enorm Zomm vun 13 Taler ugebuede gouf, mee kee konnt s\u00e4i wilde Geescht z\u00e4hmen. En jonken Alexander, dee gesinn hat, datt de P\u00e4erd n\u00ebmmen duerch s\u00e4i eegene Schiet erschreckt war, huet en an d'Sonn gedr\u00e9int, fir en ze berouegen. W\u00e9i de Kinnek Philip dat gesinn huet, huet hien ber\u00fchmt ausgeruff: \u201cO m\u00e4i Jong, sich dir e Kinnekr\u00e4ich, dat dengem Niveau gerecht ass an dech wierdeg ass, well Mazedonien dir ze kleng ass!\u201d<\/p><p>\u00a0<\/p><p>Vun Schluechtfelder bis zur Onstierflechkeet<\/p><p>\u00a0<\/p><p>Bucephalus huet Alexander w\u00e4rend senger ganzer Campagne vu Griicheland bis an d'H\u00e4erz vun Indien begleet. Hien huet s\u00e4i Meeschter duerch d\u00e9i bludd\u00ebgst Schluechte gedroen, vu Granicus an Issus bis Gaugamela an d'Schluecht um Hydaspes. Am Joer 326 v. Chr., w\u00e4hrend der Indescher Kampagne, ass hien entweder un Kampfwonnen oder un h\u00e9ijer Alters (bei bal 30 Joer) gestuerwen. Zu senger \u00c9ier huet Alexander d'Stad Alexandria Bucephala um Ufer vum Floss Jhelum am modernen Pakistan gegr\u00ebnnt.<\/p><p>\u00a0<\/p><p>Kulturellt Erbe<\/p><p>\u00a0<\/p><p>An der Geschicht vun der Konscht a Literatur steet Bucephalus als Symbol fir Muecht, Treue a schaarfen Instinkt. An de \u00f6stlechen Traditiounen, wou Alexander dacks als \u201cIskandar\u201d identifiz\u00e9iert g\u00ebtt, g\u00ebtt Bucephalus als treie Begleeder duergestallt, deen mat iwwernatierlechen Eegeschaften ausgestatt ass. Hien bleift de richtege \u201cGeescht\u201d hannert dem gr\u00e9isste Eroberer an der Geschicht a represent\u00e9iert eng Verbindung, d\u00e9i iwwert d'Schluechtfeld erausgeet.<\/p>\t\t\t\t\t\t\t\t<\/div>\n\t\t\t\t<\/div>\n\t\t\t\t<\/div>\n\t\t\t\t\t<\/div>\n\t\t\t\t<\/div>\n\t\t\t\t<\/div>","protected":false},"excerpt":{"rendered":"<p>Bucephalus: The Legendary Spirit of the Steppes and Conquests Meaning &#8220;Ox-headed&#8221; (Boukephalos) in Ancient Greek likely due to his broad brow or a branding on his shoulder Bucephalus is the most iconic warhorse in history. Legend tells that he was offered to King Philip II by Philonicus the Thessalian for the staggering sum of 13 [&hellip;]<\/p>\n","protected":false},"author":1,"featured_media":0,"parent":743,"menu_order":0,"comment_status":"closed","ping_status":"closed","template":"","meta":{"footnotes":""},"class_list":["post-954","page","type-page","status-publish","hentry"],"_links":{"self":[{"href":"https:\/\/shatranj.art\/lb\/wp-json\/wp\/v2\/pages\/954","targetHints":{"allow":["GET"]}}],"collection":[{"href":"https:\/\/shatranj.art\/lb\/wp-json\/wp\/v2\/pages"}],"about":[{"href":"https:\/\/shatranj.art\/lb\/wp-json\/wp\/v2\/types\/page"}],"author":[{"embeddable":true,"href":"https:\/\/shatranj.art\/lb\/wp-json\/wp\/v2\/users\/1"}],"replies":[{"embeddable":true,"href":"https:\/\/shatranj.art\/lb\/wp-json\/wp\/v2\/comments?post=954"}],"version-history":[{"count":13,"href":"https:\/\/shatranj.art\/lb\/wp-json\/wp\/v2\/pages\/954\/revisions"}],"predecessor-version":[{"id":1579,"href":"https:\/\/shatranj.art\/lb\/wp-json\/wp\/v2\/pages\/954\/revisions\/1579"}],"up":[{"embeddable":true,"href":"https:\/\/shatranj.art\/lb\/wp-json\/wp\/v2\/pages\/743"}],"wp:attachment":[{"href":"https:\/\/shatranj.art\/lb\/wp-json\/wp\/v2\/media?parent=954"}],"curies":[{"name":"wp","href":"https:\/\/api.w.org\/{rel}","templated":true}]}}