{"id":976,"date":"2026-02-22T15:26:41","date_gmt":"2026-02-22T15:26:41","guid":{"rendered":"https:\/\/shatranj.art\/?page_id=976"},"modified":"2026-02-23T04:57:59","modified_gmt":"2026-02-23T04:57:59","slug":"poster-19","status":"publish","type":"page","link":"https:\/\/shatranj.art\/lb\/exhibit\/poster-19\/","title":{"rendered":"Plakat 19"},"content":{"rendered":"<div data-elementor-type=\"wp-page\" data-elementor-id=\"976\" class=\"elementor elementor-976\" data-elementor-post-type=\"page\">\n\t\t\t\t<div class=\"elementor-element elementor-element-bd53a03 e-flex e-con-boxed e-con e-parent\" data-id=\"bd53a03\" data-element_type=\"container\" data-e-type=\"container\" data-settings=\"{&quot;background_background&quot;:&quot;classic&quot;}\">\n\t\t\t\t\t<div class=\"e-con-inner\">\n\t\t<div class=\"elementor-element elementor-element-258a2d8 e-con-full e-flex e-con e-child\" data-id=\"258a2d8\" data-element_type=\"container\" data-e-type=\"container\">\n\t\t\t\t<div class=\"elementor-element elementor-element-54379e5 elementor-widget__width-initial elementor-widget elementor-widget-image\" data-id=\"54379e5\" data-element_type=\"widget\" data-e-type=\"widget\" data-widget_type=\"image.default\">\n\t\t\t\t<div class=\"elementor-widget-container\">\n\t\t\t\t\t\t\t\t\t\t\t\t\t\t\t<img fetchpriority=\"high\" decoding=\"async\" width=\"800\" height=\"842\" src=\"https:\/\/shatranj.art\/wp-content\/uploads\/2026\/02\/19-973x1024.jpg\" class=\"attachment-large size-large wp-image-979\" alt=\"\" srcset=\"https:\/\/shatranj.art\/wp-content\/uploads\/2026\/02\/19-973x1024.jpg 973w, https:\/\/shatranj.art\/wp-content\/uploads\/2026\/02\/19-285x300.jpg 285w, https:\/\/shatranj.art\/wp-content\/uploads\/2026\/02\/19-768x808.jpg 768w, https:\/\/shatranj.art\/wp-content\/uploads\/2026\/02\/19.jpg 1121w\" sizes=\"(max-width: 800px) 100vw, 800px\" \/>\t\t\t\t\t\t\t\t\t\t\t\t\t\t\t<\/div>\n\t\t\t\t<\/div>\n\t\t\t\t<div class=\"elementor-element elementor-element-38b79a5 elementor-widget__width-initial elementor-widget elementor-widget-text-editor\" data-id=\"38b79a5\" data-element_type=\"widget\" data-e-type=\"widget\" data-widget_type=\"text-editor.default\">\n\t\t\t\t<div class=\"elementor-widget-container\">\n\t\t\t\t\t\t\t\t\t<p><strong>Deep Blue g\u00e9int Kasparov: D'Moies vun der Maschinnedominanz<\/strong><\/p><p>\u00a0<\/p><p><span style=\"font-weight: 400;\">Am Joer 1997 huet d'Welt e historeschen Wendepunkt an der Bez\u00e9iung t\u00ebscht M\u00ebnsch a Maschinn matbekomm. Entw\u00e9ckelt vun IBM, de Supercomputer <\/span>D\u00e9if Blo<span style=\"font-weight: 400;\"> huet de s\u00ebtzenden Weltmeeschter besiegt, <\/span>Garry Kasparov<span style=\"font-weight: 400;\">, an enger Serie vu sechs Matcher. Dat war d'\u00e9ischte K\u00e9ier, datt e Computer e Weltmeeschter an engem Turn\u00e9ier-Stil-Match \u00ebnner Standardz\u00e4itkontrollen geschloen huet.<\/span><\/p><p>\u00a0<\/p><p><b>Brute-Force-Kraaft:<\/b><span style=\"font-weight: 400;\"> Deep Blue war e Meeschterwierk vu spezialis\u00e9ierter Hardware, f\u00e4eg, 200 Milliounen Zich pro Sekonn ze berechnen.<\/span><\/p><p>\u00a0<\/p><p><b>Eng symbolesch Victoire:<\/b><span style=\"font-weight: 400;\"> D\u00ebse Match huet d'global Wahrnehmung vun der k\u00ebnschtlecher Intelligenz ver\u00e4nnert. Hien huet bewisen, datt, och wann d'm\u00ebnschlech Intuitioun d\u00e9ifgr\u00e4ifend ass, d'reine Rechengeschwindegkeet vun enger Maschinn de gr\u00e9isste strategesche Geescht vun der \u00c4ra iwwerwonne konnt.<\/span><\/p>\t\t\t\t\t\t\t\t<\/div>\n\t\t\t\t<\/div>\n\t\t\t\t<div class=\"elementor-element elementor-element-d1ad4e6 elementor-widget__width-initial elementor-widget elementor-widget-image\" data-id=\"d1ad4e6\" data-element_type=\"widget\" data-e-type=\"widget\" data-widget_type=\"image.default\">\n\t\t\t\t<div class=\"elementor-widget-container\">\n\t\t\t\t\t\t\t\t\t\t\t\t\t\t\t<img decoding=\"async\" width=\"800\" height=\"600\" src=\"https:\/\/shatranj.art\/wp-content\/uploads\/2026\/02\/19-1-1024x768.jpg\" class=\"attachment-large size-large wp-image-980\" alt=\"\" srcset=\"https:\/\/shatranj.art\/wp-content\/uploads\/2026\/02\/19-1-1024x768.jpg 1024w, https:\/\/shatranj.art\/wp-content\/uploads\/2026\/02\/19-1-300x225.jpg 300w, https:\/\/shatranj.art\/wp-content\/uploads\/2026\/02\/19-1-768x576.jpg 768w, https:\/\/shatranj.art\/wp-content\/uploads\/2026\/02\/19-1.jpg 1250w\" sizes=\"(max-width: 800px) 100vw, 800px\" \/>\t\t\t\t\t\t\t\t\t\t\t\t\t\t\t<\/div>\n\t\t\t\t<\/div>\n\t\t\t\t<div class=\"elementor-element elementor-element-e238e58 elementor-widget__width-initial elementor-widget elementor-widget-image\" data-id=\"e238e58\" data-element_type=\"widget\" data-e-type=\"widget\" data-widget_type=\"image.default\">\n\t\t\t\t<div class=\"elementor-widget-container\">\n\t\t\t\t\t\t\t\t\t\t\t\t\t\t\t<img decoding=\"async\" width=\"682\" height=\"1024\" src=\"https:\/\/shatranj.art\/wp-content\/uploads\/2026\/02\/19-2-682x1024.jpg\" class=\"attachment-large size-large wp-image-981\" alt=\"\" srcset=\"https:\/\/shatranj.art\/wp-content\/uploads\/2026\/02\/19-2-682x1024.jpg 682w, https:\/\/shatranj.art\/wp-content\/uploads\/2026\/02\/19-2-200x300.jpg 200w, https:\/\/shatranj.art\/wp-content\/uploads\/2026\/02\/19-2-768x1154.jpg 768w, https:\/\/shatranj.art\/wp-content\/uploads\/2026\/02\/19-2-1023x1536.jpg 1023w, https:\/\/shatranj.art\/wp-content\/uploads\/2026\/02\/19-2-1363x2048.jpg 1363w, https:\/\/shatranj.art\/wp-content\/uploads\/2026\/02\/19-2.jpg 1667w\" sizes=\"(max-width: 682px) 100vw, 682px\" \/>\t\t\t\t\t\t\t\t\t\t\t\t\t\t\t<\/div>\n\t\t\t\t<\/div>\n\t\t\t\t<div class=\"elementor-element elementor-element-a12f1b5 elementor-widget__width-inherit elementor-widget elementor-widget-text-editor\" data-id=\"a12f1b5\" data-element_type=\"widget\" data-e-type=\"widget\" data-widget_type=\"text-editor.default\">\n\t\t\t\t<div class=\"elementor-widget-container\">\n\t\t\t\t\t\t\t\t\t<h3><b>Stockfish: D'Demokratis\u00e9ierung vun der Groussmeeschter-Analys<\/b><\/h3><p>Stockf\u00ebsch<span style=\"font-weight: 400;\"> ass de weltw\u00e4it m\u00e4chtegste Open-Source-Schachmotor. Am G\u00e9igesaz zu de exklusiven Supercomputeren vun der Vergaangenheet ass Stockfish gratis a fir jiddereen zoug\u00e4nglech, vun Hobbyamateuren bis zu Weltklass-Groussmeeschteren.<\/span><\/p><ul><li style=\"font-weight: 400;\" aria-level=\"1\"><b>De weltw\u00e4ite Standard:<\/b><span style=\"font-weight: 400;\"> Konstant uewen an de Suchmaschinn-Rankings plaz\u00e9iert, d\u00e9ngt Stockfish als dat ultimativt Instrument fir Spillanalys a Strategieentw\u00e9cklung.<\/span><\/li><li style=\"font-weight: 400;\" aria-level=\"1\"><b>Neuronal Evolutioun:<\/b><span style=\"font-weight: 400;\"> Urspr\u00e9nglech op klassesche \u201cSich- a Evaluatiouns\u201d-Algorithmen bas\u00e9iert, benotzen modern Versioune vu Stockfish elo <\/span>NNUE (nerv\u00f6s Netzwierker, d\u00e9i effizient aktualis\u00e9ierbar sinn)<span style=\"font-weight: 400;\">. D\u00ebs Fusion erlaabt et, massiv Rechengeschwindegkeeten mat engem d\u00e9ifgr\u00e4ifenderen, bal m\u00ebnschlechen \u201cVerstoen\u201d vu komplexe Positiounen ze kombin\u00e9ieren, an eng ELO-Bew\u00e4ertung w\u00e4it iwwert <\/span>3500<span style=\"font-weight: 400;\">.<\/span><\/li><\/ul>\t\t\t\t\t\t\t\t<\/div>\n\t\t\t\t<\/div>\n\t\t\t\t<div class=\"elementor-element elementor-element-5ec8752 elementor-widget__width-initial elementor-widget elementor-widget-image\" data-id=\"5ec8752\" data-element_type=\"widget\" data-e-type=\"widget\" data-widget_type=\"image.default\">\n\t\t\t\t<div class=\"elementor-widget-container\">\n\t\t\t\t\t\t\t\t\t\t\t\t\t\t\t<img loading=\"lazy\" decoding=\"async\" width=\"800\" height=\"800\" src=\"https:\/\/shatranj.art\/wp-content\/uploads\/2026\/02\/19-1024x1024.png\" class=\"attachment-large size-large wp-image-982\" alt=\"\" srcset=\"https:\/\/shatranj.art\/wp-content\/uploads\/2026\/02\/19-1024x1024.png 1024w, https:\/\/shatranj.art\/wp-content\/uploads\/2026\/02\/19-300x300.png 300w, https:\/\/shatranj.art\/wp-content\/uploads\/2026\/02\/19-150x150.png 150w, https:\/\/shatranj.art\/wp-content\/uploads\/2026\/02\/19-768x768.png 768w, https:\/\/shatranj.art\/wp-content\/uploads\/2026\/02\/19.png 1056w\" sizes=\"(max-width: 800px) 100vw, 800px\" \/>\t\t\t\t\t\t\t\t\t\t\t\t\t\t\t<\/div>\n\t\t\t\t<\/div>\n\t\t\t\t<div class=\"elementor-element elementor-element-f657508 elementor-widget__width-initial elementor-widget-tablet__width-inherit elementor-widget elementor-widget-text-editor\" data-id=\"f657508\" data-element_type=\"widget\" data-e-type=\"widget\" data-widget_type=\"text-editor.default\">\n\t\t\t\t<div class=\"elementor-widget-container\">\n\t\t\t\t\t\t\t\t\t<h3><b>AlphaZero: D'\u00c4ra vun der Maschinnintuitioun a Kreativit\u00e9it<\/b><\/h3><p>Entw\u00e9ckelt vum Google DeepMind huet AlphaZero d'Art a Weis, w\u00e9i mir iwwer k\u00ebnschtlech Intelligenz denken, revolution\u00e9iert. W\u00e4rend fr\u00e9ier Motoren vun de M\u00ebnschen duerch programm\u00e9iert Reegelen gel\u00e9iert goufen, war AlphaZero e selwerl\u00e9ierend System.<\/p><ul><li style=\"font-weight: 400;\" aria-level=\"1\"><b>Tabula Rasa (Vum Ufank un):<\/b><span style=\"font-weight: 400;\"> AlphaZero krut n\u00ebmmen d'grondlee\u00ebnd Reegelen vum Schach. Andeems et Millioune Spiller g\u00e9int sech selwer duerch Verst\u00e4erkungsl\u00e9ieren gespillt huet, huet et an n\u00ebmmen v\u00e9ier Stonnen e iwwerm\u00ebnschlecht Meeschterniveau erreecht.<\/span><\/li><li style=\"font-weight: 400;\" aria-level=\"1\"><b>Eng kreativ Revolutioun:<\/b><span style=\"font-weight: 400;\"> AlphaZero huet net w\u00e9i en typ\u00ebschen \u201cRechner\u201d gespillt. Et huet e ganz aggressiven, kreativen an intuitiven Stil agefouert, dob\u00e4i dacks Material opgeoffert fir laangfristege positiounellen Drock. Et huet bewisen, datt Maschinnen net n\u00ebmmen m\u00e9i s\u00e9ier k\u00ebnne berechnen w\u00e9i M\u00ebnschen, m\u00e4 och d'Konscht an d'Kreativit\u00e9it vum Spill selwer nei erfonnen k\u00ebnnen.<\/span><\/li><\/ul>\t\t\t\t\t\t\t\t<\/div>\n\t\t\t\t<\/div>\n\t\t\t\t<\/div>\n\t\t\t\t\t<\/div>\n\t\t\t\t<\/div>\n\t\t\t\t<\/div>","protected":false},"excerpt":{"rendered":"<p>Deep Blue vs. Kasparov: The Dawn of Machine Dominance \u00a0 In 1997, the world witnessed a historic turning point in the relationship between man and machine. Developed by IBM, the supercomputer Deep Blue defeated the reigning World Champion, Garry Kasparov, in a six-match series. This was the first time a computer had beaten a world [&hellip;]<\/p>\n","protected":false},"author":1,"featured_media":0,"parent":743,"menu_order":0,"comment_status":"closed","ping_status":"closed","template":"","meta":{"footnotes":""},"class_list":["post-976","page","type-page","status-publish","hentry"],"_links":{"self":[{"href":"https:\/\/shatranj.art\/lb\/wp-json\/wp\/v2\/pages\/976","targetHints":{"allow":["GET"]}}],"collection":[{"href":"https:\/\/shatranj.art\/lb\/wp-json\/wp\/v2\/pages"}],"about":[{"href":"https:\/\/shatranj.art\/lb\/wp-json\/wp\/v2\/types\/page"}],"author":[{"embeddable":true,"href":"https:\/\/shatranj.art\/lb\/wp-json\/wp\/v2\/users\/1"}],"replies":[{"embeddable":true,"href":"https:\/\/shatranj.art\/lb\/wp-json\/wp\/v2\/comments?post=976"}],"version-history":[{"count":7,"href":"https:\/\/shatranj.art\/lb\/wp-json\/wp\/v2\/pages\/976\/revisions"}],"predecessor-version":[{"id":1228,"href":"https:\/\/shatranj.art\/lb\/wp-json\/wp\/v2\/pages\/976\/revisions\/1228"}],"up":[{"embeddable":true,"href":"https:\/\/shatranj.art\/lb\/wp-json\/wp\/v2\/pages\/743"}],"wp:attachment":[{"href":"https:\/\/shatranj.art\/lb\/wp-json\/wp\/v2\/media?parent=976"}],"curies":[{"name":"wp","href":"https:\/\/api.w.org\/{rel}","templated":true}]}}