{"id":1016,"date":"2026-02-22T16:17:45","date_gmt":"2026-02-22T16:17:45","guid":{"rendered":"https:\/\/shatranj.art\/?page_id=1016"},"modified":"2026-02-24T09:42:49","modified_gmt":"2026-02-24T09:42:49","slug":"poster-24","status":"publish","type":"page","link":"https:\/\/shatranj.art\/lt\/exhibit\/poster-24\/","title":{"rendered":"24 plakatas"},"content":{"rendered":"<div data-elementor-type=\"wp-page\" data-elementor-id=\"1016\" class=\"elementor elementor-1016\" data-elementor-post-type=\"page\">\n\t\t\t\t<div class=\"elementor-element elementor-element-cbef851 e-flex e-con-boxed e-con e-parent\" data-id=\"cbef851\" data-element_type=\"container\" data-e-type=\"container\" data-settings=\"{&quot;background_background&quot;:&quot;classic&quot;}\">\n\t\t\t\t\t<div class=\"e-con-inner\">\n\t\t<div class=\"elementor-element elementor-element-919ca16 e-con-full e-flex e-con e-child\" data-id=\"919ca16\" data-element_type=\"container\" data-e-type=\"container\">\n\t\t\t\t<div class=\"elementor-element elementor-element-3a8b40d elementor-widget elementor-widget-image\" data-id=\"3a8b40d\" data-element_type=\"widget\" data-e-type=\"widget\" data-widget_type=\"image.default\">\n\t\t\t\t<div class=\"elementor-widget-container\">\n\t\t\t\t\t\t\t\t\t\t\t\t\t\t\t<img fetchpriority=\"high\" decoding=\"async\" width=\"800\" height=\"534\" src=\"https:\/\/shatranj.art\/wp-content\/uploads\/2026\/02\/21-1024x683.jpg\" class=\"attachment-large size-large wp-image-995\" alt=\"\" srcset=\"https:\/\/shatranj.art\/wp-content\/uploads\/2026\/02\/21-1024x683.jpg 1024w, https:\/\/shatranj.art\/wp-content\/uploads\/2026\/02\/21-300x200.jpg 300w, https:\/\/shatranj.art\/wp-content\/uploads\/2026\/02\/21-768x512.jpg 768w, https:\/\/shatranj.art\/wp-content\/uploads\/2026\/02\/21-1536x1024.jpg 1536w, https:\/\/shatranj.art\/wp-content\/uploads\/2026\/02\/21-2048x1366.jpg 2048w\" sizes=\"(max-width: 800px) 100vw, 800px\" \/>\t\t\t\t\t\t\t\t\t\t\t\t\t\t\t<\/div>\n\t\t\t\t<\/div>\n\t\t\t\t<div class=\"elementor-element elementor-element-07a7613 elementor-widget elementor-widget-text-editor\" data-id=\"07a7613\" data-element_type=\"widget\" data-e-type=\"widget\" data-widget_type=\"text-editor.default\">\n\t\t\t\t<div class=\"elementor-widget-container\">\n\t\t\t\t\t\t\t\t\t<p>\u015eAH\u00ce \u0161achmat\u0173 rinkinys yra daugiau nei tik \u017eaidimas - tai tiltas tarp kult\u016br\u0173, epoch\u0173 ir filosofij\u0173. Rinkinio pavadinimas kil\u0119s i\u0161 termino, pla\u010diai vartojamo Balkanuose ir daugelyje slav\u0173 kalb\u0173 \u0161achmat\u0173 \u017eaidimui \u012fvardyti.<\/p><p>Pats \u017eodis \u201c\u015eAH\u00ce\u201d yra karali\u0161kasis b\u016bdvardis, rei\u0161kiantis \u201cb\u016bdingas \u0161achui\u201d, turintis literat\u016brin\u012f svor\u012f, kuris rei\u0161kia j\u0117g\u0105, didyb\u0119 ir strategin\u0119 gelm\u0119.<\/p><h3><b>Kult\u016bros raidos \u0161edevras<\/b><\/h3><p>\u0160is rinkinys, kur\u012f suk\u016br\u0117 patyr\u0119s \u0161achmat\u0173 pedagogas ir buv\u0119s MIT pirmosios lentos \u017eaid\u0117jas Tameris Karatekinas, eleganti\u0161kai atspindi \u017eaidimo istorij\u0105. Kiekviena fig\u016br\u0117l\u0117 sukurta taip, kad atspind\u0117t\u0173 unikal\u0173 istorin\u012f pasakojim\u0105:<\/p><ul><li style=\"font-weight: 400;\" aria-level=\"1\"><b>G\u00fcl\u015fah (Karalius):<\/b><span style=\"font-weight: 400;\"> Reprezentuoja kupolo \u0161ventum\u0105, kur\u012f \u012fkv\u0117p\u0117 tokie statiniai kaip \"Hagia Sophia\" ir Panteonas, ir intelektualin\u012f galvos apdangalo palikim\u0105.<\/span><\/li><li style=\"font-weight: 400;\" aria-level=\"1\"><b>Sokolas (karalien\u0117 \/ viziris):<\/b><span style=\"font-weight: 400;\"> Pavadintas karinio simbolio - sakalo - vardu ir \u012fkv\u0117ptas Austrijos kavin\u0117s \u0161achmat\u0173 rinkinio svog\u016bno kupolo finalo ir \u0161almo dizaino, jis simbolizuoja karin\u0119 vald\u017ei\u0105 ir \u201cviziriaus\u201d i\u0161mint\u012f. Sokolovi\u010diai buvo \u012ftakingiausio Osman\u0173 imperijos did\u017eiojo viziriaus Sokollu Mehmeto Pa\u0161os gimtasis miestas.<\/span><\/li><li style=\"font-weight: 400;\" aria-level=\"1\"><b>Bukefalas (Riteris):<\/b><span style=\"font-weight: 400;\"> Pavadintas legendinio Aleksandro Did\u017eiojo \u017eirgo vardu, simbolizuojan\u010diu dvikryp\u010dius kult\u016bros mainus tarp Ryt\u0173 ir Vakar\u0173.<\/span><\/li><li style=\"font-weight: 400;\" aria-level=\"1\"><b>Shahrukh (Gaidys):<\/b><span style=\"font-weight: 400;\"> Puiki karin\u0117s evoliucijos sintez\u0117, apimanti karo ve\u017eimo, bok\u0161to, patrankos ir laivo elementus. \u0160achmat\u0173 meistras ir karvedys Tim\u016bras savo s\u016bnui dav\u0117 \u0160ahruko vard\u0105, nes \u017einia apie jo gimim\u0105 at\u0117jo per \u0161achmat\u0173 partij\u0105.<\/span><\/li><li style=\"font-weight: 400;\" aria-level=\"1\"><b>Abul-Abbas (vyskupas \/ dramblys):<\/b><span style=\"font-weight: 400;\"> Atspindi Karoliui Did\u017eiajam padovanoto dramblio kelion\u0119 per tris \u017eemynus, kurioje stebima \u0161achmat\u0173 migracija.<\/span><\/li><li style=\"font-weight: 400;\" aria-level=\"1\"><b>R\u00e9gence-Philidor (P\u0117stininkas):<\/b><span style=\"font-weight: 400;\"> \u012ekv\u0117ptas Ap\u0161vietos epochos Pary\u017eiaus kavini\u0173 ir garsiosios Philidoro sentencijos: \u201cP\u0117stininkai yra \u0161achmat\u0173 siela\u201d.<\/span><\/li><\/ul>\t\t\t\t\t\t\t\t<\/div>\n\t\t\t\t<\/div>\n\t\t\t\t<div class=\"elementor-element elementor-element-52a94ef elementor-widget elementor-widget-text-editor\" data-id=\"52a94ef\" data-element_type=\"widget\" data-e-type=\"widget\" data-widget_type=\"text-editor.default\">\n\t\t\t\t<div class=\"elementor-widget-container\">\n\t\t\t\t\t\t\t\t\t<h3><b>Dizainas ir paskirtis<\/b><\/h3><p>\u015eAH\u00ce rinkinys yra kruop\u0161\u010diai paruo\u0161tas taip, kad gal\u0117t\u0173 tarnauti ir kaip menin\u0117 ekspozicija, ir kaip funkcinis \u012frankis, skirtas mokymuisi ir turnyrams. Jo dizaino filosofija grind\u017eiama kult\u016briniu ir dvasiniu po\u017ei\u016briu, tod\u0117l jis ras atgars\u012f tarp \u017eaid\u0117j\u0173 visame pasaulyje.<\/p><p><b>Paramos palikimas:<\/b><\/p><p>\u0160\u012f rinkin\u012f buvo galima pagaminti remiant Masa\u010dusetso kult\u016bros tarybai ir Europos S\u0105jungos jaunimo programai.<\/p>\t\t\t\t\t\t\t\t<\/div>\n\t\t\t\t<\/div>\n\t\t\t\t<\/div>\n\t\t\t\t\t<\/div>\n\t\t\t\t<\/div>\n\t\t\t\t<\/div>","protected":false},"excerpt":{"rendered":"<p>The \u015eAH\u00ce Chess Set is more than just a game; it is a bridge between cultures, eras, and philosophies. Designed to evoke both imperial and royal sensations, the set draws its name from a term widely used in the Balkans and many Slavic languages to refer to the game of chess. The word &#8220;\u015eAH\u00ce&#8221; itself [&hellip;]<\/p>\n","protected":false},"author":1,"featured_media":0,"parent":743,"menu_order":0,"comment_status":"closed","ping_status":"closed","template":"","meta":{"footnotes":""},"class_list":["post-1016","page","type-page","status-publish","hentry"],"_links":{"self":[{"href":"https:\/\/shatranj.art\/lt\/wp-json\/wp\/v2\/pages\/1016","targetHints":{"allow":["GET"]}}],"collection":[{"href":"https:\/\/shatranj.art\/lt\/wp-json\/wp\/v2\/pages"}],"about":[{"href":"https:\/\/shatranj.art\/lt\/wp-json\/wp\/v2\/types\/page"}],"author":[{"embeddable":true,"href":"https:\/\/shatranj.art\/lt\/wp-json\/wp\/v2\/users\/1"}],"replies":[{"embeddable":true,"href":"https:\/\/shatranj.art\/lt\/wp-json\/wp\/v2\/comments?post=1016"}],"version-history":[{"count":19,"href":"https:\/\/shatranj.art\/lt\/wp-json\/wp\/v2\/pages\/1016\/revisions"}],"predecessor-version":[{"id":1601,"href":"https:\/\/shatranj.art\/lt\/wp-json\/wp\/v2\/pages\/1016\/revisions\/1601"}],"up":[{"embeddable":true,"href":"https:\/\/shatranj.art\/lt\/wp-json\/wp\/v2\/pages\/743"}],"wp:attachment":[{"href":"https:\/\/shatranj.art\/lt\/wp-json\/wp\/v2\/media?parent=1016"}],"curies":[{"name":"wp","href":"https:\/\/api.w.org\/{rel}","templated":true}]}}