{"id":1021,"date":"2026-02-22T16:28:38","date_gmt":"2026-02-22T16:28:38","guid":{"rendered":"https:\/\/shatranj.art\/?page_id=1021"},"modified":"2026-02-23T05:16:08","modified_gmt":"2026-02-23T05:16:08","slug":"poster-25","status":"publish","type":"page","link":"https:\/\/shatranj.art\/lt\/exhibit\/poster-25\/","title":{"rendered":"25 plakatas"},"content":{"rendered":"<div data-elementor-type=\"wp-page\" data-elementor-id=\"1021\" class=\"elementor elementor-1021\" data-elementor-post-type=\"page\">\n\t\t\t\t<div class=\"elementor-element elementor-element-3d217f0 e-flex e-con-boxed e-con e-parent\" data-id=\"3d217f0\" data-element_type=\"container\" data-e-type=\"container\" data-settings=\"{&quot;background_background&quot;:&quot;classic&quot;}\">\n\t\t\t\t\t<div class=\"e-con-inner\">\n\t\t<div class=\"elementor-element elementor-element-a3a2689 e-con-full e-flex e-con e-child\" data-id=\"a3a2689\" data-element_type=\"container\" data-e-type=\"container\">\n\t\t\t\t<div class=\"elementor-element elementor-element-fa1aaae elementor-widget__width-initial elementor-widget elementor-widget-image\" data-id=\"fa1aaae\" data-element_type=\"widget\" data-e-type=\"widget\" data-widget_type=\"image.default\">\n\t\t\t\t<div class=\"elementor-widget-container\">\n\t\t\t\t\t\t\t\t\t\t\t\t\t\t\t<img fetchpriority=\"high\" decoding=\"async\" width=\"800\" height=\"463\" src=\"https:\/\/shatranj.art\/wp-content\/uploads\/2026\/02\/25-1024x592.jpg\" class=\"attachment-large size-large wp-image-1023\" alt=\"\" srcset=\"https:\/\/shatranj.art\/wp-content\/uploads\/2026\/02\/25-1024x592.jpg 1024w, https:\/\/shatranj.art\/wp-content\/uploads\/2026\/02\/25-300x173.jpg 300w, https:\/\/shatranj.art\/wp-content\/uploads\/2026\/02\/25-768x444.jpg 768w, https:\/\/shatranj.art\/wp-content\/uploads\/2026\/02\/25-1536x887.jpg 1536w, https:\/\/shatranj.art\/wp-content\/uploads\/2026\/02\/25-2048x1183.jpg 2048w\" sizes=\"(max-width: 800px) 100vw, 800px\" \/>\t\t\t\t\t\t\t\t\t\t\t\t\t\t\t<\/div>\n\t\t\t\t<\/div>\n\t\t\t\t<div class=\"elementor-element elementor-element-cbddf52 elementor-widget__width-initial elementor-widget elementor-widget-text-editor\" data-id=\"cbddf52\" data-element_type=\"widget\" data-e-type=\"widget\" data-widget_type=\"text-editor.default\">\n\t\t\t\t<div class=\"elementor-widget-container\">\n\t\t\t\t\t\t\t\t\t<p><strong>\u015eAH\u00ce Bucefalus: <\/strong><strong>Strategijos ir kult\u016bros palikimas<\/strong><\/p><p>\u0160i fig\u016bra t\u0119sia Filipo Stammos, vert\u0117jo i\u0161 Alepo, i\u0161gars\u0117jusio 1737 m. Pary\u017eiuje i\u0161leistu veikalu \u201cEssai sur le jeu des echecs\u201d, palikim\u0105. Riterio dizainas su pranc\u016bzi\u0161komis garbanomis jo girioje atspindi vientis\u0105 racionalaus Ap\u0161vietos epochos m\u0105stymo ir senov\u0117s Ryt\u0173 strateginio gilumo sintez\u0119. K\u016brinyje esan\u010dios formos nutiesia kult\u016brin\u012f tilt\u0105, jungiant\u012f i\u0161 Alepo \u012f Europ\u0105 Stammos atve\u017eto \"Stamma Mate\" taktin\u012f genij\u0173 ir makedon\u0173 \u017eirgo Bucefalo karin\u0119 gali\u0105.<\/p>\t\t\t\t\t\t\t\t<\/div>\n\t\t\t\t<\/div>\n\t\t\t\t<div class=\"elementor-element elementor-element-f641ab0 elementor-widget__width-initial elementor-widget elementor-widget-text-editor\" data-id=\"f641ab0\" data-element_type=\"widget\" data-e-type=\"widget\" data-widget_type=\"text-editor.default\">\n\t\t\t\t<div class=\"elementor-widget-container\">\n\t\t\t\t\t\t\t\t\t<p><b>1950 m. Dubrovnikas ir Stauntonas: <\/b><b style=\"font-family: -apple-system, BlinkMacSystemFont, 'Segoe UI', Roboto, 'Helvetica Neue', Arial, 'Noto Sans', sans-serif, 'Apple Color Emoji', 'Segoe UI Emoji', 'Segoe UI Symbol', 'Noto Color Emoji';\">Tapatyb\u0117 ir tradicin\u0117s dizaino ribos<\/b><\/p><p>\u00a0<\/p><p>\u0160is vaizdas suprie\u0161ina dvi skirtingas \u0161achmat\u0173 pasaulio dizaino filosofijas. 1950 m. Dubrovniko raitelis yra charakteringa fig\u016bra, kuri\u0105 Bobby Fischeris apib\u016bdino kaip \u201cgeriausi\u0105 kada nors sukurt\u0105 \u0161achmat\u0173 dizain\u0105\u201d, i\u0161siskiriant\u012f a\u0161triomis ir skulpt\u016bri\u0161komis linijomis. Jo dizaino dinami\u0161kumas atspindi strategin\u0119 \u0161achmat\u0173 dvasi\u0105 unikalia menine kalba.<\/p><p>\u00a0<\/p><p>Tuo tarpu Stauntono dizainas atsirado XIX a. viduryje, vis\u0173 pirma siekiant supaprastinti masin\u0119 gamyb\u0105 ir u\u017etikrinti vienodum\u0105, pagr\u012fst\u0105 tradicin\u0117mis vakarieti\u0161komis formomis. Kadangi Stauntono rinkinyje naudojami religiniai simboliai, tokie kaip vyskupo mitra ir kry\u017eius, jis neturi pasaulietinio ir visa apiman\u010dio identiteto, o lieka apribotas konkre\u010dios tradicin\u0117s strukt\u016bros ribomis. Skirtumas tarp \u0161i\u0173 dviej\u0173 siluet\u0173 i\u0161ry\u0161kina skirtum\u0105 tarp unikalaus \u0161achmat\u0173 charakterio paie\u0161k\u0173 ir standartizuoto tradicinio formato.<\/p>\t\t\t\t\t\t\t\t<\/div>\n\t\t\t\t<\/div>\n\t\t\t\t<div class=\"elementor-element elementor-element-9b94e22 elementor-widget__width-initial elementor-widget elementor-widget-image\" data-id=\"9b94e22\" data-element_type=\"widget\" data-e-type=\"widget\" data-widget_type=\"image.default\">\n\t\t\t\t<div class=\"elementor-widget-container\">\n\t\t\t\t\t\t\t\t\t\t\t\t\t\t\t<img decoding=\"async\" width=\"800\" height=\"641\" src=\"https:\/\/shatranj.art\/wp-content\/uploads\/2026\/02\/25-1-1024x820.jpg\" class=\"attachment-large size-large wp-image-1024\" alt=\"\" srcset=\"https:\/\/shatranj.art\/wp-content\/uploads\/2026\/02\/25-1-1024x820.jpg 1024w, https:\/\/shatranj.art\/wp-content\/uploads\/2026\/02\/25-1-300x240.jpg 300w, https:\/\/shatranj.art\/wp-content\/uploads\/2026\/02\/25-1-768x615.jpg 768w, https:\/\/shatranj.art\/wp-content\/uploads\/2026\/02\/25-1.jpg 1481w\" sizes=\"(max-width: 800px) 100vw, 800px\" \/>\t\t\t\t\t\t\t\t\t\t\t\t\t\t\t<\/div>\n\t\t\t\t<\/div>\n\t\t\t\t<div class=\"elementor-element elementor-element-7a3f622 elementor-widget__width-initial elementor-widget-tablet__width-inherit elementor-widget elementor-widget-image\" data-id=\"7a3f622\" data-element_type=\"widget\" data-e-type=\"widget\" data-widget_type=\"image.default\">\n\t\t\t\t<div class=\"elementor-widget-container\">\n\t\t\t\t\t\t\t\t\t\t\t\t\t\t\t<img decoding=\"async\" width=\"767\" height=\"1024\" src=\"https:\/\/shatranj.art\/wp-content\/uploads\/2026\/02\/25-2-767x1024.jpg\" class=\"attachment-large size-large wp-image-1025\" alt=\"\" srcset=\"https:\/\/shatranj.art\/wp-content\/uploads\/2026\/02\/25-2-767x1024.jpg 767w, https:\/\/shatranj.art\/wp-content\/uploads\/2026\/02\/25-2-225x300.jpg 225w, https:\/\/shatranj.art\/wp-content\/uploads\/2026\/02\/25-2-768x1025.jpg 768w, https:\/\/shatranj.art\/wp-content\/uploads\/2026\/02\/25-2-1151x1536.jpg 1151w, https:\/\/shatranj.art\/wp-content\/uploads\/2026\/02\/25-2.jpg 1499w\" sizes=\"(max-width: 767px) 100vw, 767px\" \/>\t\t\t\t\t\t\t\t\t\t\t\t\t\t\t<\/div>\n\t\t\t\t<\/div>\n\t\t\t\t<div class=\"elementor-element elementor-element-7e9c0df elementor-widget__width-initial elementor-widget elementor-widget-text-editor\" data-id=\"7e9c0df\" data-element_type=\"widget\" data-e-type=\"widget\" data-widget_type=\"text-editor.default\">\n\t\t\t\t<div class=\"elementor-widget-container\">\n\t\t\t\t\t\t\t\t\t<p><b>\"Lewis Knight\": Lewiso riteris: \u0160iaur\u0117s palikimas i\u0161 viduram\u017ei\u0173<\/b><\/p><p>\u0160i fig\u016br\u0117l\u0117 - XII a. skandinav\u0173 meistri\u0161kumo \u0161edevras, priklausantis visame pasaulyje \u017einomai Lewiso \u0161achmat\u0173 kolekcijai, 1831 m. atrastai \u0160kotijos Lewiso saloje. Kruop\u0161\u010diai i\u0161dro\u017eta i\u0161 morso dramblio kaulo, \u0161i fig\u016bra liudija apie estetin\u0119 \u0161achmat\u0173 evoliucij\u0105 plintant \u0161achmatams Europoje. Ant \u017eirgo pavaizduotas karys simbolizuoja gil\u0173 ry\u0161\u012f tarp \u017eaidimo ir viduram\u017ei\u0173 visuomen\u0117s kilmingumo bei karin\u0117s hierarchijos. \u0160is kultinis siluetas i\u0161lieka nepaprastu to laikme\u010dio menini\u0173 \u012fg\u016bd\u017ei\u0173 ir i\u0161liekan\u010dio \u017eaidimo kaip meno k\u016brinio statuso liudijimu.<\/p>\t\t\t\t\t\t\t\t<\/div>\n\t\t\t\t<\/div>\n\t\t\t\t<div class=\"elementor-element elementor-element-765b6b1 elementor-widget__width-initial elementor-widget elementor-widget-text-editor\" data-id=\"765b6b1\" data-element_type=\"widget\" data-e-type=\"widget\" data-widget_type=\"text-editor.default\">\n\t\t\t\t<div class=\"elementor-widget-container\">\n\t\t\t\t\t\t\t\t\t<p><b>Riterio kelion\u0117: Geometrin\u0117 intelekto d\u0117lion\u0117<\/b><\/p><p>Riterio kelion\u0117 grind\u017eiama principu, kad riteris kiekvien\u0105 \u0161achmat\u0173 lentos kvadrat\u0105 aplanko lygiai vien\u0105 kart\u0105. Nuo Al-Adli IX a. Bagdade iki Leonardo Eulerio XVIII a. Ap\u0161vietos Europoje \u0161i problema \u017eav\u0117jo genijus kaip tobula matematikos ir strategijos derm\u0117. \u010cia pavaizduotas sprendimas rodo, kaip raitelio \u0161uoliai sukuria sud\u0117ting\u0105 ir hipnotizuojan\u010di\u0105 simetrij\u0105, atskleid\u017eian\u010di\u0105 \u0161achmat\u0173 \u201cgeometrin\u0119 poezij\u0105\u201d ir universali\u0105 logik\u0105.<\/p>\t\t\t\t\t\t\t\t<\/div>\n\t\t\t\t<\/div>\n\t\t\t\t<div class=\"elementor-element elementor-element-e34bfdc elementor-widget__width-initial elementor-widget-tablet__width-inherit elementor-widget elementor-widget-image\" data-id=\"e34bfdc\" data-element_type=\"widget\" data-e-type=\"widget\" data-widget_type=\"image.default\">\n\t\t\t\t<div class=\"elementor-widget-container\">\n\t\t\t\t\t\t\t\t\t\t\t\t\t\t\t<img loading=\"lazy\" decoding=\"async\" width=\"800\" height=\"800\" src=\"https:\/\/shatranj.art\/wp-content\/uploads\/2026\/02\/25-3-1024x1024.jpg\" class=\"attachment-large size-large wp-image-1026\" alt=\"\" srcset=\"https:\/\/shatranj.art\/wp-content\/uploads\/2026\/02\/25-3-1024x1024.jpg 1024w, https:\/\/shatranj.art\/wp-content\/uploads\/2026\/02\/25-3-300x300.jpg 300w, https:\/\/shatranj.art\/wp-content\/uploads\/2026\/02\/25-3-150x150.jpg 150w, https:\/\/shatranj.art\/wp-content\/uploads\/2026\/02\/25-3-768x768.jpg 768w, https:\/\/shatranj.art\/wp-content\/uploads\/2026\/02\/25-3.jpg 1486w\" sizes=\"(max-width: 800px) 100vw, 800px\" \/>\t\t\t\t\t\t\t\t\t\t\t\t\t\t\t<\/div>\n\t\t\t\t<\/div>\n\t\t\t\t<div class=\"elementor-element elementor-element-f59bb1a elementor-widget__width-initial elementor-widget elementor-widget-image\" data-id=\"f59bb1a\" data-element_type=\"widget\" data-e-type=\"widget\" data-widget_type=\"image.default\">\n\t\t\t\t<div class=\"elementor-widget-container\">\n\t\t\t\t\t\t\t\t\t\t\t\t\t\t\t<img loading=\"lazy\" decoding=\"async\" width=\"800\" height=\"537\" src=\"https:\/\/shatranj.art\/wp-content\/uploads\/2026\/02\/25-4-1024x687.jpg\" class=\"attachment-large size-large wp-image-1027\" alt=\"\" srcset=\"https:\/\/shatranj.art\/wp-content\/uploads\/2026\/02\/25-4-1024x687.jpg 1024w, https:\/\/shatranj.art\/wp-content\/uploads\/2026\/02\/25-4-300x201.jpg 300w, https:\/\/shatranj.art\/wp-content\/uploads\/2026\/02\/25-4-768x515.jpg 768w, https:\/\/shatranj.art\/wp-content\/uploads\/2026\/02\/25-4.jpg 1107w\" sizes=\"(max-width: 800px) 100vw, 800px\" \/>\t\t\t\t\t\t\t\t\t\t\t\t\t\t\t<\/div>\n\t\t\t\t<\/div>\n\t\t\t\t<div class=\"elementor-element elementor-element-88ba55c elementor-widget__width-initial elementor-widget elementor-widget-text-editor\" data-id=\"88ba55c\" data-element_type=\"widget\" data-e-type=\"widget\" data-widget_type=\"text-editor.default\">\n\t\t\t\t<div class=\"elementor-widget-container\">\n\t\t\t\t\t\t\t\t\t<p><b>Legendinis Bucefalas:\u00a0 <\/b><b>U\u017ekariavimo ir i\u0161tikimyb\u0117s simbolis<\/b><\/p><p>\u00a0<\/p><p>\u0160ioje mozaikoje pavaizduotas Bucefalas - Makedonijos \u017eirgas ir artimiausias Aleksandro Did\u017eiojo palydovas. Bucefalas, buv\u0119s \u0161alia Aleksandro per visus jo \u017eygius, mir\u0117 dabartiniame Pakistane, tame pa\u010diame regione, kur istori\u0161kai susiformavo \u0161achmatai. \u0160i ikonin\u0117 fig\u016bra ne tik simbolizuoja vien\u0105 ilgaam\u017ei\u0161kiausi\u0173 istorijoje \u017emogaus ir gyv\u016bno ry\u0161i\u0173, bet ir yra Ryt\u0173 ir Vakar\u0173 kult\u016br\u0173 sankirtos simbolis - jos kelion\u0117 nusidriek\u0117 nuo Makedonijos iki Indo sl\u0117nio. \u0160ioje istorijoje, kurioje karinis meistri\u0161kumas susipina su i\u0161tikimybe, i\u0161saugotas prisiminimas apie epin\u0119 kelion\u0119, kuri baig\u0117si \u0161achmat\u0173 lop\u0161yje.<\/p>\t\t\t\t\t\t\t\t<\/div>\n\t\t\t\t<\/div>\n\t\t\t\t<\/div>\n\t\t\t\t\t<\/div>\n\t\t\t\t<\/div>\n\t\t\t\t<\/div>","protected":false},"excerpt":{"rendered":"<p>\u015eAH\u00ce Bucephalus: A Legacy of Strategy and Culture This figure carries the legacy of Philipp Stamma, the translator from Aleppo renowned for his work Essai sur le jeu des echecs, published in Paris in 1737. The design of the knight, featuring French curls in its mane, represents the seamless synthesis between the rational mindset of [&hellip;]<\/p>\n","protected":false},"author":1,"featured_media":0,"parent":743,"menu_order":0,"comment_status":"closed","ping_status":"closed","template":"","meta":{"footnotes":""},"class_list":["post-1021","page","type-page","status-publish","hentry"],"_links":{"self":[{"href":"https:\/\/shatranj.art\/lt\/wp-json\/wp\/v2\/pages\/1021","targetHints":{"allow":["GET"]}}],"collection":[{"href":"https:\/\/shatranj.art\/lt\/wp-json\/wp\/v2\/pages"}],"about":[{"href":"https:\/\/shatranj.art\/lt\/wp-json\/wp\/v2\/types\/page"}],"author":[{"embeddable":true,"href":"https:\/\/shatranj.art\/lt\/wp-json\/wp\/v2\/users\/1"}],"replies":[{"embeddable":true,"href":"https:\/\/shatranj.art\/lt\/wp-json\/wp\/v2\/comments?post=1021"}],"version-history":[{"count":7,"href":"https:\/\/shatranj.art\/lt\/wp-json\/wp\/v2\/pages\/1021\/revisions"}],"predecessor-version":[{"id":1243,"href":"https:\/\/shatranj.art\/lt\/wp-json\/wp\/v2\/pages\/1021\/revisions\/1243"}],"up":[{"embeddable":true,"href":"https:\/\/shatranj.art\/lt\/wp-json\/wp\/v2\/pages\/743"}],"wp:attachment":[{"href":"https:\/\/shatranj.art\/lt\/wp-json\/wp\/v2\/media?parent=1021"}],"curies":[{"name":"wp","href":"https:\/\/api.w.org\/{rel}","templated":true}]}}