{"id":1136,"date":"2026-02-22T20:20:00","date_gmt":"2026-02-22T20:20:00","guid":{"rendered":"https:\/\/shatranj.art\/?page_id=1136"},"modified":"2026-02-23T09:27:46","modified_gmt":"2026-02-23T09:27:46","slug":"poster-32","status":"publish","type":"page","link":"https:\/\/shatranj.art\/lt\/exhibit\/poster-32\/","title":{"rendered":"32 plakatas"},"content":{"rendered":"<div data-elementor-type=\"wp-page\" data-elementor-id=\"1136\" class=\"elementor elementor-1136\" data-elementor-post-type=\"page\">\n\t\t\t\t<div class=\"elementor-element elementor-element-e6ecba5 e-flex e-con-boxed e-con e-parent\" data-id=\"e6ecba5\" data-element_type=\"container\" data-e-type=\"container\" data-settings=\"{&quot;background_background&quot;:&quot;classic&quot;}\">\n\t\t\t\t\t<div class=\"e-con-inner\">\n\t\t<div class=\"elementor-element elementor-element-0433a85 e-con-full e-flex e-con e-child\" data-id=\"0433a85\" data-element_type=\"container\" data-e-type=\"container\">\n\t\t\t\t<div class=\"elementor-element elementor-element-4888e73 elementor-widget__width-initial elementor-widget-mobile__width-initial elementor-widget elementor-widget-image\" data-id=\"4888e73\" data-element_type=\"widget\" data-e-type=\"widget\" data-widget_type=\"image.default\">\n\t\t\t\t<div class=\"elementor-widget-container\">\n\t\t\t\t\t\t\t\t\t\t\t\t\t\t\t<img fetchpriority=\"high\" decoding=\"async\" width=\"800\" height=\"600\" src=\"https:\/\/shatranj.art\/wp-content\/uploads\/2024\/05\/il_1588xN.5358651901_7asf-1-1-1024x768.jpg\" class=\"attachment-large size-large wp-image-593\" alt=\"\" srcset=\"https:\/\/shatranj.art\/wp-content\/uploads\/2024\/05\/il_1588xN.5358651901_7asf-1-1-1024x768.jpg 1024w, https:\/\/shatranj.art\/wp-content\/uploads\/2024\/05\/il_1588xN.5358651901_7asf-1-1-300x225.jpg 300w, https:\/\/shatranj.art\/wp-content\/uploads\/2024\/05\/il_1588xN.5358651901_7asf-1-1-768x576.jpg 768w, https:\/\/shatranj.art\/wp-content\/uploads\/2024\/05\/il_1588xN.5358651901_7asf-1-1-1536x1152.jpg 1536w, https:\/\/shatranj.art\/wp-content\/uploads\/2024\/05\/il_1588xN.5358651901_7asf-1-1.jpg 1588w\" sizes=\"(max-width: 800px) 100vw, 800px\" \/>\t\t\t\t\t\t\t\t\t\t\t\t\t\t\t<\/div>\n\t\t\t\t<\/div>\n\t\t\t\t<div class=\"elementor-element elementor-element-7e4018a elementor-widget__width-initial elementor-widget-mobile__width-initial elementor-widget elementor-widget-image\" data-id=\"7e4018a\" data-element_type=\"widget\" data-e-type=\"widget\" data-widget_type=\"image.default\">\n\t\t\t\t<div class=\"elementor-widget-container\">\n\t\t\t\t\t\t\t\t\t\t\t\t\t\t\t<img decoding=\"async\" width=\"599\" height=\"515\" src=\"https:\/\/shatranj.art\/wp-content\/uploads\/2026\/02\/soviet-magnetic-set-baku-design.jpeg\" class=\"attachment-large size-large wp-image-1264\" alt=\"\" srcset=\"https:\/\/shatranj.art\/wp-content\/uploads\/2026\/02\/soviet-magnetic-set-baku-design.jpeg 599w, https:\/\/shatranj.art\/wp-content\/uploads\/2026\/02\/soviet-magnetic-set-baku-design-300x258.jpeg 300w, https:\/\/shatranj.art\/wp-content\/uploads\/2026\/02\/soviet-magnetic-set-baku-design-14x12.jpeg 14w\" sizes=\"(max-width: 599px) 100vw, 599px\" \/>\t\t\t\t\t\t\t\t\t\t\t\t\t\t\t<\/div>\n\t\t\t\t<\/div>\n\t\t\t\t<div class=\"elementor-element elementor-element-0bbe733 elementor-widget__width-initial elementor-widget-mobile__width-inherit elementor-widget elementor-widget-image\" data-id=\"0bbe733\" data-element_type=\"widget\" data-e-type=\"widget\" data-widget_type=\"image.default\">\n\t\t\t\t<div class=\"elementor-widget-container\">\n\t\t\t\t\t\t\t\t\t\t\t\t\t\t\t<img decoding=\"async\" width=\"564\" height=\"407\" src=\"https:\/\/shatranj.art\/wp-content\/uploads\/2026\/02\/soviet-chess-set-1.jpg\" class=\"attachment-large size-large wp-image-1263\" alt=\"\" srcset=\"https:\/\/shatranj.art\/wp-content\/uploads\/2026\/02\/soviet-chess-set-1.jpg 564w, https:\/\/shatranj.art\/wp-content\/uploads\/2026\/02\/soviet-chess-set-1-300x216.jpg 300w, https:\/\/shatranj.art\/wp-content\/uploads\/2026\/02\/soviet-chess-set-1-18x12.jpg 18w\" sizes=\"(max-width: 564px) 100vw, 564px\" \/>\t\t\t\t\t\t\t\t\t\t\t\t\t\t\t<\/div>\n\t\t\t\t<\/div>\n\t\t\t\t<div class=\"elementor-element elementor-element-0c9e576 elementor-widget__width-initial elementor-widget-mobile__width-inherit elementor-widget elementor-widget-image\" data-id=\"0c9e576\" data-element_type=\"widget\" data-e-type=\"widget\" data-widget_type=\"image.default\">\n\t\t\t\t<div class=\"elementor-widget-container\">\n\t\t\t\t\t\t\t\t\t\t\t\t\t\t\t<img loading=\"lazy\" decoding=\"async\" width=\"683\" height=\"1024\" src=\"https:\/\/shatranj.art\/wp-content\/uploads\/2026\/02\/tamerkaratekin-yenisafak-tam-683x1024.jpg\" class=\"attachment-large size-large wp-image-1265\" alt=\"\" srcset=\"https:\/\/shatranj.art\/wp-content\/uploads\/2026\/02\/tamerkaratekin-yenisafak-tam-683x1024.jpg 683w, https:\/\/shatranj.art\/wp-content\/uploads\/2026\/02\/tamerkaratekin-yenisafak-tam-200x300.jpg 200w, https:\/\/shatranj.art\/wp-content\/uploads\/2026\/02\/tamerkaratekin-yenisafak-tam-8x12.jpg 8w, https:\/\/shatranj.art\/wp-content\/uploads\/2026\/02\/tamerkaratekin-yenisafak-tam.jpg 720w\" sizes=\"(max-width: 683px) 100vw, 683px\" \/>\t\t\t\t\t\t\t\t\t\t\t\t\t\t\t<\/div>\n\t\t\t\t<\/div>\n\t\t\t\t<\/div>\n\t\t<div class=\"elementor-element elementor-element-14728a8 e-con-full e-flex e-con e-child\" data-id=\"14728a8\" data-element_type=\"container\" data-e-type=\"container\">\n\t\t\t\t<div class=\"elementor-element elementor-element-98fcbd1 elementor-widget__width-initial elementor-widget-tablet__width-inherit elementor-widget elementor-widget-text-editor\" data-id=\"98fcbd1\" data-element_type=\"widget\" data-e-type=\"widget\" data-widget_type=\"text-editor.default\">\n\t\t\t\t<div class=\"elementor-widget-container\">\n\t\t\t\t\t\t\t\t\t<div class=\"elementor-element elementor-element-486eb829 elementor-widget__width-auto elementor-widget elementor-widget-text-editor\" data-id=\"486eb829\" data-element_type=\"widget\" data-widget_type=\"text-editor.default\"><div class=\"elementor-widget-container\"><p><b>Tiltai per sienas: Balkan\u0173 ir socialistinis palikimas (1950-1991 m.)<\/b><span style=\"font-weight: 400;\"> \u265f\ufe0f<\/span><\/p><p>\u0160i ne\u0161iojam\u0173j\u0173 \u0161achmat\u0173 rinkini\u0173 kolekcija yra unikali Balkan\u0173, slav\u0173, soviet\u0173 ir turk\u0173 kult\u016br\u0173 sankirta. \u0160ios fig\u016br\u0117l\u0117s atspindi ne vien\u0105 politin\u012f blok\u0105, o \u012fvairialyp\u012f intelektualin\u012f kra\u0161tovaizd\u012f, kuriame klest\u0117jo skirtingi dizainai nuo neprisijungusi\u0173 Jugoslavijos region\u0173 iki Soviet\u0173 S\u0105jungos centro. 2000 m. Turkijos nacionaliniam \u0161achmat\u0173 \u010dempionui ir FIDE meistrui Tameriui Karatekinui \u0161ie rinkiniai yra asmeninis jo tobul\u0117jimo ir profesin\u0117s veiklos etap\u0173 \u017eem\u0117lapis.<\/p><ul><li style=\"font-weight: 400;\" aria-level=\"1\"><b>Bulgar\u0173 magnetinis rinkinys<\/b><span style=\"font-weight: 400;\">: Balkan\u0173 dizainas, kuriame Tameris pirm\u0105 kart\u0105 i\u0161moko \u017eaisti i\u0161 savo t\u0117vo. Jame yra nereliginiai simboliai - tai b\u016bdinga rinkiniams, skirtiems pla\u010diam regioniniam naudojimui.<\/span><\/li><li style=\"font-weight: 400;\" aria-level=\"1\"><b>Sovietinis plastikinis rinkinys sulankstomoje medin\u0117je d\u0117\u017eut\u0117je<\/b><span style=\"font-weight: 400;\">: Klasikinis, patvarus dizainas, kuris buvo nesuskai\u010diuojam\u0173 Tamerio ir jo senelio \u017eaidim\u0173 laukas j\u0173 vasarnamyje netoli Silivri, Stambule.<\/span><\/li><li style=\"font-weight: 400;\" aria-level=\"1\"><b>Magnetinis kelioni\u0173 rinkinys \"Soviet Baku Design<\/b><span style=\"font-weight: 400;\">: Sovietini\u0173 laik\u0173 studij\u0173 priemon\u0117, kuri\u0105 Tameris naudojo analizuodamas meistr\u0173 \u017eaidimus ir tobulindamas savo strategijas.<\/span><\/li><li style=\"font-weight: 400;\" aria-level=\"1\"><b>Suboticos dizaino rinkinys (Makedonija, Jugoslavija)<\/b><span style=\"font-weight: 400;\">: Kultinis jugoslav\u0173 rinkinys \"Tamer\" savo \u0161eimos namuose Stambulo senamiestyje mok\u0117si \u017eaisti \u0161achmatais. Tameris daugyb\u0119 partij\u0173 \u017eaid\u0117 su savo seneliu M\u00fccahit Kor\u00e7a, mokydamasis \u017eaidimo subtilybi\u0173 b\u016btent \u0161iomis fig\u016bromis. M. Kor\u00e7a vis\u0105 gyvenim\u0105 dirbo fizikos ir kalb\u0173 mokytoju bei mokslininku pradininku, kuris buvo vieno pirm\u0173j\u0173 jugoslav\u0173-turk\u0173 ir alban\u0173-turk\u0173 kalb\u0173 \u017eodyn\u0173 Balkanuose autorius.<\/span><\/li><li style=\"font-weight: 400;\" aria-level=\"1\"><b>\u201cVarna 1962\u201d \/ \"Gambit\" rinkinys<\/b><span style=\"font-weight: 400;\">: \u0160is stilius, kur\u012f \u012fkv\u0117p\u0117 1962 m. Varnos olimpiada ir kur\u012f \u012f Turkij\u0105 atve\u017e\u0117 turk\u0173 imigrantai i\u0161 Bulgarijos, buvo oficialus 2000 m. Turkijos \u0161achmat\u0173 \u010dempionato, kuriame Tameris tapo \u0161alies \u010dempionu, rinkinys. Tokio pat dizaino rinkin\u012f galima pamatyti Tamerio nuotrauk\u0173 fone kaip nuotrauk\u0105, kurioje jis \u017eaid\u017eia \u0161achmatais b\u016bdamas daug jaunesnis. \u012esp\u016bdingiausia, kad b\u016btent tokio dizaino \u0161achmatai buvo naudojami 1997 m. Tamerio parodom\u0173j\u0173 ma\u010d\u0173 susitikimuose su legendomis Gariu Kasparovu ir Anatolijumi Karpovu, kurie baig\u0117si lygiosiomis.<\/span><\/li><\/ul><\/div><\/div>\t\t\t\t\t\t\t\t<\/div>\n\t\t\t\t<\/div>\n\t\t\t\t<\/div>\n\t\t\t\t\t<\/div>\n\t\t\t\t<\/div>\n\t\t\t\t<\/div>","protected":false},"excerpt":{"rendered":"<p>Bridges Across Borders: The Balkan and Socialist Legacy (1950\u20131991) \u265f\ufe0f This collection of portable chess sets represents a unique intersection of Balkan, Slavic, Soviet, and Turkish cultures. Rather than reflecting a single political bloc, these pieces illustrate a diverse intellectual landscape where distinct designs flourished from the Non-Aligned regions of Yugoslavia to the heart of [&hellip;]<\/p>\n","protected":false},"author":1,"featured_media":0,"parent":743,"menu_order":0,"comment_status":"closed","ping_status":"closed","template":"","meta":{"footnotes":""},"class_list":["post-1136","page","type-page","status-publish","hentry"],"_links":{"self":[{"href":"https:\/\/shatranj.art\/lt\/wp-json\/wp\/v2\/pages\/1136","targetHints":{"allow":["GET"]}}],"collection":[{"href":"https:\/\/shatranj.art\/lt\/wp-json\/wp\/v2\/pages"}],"about":[{"href":"https:\/\/shatranj.art\/lt\/wp-json\/wp\/v2\/types\/page"}],"author":[{"embeddable":true,"href":"https:\/\/shatranj.art\/lt\/wp-json\/wp\/v2\/users\/1"}],"replies":[{"embeddable":true,"href":"https:\/\/shatranj.art\/lt\/wp-json\/wp\/v2\/comments?post=1136"}],"version-history":[{"count":16,"href":"https:\/\/shatranj.art\/lt\/wp-json\/wp\/v2\/pages\/1136\/revisions"}],"predecessor-version":[{"id":1383,"href":"https:\/\/shatranj.art\/lt\/wp-json\/wp\/v2\/pages\/1136\/revisions\/1383"}],"up":[{"embeddable":true,"href":"https:\/\/shatranj.art\/lt\/wp-json\/wp\/v2\/pages\/743"}],"wp:attachment":[{"href":"https:\/\/shatranj.art\/lt\/wp-json\/wp\/v2\/media?parent=1136"}],"curies":[{"name":"wp","href":"https:\/\/api.w.org\/{rel}","templated":true}]}}