{"id":1465,"date":"2026-02-24T06:30:11","date_gmt":"2026-02-24T06:30:11","guid":{"rendered":"https:\/\/shatranj.art\/?page_id=1465"},"modified":"2026-02-24T07:42:10","modified_gmt":"2026-02-24T07:42:10","slug":"35-plakatas","status":"publish","type":"page","link":"https:\/\/shatranj.art\/lt\/exhibit\/35-plakatas\/","title":{"rendered":"plakat\u0105-35"},"content":{"rendered":"<div data-elementor-type=\"wp-page\" data-elementor-id=\"1465\" class=\"elementor elementor-1465\" data-elementor-post-type=\"page\">\n\t\t\t\t<div class=\"elementor-element elementor-element-08b263e e-flex e-con-boxed e-con e-parent\" data-id=\"08b263e\" data-element_type=\"container\" data-e-type=\"container\" data-settings=\"{&quot;background_background&quot;:&quot;classic&quot;}\">\n\t\t\t\t\t<div class=\"e-con-inner\">\n\t\t<div class=\"elementor-element elementor-element-7869a40 e-con-full e-flex e-con e-child\" data-id=\"7869a40\" data-element_type=\"container\" data-e-type=\"container\">\n\t\t\t\t<div class=\"elementor-element elementor-element-1c616f4 elementor-widget elementor-widget-image\" data-id=\"1c616f4\" data-element_type=\"widget\" data-e-type=\"widget\" data-widget_type=\"image.default\">\n\t\t\t\t<div class=\"elementor-widget-container\">\n\t\t\t\t\t\t\t\t\t\t\t\t\t\t\t<img fetchpriority=\"high\" decoding=\"async\" width=\"453\" height=\"371\" src=\"https:\/\/shatranj.art\/wp-content\/uploads\/2026\/02\/Cambridge_Springs_Staunton_Chessmen.jpg\" class=\"attachment-full size-full wp-image-1468\" alt=\"\" srcset=\"https:\/\/shatranj.art\/wp-content\/uploads\/2026\/02\/Cambridge_Springs_Staunton_Chessmen.jpg 453w, https:\/\/shatranj.art\/wp-content\/uploads\/2026\/02\/Cambridge_Springs_Staunton_Chessmen-300x246.jpg 300w, https:\/\/shatranj.art\/wp-content\/uploads\/2026\/02\/Cambridge_Springs_Staunton_Chessmen-15x12.jpg 15w\" sizes=\"(max-width: 453px) 100vw, 453px\" \/>\t\t\t\t\t\t\t\t\t\t\t\t\t\t\t<\/div>\n\t\t\t\t<\/div>\n\t\t\t\t<div class=\"elementor-element elementor-element-a5ffbc0 elementor-widget elementor-widget-text-editor\" data-id=\"a5ffbc0\" data-element_type=\"widget\" data-e-type=\"widget\" data-widget_type=\"text-editor.default\">\n\t\t\t\t<div class=\"elementor-widget-container\">\n\t\t\t\t\t\t\t\t\t<h3 data-path-to-node=\"0\">1904 m. \"Cambridge Springs International\" rinkinys<\/h3><p data-path-to-node=\"2\">1904 m. Kembrid\u017eo Springse, Pensilvanijos valstijoje, \u012fvyk\u0119s Tarptautinis \u0161achmat\u0173 kongresas tapo istoriniu \u012fvykiu - tai buvo pirmasis didelis tarptautinis turnyras, surengtas Jungtin\u0117se Amerikos Valstijose. \u0160is renginys tapo lemiamu \u0161achmat\u0173 \"aukso am\u017eiaus\" momentu ir tapo tiltu tarp klasikini\u0173 Europos tradicij\u0173 ir augan\u010dio Amerikos \u0161achmat\u0173 scenos d\u0117mesio.<\/p><p data-path-to-node=\"2\">\u00a0<\/p><p data-path-to-node=\"3\"><strong>Legendini\u0173 meistr\u0173 susitikimas<\/strong><\/p><p data-path-to-node=\"3\">\u00a0<\/p><p data-path-to-node=\"4\">Turnyre dalyvavo \u0161e\u0161iolika paj\u0117giausi\u0173 pasaulio \u017eaid\u0117j\u0173, tod\u0117l tai buvo vienos stipriausi\u0173 XX a. prad\u017eios var\u017eyb\u0173. Jame dalyvavo:<\/p><p data-path-to-node=\"5,0,0\">Emanuelis Laskeris: E. E. Laskeris: karaliaujantis pasaulio \u010dempionas ir dominuojanti j\u0117ga \u0161achmat\u0173 strategijoje.<\/p><p data-path-to-node=\"5,1,0\">Michailas \u010cigorinas: legendinis rus\u0173 meistras, sovietin\u0117s \u0161achmat\u0173 mokyklos pradininkas.<\/p><p data-path-to-node=\"5,2,0\">Dawid Janowski: Janowskis: puikus lenk\u0173 ir pranc\u016bz\u0173 taktikas, pasi\u017eymintis agresyviu ir k\u016brybingu \u017eaidimu.<\/p><p data-path-to-node=\"5,3,0\">Frank James Marshall: Jaunas amerikietis, kuris \u0161okiravo pasaul\u012f, laim\u0117j\u0119s turnyr\u0105 be pralaim\u0117jim\u0173 ir aplenk\u0119s pasaulio \u010dempion\u0105.<\/p><p data-path-to-node=\"5,4,0\">Kiti \u017eym\u016bs dalyviai buvo Harry Nelsonas Pillsbury, Carlas Schlechteris ir Richardas Teichmannas.<\/p><p data-path-to-node=\"5,4,0\">\u00a0<\/p><p>Karaliaus kry\u017eiaus pa\u0161alinimas i\u0161 originalaus Stauntono dizaino buvo s\u0105moningas \u017eingsnis link \u012ftraukties, pagerbiant \u012fvairi\u0105 tarptautini\u0173 \u017eaid\u0117j\u0173 kilm\u0119 ir gr\u0105\u017einant \u017eaidim\u0105 prie jo pasaulietini\u0173 ir abstrak\u010di\u0173 \u0161akn\u0173. \u0160is dizainas \u012ftvirtino \u0161achmat\u0173 lent\u0105 kaip neutrali\u0105 logikos aren\u0105, neturin\u010di\u0105 konkre\u010di\u0173 religini\u0173 atspalvi\u0173.<\/p>\t\t\t\t\t\t\t\t<\/div>\n\t\t\t\t<\/div>\n\t\t\t\t<div class=\"elementor-element elementor-element-26ec034 elementor-widget elementor-widget-image\" data-id=\"26ec034\" data-element_type=\"widget\" data-e-type=\"widget\" data-widget_type=\"image.default\">\n\t\t\t\t<div class=\"elementor-widget-container\">\n\t\t\t\t\t\t\t\t\t\t\t\t\t\t\t<img decoding=\"async\" width=\"413\" height=\"520\" src=\"https:\/\/shatranj.art\/wp-content\/uploads\/2026\/02\/1904-cambridge-springs-chess-tournament.jpeg\" class=\"attachment-full size-full wp-image-1517\" alt=\"\" srcset=\"https:\/\/shatranj.art\/wp-content\/uploads\/2026\/02\/1904-cambridge-springs-chess-tournament.jpeg 413w, https:\/\/shatranj.art\/wp-content\/uploads\/2026\/02\/1904-cambridge-springs-chess-tournament-238x300.jpeg 238w, https:\/\/shatranj.art\/wp-content\/uploads\/2026\/02\/1904-cambridge-springs-chess-tournament-10x12.jpeg 10w\" sizes=\"(max-width: 413px) 100vw, 413px\" \/>\t\t\t\t\t\t\t\t\t\t\t\t\t\t\t<\/div>\n\t\t\t\t<\/div>\n\t\t\t\t<\/div>\n\t\t\t\t\t<\/div>\n\t\t\t\t<\/div>\n\t\t\t\t<\/div>","protected":false},"excerpt":{"rendered":"<p>The 1904 Cambridge Springs International Set The 1904 International Chess Congress in Cambridge Springs, Pennsylvania, marked a historic milestone as the first major international tournament hosted in the United States. This event became a defining moment for the Golden Age of chess, representing a bridge between the classic European traditions and the rising prominence of [&hellip;]<\/p>\n","protected":false},"author":1,"featured_media":0,"parent":743,"menu_order":0,"comment_status":"closed","ping_status":"closed","template":"","meta":{"footnotes":""},"class_list":["post-1465","page","type-page","status-publish","hentry"],"_links":{"self":[{"href":"https:\/\/shatranj.art\/lt\/wp-json\/wp\/v2\/pages\/1465","targetHints":{"allow":["GET"]}}],"collection":[{"href":"https:\/\/shatranj.art\/lt\/wp-json\/wp\/v2\/pages"}],"about":[{"href":"https:\/\/shatranj.art\/lt\/wp-json\/wp\/v2\/types\/page"}],"author":[{"embeddable":true,"href":"https:\/\/shatranj.art\/lt\/wp-json\/wp\/v2\/users\/1"}],"replies":[{"embeddable":true,"href":"https:\/\/shatranj.art\/lt\/wp-json\/wp\/v2\/comments?post=1465"}],"version-history":[{"count":17,"href":"https:\/\/shatranj.art\/lt\/wp-json\/wp\/v2\/pages\/1465\/revisions"}],"predecessor-version":[{"id":1520,"href":"https:\/\/shatranj.art\/lt\/wp-json\/wp\/v2\/pages\/1465\/revisions\/1520"}],"up":[{"embeddable":true,"href":"https:\/\/shatranj.art\/lt\/wp-json\/wp\/v2\/pages\/743"}],"wp:attachment":[{"href":"https:\/\/shatranj.art\/lt\/wp-json\/wp\/v2\/media?parent=1465"}],"curies":[{"name":"wp","href":"https:\/\/api.w.org\/{rel}","templated":true}]}}