{"id":1488,"date":"2026-02-24T06:58:44","date_gmt":"2026-02-24T06:58:44","guid":{"rendered":"https:\/\/shatranj.art\/?page_id=1488"},"modified":"2026-02-24T07:15:32","modified_gmt":"2026-02-24T07:15:32","slug":"36-plakatas","status":"publish","type":"page","link":"https:\/\/shatranj.art\/lt\/exhibit\/36-plakatas\/","title":{"rendered":"plakat\u0105-36"},"content":{"rendered":"<div data-elementor-type=\"wp-page\" data-elementor-id=\"1488\" class=\"elementor elementor-1488\" data-elementor-post-type=\"page\">\n\t\t\t\t<div class=\"elementor-element elementor-element-ffdb7d2 e-flex e-con-boxed e-con e-parent\" data-id=\"ffdb7d2\" data-element_type=\"container\" data-e-type=\"container\" data-settings=\"{&quot;background_background&quot;:&quot;classic&quot;}\">\n\t\t\t\t\t<div class=\"e-con-inner\">\n\t\t<div class=\"elementor-element elementor-element-5551562 e-con-full e-flex e-con e-child\" data-id=\"5551562\" data-element_type=\"container\" data-e-type=\"container\">\n\t\t\t\t<div class=\"elementor-element elementor-element-1e762c9 elementor-widget elementor-widget-image\" data-id=\"1e762c9\" data-element_type=\"widget\" data-e-type=\"widget\" data-widget_type=\"image.default\">\n\t\t\t\t<div class=\"elementor-widget-container\">\n\t\t\t\t\t\t\t\t\t\t\t\t\t\t\t<img fetchpriority=\"high\" decoding=\"async\" width=\"569\" height=\"860\" src=\"https:\/\/shatranj.art\/wp-content\/uploads\/2026\/02\/damiano.jpg\" class=\"attachment-full size-full wp-image-1490\" alt=\"\" srcset=\"https:\/\/shatranj.art\/wp-content\/uploads\/2026\/02\/damiano.jpg 569w, https:\/\/shatranj.art\/wp-content\/uploads\/2026\/02\/damiano-198x300.jpg 198w, https:\/\/shatranj.art\/wp-content\/uploads\/2026\/02\/damiano-8x12.jpg 8w\" sizes=\"(max-width: 569px) 100vw, 569px\" \/>\t\t\t\t\t\t\t\t\t\t\t\t\t\t\t<\/div>\n\t\t\t\t<\/div>\n\t\t\t\t<div class=\"elementor-element elementor-element-4488bb1 elementor-widget elementor-widget-text-editor\" data-id=\"4488bb1\" data-element_type=\"widget\" data-e-type=\"widget\" data-widget_type=\"text-editor.default\">\n\t\t\t\t<div class=\"elementor-widget-container\">\n\t\t\t\t\t\t\t\t\t<h3 data-path-to-node=\"0\">Damiano \u0161achmat\u0173 rinkinys (apie 1512 m.)<\/h3><p data-path-to-node=\"1\">\u0160is rinkinys, pavadintas Pedro Damiano, portugal\u0173 vaistininko, 1512 m. para\u0161iusio \u012ftaking\u0105 vadov\u0117l\u012f \"Questo Libro e da Imparare Giocare a Scacchi\", vardu, yra svarbus pereinamasis \u0161achmat\u0173 dizaino momentas. Fig\u016br\u0117l\u0117s jungia ankstyv\u0105sias simbolines formas ir \u0161iuolaikin\u0119 reprezentacij\u0105. Nors karaliai ir karalien\u0117s turi eleganti\u0161kas pasuktas pakopas, o riteriai vaizduojami kaip rai\u017eytos \u017eirg\u0173 galvos, gaid\u017eiai ir vyskupai vis dar primena savo viduram\u017ei\u0173 pirmtakus. Vis\u0173 pirma, gaidys i\u0161laiko abstrakt\u0173 senovinio karo ve\u017eimo siluet\u0105, kuris netrukus virto \u0161iuolaikiniu pilies bok\u0161tu.<\/p><p data-path-to-node=\"2\">Damiano traktatas tapo pirmuoju moderniosios eros bestseleriu, kuriame nustatyti tokie esminiai standartai kaip reikalavimas, kad baltas kvadratas b\u016bt\u0173 \u017eaid\u0117jo de\u0161in\u0117je. Jo am\u017einas patarimas \u201cJei matai ger\u0105 \u0117jim\u0105, rask geresn\u012f\u201d atspindi intelektualin\u012f gilum\u0105, kur\u012f jis \u012fne\u0161\u0117 \u012f \u017eaidim\u0105. \u0160is rinkinys yra vaizdinis XVI a. evoliucijos, d\u0117l kurios senovinis \u0161atran\u017eas tapo tarptautine \u0161iuolaikinio pasaulio sporto \u0161aka, dokumentas.<\/p>\t\t\t\t\t\t\t\t<\/div>\n\t\t\t\t<\/div>\n\t\t\t\t<\/div>\n\t\t\t\t\t<\/div>\n\t\t\t\t<\/div>\n\t\t\t\t<\/div>","protected":false},"excerpt":{"rendered":"<p>The Damiano Chess Set (c. 1512) Named after Pedro Damiano, the Portuguese apothecary who authored the influential 1512 manual Questo Libro e da Imparare Giocare a Scacchi, this set represents a significant transitional moment in chess design. The pieces bridge the gap between early symbolic forms and modern representation. While the Kings and Queens feature [&hellip;]<\/p>\n","protected":false},"author":1,"featured_media":0,"parent":743,"menu_order":0,"comment_status":"closed","ping_status":"closed","template":"","meta":{"footnotes":""},"class_list":["post-1488","page","type-page","status-publish","hentry"],"_links":{"self":[{"href":"https:\/\/shatranj.art\/lt\/wp-json\/wp\/v2\/pages\/1488","targetHints":{"allow":["GET"]}}],"collection":[{"href":"https:\/\/shatranj.art\/lt\/wp-json\/wp\/v2\/pages"}],"about":[{"href":"https:\/\/shatranj.art\/lt\/wp-json\/wp\/v2\/types\/page"}],"author":[{"embeddable":true,"href":"https:\/\/shatranj.art\/lt\/wp-json\/wp\/v2\/users\/1"}],"replies":[{"embeddable":true,"href":"https:\/\/shatranj.art\/lt\/wp-json\/wp\/v2\/comments?post=1488"}],"version-history":[{"count":5,"href":"https:\/\/shatranj.art\/lt\/wp-json\/wp\/v2\/pages\/1488\/revisions"}],"predecessor-version":[{"id":1501,"href":"https:\/\/shatranj.art\/lt\/wp-json\/wp\/v2\/pages\/1488\/revisions\/1501"}],"up":[{"embeddable":true,"href":"https:\/\/shatranj.art\/lt\/wp-json\/wp\/v2\/pages\/743"}],"wp:attachment":[{"href":"https:\/\/shatranj.art\/lt\/wp-json\/wp\/v2\/media?parent=1488"}],"curies":[{"name":"wp","href":"https:\/\/api.w.org\/{rel}","templated":true}]}}