{"id":1504,"date":"2026-02-24T07:16:45","date_gmt":"2026-02-24T07:16:45","guid":{"rendered":"https:\/\/shatranj.art\/?page_id=1504"},"modified":"2026-02-24T07:21:26","modified_gmt":"2026-02-24T07:21:26","slug":"38-plakatas","status":"publish","type":"page","link":"https:\/\/shatranj.art\/lt\/exhibit\/38-plakatas\/","title":{"rendered":"plakat\u0105-38"},"content":{"rendered":"<div data-elementor-type=\"wp-page\" data-elementor-id=\"1504\" class=\"elementor elementor-1504\" data-elementor-post-type=\"page\">\n\t\t\t\t<div class=\"elementor-element elementor-element-d6ea98c e-flex e-con-boxed e-con e-parent\" data-id=\"d6ea98c\" data-element_type=\"container\" data-e-type=\"container\" data-settings=\"{&quot;background_background&quot;:&quot;classic&quot;}\">\n\t\t\t\t\t<div class=\"e-con-inner\">\n\t\t<div class=\"elementor-element elementor-element-8942b74 e-con-full e-flex e-con e-child\" data-id=\"8942b74\" data-element_type=\"container\" data-e-type=\"container\">\n\t\t\t\t<div class=\"elementor-element elementor-element-f1e4538 elementor-widget elementor-widget-image\" data-id=\"f1e4538\" data-element_type=\"widget\" data-e-type=\"widget\" data-widget_type=\"image.default\">\n\t\t\t\t<div class=\"elementor-widget-container\">\n\t\t\t\t\t\t\t\t\t\t\t\t\t\t\t<img fetchpriority=\"high\" decoding=\"async\" width=\"1893\" height=\"798\" src=\"https:\/\/shatranj.art\/wp-content\/uploads\/2026\/02\/romanian-cafe-house-langer-collection.jpg\" class=\"attachment-full size-full wp-image-1506\" alt=\"\" srcset=\"https:\/\/shatranj.art\/wp-content\/uploads\/2026\/02\/romanian-cafe-house-langer-collection.jpg 1893w, https:\/\/shatranj.art\/wp-content\/uploads\/2026\/02\/romanian-cafe-house-langer-collection-300x126.jpg 300w, https:\/\/shatranj.art\/wp-content\/uploads\/2026\/02\/romanian-cafe-house-langer-collection-1024x432.jpg 1024w, https:\/\/shatranj.art\/wp-content\/uploads\/2026\/02\/romanian-cafe-house-langer-collection-768x324.jpg 768w, https:\/\/shatranj.art\/wp-content\/uploads\/2026\/02\/romanian-cafe-house-langer-collection-1536x648.jpg 1536w, https:\/\/shatranj.art\/wp-content\/uploads\/2026\/02\/romanian-cafe-house-langer-collection-18x8.jpg 18w\" sizes=\"(max-width: 1893px) 100vw, 1893px\" \/>\t\t\t\t\t\t\t\t\t\t\t\t\t\t\t<\/div>\n\t\t\t\t<\/div>\n\t\t\t\t<div class=\"elementor-element elementor-element-dced84d elementor-widget elementor-widget-text-editor\" data-id=\"dced84d\" data-element_type=\"widget\" data-e-type=\"widget\" data-widget_type=\"text-editor.default\">\n\t\t\t\t<div class=\"elementor-widget-container\">\n\t\t\t\t\t\t\t\t\t<div id=\"1440505187\" class=\"u_1440505187 dmNewParagraph\"><h3><strong>Rumun\u0173 kavin\u0117s \u0161achmat\u0173 rinkinys, apie 1920-1940 m.<\/strong><br \/><br \/><\/h3><div>Iki Pirmojo pasaulinio karo kai kurios dabartin\u0117s Rumunijos dalys, ypa\u010d Transilvanijos regionas, priklaus\u0117 Austrijos-Vengrijos imperijai, kuri\u0105 vald\u0117 Habsburg\u0173 dinastija. Galima daryti prielaid\u0105, kad per \u0161\u012f ry\u0161\u012f Austrijos kavini\u0173 kult\u016bra ir vadinamojo Vienos kavini\u0173 stiliaus bendri \u0161achmat\u0173 rinkiniai pateko ir \u012f pietin\u0119 Rumunijos karalyst\u0119, kur \u0161is rinkinys buvo naudojamas XX a. prad\u017eioje. Rinkinys pagamintas i\u0161 tekinto med\u017eio, viena jo pus\u0117 nat\u016brali, kita padengta juodu laku. Jame matyti keletas dizaino bruo\u017e\u0173, bendr\u0173 su min\u0117tais Vienos rinkiniais, ypa\u010d karalieni\u0173 kar\u016bnos, kurios yra skryb\u0117l\u0117s formos, vyskupai su prie\u0161ingos spalvos rutuliuko formos galvut\u0117mis arba tvirtos varnos. Ypa\u010d \u012fdomi ne\u012fprasta karaliaus forma, kurio kar\u016bna vir\u0161utin\u0117je pus\u0117je susiaur\u0117ja \u012f pailg\u0105 antgal\u012f, kurio vir\u0161uje yra ma\u017eas rutuliukas, beveik taip, tarsi ant karaliaus kar\u016bnos s\u0117d\u0117t\u0173 ma\u017eas p\u0117stininkas. Ant rinkinio matyti intensyvaus naudojimo po\u017eymi\u0173. Atrodo, kad kai kurios detal\u0117s buvo pakeistos, ta\u010diau tai nesumenkina bendro \u012fsp\u016bd\u017eio. Vaizdas ir tekstas paimti i\u0161 Langerio kolekcijos.<\/div><\/div>\t\t\t\t\t\t\t\t<\/div>\n\t\t\t\t<\/div>\n\t\t\t\t<\/div>\n\t\t\t\t\t<\/div>\n\t\t\t\t<\/div>\n\t\t\t\t<\/div>","protected":false},"excerpt":{"rendered":"<p>Romanian Coffee House Chess set, ca. 1920-1940 Until WWI, some parts of today&#8217;s Romania &#8211; namely the region known as Transylvania &#8211; belonged to the Austro-Hungarian Empire ruled by the Habsburg dynasty. It can be assumed that through this connection the Austrian coffee house culture and the common chess sets of the so called Vienna [&hellip;]<\/p>\n","protected":false},"author":1,"featured_media":0,"parent":743,"menu_order":0,"comment_status":"closed","ping_status":"closed","template":"","meta":{"footnotes":""},"class_list":["post-1504","page","type-page","status-publish","hentry"],"_links":{"self":[{"href":"https:\/\/shatranj.art\/lt\/wp-json\/wp\/v2\/pages\/1504","targetHints":{"allow":["GET"]}}],"collection":[{"href":"https:\/\/shatranj.art\/lt\/wp-json\/wp\/v2\/pages"}],"about":[{"href":"https:\/\/shatranj.art\/lt\/wp-json\/wp\/v2\/types\/page"}],"author":[{"embeddable":true,"href":"https:\/\/shatranj.art\/lt\/wp-json\/wp\/v2\/users\/1"}],"replies":[{"embeddable":true,"href":"https:\/\/shatranj.art\/lt\/wp-json\/wp\/v2\/comments?post=1504"}],"version-history":[{"count":4,"href":"https:\/\/shatranj.art\/lt\/wp-json\/wp\/v2\/pages\/1504\/revisions"}],"predecessor-version":[{"id":1509,"href":"https:\/\/shatranj.art\/lt\/wp-json\/wp\/v2\/pages\/1504\/revisions\/1509"}],"up":[{"embeddable":true,"href":"https:\/\/shatranj.art\/lt\/wp-json\/wp\/v2\/pages\/743"}],"wp:attachment":[{"href":"https:\/\/shatranj.art\/lt\/wp-json\/wp\/v2\/media?parent=1504"}],"curies":[{"name":"wp","href":"https:\/\/api.w.org\/{rel}","templated":true}]}}