{"id":1510,"date":"2026-02-24T07:22:35","date_gmt":"2026-02-24T07:22:35","guid":{"rendered":"https:\/\/shatranj.art\/?page_id=1510"},"modified":"2026-02-24T07:36:00","modified_gmt":"2026-02-24T07:36:00","slug":"plakatas-39","status":"publish","type":"page","link":"https:\/\/shatranj.art\/lt\/exhibit\/plakatas-39\/","title":{"rendered":"Poster-39"},"content":{"rendered":"<div data-elementor-type=\"wp-page\" data-elementor-id=\"1510\" class=\"elementor elementor-1510\" data-elementor-post-type=\"page\">\n\t\t\t\t<div class=\"elementor-element elementor-element-1426eb0 e-flex e-con-boxed e-con e-parent\" data-id=\"1426eb0\" data-element_type=\"container\" data-e-type=\"container\" data-settings=\"{&quot;background_background&quot;:&quot;classic&quot;}\">\n\t\t\t\t\t<div class=\"e-con-inner\">\n\t\t<div class=\"elementor-element elementor-element-d76d2b5 e-con-full e-flex e-con e-child\" data-id=\"d76d2b5\" data-element_type=\"container\" data-e-type=\"container\">\n\t\t\t\t<div class=\"elementor-element elementor-element-e675f73 elementor-widget elementor-widget-image\" data-id=\"e675f73\" data-element_type=\"widget\" data-e-type=\"widget\" data-widget_type=\"image.default\">\n\t\t\t\t<div class=\"elementor-widget-container\">\n\t\t\t\t\t\t\t\t\t\t\t\t\t\t\t<img fetchpriority=\"high\" decoding=\"async\" width=\"1200\" height=\"942\" src=\"https:\/\/shatranj.art\/wp-content\/uploads\/2026\/02\/Ben-Franklin-Chess-scaled-1200x942-1.jpeg\" class=\"attachment-full size-full wp-image-1513\" alt=\"\" srcset=\"https:\/\/shatranj.art\/wp-content\/uploads\/2026\/02\/Ben-Franklin-Chess-scaled-1200x942-1.jpeg 1200w, https:\/\/shatranj.art\/wp-content\/uploads\/2026\/02\/Ben-Franklin-Chess-scaled-1200x942-1-300x236.jpeg 300w, https:\/\/shatranj.art\/wp-content\/uploads\/2026\/02\/Ben-Franklin-Chess-scaled-1200x942-1-1024x804.jpeg 1024w, https:\/\/shatranj.art\/wp-content\/uploads\/2026\/02\/Ben-Franklin-Chess-scaled-1200x942-1-768x603.jpeg 768w, https:\/\/shatranj.art\/wp-content\/uploads\/2026\/02\/Ben-Franklin-Chess-scaled-1200x942-1-15x12.jpeg 15w\" sizes=\"(max-width: 1200px) 100vw, 1200px\" \/>\t\t\t\t\t\t\t\t\t\t\t\t\t\t\t<\/div>\n\t\t\t\t<\/div>\n\t\t\t\t<div class=\"elementor-element elementor-element-225c171 elementor-widget elementor-widget-text-editor\" data-id=\"225c171\" data-element_type=\"widget\" data-e-type=\"widget\" data-widget_type=\"text-editor.default\">\n\t\t\t\t<div class=\"elementor-widget-container\">\n\t\t\t\t\t\t\t\t\t<h3 data-path-to-node=\"0\"><span class=\"citation-214 citation-end-214\">\u201cBenjamino Franklino \u201d\u0160achmat\u0173 moral\u0117\"<\/span><\/h3><p data-path-to-node=\"0\"><span class=\"citation-214 citation-end-214\"><br \/><br \/>1786 m. pasirod\u017eiusioje Benjamino Franklino es\u0117 \u201c\u0160achmat\u0173 moral\u0117\u201d \u0161is \u017eaidimas buvo i\u0161 naujo apibr\u0117\u017etas kaip itin svarbi asmeninio tobul\u0117jimo ir intelektualin\u0117s doryb\u0117s ugdymo priemon\u0117.<\/span> <span class=\"citation-213 citation-end-213\">Franklinas tik\u0117jo, kad \u0161achmatai - tai daugiau nei pramoga; tai buvo \u012f\u017evalgumo, apdairumo ir atsargumo pratybos - savyb\u0117s, kurios, jo nuomone, yra b\u016btinos siekiant s\u0117km\u0117s tiek asmeniniame gyvenime, tiek vie\u0161ojoje diplomatijoje.<\/span> <span class=\"citation-212 citation-end-212\">Ap\u0161vietos epochoje Franklinas lank\u0117si garsiose \u0161achmat\u0173 kavin\u0117se, tokiose kaip Caf\u00e9 de la R\u00e9gence Pary\u017eiuje.<\/span> \u0160iose erdv\u0117se veik\u0117 original\u016bs to laikme\u010dio socialiniai tinklai, kuriuose \u017eaidimas palengvino grie\u017etas diskusijas ir keitim\u0105si revoliucin\u0117mis id\u0117jomis, sujungdamas mokslo, politikos ir filosofijos pasaulius.<\/p><p data-path-to-node=\"0\">\u00a0<\/p><p data-path-to-node=\"0\">Franklino susi\u017eav\u0117jimas intelektualin\u0117mis \u017eaidimo galimyb\u0117mis l\u0117m\u0117 istorin\u012f susitikim\u0105 su Mechaniniu turku - garsiausiu pasaulyje \u0161achmatais \u017eaid\u017eian\u010diu automatu. Per 1783 m. Pary\u017eiuje vykus\u012f ma\u010d\u0105 Franklinas i\u0161band\u0117 savo \u012fg\u016bd\u017eius su ma\u0161ina, kuri buvo Ap\u0161vietos epochos mechaninio proto manijos pavyzdys. Turkas galiausiai atkeliavo \u012f Jungtines Valstijas ir savo galutinius namus rado Peale'o muziejuje (v\u0117liau - Kinijos muziejuje) Filadelfijoje. De\u0161imtme\u010dius jis buvo pagrindin\u0117 Pensilvanijos mokslin\u0117s kult\u016bros dalis, kol 1854 m. \u017euvo per gaisr\u0105. \u0160is \u017emogaus i\u0161radingumo ir ma\u0161in\u0173 intelekto palikimas i\u0161lieka pamatine istorija parodoms, kuriose tyrin\u0117jama istorijos, \u017eaidim\u0173 ir intelekto evoliucijos sankirta.<br \/><br \/><br \/><\/p><p data-path-to-node=\"0\">Nuotraukoje pavaizduotas Benjaminas Franklinas, \u017eaid\u017eiantis \u0161achmatais. Edwardo Harrisono May'aus k\u016brinys, 1867 m.<\/p>\t\t\t\t\t\t\t\t<\/div>\n\t\t\t\t<\/div>\n\t\t\t\t<\/div>\n\t\t\t\t\t<\/div>\n\t\t\t\t<\/div>\n\t\t\t\t<\/div>","protected":false},"excerpt":{"rendered":"<p>&#8220;The Morals of Chess&#8221; by Benjamin Franklin Benjamin Franklin\u2019s 1786 essay, &#8220;The Morals of Chess,&#8221; redefined the game as a vital tool for personal development and intellectual virtue. Franklin believed that chess was more than a pastime; it was an exercise in foresight, circumspection, and caution\u2014qualities he deemed essential for success in both private life [&hellip;]<\/p>\n","protected":false},"author":1,"featured_media":0,"parent":743,"menu_order":0,"comment_status":"closed","ping_status":"closed","template":"","meta":{"footnotes":""},"class_list":["post-1510","page","type-page","status-publish","hentry"],"_links":{"self":[{"href":"https:\/\/shatranj.art\/lt\/wp-json\/wp\/v2\/pages\/1510","targetHints":{"allow":["GET"]}}],"collection":[{"href":"https:\/\/shatranj.art\/lt\/wp-json\/wp\/v2\/pages"}],"about":[{"href":"https:\/\/shatranj.art\/lt\/wp-json\/wp\/v2\/types\/page"}],"author":[{"embeddable":true,"href":"https:\/\/shatranj.art\/lt\/wp-json\/wp\/v2\/users\/1"}],"replies":[{"embeddable":true,"href":"https:\/\/shatranj.art\/lt\/wp-json\/wp\/v2\/comments?post=1510"}],"version-history":[{"count":4,"href":"https:\/\/shatranj.art\/lt\/wp-json\/wp\/v2\/pages\/1510\/revisions"}],"predecessor-version":[{"id":1516,"href":"https:\/\/shatranj.art\/lt\/wp-json\/wp\/v2\/pages\/1510\/revisions\/1516"}],"up":[{"embeddable":true,"href":"https:\/\/shatranj.art\/lt\/wp-json\/wp\/v2\/pages\/743"}],"wp:attachment":[{"href":"https:\/\/shatranj.art\/lt\/wp-json\/wp\/v2\/media?parent=1510"}],"curies":[{"name":"wp","href":"https:\/\/api.w.org\/{rel}","templated":true}]}}