{"id":1543,"date":"2026-02-24T08:36:27","date_gmt":"2026-02-24T08:36:27","guid":{"rendered":"https:\/\/shatranj.art\/?page_id=1543"},"modified":"2026-02-24T08:53:53","modified_gmt":"2026-02-24T08:53:53","slug":"41-plakatas","status":"publish","type":"page","link":"https:\/\/shatranj.art\/lt\/exhibit\/41-plakatas\/","title":{"rendered":"Plakatas-41"},"content":{"rendered":"<div data-elementor-type=\"wp-page\" data-elementor-id=\"1543\" class=\"elementor elementor-1543\" data-elementor-post-type=\"page\">\n\t\t\t\t<div class=\"elementor-element elementor-element-7a8daa7 e-flex e-con-boxed e-con e-parent\" data-id=\"7a8daa7\" data-element_type=\"container\" data-e-type=\"container\" data-settings=\"{&quot;background_background&quot;:&quot;classic&quot;}\">\n\t\t\t\t\t<div class=\"e-con-inner\">\n\t\t<div class=\"elementor-element elementor-element-26be55b e-con-full e-flex e-con e-child\" data-id=\"26be55b\" data-element_type=\"container\" data-e-type=\"container\">\n\t\t\t\t<div class=\"elementor-element elementor-element-3278af1 elementor-widget elementor-widget-image\" data-id=\"3278af1\" data-element_type=\"widget\" data-e-type=\"widget\" data-widget_type=\"image.default\">\n\t\t\t\t<div class=\"elementor-widget-container\">\n\t\t\t\t\t\t\t\t\t\t\t\t\t\t\t<img fetchpriority=\"high\" decoding=\"async\" width=\"1280\" height=\"960\" src=\"https:\/\/shatranj.art\/wp-content\/uploads\/2026\/02\/Sahi_Cannon_at_Fort_Nelson_UK.jpg\" class=\"attachment-full size-full wp-image-1545\" alt=\"\" srcset=\"https:\/\/shatranj.art\/wp-content\/uploads\/2026\/02\/Sahi_Cannon_at_Fort_Nelson_UK.jpg 1280w, https:\/\/shatranj.art\/wp-content\/uploads\/2026\/02\/Sahi_Cannon_at_Fort_Nelson_UK-300x225.jpg 300w, https:\/\/shatranj.art\/wp-content\/uploads\/2026\/02\/Sahi_Cannon_at_Fort_Nelson_UK-1024x768.jpg 1024w, https:\/\/shatranj.art\/wp-content\/uploads\/2026\/02\/Sahi_Cannon_at_Fort_Nelson_UK-768x576.jpg 768w, https:\/\/shatranj.art\/wp-content\/uploads\/2026\/02\/Sahi_Cannon_at_Fort_Nelson_UK-16x12.jpg 16w\" sizes=\"(max-width: 1280px) 100vw, 1280px\" \/>\t\t\t\t\t\t\t\t\t\t\t\t\t\t\t<\/div>\n\t\t\t\t<\/div>\n\t\t\t\t<div class=\"elementor-element elementor-element-6723efb elementor-widget elementor-widget-text-editor\" data-id=\"6723efb\" data-element_type=\"widget\" data-e-type=\"widget\" data-widget_type=\"text-editor.default\">\n\t\t\t\t<div class=\"elementor-widget-container\">\n\t\t\t\t\t\t\t\t\t<h3><b>\u017dod\u017eio \u015eAH\u00ce kilm\u0117 ir jo ry\u0161ys su \u0161achmat\u0173 evoliucija\u00a0<\/b><\/h3><p>SHAH (\u015eAH) - tai daugelyje slav\u0173 kalb\u0173 vartojamas terminas, rei\u0161kiantis \u0161achmatus. Vokie\u010di\u0173 kalbos \u017eodis \u201cschach\u201d, pranc\u016bz\u0173 kalbos \u017eodis \u201c\u00e9checs\u201d ir angl\u0173 kalbos \u017eodis \u201cchess\u201d foneti\u0161kai kil\u0119 i\u0161 \u017eod\u017eio \u201cshah\u201d. Terminas \u201c\u015eAH\u00ce\u201d kaip b\u016bdvardis rei\u0161kia karali\u0161kas arba b\u016bdingas \u0161achui. Jis taip pat vartojamas literat\u016briniuose tekstuose, rei\u0161kian\u010diuose stipr\u0173 ir diding\u0105.<\/p><p>\u00a0<\/p><p>Vengr\u0173 in\u017einieriaus Orbano suprojektuota patranka \u015eAH\u00ce atliko pagrindin\u012f vaidmen\u012f pralau\u017eiant masyvias Konstantinopolio sienas ir bok\u0161tus per 1453 m. Fatiho sultono Mehmedo vadovaujam\u0105 apgult\u012f ir simbolizavo revoliucin\u012f pokyt\u012f apgulties kare.<\/p><p>\u00a0<\/p><p>Pra\u0117jus trims \u0161imtme\u010diams po Stambulo u\u017ekariavimo, 1807 m. per Dardanel\u0173 operacij\u0105 \u012f brit\u0173 laivus buvo paleista dar viena \u0161imtme\u010dio senumo patranka \u015eAH\u00ce, pareikalavusi daug auk\u0173. 1866 m. Osman\u0173 sultonas Abdulazizas \u0161i\u0105 patrank\u0105 padovanojo karalienei Viktorijai. Pirmiau pateikta \u015eAH\u00ce patrankos nuotrauka yra i\u0161 Nelsono forto Jungtin\u0117je Karalyst\u0117je.<\/p><p>\u00a0<\/p><p>Pavadinimas \u015eAH\u00ce simbolizuoja \u012fvairiais kalbomis i\u0161verst\u0105 gaid\u017eio fig\u016bros evoliucij\u0105 nuo karo ve\u017eimo iki bok\u0161to, nuo patrankos iki laivo, atspindin\u010di\u0105 \u0161achmat\u0173 evoliucij\u0105.<\/p><p>\u00a0<\/p><p>\u0160achmat\u0173 rinkin\u012f \u015eAH\u00ce suk\u016br\u0117 Tameris Karatekinas, buv\u0119s Masa\u010dusetso technologijos instituto \u0161achmat\u0173 komandos pirmosios lentos \u017eaid\u0117jas ir patyr\u0119s \u0161achmat\u0173 pedagogas. Jis eleganti\u0161kai atspindi \u0161achmat\u0173 istorij\u0105 ir raid\u0105 ir yra sukurtas tiek edukaciniam, tiek turnyriniam naudojimui. Ji sukurta taip, kad b\u016bt\u0173 \u012ftraukianti kult\u016briniu ir dvasiniu po\u017ei\u016briu. Spektakl\u012f par\u0117m\u0117 Masa\u010dusetso kult\u016bros tarybos ir Europos S\u0105jungos \"Erasmus+\" jaunimo programos dotacijos.<\/p><p>\u00a0<\/p><p>Su\u017einokite daugiau apie \u015eAH\u00ce dizaino istorij\u0105:\u00a0 \u00a0<a href=\"http:\/\/www.shahimasterset.com\/\">www.shahimasterset.com<\/a><\/p><p>Taip pat per\u017ei\u016br\u0117kite susijusius projektus:<br \/>\u0160achmatais pagr\u012fsta dirbtinio intelekto mokymo programa: <a href=\"http:\/\/www.shatranj.ai\/\">shatranj.ai<\/a><\/p><p>Istorini\u0173 proto \u017eaidim\u0173 paroda: <a href=\"https:\/\/shatranj.art\/lt\/\">shatranj.art<\/a><\/p>\t\t\t\t\t\t\t\t<\/div>\n\t\t\t\t<\/div>\n\t\t\t\t<div class=\"elementor-element elementor-element-7946825 elementor-widget elementor-widget-image\" data-id=\"7946825\" data-element_type=\"widget\" data-e-type=\"widget\" data-widget_type=\"image.default\">\n\t\t\t\t<div class=\"elementor-widget-container\">\n\t\t\t\t\t\t\t\t\t\t\t\t\t\t\t<img decoding=\"async\" width=\"559\" height=\"397\" src=\"https:\/\/shatranj.art\/wp-content\/uploads\/2026\/02\/shahi-engish-brochure-A6-page1.png\" class=\"attachment-full size-full wp-image-1548\" alt=\"\" srcset=\"https:\/\/shatranj.art\/wp-content\/uploads\/2026\/02\/shahi-engish-brochure-A6-page1.png 559w, https:\/\/shatranj.art\/wp-content\/uploads\/2026\/02\/shahi-engish-brochure-A6-page1-300x213.png 300w, https:\/\/shatranj.art\/wp-content\/uploads\/2026\/02\/shahi-engish-brochure-A6-page1-18x12.png 18w\" sizes=\"(max-width: 559px) 100vw, 559px\" \/>\t\t\t\t\t\t\t\t\t\t\t\t\t\t\t<\/div>\n\t\t\t\t<\/div>\n\t\t\t\t<\/div>\n\t\t\t\t\t<\/div>\n\t\t\t\t<\/div>\n\t\t\t\t<\/div>","protected":false},"excerpt":{"rendered":"<p>The origins of the \u015eAH\u00ce\u00a0 word and its connection to the evolution of chess\u00a0 SHAH (\u015eAH) is a term used in many Slavic languages for chess. The German word &#8220;schach,&#8221; French &#8220;\u00e9checs,&#8221; and English &#8220;chess&#8221; are all phonetically derived from the word &#8220;shah.&#8221; The term &#8220;\u015eAH\u00ce&#8221; as an adjective means royal or specific to the [&hellip;]<\/p>\n","protected":false},"author":1,"featured_media":0,"parent":743,"menu_order":0,"comment_status":"closed","ping_status":"closed","template":"","meta":{"footnotes":""},"class_list":["post-1543","page","type-page","status-publish","hentry"],"_links":{"self":[{"href":"https:\/\/shatranj.art\/lt\/wp-json\/wp\/v2\/pages\/1543","targetHints":{"allow":["GET"]}}],"collection":[{"href":"https:\/\/shatranj.art\/lt\/wp-json\/wp\/v2\/pages"}],"about":[{"href":"https:\/\/shatranj.art\/lt\/wp-json\/wp\/v2\/types\/page"}],"author":[{"embeddable":true,"href":"https:\/\/shatranj.art\/lt\/wp-json\/wp\/v2\/users\/1"}],"replies":[{"embeddable":true,"href":"https:\/\/shatranj.art\/lt\/wp-json\/wp\/v2\/comments?post=1543"}],"version-history":[{"count":10,"href":"https:\/\/shatranj.art\/lt\/wp-json\/wp\/v2\/pages\/1543\/revisions"}],"predecessor-version":[{"id":1557,"href":"https:\/\/shatranj.art\/lt\/wp-json\/wp\/v2\/pages\/1543\/revisions\/1557"}],"up":[{"embeddable":true,"href":"https:\/\/shatranj.art\/lt\/wp-json\/wp\/v2\/pages\/743"}],"wp:attachment":[{"href":"https:\/\/shatranj.art\/lt\/wp-json\/wp\/v2\/media?parent=1543"}],"curies":[{"name":"wp","href":"https:\/\/api.w.org\/{rel}","templated":true}]}}