{"id":788,"date":"2026-02-21T17:52:41","date_gmt":"2026-02-21T17:52:41","guid":{"rendered":"https:\/\/shatranj.art\/?page_id=788"},"modified":"2026-02-23T08:09:25","modified_gmt":"2026-02-23T08:09:25","slug":"poster-5","status":"publish","type":"page","link":"https:\/\/shatranj.art\/lt\/exhibit\/poster-5\/","title":{"rendered":"5 plakatas"},"content":{"rendered":"<div data-elementor-type=\"wp-page\" data-elementor-id=\"788\" class=\"elementor elementor-788\" data-elementor-post-type=\"page\">\n\t\t\t\t<div class=\"elementor-element elementor-element-392e0f4 e-flex e-con-boxed e-con e-parent\" data-id=\"392e0f4\" data-element_type=\"container\" data-e-type=\"container\" data-settings=\"{&quot;background_background&quot;:&quot;classic&quot;}\">\n\t\t\t\t\t<div class=\"e-con-inner\">\n\t\t<div class=\"elementor-element elementor-element-7cea5b8 e-con-full e-flex e-con e-child\" data-id=\"7cea5b8\" data-element_type=\"container\" data-e-type=\"container\">\n\t\t\t\t<div class=\"elementor-element elementor-element-022fe27 elementor-widget elementor-widget-image\" data-id=\"022fe27\" data-element_type=\"widget\" data-e-type=\"widget\" data-widget_type=\"image.default\">\n\t\t\t\t<div class=\"elementor-widget-container\">\n\t\t\t\t\t\t\t\t\t\t\t\t\t\t\t<img fetchpriority=\"high\" decoding=\"async\" width=\"800\" height=\"667\" src=\"https:\/\/shatranj.art\/wp-content\/uploads\/2026\/02\/22-1024x854.jpg\" class=\"attachment-large size-large wp-image-1004\" alt=\"\" srcset=\"https:\/\/shatranj.art\/wp-content\/uploads\/2026\/02\/22-1024x854.jpg 1024w, https:\/\/shatranj.art\/wp-content\/uploads\/2026\/02\/22-300x250.jpg 300w, https:\/\/shatranj.art\/wp-content\/uploads\/2026\/02\/22-768x640.jpg 768w, https:\/\/shatranj.art\/wp-content\/uploads\/2026\/02\/22-1536x1280.jpg 1536w, https:\/\/shatranj.art\/wp-content\/uploads\/2026\/02\/22-2048x1707.jpg 2048w\" sizes=\"(max-width: 800px) 100vw, 800px\" \/>\t\t\t\t\t\t\t\t\t\t\t\t\t\t\t<\/div>\n\t\t\t\t<\/div>\n\t\t\t\t<div class=\"elementor-element elementor-element-883ad20 elementor-widget elementor-widget-text-editor\" data-id=\"883ad20\" data-element_type=\"widget\" data-e-type=\"widget\" data-widget_type=\"text-editor.default\">\n\t\t\t\t<div class=\"elementor-widget-container\">\n\t\t\t\t\t\t\t\t\t<h3><b>Ludus Duodecim Scriptorum: The Roman Heritage of Backgammon of Backgammon<\/b><\/h3><p>Dvylikos \u017eenkl\u0173 paslaptis Ludus Duodecim Scriptorum lotyni\u0161kai rei\u0161kia \u201cDvylikos \u017eenkl\u0173 \u017eaidim\u0105\u201d - tai buvo pla\u010diai paplit\u0119s strateginis ir atsitiktinis \u017eaidimas visoje Romos imperijoje, nuo kareivini\u0173 iki imperatoriaus r\u016bm\u0173. Pavyzd\u017eiai, i\u0161rai\u017eyti ant senovinio Efeso miesto marmurini\u0173 grind\u0173, ypa\u010d ant Celsuso bibliotekos laipt\u0173, liudija, kad \u0161is \u017eaidimas vaidino svarb\u0173 vaidmen\u012f kasdieniniame rom\u0117n\u0173 gyvenime. \u017daidime yra trij\u0173 eilu\u010di\u0173 lenta su 12 \u017eenkl\u0173 kiekvienoje, o \u017eaidimo metu lenktyniaujama, kaip, naudojant tris kauliukus, perkelti fig\u016br\u0117les \u012f nam\u0173 zon\u0105.<\/p><p>\u00a0<\/p><p><b>Nard\u0173 prot\u0117vis<\/b> <span style=\"font-weight: 400;\"><br \/><\/span>Per \u0161imtme\u010dius supaprastinus taisykles ir per\u0117jus prie dviej\u0173 eilu\u010di\u0173 formato, atsirado \u017eaidimas, vadinamas Tabula, tiesioginis \u0161iuolaikini\u0173 nard\u0173 pirmtakas. Ludus Duodecim Scriptorum - tai ne tik pramoga, bet ir akmenyje i\u0161kaltas senovinio proto matematin\u0117s tikimyb\u0117s, rizikos valdymo ir am\u017einos kovos su likimu testamentas.<\/p>\t\t\t\t\t\t\t\t<\/div>\n\t\t\t\t<\/div>\n\t\t\t\t<\/div>\n\t\t\t\t\t<\/div>\n\t\t\t\t<\/div>\n\t\t\t\t<\/div>","protected":false},"excerpt":{"rendered":"<p>Ludus Duodecim Scriptorum: The Roman Heritage of Backgammon The Mystery of the Twelve Markings Meaning &#8220;The Game of Twelve Markings&#8221; in Latin, Ludus Duodecim Scriptorum was a widely played strategy and chance game throughout the Roman Empire, from military barracks to imperial palaces. Examples etched into the marble floors of the ancient city of Ephesus [&hellip;]<\/p>\n","protected":false},"author":1,"featured_media":0,"parent":743,"menu_order":0,"comment_status":"closed","ping_status":"closed","template":"","meta":{"footnotes":""},"class_list":["post-788","page","type-page","status-publish","hentry"],"_links":{"self":[{"href":"https:\/\/shatranj.art\/lt\/wp-json\/wp\/v2\/pages\/788","targetHints":{"allow":["GET"]}}],"collection":[{"href":"https:\/\/shatranj.art\/lt\/wp-json\/wp\/v2\/pages"}],"about":[{"href":"https:\/\/shatranj.art\/lt\/wp-json\/wp\/v2\/types\/page"}],"author":[{"embeddable":true,"href":"https:\/\/shatranj.art\/lt\/wp-json\/wp\/v2\/users\/1"}],"replies":[{"embeddable":true,"href":"https:\/\/shatranj.art\/lt\/wp-json\/wp\/v2\/comments?post=788"}],"version-history":[{"count":19,"href":"https:\/\/shatranj.art\/lt\/wp-json\/wp\/v2\/pages\/788\/revisions"}],"predecessor-version":[{"id":1301,"href":"https:\/\/shatranj.art\/lt\/wp-json\/wp\/v2\/pages\/788\/revisions\/1301"}],"up":[{"embeddable":true,"href":"https:\/\/shatranj.art\/lt\/wp-json\/wp\/v2\/pages\/743"}],"wp:attachment":[{"href":"https:\/\/shatranj.art\/lt\/wp-json\/wp\/v2\/media?parent=788"}],"curies":[{"name":"wp","href":"https:\/\/api.w.org\/{rel}","templated":true}]}}