{"id":894,"date":"2026-02-22T08:28:54","date_gmt":"2026-02-22T08:28:54","guid":{"rendered":"https:\/\/shatranj.art\/?page_id=894"},"modified":"2026-02-23T04:42:50","modified_gmt":"2026-02-23T04:42:50","slug":"poster-10","status":"publish","type":"page","link":"https:\/\/shatranj.art\/lt\/exhibit\/poster-10\/","title":{"rendered":"10 plakatas"},"content":{"rendered":"<div data-elementor-type=\"wp-page\" data-elementor-id=\"894\" class=\"elementor elementor-894\" data-elementor-post-type=\"page\">\n\t\t\t\t<div class=\"elementor-element elementor-element-96a2a82 e-flex e-con-boxed e-con e-parent\" data-id=\"96a2a82\" data-element_type=\"container\" data-e-type=\"container\" data-settings=\"{&quot;background_background&quot;:&quot;classic&quot;}\">\n\t\t\t\t\t<div class=\"e-con-inner\">\n\t\t<div class=\"elementor-element elementor-element-7a9d5df e-con-full e-flex e-con e-child\" data-id=\"7a9d5df\" data-element_type=\"container\" data-e-type=\"container\">\n\t\t\t\t<div class=\"elementor-element elementor-element-4c3a07b elementor-widget__width-initial elementor-widget elementor-widget-text-editor\" data-id=\"4c3a07b\" data-element_type=\"widget\" data-e-type=\"widget\" data-widget_type=\"text-editor.default\">\n\t\t\t\t<div class=\"elementor-widget-container\">\n\t\t\t\t\t\t\t\t\t<p><strong>Intelektualinis susitikimas: Viduram\u017ei\u0173 \u0161achmatinink\u0117s<\/strong><\/p><p>\u00a0<\/p><p>\u0160ioje retoje miniati\u016broje i\u0161 1283 m. rankra\u0161\u010dio \u201cLibro de los Juegos\u201d vaizduojama viena ry\u0161kiausi\u0173 moter\u0173 \u0161achmat\u0173 istorijoje. \u0160ios dvi fig\u016bros, susitelkusios \u012f \u017eaidim\u0105 strategi\u0161kai giliai palapin\u0117s pav\u0117syje, simbolizuoja intelekto s\u0105jung\u0105, per\u017eengian\u010di\u0105 to meto socialines ir religines ribas. \u0160is darbas, atspindintis daugiakult\u016brin\u0119 Al Andal\u016bzijos \"Convivencia\", \u012frodo, kad \u0161achmatai buvo ne tik dvari\u0161ka pramoga, bet ir universali i\u0161rai\u0161kos erdv\u0117, kurioje moterys demonstravo savo protin\u012f meistri\u0161kum\u0105. Tai, kas \u012fk\u016bnyta prie \u0161io stalo, yra civilizuotas dialogas tarp skirting\u0173 tik\u0117jim\u0173 ir kult\u016br\u0173 moter\u0173, susitikusi\u0173 s\u0105\u017einingame ir strukt\u016bruotame \u017eaidimo pasaulyje.<\/p>\t\t\t\t\t\t\t\t<\/div>\n\t\t\t\t<\/div>\n\t\t\t\t<div class=\"elementor-element elementor-element-0b75406 elementor-widget__width-initial elementor-widget elementor-widget-image\" data-id=\"0b75406\" data-element_type=\"widget\" data-e-type=\"widget\" data-widget_type=\"image.default\">\n\t\t\t\t<div class=\"elementor-widget-container\">\n\t\t\t\t\t\t\t\t\t\t\t\t\t\t\t<img fetchpriority=\"high\" decoding=\"async\" width=\"800\" height=\"570\" src=\"https:\/\/shatranj.art\/wp-content\/uploads\/2026\/02\/10-1024x730.jpg\" class=\"attachment-large size-large wp-image-900\" alt=\"\" srcset=\"https:\/\/shatranj.art\/wp-content\/uploads\/2026\/02\/10-1024x730.jpg 1024w, https:\/\/shatranj.art\/wp-content\/uploads\/2026\/02\/10-300x214.jpg 300w, https:\/\/shatranj.art\/wp-content\/uploads\/2026\/02\/10-768x548.jpg 768w, https:\/\/shatranj.art\/wp-content\/uploads\/2026\/02\/10.jpg 1474w\" sizes=\"(max-width: 800px) 100vw, 800px\" \/>\t\t\t\t\t\t\t\t\t\t\t\t\t\t\t<\/div>\n\t\t\t\t<\/div>\n\t\t\t\t<div class=\"elementor-element elementor-element-58f2c39 elementor-widget__width-initial elementor-widget elementor-widget-image\" data-id=\"58f2c39\" data-element_type=\"widget\" data-e-type=\"widget\" data-widget_type=\"image.default\">\n\t\t\t\t<div class=\"elementor-widget-container\">\n\t\t\t\t\t\t\t\t\t\t\t\t\t\t\t<img decoding=\"async\" width=\"800\" height=\"450\" src=\"https:\/\/shatranj.art\/wp-content\/uploads\/2026\/02\/10-1-1024x576.jpg\" class=\"attachment-large size-large wp-image-901\" alt=\"\" srcset=\"https:\/\/shatranj.art\/wp-content\/uploads\/2026\/02\/10-1-1024x576.jpg 1024w, https:\/\/shatranj.art\/wp-content\/uploads\/2026\/02\/10-1-300x169.jpg 300w, https:\/\/shatranj.art\/wp-content\/uploads\/2026\/02\/10-1-768x432.jpg 768w, https:\/\/shatranj.art\/wp-content\/uploads\/2026\/02\/10-1.jpg 1534w\" sizes=\"(max-width: 800px) 100vw, 800px\" \/>\t\t\t\t\t\t\t\t\t\t\t\t\t\t\t<\/div>\n\t\t\t\t<\/div>\n\t\t\t\t<div class=\"elementor-element elementor-element-41081fb elementor-widget__width-initial elementor-widget elementor-widget-text-editor\" data-id=\"41081fb\" data-element_type=\"widget\" data-e-type=\"widget\" data-widget_type=\"text-editor.default\">\n\t\t\t\t<div class=\"elementor-widget-container\">\n\t\t\t\t\t\t\t\t\t<p><b>I\u0161ankstinio nusistatymo patikrinimas: <\/b><b>Al-Andaluso kult\u016bros tiltas<\/b><\/p><p>\u00a0<\/p><p>\u0160ioje \u012fsp\u016bdingoje scenoje i\u0161 1283 m. rankra\u0161\u010dio \"Libro de los Juegos\" ant vienos \u0161achmat\u0173 lentos susilieja viduram\u017ei\u0173 daugiakult\u016bris audinys. Joje vaizduojami musulmonas ir \u017eydas, pamir\u0161tantys religinius ir socialinius barjerus, kad \u012fsitraukt\u0173 \u012f protin\u0119 kov\u0105, ir liudija pasaulietin\u0119 ir universali\u0105 \u0161achmat\u0173 gali\u0105. \u0160achmat\u0173 fig\u016bros atspindi viening\u0105 Vidur\u017eemio j\u016bros regiono, \u0160iaur\u0117s Afrikos ir Artim\u0173j\u0173 Ryt\u0173 kult\u016brin\u012f paveld\u0105, o j\u0173 abstrak\u010dios ir geometrin\u0117s formos yra visi\u0161kai atsietos nuo religin\u0117s ikonografijos. \u0160i holistin\u0117 dizaino filosofija leid\u017eia \u017eaid\u0117jams sutelkti d\u0117mes\u012f tik \u012f \u017eaidimo taisykles ir vienas kito intelekt\u0105, paversdama \u0161achmat\u0173 lent\u0105 i\u0161ties neutralia vieta. Prie \u0161io stalo u\u017emegztas civilizuotas dialogas simbolizuoja vienijan\u010di\u0105 meistri\u0161kumo ir strategijos gali\u0105.<\/p>\t\t\t\t\t\t\t\t<\/div>\n\t\t\t\t<\/div>\n\t\t\t\t<\/div>\n\t\t\t\t\t<\/div>\n\t\t\t\t<\/div>\n\t\t\t\t<\/div>","protected":false},"excerpt":{"rendered":"<p>An Intellectual Encounter: The Female Chess Players of the Middle Ages \u00a0 This rare miniature from the 1283 manuscript Libro de los Juegos features one of the most powerful depictions of women in chess history. Focused on the game with strategic depth under the shade of a tent, these two figures represent a union of [&hellip;]<\/p>\n","protected":false},"author":1,"featured_media":0,"parent":743,"menu_order":0,"comment_status":"closed","ping_status":"closed","template":"","meta":{"footnotes":""},"class_list":["post-894","page","type-page","status-publish","hentry"],"_links":{"self":[{"href":"https:\/\/shatranj.art\/lt\/wp-json\/wp\/v2\/pages\/894","targetHints":{"allow":["GET"]}}],"collection":[{"href":"https:\/\/shatranj.art\/lt\/wp-json\/wp\/v2\/pages"}],"about":[{"href":"https:\/\/shatranj.art\/lt\/wp-json\/wp\/v2\/types\/page"}],"author":[{"embeddable":true,"href":"https:\/\/shatranj.art\/lt\/wp-json\/wp\/v2\/users\/1"}],"replies":[{"embeddable":true,"href":"https:\/\/shatranj.art\/lt\/wp-json\/wp\/v2\/comments?post=894"}],"version-history":[{"count":7,"href":"https:\/\/shatranj.art\/lt\/wp-json\/wp\/v2\/pages\/894\/revisions"}],"predecessor-version":[{"id":1198,"href":"https:\/\/shatranj.art\/lt\/wp-json\/wp\/v2\/pages\/894\/revisions\/1198"}],"up":[{"embeddable":true,"href":"https:\/\/shatranj.art\/lt\/wp-json\/wp\/v2\/pages\/743"}],"wp:attachment":[{"href":"https:\/\/shatranj.art\/lt\/wp-json\/wp\/v2\/media?parent=894"}],"curies":[{"name":"wp","href":"https:\/\/api.w.org\/{rel}","templated":true}]}}