{"id":905,"date":"2026-02-22T08:43:28","date_gmt":"2026-02-22T08:43:28","guid":{"rendered":"https:\/\/shatranj.art\/?page_id=905"},"modified":"2026-02-23T04:44:13","modified_gmt":"2026-02-23T04:44:13","slug":"poster-11","status":"publish","type":"page","link":"https:\/\/shatranj.art\/lt\/exhibit\/poster-11\/","title":{"rendered":"11 plakatas"},"content":{"rendered":"<div data-elementor-type=\"wp-page\" data-elementor-id=\"905\" class=\"elementor elementor-905\" data-elementor-post-type=\"page\">\n\t\t\t\t<div class=\"elementor-element elementor-element-38091ce e-flex e-con-boxed e-con e-parent\" data-id=\"38091ce\" data-element_type=\"container\" data-e-type=\"container\" data-settings=\"{&quot;background_background&quot;:&quot;classic&quot;}\">\n\t\t\t\t\t<div class=\"e-con-inner\">\n\t\t<div class=\"elementor-element elementor-element-49333d8 e-con-full e-flex e-con e-child\" data-id=\"49333d8\" data-element_type=\"container\" data-e-type=\"container\">\n\t\t\t\t<div class=\"elementor-element elementor-element-ebeb97d elementor-widget__width-initial elementor-widget elementor-widget-image\" data-id=\"ebeb97d\" data-element_type=\"widget\" data-e-type=\"widget\" data-widget_type=\"image.default\">\n\t\t\t\t<div class=\"elementor-widget-container\">\n\t\t\t\t\t\t\t\t\t\t\t\t\t\t\t<img fetchpriority=\"high\" decoding=\"async\" width=\"736\" height=\"1024\" src=\"https:\/\/shatranj.art\/wp-content\/uploads\/2026\/02\/11-736x1024.jpg\" class=\"attachment-large size-large wp-image-908\" alt=\"\" srcset=\"https:\/\/shatranj.art\/wp-content\/uploads\/2026\/02\/11-736x1024.jpg 736w, https:\/\/shatranj.art\/wp-content\/uploads\/2026\/02\/11-216x300.jpg 216w, https:\/\/shatranj.art\/wp-content\/uploads\/2026\/02\/11-768x1069.jpg 768w, https:\/\/shatranj.art\/wp-content\/uploads\/2026\/02\/11.jpg 1101w\" sizes=\"(max-width: 736px) 100vw, 736px\" \/>\t\t\t\t\t\t\t\t\t\t\t\t\t\t\t<\/div>\n\t\t\t\t<\/div>\n\t\t\t\t<div class=\"elementor-element elementor-element-05bbc5f elementor-widget__width-initial elementor-widget elementor-widget-text-editor\" data-id=\"05bbc5f\" data-element_type=\"widget\" data-e-type=\"widget\" data-widget_type=\"text-editor.default\">\n\t\t\t\t<div class=\"elementor-widget-container\">\n\t\t\t\t\t\t\t\t\t<p><b>Tarpkult\u016briniai vartai: <\/b><b style=\"font-family: -apple-system, BlinkMacSystemFont, 'Segoe UI', Roboto, 'Helvetica Neue', Arial, 'Noto Sans', sans-serif, 'Apple Color Emoji', 'Segoe UI Emoji', 'Segoe UI Symbol', 'Noto Color Emoji';\">Lucenos kodifikuota revoliucija<\/b><\/p><p>\u00a0<\/p><p>\u0160is 1497 m. i\u0161leistas veikalas yra seniausias i\u0161lik\u0119s spausdintas dokumentas, \u017eymintis \u0161achmat\u0173 per\u0117jim\u0105 \u012f moderni\u0105j\u0105 er\u0105. Autoriaus t\u0117vas Juanas Ram\u00edrezas de Lucena buvo \u017eymus diplomatas ir \u201cconverso\u201d (\u017eyd\u0173 kilm\u0117s asmuo), tarnav\u0119s katalik\u0173 monarchams. \u0160i daugiakult\u016br\u0117 \u0161eima buvo svarbus intelektualinis kanalas, palengvin\u0119s \u017eini\u0173 sraut\u0105 i\u0161 Vidur\u017eemio j\u016bros, \u0160iaur\u0117s Afrikos ir Artim\u0173j\u0173 Ryt\u0173 baseino \u012f Europ\u0105.<\/p><p>\u0160iame darbe Lucena veikia ne kaip i\u0161rad\u0117jas, o kaip meistri\u0161kas kompiliatorius ir koduotojas. \u0160achmat\u0173 fig\u016bros patar\u0117jos (karalien\u0117s) virtimas i\u0161 ribotos fig\u016bros \u012f galingiausi\u0105 \u0161achmat\u0173 lentos j\u0117g\u0105 dar gerokai prie\u0161 Luken\u0105 suklest\u0117jo kaip meil\u0117s alegorija tokiuose eil\u0117ra\u0161\u010diuose kaip 1475 m. \u201cScachs d'amor\u201d. Tikriausiai remdamasis (ir kopijuodamas) dingusiais 1495 m. Fran\u010desko Vikento tekstais, Lukena pasinaudojo spaustuv\u0117s galia, kad universalizuot\u0173 \u0161ias \"naujo \u017eaidimo\" taisykles, kurios jau skamb\u0117jo gatv\u0117se ir poezijoje. \u0160i knyga yra pirmoji konstitucija, kurioje apra\u0161omas per\u0117jimas nuo l\u0117to senov\u0117s \u0160atran\u017eo tempo prie \u0161iuolaikini\u0173 \u0161achmat\u0173 dinami\u0161kumo.<\/p>\t\t\t\t\t\t\t\t<\/div>\n\t\t\t\t<\/div>\n\t\t\t\t<div class=\"elementor-element elementor-element-8cf5756 elementor-widget elementor-widget-image\" data-id=\"8cf5756\" data-element_type=\"widget\" data-e-type=\"widget\" data-widget_type=\"image.default\">\n\t\t\t\t<div class=\"elementor-widget-container\">\n\t\t\t\t\t\t\t\t\t\t\t\t\t\t\t<img decoding=\"async\" width=\"800\" height=\"441\" src=\"https:\/\/shatranj.art\/wp-content\/uploads\/2026\/02\/11-1-1024x564.jpg\" class=\"attachment-large size-large wp-image-909\" alt=\"\" srcset=\"https:\/\/shatranj.art\/wp-content\/uploads\/2026\/02\/11-1-1024x564.jpg 1024w, https:\/\/shatranj.art\/wp-content\/uploads\/2026\/02\/11-1-300x165.jpg 300w, https:\/\/shatranj.art\/wp-content\/uploads\/2026\/02\/11-1-768x423.jpg 768w, https:\/\/shatranj.art\/wp-content\/uploads\/2026\/02\/11-1-1536x845.jpg 1536w, https:\/\/shatranj.art\/wp-content\/uploads\/2026\/02\/11-1.jpg 1844w\" sizes=\"(max-width: 800px) 100vw, 800px\" \/>\t\t\t\t\t\t\t\t\t\t\t\t\t\t\t<\/div>\n\t\t\t\t<\/div>\n\t\t\t\t<div class=\"elementor-element elementor-element-0101a54 elementor-widget__width-initial elementor-widget elementor-widget-text-editor\" data-id=\"0101a54\" data-element_type=\"widget\" data-e-type=\"widget\" data-widget_type=\"text-editor.default\">\n\t\t\t\t<div class=\"elementor-widget-container\">\n\t\t\t\t\t\t\t\t\t<p><b>Bendras karalyst\u0117s intelektas: <\/b><b>Pirmoji Europos \u017eaidim\u0173 enciklopedija<\/b><\/p><p>\u00a0<\/p><p>1283 m. datuojama \"Libro de los Juegos\" (\"\u017daidim\u0173 knyga\") yra pirmoji ir i\u0161samiausia \u017eaidim\u0173 kult\u016bros enciklopedija Europoje. \u0160is rankra\u0161tis, kur\u012f u\u017esak\u0117 Kastilijos karalius Alfonsas X, yra didingiausias \u0161achmat\u0173 t\u016bkstantme\u010dio kelion\u0117s i\u0161 Persijos per Vidur\u017eemio j\u016bros, \u0160iaur\u0117s Afrikos ir Artim\u0173j\u0173 Ryt\u0173 basein\u0105 \u012f Europ\u0105 dokumentas. Knygoje \u0161achmatai pristatomi ne tik kaip pramoga, bet ir kaip visatos modeliavimas, persipyn\u0119s su astrologija ir matematika. Daugiau nei 150 miniati\u016br\u0173 \u012fam\u017eina civilizuot\u0105 skirting\u0173 tik\u0117jim\u0173 \u017emoni\u0173, moter\u0173 ir mokslinink\u0173, sus\u0117dusi\u0173 prie vieno stalo, dialog\u0105 naudojant pasaulietines ir abstrak\u010dias fig\u016bras. \u0160is k\u016brinys yra puikiausias viduram\u017ei\u0173 \u012frodymas, kad intelektas yra tiltas, per\u017eengiantis visus \u012fsitikinimus.<\/p>\t\t\t\t\t\t\t\t<\/div>\n\t\t\t\t<\/div>\n\t\t\t\t<\/div>\n\t\t\t\t\t<\/div>\n\t\t\t\t<\/div>\n\t\t\t\t<\/div>","protected":false},"excerpt":{"rendered":"<p>A Cross-Cultural Gateway: The Revolution Codified by Lucena \u00a0 Published in 1497, this work is the oldest surviving printed document marking the transition of chess into the modern era. The author\u2019s father, Juan Ram\u00edrez de Lucena, was a prominent diplomat and a &#8220;converso&#8221; (a person of Jewish descent) in the service of the Catholic Monarchs. [&hellip;]<\/p>\n","protected":false},"author":1,"featured_media":0,"parent":743,"menu_order":0,"comment_status":"closed","ping_status":"closed","template":"","meta":{"footnotes":""},"class_list":["post-905","page","type-page","status-publish","hentry"],"_links":{"self":[{"href":"https:\/\/shatranj.art\/lt\/wp-json\/wp\/v2\/pages\/905","targetHints":{"allow":["GET"]}}],"collection":[{"href":"https:\/\/shatranj.art\/lt\/wp-json\/wp\/v2\/pages"}],"about":[{"href":"https:\/\/shatranj.art\/lt\/wp-json\/wp\/v2\/types\/page"}],"author":[{"embeddable":true,"href":"https:\/\/shatranj.art\/lt\/wp-json\/wp\/v2\/users\/1"}],"replies":[{"embeddable":true,"href":"https:\/\/shatranj.art\/lt\/wp-json\/wp\/v2\/comments?post=905"}],"version-history":[{"count":7,"href":"https:\/\/shatranj.art\/lt\/wp-json\/wp\/v2\/pages\/905\/revisions"}],"predecessor-version":[{"id":1201,"href":"https:\/\/shatranj.art\/lt\/wp-json\/wp\/v2\/pages\/905\/revisions\/1201"}],"up":[{"embeddable":true,"href":"https:\/\/shatranj.art\/lt\/wp-json\/wp\/v2\/pages\/743"}],"wp:attachment":[{"href":"https:\/\/shatranj.art\/lt\/wp-json\/wp\/v2\/media?parent=905"}],"curies":[{"name":"wp","href":"https:\/\/api.w.org\/{rel}","templated":true}]}}