{"id":936,"date":"2026-02-22T10:03:32","date_gmt":"2026-02-22T10:03:32","guid":{"rendered":"https:\/\/shatranj.art\/?page_id=936"},"modified":"2026-02-23T08:46:38","modified_gmt":"2026-02-23T08:46:38","slug":"poster-14","status":"publish","type":"page","link":"https:\/\/shatranj.art\/lt\/exhibit\/poster-14\/","title":{"rendered":"14 plakatas"},"content":{"rendered":"<div data-elementor-type=\"wp-page\" data-elementor-id=\"936\" class=\"elementor elementor-936\" data-elementor-post-type=\"page\">\n\t\t\t\t<div class=\"elementor-element elementor-element-c355192 e-flex e-con-boxed e-con e-parent\" data-id=\"c355192\" data-element_type=\"container\" data-e-type=\"container\" data-settings=\"{&quot;background_background&quot;:&quot;classic&quot;}\">\n\t\t\t\t\t<div class=\"e-con-inner\">\n\t\t<div class=\"elementor-element elementor-element-5bf7f96 e-con-full e-flex e-con e-child\" data-id=\"5bf7f96\" data-element_type=\"container\" data-e-type=\"container\">\n\t\t\t\t<div class=\"elementor-element elementor-element-82eab3c elementor-widget__width-initial elementor-widget-mobile__width-inherit elementor-widget elementor-widget-image\" data-id=\"82eab3c\" data-element_type=\"widget\" data-e-type=\"widget\" data-widget_type=\"image.default\">\n\t\t\t\t<div class=\"elementor-widget-container\">\n\t\t\t\t\t\t\t\t\t\t\t\t\t\t\t<img fetchpriority=\"high\" decoding=\"async\" width=\"768\" height=\"1024\" src=\"https:\/\/shatranj.art\/wp-content\/uploads\/2026\/02\/14-768x1024.jpg\" class=\"attachment-large size-large wp-image-939\" alt=\"\" srcset=\"https:\/\/shatranj.art\/wp-content\/uploads\/2026\/02\/14-768x1024.jpg 768w, https:\/\/shatranj.art\/wp-content\/uploads\/2026\/02\/14-225x300.jpg 225w, https:\/\/shatranj.art\/wp-content\/uploads\/2026\/02\/14-1152x1536.jpg 1152w, https:\/\/shatranj.art\/wp-content\/uploads\/2026\/02\/14-1536x2048.jpg 1536w, https:\/\/shatranj.art\/wp-content\/uploads\/2026\/02\/14-scaled.jpg 1920w\" sizes=\"(max-width: 768px) 100vw, 768px\" \/>\t\t\t\t\t\t\t\t\t\t\t\t\t\t\t<\/div>\n\t\t\t\t<\/div>\n\t\t\t\t<div class=\"elementor-element elementor-element-f30dc26 elementor-widget__width-initial elementor-widget elementor-widget-text-editor\" data-id=\"f30dc26\" data-element_type=\"widget\" data-e-type=\"widget\" data-widget_type=\"text-editor.default\">\n\t\t\t\t<div class=\"elementor-widget-container\">\n\t\t\t\t\t\t\t\t\t<p><strong>Gorganit\u0173 aristokrato intelektualinis palikimas<\/strong><\/p><p>\u00a0<\/p><p>Al-Suli buvo ne tik geriausias savo am\u017eiaus \u0161achmat\u0173 meistras, bet ir Abasid\u0173 kalif\u0173 dvaro palydovas, r\u016bm\u0173 istorikas ir a\u0161trialie\u017euvis poetas. Gim\u0117 Gorgane apie 870 m. Jo gimin\u0117s \u0161aknys siekia \u012ftvirtint\u0105 Sul tvirtov\u0119 Dehistano step\u0117se, kur kadaise vald\u0117 jo senelis, tiurk\u0173 kunigaik\u0161tis Sul tekinas. \u0160\u012f kiln\u0173 palikim\u0105 \u0161iandien primena statula prie Nepriklausomyb\u0117s paminklo A\u0161chabade, Turkm\u0117nijoje.<\/p><p>\u00a0<\/p><p>Tur\u0117damas auk\u0161\u010diausi\u0105 \u0161achmat\u0173 \u0161achmat\u0173 \u017eaid\u0117j\u0173 titul\u0105 \u201cAliya\u201d, Al-Suli \u0161\u012f \u017eaidim\u0105 pavert\u0117 strukt\u016brizuota moksline architekt\u016bra. Savo pagrindiniame veikale \"Kitab al-Shatranj\" jis pirmasis sistemingai u\u017efiksavo atidarymo formacijas (tabiyas) ir galutinio \u017eaidimo strategijas (mansubas). Jo sukurta teorin\u0117 sistema i\u0161liko galutiniu meistri\u0161kumo kriterijumi ir pagrindiniu \u0161altiniu \u0161imtme\u010dius, i\u0161likusiu iki pat \u0161iuolaikini\u0173 \u0161achmat\u0173 taisykli\u0173 atsiradimo.<\/p>\t\t\t\t\t\t\t\t<\/div>\n\t\t\t\t<\/div>\n\t\t<div class=\"elementor-element elementor-element-8f27e89 e-con-full e-flex e-con e-child\" data-id=\"8f27e89\" data-element_type=\"container\" data-e-type=\"container\">\n\t\t\t\t<div class=\"elementor-element elementor-element-374a727 elementor-widget-mobile__width-inherit elementor-widget elementor-widget-image\" data-id=\"374a727\" data-element_type=\"widget\" data-e-type=\"widget\" data-widget_type=\"image.default\">\n\t\t\t\t<div class=\"elementor-widget-container\">\n\t\t\t\t\t\t\t\t\t\t\t\t\t\t\t<img decoding=\"async\" width=\"800\" height=\"457\" src=\"https:\/\/shatranj.art\/wp-content\/uploads\/2026\/02\/14-1-1024x585.jpg\" class=\"attachment-large size-large wp-image-940\" alt=\"\" srcset=\"https:\/\/shatranj.art\/wp-content\/uploads\/2026\/02\/14-1-1024x585.jpg 1024w, https:\/\/shatranj.art\/wp-content\/uploads\/2026\/02\/14-1-300x171.jpg 300w, https:\/\/shatranj.art\/wp-content\/uploads\/2026\/02\/14-1-768x439.jpg 768w, https:\/\/shatranj.art\/wp-content\/uploads\/2026\/02\/14-1-1536x877.jpg 1536w, https:\/\/shatranj.art\/wp-content\/uploads\/2026\/02\/14-1-2048x1170.jpg 2048w\" sizes=\"(max-width: 800px) 100vw, 800px\" \/>\t\t\t\t\t\t\t\t\t\t\t\t\t\t\t<\/div>\n\t\t\t\t<\/div>\n\t\t\t\t<div class=\"elementor-element elementor-element-118c953 elementor-widget-mobile__width-inherit elementor-widget elementor-widget-image\" data-id=\"118c953\" data-element_type=\"widget\" data-e-type=\"widget\" data-widget_type=\"image.default\">\n\t\t\t\t<div class=\"elementor-widget-container\">\n\t\t\t\t\t\t\t\t\t\t\t\t\t\t\t<img decoding=\"async\" width=\"800\" height=\"488\" src=\"https:\/\/shatranj.art\/wp-content\/uploads\/2026\/02\/14-2-1024x624.jpg\" class=\"attachment-large size-large wp-image-941\" alt=\"\" srcset=\"https:\/\/shatranj.art\/wp-content\/uploads\/2026\/02\/14-2-1024x624.jpg 1024w, https:\/\/shatranj.art\/wp-content\/uploads\/2026\/02\/14-2-300x183.jpg 300w, https:\/\/shatranj.art\/wp-content\/uploads\/2026\/02\/14-2-768x468.jpg 768w, https:\/\/shatranj.art\/wp-content\/uploads\/2026\/02\/14-2-1536x936.jpg 1536w, https:\/\/shatranj.art\/wp-content\/uploads\/2026\/02\/14-2-2048x1249.jpg 2048w\" sizes=\"(max-width: 800px) 100vw, 800px\" \/>\t\t\t\t\t\t\t\t\t\t\t\t\t\t\t<\/div>\n\t\t\t\t<\/div>\n\t\t\t\t<\/div>\n\t\t\t\t<div class=\"elementor-element elementor-element-bbcc28f elementor-widget__width-initial elementor-widget elementor-widget-text-editor\" data-id=\"bbcc28f\" data-element_type=\"widget\" data-e-type=\"widget\" data-widget_type=\"text-editor.default\">\n\t\t\t\t<div class=\"elementor-widget-container\">\n\t\t\t\t\t\t\t\t\t<p><b>Sulio deimantas: T\u016bkstantme\u010dio trukm\u0117s \u201cnei\u0161sprend\u017eiama\u201d strategijos vir\u0161\u016bn\u0117<\/b><\/p><p>\u00a0<\/p><p>X a. Gorganit\u0173 meistro Abu Bakro bin Jahjos al-Suli sukurta \u201cDeimanto\u201d m\u012fsl\u0117 yra legendi\u0161kiausia ir labiausiai aptarin\u0117jama m\u012fsl\u0117 \u0161achmat\u0173 istorijoje. Nepaisant visi\u0161ko i\u0161orinio paprastumo, kai kiekvienoje pus\u0117je yra tik karalius ir ferz (istorinis karalien\u0117s pirmtakas), \u0161i kompozicija vis\u0105 t\u016bkstant\u012f met\u0173 i\u0161liko \u201cnei\u0161sprend\u017eiamu\u201d \u0161achmat\u0173 pasaulio Everestu. \u0160is puikus Al-Suli k\u016brinys - tai auk\u0161\u010diausio lygio manevro menas, per\u017eengiantis pa\u010dias istorini\u0173 \u0161achmat\u0173 ribas.<\/p><p>\u00a0<\/p><p><strong>S\u00fcleymaniye rankra\u0161\u010dio paslaptis<\/strong><\/p><p>\u00a0<\/p><p>Svarbiausias \u0161ios m\u012fsl\u0117s dokumentas yra Stambulo bibliotekoje \"S\u00fcleymaniye\" saugomame \"Kitab Ash-Shatranj\" egzemplioriuje. Nors \u0161io konkretaus rankra\u0161\u010dio puslapiai nepa\u017eeisti, akivaizdu, kad tam tikros pozicijos ir \u0117jimai buvo neteisingai arba nei\u0161samiai perra\u0161yti i\u0161 pirminio \u0161altinio. Ta\u010diau net ir su \u0161iomis istorin\u0117mis ra\u0161tininko klaidomis tekste pateiktas dalinis sprendimas puikiai atitinka XX a. didmeistrio Jurijaus Averbacho atlikt\u0105 gil\u0173 analitin\u012f darb\u0105. Al-Suli \u012fam\u017eino savo meistri\u0161kumo i\u0161skirtinum\u0105 \u0161iuo i\u0161\u0161aukian\u010diu teiginiu:<\/p><p>\u201cNiekas jo nei\u0161spr\u0119s, i\u0161skyrus tuos, kuriuos a\u0161 nurod\u017eiau\u201d.\u201d<\/p><p>\u00a0<\/p><p><strong>Algoritm\u0173 triumfas:<\/strong> <strong>shatranj.ai<\/strong><\/p><p>\u00a0<\/p><p>\u201cDeimantas\u201d, kuris t\u016bkstantme\u010dius k\u0117l\u0117 nuostab\u0105 \u017emoni\u0173 protams, dabar visi\u0161kai nu\u0161viestas skaitmeninio am\u017eiaus galia. Vykdant projekt\u0105 shatranj.ai, taikant dinaminio programavimo metodus ir \u0161iuolaikinius algoritmus su \u012fjungtomis \u201chash\u201d (perk\u0117limo lentel\u0117s) funkcijomis, matemati\u0161kai i\u0161spr\u0119stas kiekvienas \u0161ios genialios kompozicijos variantas. \u0160i kelion\u0117, besit\u0119sianti nuo S\u00fcleymaniye rankra\u0161\u010di\u0173 eilu\u010di\u0173 iki \u0161iuolaikinio kodo, yra galutinis Al-Suli nesenstan\u010dio strateginio genijaus patikrinimas, \u012frodantis, kad tai, kas kadaise buvo skirta tik meistro i\u0161rinktiesiems mokiniams, dabar galima suprasti grynosios logikos kalba.<\/p>\t\t\t\t\t\t\t\t<\/div>\n\t\t\t\t<\/div>\n\t\t\t\t<\/div>\n\t\t\t\t\t<\/div>\n\t\t\t\t<\/div>\n\t\t\t\t<\/div>","protected":false},"excerpt":{"rendered":"<p>The Intellectual Legacy of a Gorganite Aristocrat \u00a0 Al-Suli was not merely the preeminent chess master of his age; he was a &#8220;nadim&#8221; (court companion) to Abbasid Caliphs, a palace historian, and a sharp-witted poet. Born in Gorgan around 870 AD, his lineage traces back to the fortified Fortress of Sul in the Dehistan steppes, [&hellip;]<\/p>\n","protected":false},"author":1,"featured_media":0,"parent":743,"menu_order":0,"comment_status":"closed","ping_status":"closed","template":"","meta":{"footnotes":""},"class_list":["post-936","page","type-page","status-publish","hentry"],"_links":{"self":[{"href":"https:\/\/shatranj.art\/lt\/wp-json\/wp\/v2\/pages\/936","targetHints":{"allow":["GET"]}}],"collection":[{"href":"https:\/\/shatranj.art\/lt\/wp-json\/wp\/v2\/pages"}],"about":[{"href":"https:\/\/shatranj.art\/lt\/wp-json\/wp\/v2\/types\/page"}],"author":[{"embeddable":true,"href":"https:\/\/shatranj.art\/lt\/wp-json\/wp\/v2\/users\/1"}],"replies":[{"embeddable":true,"href":"https:\/\/shatranj.art\/lt\/wp-json\/wp\/v2\/comments?post=936"}],"version-history":[{"count":31,"href":"https:\/\/shatranj.art\/lt\/wp-json\/wp\/v2\/pages\/936\/revisions"}],"predecessor-version":[{"id":1351,"href":"https:\/\/shatranj.art\/lt\/wp-json\/wp\/v2\/pages\/936\/revisions\/1351"}],"up":[{"embeddable":true,"href":"https:\/\/shatranj.art\/lt\/wp-json\/wp\/v2\/pages\/743"}],"wp:attachment":[{"href":"https:\/\/shatranj.art\/lt\/wp-json\/wp\/v2\/media?parent=936"}],"curies":[{"name":"wp","href":"https:\/\/api.w.org\/{rel}","templated":true}]}}