{"id":945,"date":"2026-02-22T14:34:32","date_gmt":"2026-02-22T14:34:32","guid":{"rendered":"https:\/\/shatranj.art\/?page_id=945"},"modified":"2026-02-23T10:43:41","modified_gmt":"2026-02-23T10:43:41","slug":"poster-15","status":"publish","type":"page","link":"https:\/\/shatranj.art\/lt\/exhibit\/poster-15\/","title":{"rendered":"15 plakatas"},"content":{"rendered":"<div data-elementor-type=\"wp-page\" data-elementor-id=\"945\" class=\"elementor elementor-945\" data-elementor-post-type=\"page\">\n\t\t\t\t<div class=\"elementor-element elementor-element-8fd0c1a e-flex e-con-boxed e-con e-parent\" data-id=\"8fd0c1a\" data-element_type=\"container\" data-e-type=\"container\" data-settings=\"{&quot;background_background&quot;:&quot;classic&quot;}\">\n\t\t\t\t\t<div class=\"e-con-inner\">\n\t\t<div class=\"elementor-element elementor-element-a491ef7 e-con-full e-flex e-con e-child\" data-id=\"a491ef7\" data-element_type=\"container\" data-e-type=\"container\">\n\t\t\t\t<div class=\"elementor-element elementor-element-25c1e59 elementor-widget elementor-widget-image\" data-id=\"25c1e59\" data-element_type=\"widget\" data-e-type=\"widget\" data-widget_type=\"image.default\">\n\t\t\t\t<div class=\"elementor-widget-container\">\n\t\t\t\t\t\t\t\t\t\t\t\t\t\t\t<img fetchpriority=\"high\" decoding=\"async\" width=\"2400\" height=\"1350\" src=\"https:\/\/shatranj.art\/wp-content\/uploads\/2026\/02\/17.jpg\" class=\"attachment-full size-full wp-image-965\" alt=\"\" srcset=\"https:\/\/shatranj.art\/wp-content\/uploads\/2026\/02\/17.jpg 2400w, https:\/\/shatranj.art\/wp-content\/uploads\/2026\/02\/17-300x169.jpg 300w, https:\/\/shatranj.art\/wp-content\/uploads\/2026\/02\/17-1024x576.jpg 1024w, https:\/\/shatranj.art\/wp-content\/uploads\/2026\/02\/17-768x432.jpg 768w, https:\/\/shatranj.art\/wp-content\/uploads\/2026\/02\/17-1536x864.jpg 1536w, https:\/\/shatranj.art\/wp-content\/uploads\/2026\/02\/17-2048x1152.jpg 2048w\" sizes=\"(max-width: 2400px) 100vw, 2400px\" \/>\t\t\t\t\t\t\t\t\t\t\t\t\t\t\t<\/div>\n\t\t\t\t<\/div>\n\t\t\t\t<div class=\"elementor-element elementor-element-ede708d elementor-widget elementor-widget-text-editor\" data-id=\"ede708d\" data-element_type=\"widget\" data-e-type=\"widget\" data-widget_type=\"text-editor.default\">\n\t\t\t\t<div class=\"elementor-widget-container\">\n\t\t\t\t\t\t\t\t\t<h3><b>Tradicin\u0117s turki\u0161kos \u0161a\u0161k\u0117s: Urfos strateginis paveldas<\/b><\/h3><p>Tyli kavini\u0173 dvikova Turki\u0161kos \u0161a\u0161k\u0117s (dama) - tai Anatolijos intelektualin\u0117 disciplina, kuri nuo kit\u0173 vakarieti\u0161k\u0173 disciplin\u0173 skiriasi unikaliomis taisykl\u0117mis. \u0160ioje versijoje fig\u016bros juda ne \u012fstri\u017eai, o sta\u010diakampiu \u012f priek\u012f ir \u012f \u0161onus, tod\u0117l sukuriama linijin\u0117 ir daug agresyvesn\u0117 strategin\u0117 erdv\u0117. Tokiuose senoviniuose miestuose kaip \u0160anliurfa dama n\u0117ra tik dviej\u0173 \u017eaid\u0117j\u0173 var\u017eybos; tai kolektyvinis socialinis ritualas, kur\u012f lydi garuojan\u010dios arbatos aromatas, \u017ei\u016brov\u0173 komentarai ir valand\u0173 valandas trunkanti gili analiz\u0117.<\/p><p>Meistri\u0161kumo ir \u012f\u017evalgumo kult\u016bra Urfos dam\u0173 kult\u016broje \u017eaid\u0117jo didyb\u0117 matuojama ne tik pergal\u0117mis, bet ir tuo, kiek \u0117jim\u0173 \u012f priek\u012f jis \u201cmato\u201d. Simetri\u0161kas \u0161e\u0161iolikos fig\u016br\u0173 m\u016b\u0161is pasiekia kulminacij\u0105, kai viena fig\u016bra pasiekia paskutin\u0119 eilut\u0119 ir tampa \u201cDama\u201d (karaliumi), \u012fgyjan\u010diu gali\u0105 valdyti vis\u0105 lent\u0105. Atsispyrusi XXI a. skaitmeninei bangai, \u0161i tradicija i\u0161lieka gyva kantryb\u0117s ir \u012f\u017evalgumo pamoka, perduodama i\u0161 kartos \u012f kart\u0105 istoriniuose Urfos turguose.\u00a0<\/p>\t\t\t\t\t\t\t\t<\/div>\n\t\t\t\t<\/div>\n\t\t\t\t<\/div>\n\t\t\t\t\t<\/div>\n\t\t\t\t<\/div>\n\t\t\t\t<\/div>","protected":false},"excerpt":{"rendered":"<p>Traditional Turkish Draughts: The Strategic Heritage of Urfa The Silent Duel of the Coffeehouses Turkish Draughts (Dama) is an Anatolian intellectual discipline that stands apart from its Western counterparts through its unique rules. In this version, pieces move orthogonally forwards and sideways rather than diagonally, creating a linear and far more aggressive strategic landscape. In [&hellip;]<\/p>\n","protected":false},"author":1,"featured_media":0,"parent":743,"menu_order":0,"comment_status":"closed","ping_status":"closed","template":"","meta":{"footnotes":""},"class_list":["post-945","page","type-page","status-publish","hentry"],"_links":{"self":[{"href":"https:\/\/shatranj.art\/lt\/wp-json\/wp\/v2\/pages\/945","targetHints":{"allow":["GET"]}}],"collection":[{"href":"https:\/\/shatranj.art\/lt\/wp-json\/wp\/v2\/pages"}],"about":[{"href":"https:\/\/shatranj.art\/lt\/wp-json\/wp\/v2\/types\/page"}],"author":[{"embeddable":true,"href":"https:\/\/shatranj.art\/lt\/wp-json\/wp\/v2\/users\/1"}],"replies":[{"embeddable":true,"href":"https:\/\/shatranj.art\/lt\/wp-json\/wp\/v2\/comments?post=945"}],"version-history":[{"count":25,"href":"https:\/\/shatranj.art\/lt\/wp-json\/wp\/v2\/pages\/945\/revisions"}],"predecessor-version":[{"id":1429,"href":"https:\/\/shatranj.art\/lt\/wp-json\/wp\/v2\/pages\/945\/revisions\/1429"}],"up":[{"embeddable":true,"href":"https:\/\/shatranj.art\/lt\/wp-json\/wp\/v2\/pages\/743"}],"wp:attachment":[{"href":"https:\/\/shatranj.art\/lt\/wp-json\/wp\/v2\/media?parent=945"}],"curies":[{"name":"wp","href":"https:\/\/api.w.org\/{rel}","templated":true}]}}