{"id":954,"date":"2026-02-22T15:10:21","date_gmt":"2026-02-22T15:10:21","guid":{"rendered":"https:\/\/shatranj.art\/?page_id=954"},"modified":"2026-02-24T09:18:28","modified_gmt":"2026-02-24T09:18:28","slug":"poster-16","status":"publish","type":"page","link":"https:\/\/shatranj.art\/lt\/exhibit\/poster-16\/","title":{"rendered":"16 plakatas"},"content":{"rendered":"<div data-elementor-type=\"wp-page\" data-elementor-id=\"954\" class=\"elementor elementor-954\" data-elementor-post-type=\"page\">\n\t\t\t\t<div class=\"elementor-element elementor-element-05751de e-flex e-con-boxed e-con e-parent\" data-id=\"05751de\" data-element_type=\"container\" data-e-type=\"container\" data-settings=\"{&quot;background_background&quot;:&quot;classic&quot;}\">\n\t\t\t\t\t<div class=\"e-con-inner\">\n\t\t<div class=\"elementor-element elementor-element-415f3f4 e-con-full e-flex e-con e-child\" data-id=\"415f3f4\" data-element_type=\"container\" data-e-type=\"container\">\n\t\t\t\t<div class=\"elementor-element elementor-element-ee52ef0 elementor-widget__width-initial elementor-widget elementor-widget-image\" data-id=\"ee52ef0\" data-element_type=\"widget\" data-e-type=\"widget\" data-widget_type=\"image.default\">\n\t\t\t\t<div class=\"elementor-widget-container\">\n\t\t\t\t\t\t\t\t\t\t\t\t\t\t\t<img fetchpriority=\"high\" decoding=\"async\" width=\"723\" height=\"1024\" src=\"https:\/\/shatranj.art\/wp-content\/uploads\/2026\/02\/16-723x1024.jpg\" class=\"attachment-large size-large wp-image-959\" alt=\"\" srcset=\"https:\/\/shatranj.art\/wp-content\/uploads\/2026\/02\/16-723x1024.jpg 723w, https:\/\/shatranj.art\/wp-content\/uploads\/2026\/02\/16-212x300.jpg 212w, https:\/\/shatranj.art\/wp-content\/uploads\/2026\/02\/16-768x1087.jpg 768w, https:\/\/shatranj.art\/wp-content\/uploads\/2026\/02\/16-1085x1536.jpg 1085w, https:\/\/shatranj.art\/wp-content\/uploads\/2026\/02\/16-1447x2048.jpg 1447w, https:\/\/shatranj.art\/wp-content\/uploads\/2026\/02\/16.jpg 1557w\" sizes=\"(max-width: 723px) 100vw, 723px\" \/>\t\t\t\t\t\t\t\t\t\t\t\t\t\t\t<\/div>\n\t\t\t\t<\/div>\n\t\t\t\t<div class=\"elementor-element elementor-element-bc51b4f elementor-widget__width-initial elementor-widget elementor-widget-text-editor\" data-id=\"bc51b4f\" data-element_type=\"widget\" data-e-type=\"widget\" data-widget_type=\"text-editor.default\">\n\t\t\t\t<div class=\"elementor-widget-container\">\n\t\t\t\t\t\t\t\t\t<h3><b>Bucefalas: legendin\u0117 stepi\u0173 ir u\u017ekariavim\u0173 dvasia<\/b><\/h3><p>Senov\u0117s graik\u0173 kalboje jis rei\u0161kia \u201cjau\u010dio galva\u201d (Boukephalos), grei\u010diausiai d\u0117l pla\u010dios kaktos arba ant peties esan\u010dios \u017eym\u0117s Bucefalas yra ikoni\u0161kiausias karinis \u017eirgas istorijoje. Legenda pasakoja, kad Tesalijos karalius Filonikas j\u012f pasi\u016bl\u0117 karaliui Pilypui II u\u017e stulbinan\u010di\u0105 13 talent\u0173 sum\u0105, ta\u010diau niekas negal\u0117jo sutramdyti jo laukin\u0117s dvasios. Jaunas Aleksandras, pasteb\u0117j\u0119s, kad \u017eirgas tik i\u0161sigando savo paties \u0161e\u0161\u0117lio, pasuko j\u012f \u012f saul\u0119, kad nuramint\u0173. Tai pamat\u0119s karalius Pilypas garsiai parei\u0161k\u0117: \u201cO mano s\u016bnau, i\u0161r\u016bpink sau lygi\u0105 ir vert\u0105 karalyst\u0119, nes Makedonija tau per ma\u017ea!\u201d<\/p><p>\u00a0<\/p><p>Nuo m\u016b\u0161io lauko iki nemirtingumo<\/p><p>\u00a0<\/p><p>Bucefalas lyd\u0117jo Aleksandr\u0105 per vis\u0105 jo \u017eyg\u012f i\u0161 Graikijos \u012f pa\u010di\u0105 Indijos \u0161ird\u012f. Jis lyd\u0117jo savo \u0161eiminink\u0105 kruviniausiuose susir\u0117mimuose nuo Graniko ir Isuso iki Gaugamelos ir Hidaspo m\u016b\u0161io. 326 m. pr. m. e., Indijos kampanijos metu, jis mir\u0117 nuo m\u016b\u0161io \u017eaizd\u0173 arba senatv\u0117s (b\u016bdamas beveik 30 met\u0173). Jo garbei Aleksandras \u012fk\u016br\u0117 Aleksandrijos Bucefalos miest\u0105 ant D\u017eelumo up\u0117s kranto dabartiniame Pakistane.<\/p><p>\u00a0<\/p><p>Kult\u016brinis palikimas<\/p><p>\u00a0<\/p><p>Meno ir literat\u016bros istorijoje Bucefalas simbolizuoja gali\u0105, i\u0161tikimyb\u0119 ir a\u0161tr\u0173 instinkt\u0105. Ryt\u0173 tradicijose, kur Aleksandras da\u017enai tapatinamas su Iskandaru, Bucefalas vaizduojamas kaip i\u0161tikimas palydovas, apdovanotas antgamtin\u0117mis savyb\u0117mis. Jis teb\u0117ra tikroji did\u017eiausio istorijos u\u017ekariautojo \u201cdvasia\u201d, simbolizuojanti ry\u0161\u012f, per\u017eengiant\u012f m\u016b\u0161io lauko ribas.<\/p>\t\t\t\t\t\t\t\t<\/div>\n\t\t\t\t<\/div>\n\t\t\t\t<\/div>\n\t\t\t\t\t<\/div>\n\t\t\t\t<\/div>\n\t\t\t\t<\/div>","protected":false},"excerpt":{"rendered":"<p>Bucephalus: The Legendary Spirit of the Steppes and Conquests Meaning &#8220;Ox-headed&#8221; (Boukephalos) in Ancient Greek likely due to his broad brow or a branding on his shoulder Bucephalus is the most iconic warhorse in history. Legend tells that he was offered to King Philip II by Philonicus the Thessalian for the staggering sum of 13 [&hellip;]<\/p>\n","protected":false},"author":1,"featured_media":0,"parent":743,"menu_order":0,"comment_status":"closed","ping_status":"closed","template":"","meta":{"footnotes":""},"class_list":["post-954","page","type-page","status-publish","hentry"],"_links":{"self":[{"href":"https:\/\/shatranj.art\/lt\/wp-json\/wp\/v2\/pages\/954","targetHints":{"allow":["GET"]}}],"collection":[{"href":"https:\/\/shatranj.art\/lt\/wp-json\/wp\/v2\/pages"}],"about":[{"href":"https:\/\/shatranj.art\/lt\/wp-json\/wp\/v2\/types\/page"}],"author":[{"embeddable":true,"href":"https:\/\/shatranj.art\/lt\/wp-json\/wp\/v2\/users\/1"}],"replies":[{"embeddable":true,"href":"https:\/\/shatranj.art\/lt\/wp-json\/wp\/v2\/comments?post=954"}],"version-history":[{"count":13,"href":"https:\/\/shatranj.art\/lt\/wp-json\/wp\/v2\/pages\/954\/revisions"}],"predecessor-version":[{"id":1579,"href":"https:\/\/shatranj.art\/lt\/wp-json\/wp\/v2\/pages\/954\/revisions\/1579"}],"up":[{"embeddable":true,"href":"https:\/\/shatranj.art\/lt\/wp-json\/wp\/v2\/pages\/743"}],"wp:attachment":[{"href":"https:\/\/shatranj.art\/lt\/wp-json\/wp\/v2\/media?parent=954"}],"curies":[{"name":"wp","href":"https:\/\/api.w.org\/{rel}","templated":true}]}}