{"id":963,"date":"2026-02-22T15:16:26","date_gmt":"2026-02-22T15:16:26","guid":{"rendered":"https:\/\/shatranj.art\/?page_id=963"},"modified":"2026-02-23T11:10:10","modified_gmt":"2026-02-23T11:10:10","slug":"poster-17","status":"publish","type":"page","link":"https:\/\/shatranj.art\/lt\/exhibit\/poster-17\/","title":{"rendered":"17 plakatas"},"content":{"rendered":"<div data-elementor-type=\"wp-page\" data-elementor-id=\"963\" class=\"elementor elementor-963\" data-elementor-post-type=\"page\">\n\t\t\t\t<div class=\"elementor-element elementor-element-73ca0e2 e-flex e-con-boxed e-con e-parent\" data-id=\"73ca0e2\" data-element_type=\"container\" data-e-type=\"container\" data-settings=\"{&quot;background_background&quot;:&quot;classic&quot;}\">\n\t\t\t\t\t<div class=\"e-con-inner\">\n\t\t<div class=\"elementor-element elementor-element-4151d56 e-con-full e-flex e-con e-child\" data-id=\"4151d56\" data-element_type=\"container\" data-e-type=\"container\">\n\t\t\t\t<div class=\"elementor-element elementor-element-3b5a1d2 elementor-widget elementor-widget-image\" data-id=\"3b5a1d2\" data-element_type=\"widget\" data-e-type=\"widget\" data-widget_type=\"image.default\">\n\t\t\t\t<div class=\"elementor-widget-container\">\n\t\t\t\t\t\t\t\t\t\t\t\t\t\t\t<img fetchpriority=\"high\" decoding=\"async\" width=\"800\" height=\"378\" src=\"https:\/\/shatranj.art\/wp-content\/uploads\/2026\/02\/15-1-1024x484.jpg\" class=\"attachment-large size-large wp-image-948\" alt=\"\" srcset=\"https:\/\/shatranj.art\/wp-content\/uploads\/2026\/02\/15-1-1024x484.jpg 1024w, https:\/\/shatranj.art\/wp-content\/uploads\/2026\/02\/15-1-300x142.jpg 300w, https:\/\/shatranj.art\/wp-content\/uploads\/2026\/02\/15-1-768x363.jpg 768w, https:\/\/shatranj.art\/wp-content\/uploads\/2026\/02\/15-1-1536x726.jpg 1536w, https:\/\/shatranj.art\/wp-content\/uploads\/2026\/02\/15-1-2048x968.jpg 2048w\" sizes=\"(max-width: 800px) 100vw, 800px\" \/>\t\t\t\t\t\t\t\t\t\t\t\t\t\t\t<\/div>\n\t\t\t\t<\/div>\n\t\t\t\t<div class=\"elementor-element elementor-element-4e7af25 elementor-widget elementor-widget-text-editor\" data-id=\"4e7af25\" data-element_type=\"widget\" data-e-type=\"widget\" data-widget_type=\"text-editor.default\">\n\t\t\t\t<div class=\"elementor-widget-container\">\n\t\t\t\t\t\t\t\t\t<h2><b>Riterio kelion\u0117<\/b><\/h2><p><b>Istorinis gylis:<\/b><span style=\"font-weight: 400;\"> Riterio kelion\u0117 - tai matematin\u0117 seka, kai riteris lygiai vien\u0105 kart\u0105 aplanko kiekvien\u0105 \u0161achmat\u0173 lentos kvadrat\u0105. Tai ir strateginis i\u0161\u0161\u016bkis, ir klasikinis pramogin\u0117s matematikos u\u017edavinys.<\/span><\/p><p>\u00a0<\/p><p><b>Kilm\u0117:<\/b><\/p><p>\u0160i problema toli gra\u017eu n\u0117ra \u0161iuolaikinis atradimas. Pirmieji \u017einomi sprendimai datuojami IX a., kuriuos pateik\u0117 Bagdado meistrai, tokie kaip Al-Adli ir As-Suli. Be to, IX a. Indijos literat\u016broje Ka\u0161myro poetas Rudrata \u0161i\u0105 matematin\u0119 estetik\u0105 pademonstravo savo k\u016brinyje \"Kavyalankara\", kur suk\u016br\u0117 eil\u0117ra\u0161t\u012f, kuriame sek\u0117 riterio kelion\u0117s sek\u0105.<\/p><p>\u00a0<\/p><p><b>Vakar\u0173 literat\u016bra:<\/b><\/p><p>XIII a. Kastilijos karalius Alfonsas X savo garsiojoje \"\u017daidim\u0173 knygoje\" (Libro de los Juegos) apra\u0161\u0117 sud\u0117tingus manevrus, pagr\u012fstus riterio judesiais. Ta\u010diau \u0161iuolaikin\u012f matematin\u012f pagrind\u0105 \u0161iai problemai 1759 m. pad\u0117jo Leonhardas Euleris, kurio analiz\u0117 dabar pripa\u017e\u012fstama kaip vienas i\u0161 graf\u0173 teorijos kertini\u0173 akmen\u0173.<\/p><p>\u00a0<\/p><p><b>Savyb\u0117s:<\/b><\/p><p><b>U\u017edaras (pakartotinis) turas:<\/b> Jei riteris atsiduria aik\u0161tel\u0117je, kuri yra lygiai vienu riterio \u0117jimu toliau nuo pradin\u0117s aik\u0161tel\u0117s, jis gali i\u0161 karto prad\u0117ti kelion\u0119 i\u0161 naujo.<\/p><p>\u00a0<\/p><p><b>Atviras turas:<\/b><\/p><p><span style=\"font-weight: 400;\">Jei raitelis aplanko kiekvien\u0105 kvadrat\u0105, bet atsiduria tokioje aik\u0161t\u0117je, i\u0161 kurios vienu \u0117jimu negali pasiekti pradinio ta\u0161ko.<\/span><\/p>\t\t\t\t\t\t\t\t<\/div>\n\t\t\t\t<\/div>\n\t\t\t\t<div class=\"elementor-element elementor-element-14fac00 elementor-widget elementor-widget-image\" data-id=\"14fac00\" data-element_type=\"widget\" data-e-type=\"widget\" data-widget_type=\"image.default\">\n\t\t\t\t<div class=\"elementor-widget-container\">\n\t\t\t\t\t\t\t\t\t\t\t\t\t\t\t<img decoding=\"async\" width=\"800\" height=\"342\" src=\"https:\/\/shatranj.art\/wp-content\/uploads\/2026\/02\/15-1024x438.jpg\" class=\"attachment-large size-large wp-image-950\" alt=\"\" srcset=\"https:\/\/shatranj.art\/wp-content\/uploads\/2026\/02\/15-1024x438.jpg 1024w, https:\/\/shatranj.art\/wp-content\/uploads\/2026\/02\/15-300x128.jpg 300w, https:\/\/shatranj.art\/wp-content\/uploads\/2026\/02\/15-768x328.jpg 768w, https:\/\/shatranj.art\/wp-content\/uploads\/2026\/02\/15-1536x657.jpg 1536w, https:\/\/shatranj.art\/wp-content\/uploads\/2026\/02\/15-2048x875.jpg 2048w\" sizes=\"(max-width: 800px) 100vw, 800px\" \/>\t\t\t\t\t\t\t\t\t\t\t\t\t\t\t<\/div>\n\t\t\t\t<\/div>\n\t\t\t\t<div class=\"elementor-element elementor-element-1e25ada elementor-widget elementor-widget-text-editor\" data-id=\"1e25ada\" data-element_type=\"widget\" data-e-type=\"widget\" data-widget_type=\"text-editor.default\">\n\t\t\t\t<div class=\"elementor-widget-container\">\n\t\t\t\t\t\t\t\t\t<h2><b>8 karalieni\u0173 problema: Dijkstra ir strukt\u016brizuoto programavimo gimimas<\/b><\/h2><p>1848 m. Maxo Bezzelio i\u0161kelta ir toki\u0173 genij\u0173 kaip Carlas Friedrichas Gaussas d\u0117mesio sulaukusi problema XX a. a\u0161tuntajame de\u0161imtmetyje vieno i\u0161 \u0161iuolaikin\u0117s informatikos pradinink\u0173 Edsgerio W. Dijkstros buvo paversta \u201cprogramavimo manifestu\u201d.<\/p><h3><b>Dijkstros ir DFS ry\u0161ys<\/b><\/h3><p><span style=\"font-weight: 400;\">Savo pagrindiniame veikale, <\/span><i><span style=\"font-weight: 400;\">Pastabos apie strukt\u016brin\u012f programavim\u0105<\/span><\/i><span style=\"font-weight: 400;\"> (1972 m.) Dijkstra pasinaudojo 8 Queens problema, kad parodyt\u0173, kaip galima sistemingai kurti algoritm\u0105, taikant proces\u0105, kur\u012f jis pavadino \u201claipsni\u0161ku tobulinimu\u201d.\u201d<\/span><\/p><ul><li style=\"font-weight: 400;\" aria-level=\"1\">DFS ir atsilikimas: Dijkstra apibr\u0117\u017e\u0117 metod\u0105, pagal kur\u012f dama dama \u012f eil\u0119 ir einama \u012f kit\u0105 (angl. Depth-First Search - DFS), o patekus \u012f aklaviet\u0119 gr\u012f\u017etama \u012f ankstesn\u012f \u017eingsn\u012f ir bandoma rasti kit\u0105 galimyb\u0119 (angl. Backtracking), kaip gryniausi\u0105 strukt\u016brizuoto programavimo pavyzd\u012f.<\/li><\/ul><p><b>Gr\u012f\u017eimo atgal galia:<\/b><\/p><p>Pasak Dijkstros, \u0161is metodas yra pirmasis svarbus etapas tobulinant \u201cbandym\u0173 ir klaid\u0173\u201d proces\u0105 iki nepriekai\u0161tingos login\u0117s sekos, kuri\u0105 galima<\/p>\t\t\t\t\t\t\t\t<\/div>\n\t\t\t\t<\/div>\n\t\t\t\t<div class=\"elementor-element elementor-element-3aa137e elementor-widget elementor-widget-image\" data-id=\"3aa137e\" data-element_type=\"widget\" data-e-type=\"widget\" data-widget_type=\"image.default\">\n\t\t\t\t<div class=\"elementor-widget-container\">\n\t\t\t\t\t\t\t\t\t\t\t\t\t\t\t<img decoding=\"async\" width=\"800\" height=\"588\" src=\"https:\/\/shatranj.art\/wp-content\/uploads\/2026\/02\/15-2-1024x752.jpg\" class=\"attachment-large size-large wp-image-949\" alt=\"\" srcset=\"https:\/\/shatranj.art\/wp-content\/uploads\/2026\/02\/15-2-1024x752.jpg 1024w, https:\/\/shatranj.art\/wp-content\/uploads\/2026\/02\/15-2-300x220.jpg 300w, https:\/\/shatranj.art\/wp-content\/uploads\/2026\/02\/15-2-768x564.jpg 768w, https:\/\/shatranj.art\/wp-content\/uploads\/2026\/02\/15-2-1536x1128.jpg 1536w, https:\/\/shatranj.art\/wp-content\/uploads\/2026\/02\/15-2-2048x1504.jpg 2048w\" sizes=\"(max-width: 800px) 100vw, 800px\" \/>\t\t\t\t\t\t\t\t\t\t\t\t\t\t\t<\/div>\n\t\t\t\t<\/div>\n\t\t\t\t<div class=\"elementor-element elementor-element-be7cb02 elementor-widget elementor-widget-text-editor\" data-id=\"be7cb02\" data-element_type=\"widget\" data-e-type=\"widget\" data-widget_type=\"text-editor.default\">\n\t\t\t\t<div class=\"elementor-widget-container\">\n\t\t\t\t\t\t\t\t\t<h3><b>Kvie\u010di\u0173 ir \u0161achmat\u0173 lentos problema: eksponentinis augimas<\/b><\/h3><p><b>Legenda ir kilm\u0117:<\/b><\/p><p>Pasak pasakojimo, kai \u0161achmat\u0173 i\u0161rad\u0117jas Sisa bin Dahiras pristat\u0117 \u017eaidim\u0105 Indijos karaliui, karalius paklaus\u0117, kokio atlygio jis nor\u0117t\u0173. Sisa i\u0161sak\u0117 i\u0161 pa\u017ei\u016bros kukl\u0173 pra\u0161ym\u0105: \u201cU\u017e pirm\u0105j\u012f \u0161achmat\u0173 lentos kvadrat\u0105 noriu vieno kvie\u010dio gr\u016bdo, u\u017e antr\u0105j\u012f - dviej\u0173, u\u017e tre\u010di\u0105j\u012f - keturi\u0173, o u\u017e kiekvien\u0105 paskesn\u012f kvadrat\u0105 - dvigubai daugiau nei u\u017e ankstesn\u012fj\u012f\u201d. Karalius i\u0161 prad\u017ei\u0173 atmet\u0117 \u0161\u012f pra\u0161ym\u0105, manydamas, kad tai tik \u201csauja kvie\u010di\u0173\u201d, ta\u010diau prad\u0117jus skai\u010diuoti tapo ai\u0161ku, kad nei i\u017edo, nei viso pasaulio kvie\u010di\u0173 atsarg\u0173 neu\u017eteks \u0161iam reikalavimui patenkinti.<\/p><p><b>Istorinis \u012fra\u0161as: Ibn Khallikan (1256 m.)<\/b><\/p><p>Pirmasis \u017einomas ra\u0161ytinis \u0161ios garsios istorijos \u0161altinis - 1256 m. \u017eymaus biografo ir istoriko Ibn Challikano. Ibn Challikanas \u012ftrauk\u0117 \u0161\u012f \u012fvyk\u012f \u012f savo darb\u0105 ne tik kaip pasakojim\u0105, bet ir kaip \u012frodym\u0105, kaip matematika i\u0161ple\u010dia vaizduot\u0117s ribas.<\/p><p><b>Matematin\u0117 tikrov\u0117:<\/b><\/p><p><span style=\"font-weight: 400;\">\u0160is pra\u0161ymas, pateiktas 64 \u0161achmat\u0173 lentos kvadratams, yra gryniausias geometrin\u0117s progresijos (eksponentinio augimo) pavyzdys. Suma kiekviename kvadrat\u0117lyje apskai\u010diuojama pagal formul\u0119 <strong>2<sup>n-1<\/sup><\/strong> . Lygtis, pagal kuri\u0105 apskai\u010diuojamas bendras kvie\u010di\u0173 kiekis, yra tokia:<\/span><\/p><p>\u00a0<\/p><div class=\"wheat-formula-box\"><div class=\"wheat-formula\" aria-label=\"S lygi sumai nuo i, kuri lygi 0 iki 63, nuo 2 iki i, kuri lygi 2 iki 64 minus 1.\"><div class=\"formula-wrap\"><span class=\"formula\">S =<\/span><p><span class=\"sigma-block\" aria-label=\"suma nuo i lygi 0 iki 63\"><br \/><span class=\"sigma-top\">63<\/span><br \/><span class=\"sigma\">\u2211<\/span><br \/><span class=\"sigma-bottom\"><i>i<\/i>=0<\/span><br \/><\/span><\/p><p><span class=\"formula\">2<sup><i>i<\/i><\/sup> = 2<sup>64<\/sup> - 1<\/span><\/p><\/div><p>Atlikus \u0161\u012f skai\u010diavim\u0105 gautas did\u017eiulis skai\u010dius:<\/p><p><b>18,446,744,073,709,551,615<\/b><\/p><p><b>Kod\u0117l tai taip svarbu?<\/b><\/p><ul><li style=\"font-weight: 400;\" aria-level=\"1\"><b>Augimo mastas:<\/b><span style=\"font-weight: 400;\"> \u0160is skai\u010dius prilygsta ma\u017edaug 2 000 kart\u0173 didesnei dabartinei bendrai metinei kvie\u010di\u0173 gamybai pasaulyje.\u00a0<\/span><\/li><\/ul><p><b>Strategin\u0117 pamoka:<\/b><span style=\"font-weight: 400;\"> \u0160i problema - tai senov\u0117s i\u0161minties pamoka, kuri moko vadovus ir strategus, kaip ma\u017ei poky\u010diai (\u201cpadvigub\u0117jimas\u201d) laikui b\u0117gant gali virsti nekontroliuojamomis j\u0117gomis.<\/span><\/p><\/div><\/div>\t\t\t\t\t\t\t\t<\/div>\n\t\t\t\t<\/div>\n\t\t\t\t<\/div>\n\t\t\t\t\t<\/div>\n\t\t\t\t<\/div>\n\t\t\t\t<\/div>","protected":false},"excerpt":{"rendered":"<p>The Knight&#8217;s Tour Historical Depth: The Knight&#8217;s Tour is a mathematical sequence in which a knight visits every single square on a chessboard exactly once. It is both a strategic challenge and a classic problem in recreational mathematics. \u00a0 Origins: This problem is far from a modern discovery. The earliest known solutions date back to [&hellip;]<\/p>\n","protected":false},"author":1,"featured_media":0,"parent":743,"menu_order":0,"comment_status":"closed","ping_status":"closed","template":"","meta":{"footnotes":""},"class_list":["post-963","page","type-page","status-publish","hentry"],"_links":{"self":[{"href":"https:\/\/shatranj.art\/lt\/wp-json\/wp\/v2\/pages\/963","targetHints":{"allow":["GET"]}}],"collection":[{"href":"https:\/\/shatranj.art\/lt\/wp-json\/wp\/v2\/pages"}],"about":[{"href":"https:\/\/shatranj.art\/lt\/wp-json\/wp\/v2\/types\/page"}],"author":[{"embeddable":true,"href":"https:\/\/shatranj.art\/lt\/wp-json\/wp\/v2\/users\/1"}],"replies":[{"embeddable":true,"href":"https:\/\/shatranj.art\/lt\/wp-json\/wp\/v2\/comments?post=963"}],"version-history":[{"count":22,"href":"https:\/\/shatranj.art\/lt\/wp-json\/wp\/v2\/pages\/963\/revisions"}],"predecessor-version":[{"id":1443,"href":"https:\/\/shatranj.art\/lt\/wp-json\/wp\/v2\/pages\/963\/revisions\/1443"}],"up":[{"embeddable":true,"href":"https:\/\/shatranj.art\/lt\/wp-json\/wp\/v2\/pages\/743"}],"wp:attachment":[{"href":"https:\/\/shatranj.art\/lt\/wp-json\/wp\/v2\/media?parent=963"}],"curies":[{"name":"wp","href":"https:\/\/api.w.org\/{rel}","templated":true}]}}