{"id":969,"date":"2026-02-22T15:22:14","date_gmt":"2026-02-22T15:22:14","guid":{"rendered":"https:\/\/shatranj.art\/?page_id=969"},"modified":"2026-02-23T04:55:45","modified_gmt":"2026-02-23T04:55:45","slug":"poster-18","status":"publish","type":"page","link":"https:\/\/shatranj.art\/lt\/exhibit\/poster-18\/","title":{"rendered":"18 plakatas"},"content":{"rendered":"<div data-elementor-type=\"wp-page\" data-elementor-id=\"969\" class=\"elementor elementor-969\" data-elementor-post-type=\"page\">\n\t\t\t\t<div class=\"elementor-element elementor-element-e18ac67 e-flex e-con-boxed e-con e-parent\" data-id=\"e18ac67\" data-element_type=\"container\" data-e-type=\"container\" data-settings=\"{&quot;background_background&quot;:&quot;classic&quot;}\">\n\t\t\t\t\t<div class=\"e-con-inner\">\n\t\t<div class=\"elementor-element elementor-element-36bf2c2 e-con-full e-flex e-con e-child\" data-id=\"36bf2c2\" data-element_type=\"container\" data-e-type=\"container\">\n\t\t\t\t<div class=\"elementor-element elementor-element-1244f27 elementor-widget__width-initial elementor-widget elementor-widget-image\" data-id=\"1244f27\" data-element_type=\"widget\" data-e-type=\"widget\" data-widget_type=\"image.default\">\n\t\t\t\t<div class=\"elementor-widget-container\">\n\t\t\t\t\t\t\t\t\t\t\t\t\t\t\t<img fetchpriority=\"high\" decoding=\"async\" width=\"800\" height=\"729\" src=\"https:\/\/shatranj.art\/wp-content\/uploads\/2026\/02\/18-1024x933.jpg\" class=\"attachment-large size-large wp-image-971\" alt=\"\" srcset=\"https:\/\/shatranj.art\/wp-content\/uploads\/2026\/02\/18-1024x933.jpg 1024w, https:\/\/shatranj.art\/wp-content\/uploads\/2026\/02\/18-300x273.jpg 300w, https:\/\/shatranj.art\/wp-content\/uploads\/2026\/02\/18-768x700.jpg 768w, https:\/\/shatranj.art\/wp-content\/uploads\/2026\/02\/18.jpg 1279w\" sizes=\"(max-width: 800px) 100vw, 800px\" \/>\t\t\t\t\t\t\t\t\t\t\t\t\t\t\t<\/div>\n\t\t\t\t<\/div>\n\t\t\t\t<div class=\"elementor-element elementor-element-917c746 elementor-widget__width-initial elementor-widget-mobile__width-inherit elementor-widget elementor-widget-image\" data-id=\"917c746\" data-element_type=\"widget\" data-e-type=\"widget\" data-widget_type=\"image.default\">\n\t\t\t\t<div class=\"elementor-widget-container\">\n\t\t\t\t\t\t\t\t\t\t\t\t\t\t\t<img decoding=\"async\" width=\"800\" height=\"790\" src=\"https:\/\/shatranj.art\/wp-content\/uploads\/2026\/02\/18-1-1024x1011.jpg\" class=\"attachment-large size-large wp-image-972\" alt=\"\" srcset=\"https:\/\/shatranj.art\/wp-content\/uploads\/2026\/02\/18-1-1024x1011.jpg 1024w, https:\/\/shatranj.art\/wp-content\/uploads\/2026\/02\/18-1-300x296.jpg 300w, https:\/\/shatranj.art\/wp-content\/uploads\/2026\/02\/18-1-768x758.jpg 768w, https:\/\/shatranj.art\/wp-content\/uploads\/2026\/02\/18-1-1536x1517.jpg 1536w, https:\/\/shatranj.art\/wp-content\/uploads\/2026\/02\/18-1.jpg 1769w\" sizes=\"(max-width: 800px) 100vw, 800px\" \/>\t\t\t\t\t\t\t\t\t\t\t\t\t\t\t<\/div>\n\t\t\t\t<\/div>\n\t\t\t\t<div class=\"elementor-element elementor-element-5c72f2f elementor-widget__width-initial elementor-widget elementor-widget-text-editor\" data-id=\"5c72f2f\" data-element_type=\"widget\" data-e-type=\"widget\" data-widget_type=\"text-editor.default\">\n\t\t\t\t<div class=\"elementor-widget-container\">\n\t\t\t\t\t\t\t\t\t<h3><b>Mechaninis turkas: pirmoji dirbtinio intelekto iliuzija<\/b><\/h3><p><b>Iliuzija, su\u017eav\u0117jusi imperijas<\/b> <span style=\"font-weight: 400;\"><br \/><\/span>1770 m. Wolfgango von Kempeleno sukurtas \u201cMechaninis turkas\u201d, tur\u0117j\u0119s su\u017eav\u0117ti imperatorien\u0119 Marij\u0105 Teres\u0119, atrod\u0117 kaip savaime veikiantis automatas, varomas sud\u0117tingos krumpliara\u010di\u0173 sistemos. S\u0117d\u0117damas prie didelio kabineto, apsireng\u0119s tradiciniais osmani\u0161kais drabu\u017eiais ir turban\u0105, jis met\u0117 i\u0161\u0161\u016bk\u012f ir nugal\u0117jo kai kuriuos galingiausius istorijos protus, \u012fskaitant Napoleon\u0105 Bonapart\u0105 ir Bend\u017eamin\u0105 Franklin\u0105.<\/p><p>\u00a0<\/p><p><b>\u017dmogus tarp krumpliara\u010di\u0173<\/b> <span style=\"font-weight: 400;\"><br \/><\/span>Ilgus de\u0161imtme\u010dius pasaulis tik\u0117jo, kad mat\u0117 tikr\u0105 \u201cm\u0105stan\u010di\u0105 ma\u0161in\u0105\u201d. I\u0161 tikr\u0173j\u0173 \u0161is prietaisas buvo iliuzijos \u0161edevras. Spintos vidus buvo sumaniai suprojektuotas taip, kad jo viduje b\u016bt\u0173 galima pasl\u0117pti profesional\u0173 \u017emog\u0173 \u0161achmat\u0173 meistr\u0105, kuris keisdavo pozicijas, kai visuomenei b\u016bdavo atveriamos skirtingos durys. Naudodamas pantografo mechanizm\u0105 ir po lenta esan\u010dius magnetinius indikatorius, pasl\u0117ptas \u017eaid\u0117jas steb\u0117jo prie\u0161ininko \u0117jimus ir per mechanin\u0119 turko rank\u0105 atlikdavo savo \u0117jimus.<\/p><p>\u00a0<\/p><p><b>\u0160iuolaikinis palikimas<\/b> <span style=\"font-weight: 400;\"><br \/><\/span>\u201cMechaninis turkas\u201d - tai daugiau nei istorija apie apgaul\u0119; tai am\u017einas \u017emonijos susi\u017eav\u0117jimo ir baim\u0117s d\u0117l ma\u0161in\u0173 intelekto simbolis. Neatsitiktinai \u0161iandien \u201cAmazon\u201d savo mikrou\u017eduo\u010di\u0173 platform\u0105 pavadino \"Mechanical Turk\". Pavadinimas teb\u0117ra duokl\u0117 u\u017eduotims, kuri\u0173 kompiuteriai dar negali atlikti, bet kurias tyliai \"u\u017e kadro\" sprend\u017eia \u017emon\u0117s.\u201d<\/p>\t\t\t\t\t\t\t\t<\/div>\n\t\t\t\t<\/div>\n\t\t\t\t<\/div>\n\t\t\t\t\t<\/div>\n\t\t\t\t<\/div>\n\t\t\t\t<\/div>","protected":false},"excerpt":{"rendered":"<p>The Mechanical Turk: The First Illusion of Artificial Intelligence An Illusion That Enchanted Empires Designed in 1770 by Wolfgang von Kempelen to impress Empress Maria Theresa, the &#8220;Mechanical Turk&#8221; appeared to be a self-operating automaton powered by a complex system of gears. Seated at a large cabinet and dressed in traditional Ottoman robes and a [&hellip;]<\/p>\n","protected":false},"author":1,"featured_media":0,"parent":743,"menu_order":0,"comment_status":"closed","ping_status":"closed","template":"","meta":{"footnotes":""},"class_list":["post-969","page","type-page","status-publish","hentry"],"_links":{"self":[{"href":"https:\/\/shatranj.art\/lt\/wp-json\/wp\/v2\/pages\/969","targetHints":{"allow":["GET"]}}],"collection":[{"href":"https:\/\/shatranj.art\/lt\/wp-json\/wp\/v2\/pages"}],"about":[{"href":"https:\/\/shatranj.art\/lt\/wp-json\/wp\/v2\/types\/page"}],"author":[{"embeddable":true,"href":"https:\/\/shatranj.art\/lt\/wp-json\/wp\/v2\/users\/1"}],"replies":[{"embeddable":true,"href":"https:\/\/shatranj.art\/lt\/wp-json\/wp\/v2\/comments?post=969"}],"version-history":[{"count":7,"href":"https:\/\/shatranj.art\/lt\/wp-json\/wp\/v2\/pages\/969\/revisions"}],"predecessor-version":[{"id":1225,"href":"https:\/\/shatranj.art\/lt\/wp-json\/wp\/v2\/pages\/969\/revisions\/1225"}],"up":[{"embeddable":true,"href":"https:\/\/shatranj.art\/lt\/wp-json\/wp\/v2\/pages\/743"}],"wp:attachment":[{"href":"https:\/\/shatranj.art\/lt\/wp-json\/wp\/v2\/media?parent=969"}],"curies":[{"name":"wp","href":"https:\/\/api.w.org\/{rel}","templated":true}]}}