{"id":976,"date":"2026-02-22T15:26:41","date_gmt":"2026-02-22T15:26:41","guid":{"rendered":"https:\/\/shatranj.art\/?page_id=976"},"modified":"2026-02-23T04:57:59","modified_gmt":"2026-02-23T04:57:59","slug":"poster-19","status":"publish","type":"page","link":"https:\/\/shatranj.art\/lt\/exhibit\/poster-19\/","title":{"rendered":"19 plakatas"},"content":{"rendered":"<div data-elementor-type=\"wp-page\" data-elementor-id=\"976\" class=\"elementor elementor-976\" data-elementor-post-type=\"page\">\n\t\t\t\t<div class=\"elementor-element elementor-element-bd53a03 e-flex e-con-boxed e-con e-parent\" data-id=\"bd53a03\" data-element_type=\"container\" data-e-type=\"container\" data-settings=\"{&quot;background_background&quot;:&quot;classic&quot;}\">\n\t\t\t\t\t<div class=\"e-con-inner\">\n\t\t<div class=\"elementor-element elementor-element-258a2d8 e-con-full e-flex e-con e-child\" data-id=\"258a2d8\" data-element_type=\"container\" data-e-type=\"container\">\n\t\t\t\t<div class=\"elementor-element elementor-element-54379e5 elementor-widget__width-initial elementor-widget elementor-widget-image\" data-id=\"54379e5\" data-element_type=\"widget\" data-e-type=\"widget\" data-widget_type=\"image.default\">\n\t\t\t\t<div class=\"elementor-widget-container\">\n\t\t\t\t\t\t\t\t\t\t\t\t\t\t\t<img fetchpriority=\"high\" decoding=\"async\" width=\"800\" height=\"842\" src=\"https:\/\/shatranj.art\/wp-content\/uploads\/2026\/02\/19-973x1024.jpg\" class=\"attachment-large size-large wp-image-979\" alt=\"\" srcset=\"https:\/\/shatranj.art\/wp-content\/uploads\/2026\/02\/19-973x1024.jpg 973w, https:\/\/shatranj.art\/wp-content\/uploads\/2026\/02\/19-285x300.jpg 285w, https:\/\/shatranj.art\/wp-content\/uploads\/2026\/02\/19-768x808.jpg 768w, https:\/\/shatranj.art\/wp-content\/uploads\/2026\/02\/19.jpg 1121w\" sizes=\"(max-width: 800px) 100vw, 800px\" \/>\t\t\t\t\t\t\t\t\t\t\t\t\t\t\t<\/div>\n\t\t\t\t<\/div>\n\t\t\t\t<div class=\"elementor-element elementor-element-38b79a5 elementor-widget__width-initial elementor-widget elementor-widget-text-editor\" data-id=\"38b79a5\" data-element_type=\"widget\" data-e-type=\"widget\" data-widget_type=\"text-editor.default\">\n\t\t\t\t<div class=\"elementor-widget-container\">\n\t\t\t\t\t\t\t\t\t<p><strong>\"Deep Blue\" prie\u0161 Kasparov\u0105: Kasparovas: ma\u0161in\u0173 dominavimo au\u0161ra.<\/strong><\/p><p>\u00a0<\/p><p><span style=\"font-weight: 400;\">1997 m. pasaulyje \u012fvyko istorinis l\u016b\u017eis \u017emogaus ir ma\u0161inos santykiuose. IBM sukurtas superkompiuteris <\/span>Deep Blue<span style=\"font-weight: 400;\"> nugal\u0117jo dabartin\u012f pasaulio \u010dempion\u0105, <\/span>Garis Kasparovas<span style=\"font-weight: 400;\">, \u0161e\u0161i\u0173 rungtyni\u0173 serijoje. Tai buvo pirmas kartas, kai kompiuteris \u012fveik\u0117 pasaulio \u010dempion\u0105 turnyro stiliaus rungtyn\u0117se, kuriose buvo taikoma standartin\u0117 laiko kontrol\u0117.<\/span><\/p><p>\u00a0<\/p><p><b>Brutalios j\u0117gos galia:<\/b><span style=\"font-weight: 400;\"> \"Deep Blue\" buvo specializuotos technin\u0117s \u012frangos \u0161edevras, galintis apskai\u010diuoti 200 milijon\u0173 pozicij\u0173 per sekund\u0119.<\/span><\/p><p>\u00a0<\/p><p><b>Simbolin\u0117 pergal\u0117:<\/b><span style=\"font-weight: 400;\"> \u0160ios rungtyn\u0117s pakeit\u0117 pasaulin\u012f dirbtinio intelekto suvokim\u0105. Jis \u012frod\u0117, kad nors \u017emogaus intuicija yra gili, ta\u010diau vien tik ma\u0161inos skai\u010diavimo greitis gali \u012fveikti did\u017eiausi\u0105 \u0161i\u0173 laik\u0173 strategin\u012f prot\u0105.<\/span><\/p>\t\t\t\t\t\t\t\t<\/div>\n\t\t\t\t<\/div>\n\t\t\t\t<div class=\"elementor-element elementor-element-d1ad4e6 elementor-widget__width-initial elementor-widget elementor-widget-image\" data-id=\"d1ad4e6\" data-element_type=\"widget\" data-e-type=\"widget\" data-widget_type=\"image.default\">\n\t\t\t\t<div class=\"elementor-widget-container\">\n\t\t\t\t\t\t\t\t\t\t\t\t\t\t\t<img decoding=\"async\" width=\"800\" height=\"600\" src=\"https:\/\/shatranj.art\/wp-content\/uploads\/2026\/02\/19-1-1024x768.jpg\" class=\"attachment-large size-large wp-image-980\" alt=\"\" srcset=\"https:\/\/shatranj.art\/wp-content\/uploads\/2026\/02\/19-1-1024x768.jpg 1024w, https:\/\/shatranj.art\/wp-content\/uploads\/2026\/02\/19-1-300x225.jpg 300w, https:\/\/shatranj.art\/wp-content\/uploads\/2026\/02\/19-1-768x576.jpg 768w, https:\/\/shatranj.art\/wp-content\/uploads\/2026\/02\/19-1.jpg 1250w\" sizes=\"(max-width: 800px) 100vw, 800px\" \/>\t\t\t\t\t\t\t\t\t\t\t\t\t\t\t<\/div>\n\t\t\t\t<\/div>\n\t\t\t\t<div class=\"elementor-element elementor-element-e238e58 elementor-widget__width-initial elementor-widget elementor-widget-image\" data-id=\"e238e58\" data-element_type=\"widget\" data-e-type=\"widget\" data-widget_type=\"image.default\">\n\t\t\t\t<div class=\"elementor-widget-container\">\n\t\t\t\t\t\t\t\t\t\t\t\t\t\t\t<img decoding=\"async\" width=\"682\" height=\"1024\" src=\"https:\/\/shatranj.art\/wp-content\/uploads\/2026\/02\/19-2-682x1024.jpg\" class=\"attachment-large size-large wp-image-981\" alt=\"\" srcset=\"https:\/\/shatranj.art\/wp-content\/uploads\/2026\/02\/19-2-682x1024.jpg 682w, https:\/\/shatranj.art\/wp-content\/uploads\/2026\/02\/19-2-200x300.jpg 200w, https:\/\/shatranj.art\/wp-content\/uploads\/2026\/02\/19-2-768x1154.jpg 768w, https:\/\/shatranj.art\/wp-content\/uploads\/2026\/02\/19-2-1023x1536.jpg 1023w, https:\/\/shatranj.art\/wp-content\/uploads\/2026\/02\/19-2-1363x2048.jpg 1363w, https:\/\/shatranj.art\/wp-content\/uploads\/2026\/02\/19-2.jpg 1667w\" sizes=\"(max-width: 682px) 100vw, 682px\" \/>\t\t\t\t\t\t\t\t\t\t\t\t\t\t\t<\/div>\n\t\t\t\t<\/div>\n\t\t\t\t<div class=\"elementor-element elementor-element-a12f1b5 elementor-widget__width-inherit elementor-widget elementor-widget-text-editor\" data-id=\"a12f1b5\" data-element_type=\"widget\" data-e-type=\"widget\" data-widget_type=\"text-editor.default\">\n\t\t\t\t<div class=\"elementor-widget-container\">\n\t\t\t\t\t\t\t\t\t<h3><b>\u017duvys: Did\u017ei\u0173j\u0173 meistr\u0173 analiz\u0117s demokratizacija<\/b><\/h3><p>\u017duvys<span style=\"font-weight: 400;\"> yra galingiausias pasaulyje atvirojo kodo \u0161achmat\u0173 variklis. Skirtingai nuo i\u0161skirtini\u0173 praeities superkompiuteri\u0173, \"Stockfish\" yra nemokamas ir prieinamas visiems - nuo m\u0117g\u0117j\u0173 m\u0117g\u0117j\u0173 iki pasaulinio lygio didmeistri\u0173.<\/span><\/p><ul><li style=\"font-weight: 400;\" aria-level=\"1\"><b>Pasaulinis standartas:<\/b><span style=\"font-weight: 400;\"> \"Stockfish\" nuolat u\u017eima pirmaujan\u010dias pozicijas varikli\u0173 reiting\u0173 lentel\u0117se, tod\u0117l yra geriausias \u012frankis \u017eaidim\u0173 analizei ir strategij\u0173 k\u016brimui.<\/span><\/li><li style=\"font-weight: 400;\" aria-level=\"1\"><b>Neuron\u0173 evoliucija:<\/b><span style=\"font-weight: 400;\"> I\u0161 prad\u017ei\u0173 pagr\u012fsti klasikiniais \u201cpaie\u0161kos ir vertinimo\u201d algoritmais, dabar \u0161iuolaikin\u0117se \"Stockfish\" versijose naudojami <\/span>NNUE (efektyviai atnaujinami neuroniniai tinklai)<span style=\"font-weight: 400;\">. \u0160i sintez\u0117 leid\u017eia sujungti did\u017eiul\u012f skai\u010diavimo greit\u012f su gilesniu, beveik \u017emogi\u0161ku sud\u0117ting\u0173 pozicij\u0173 \u201csupratimu\u201d ir pasiekti ELO reiting\u0105, gerokai vir\u0161ijant\u012f <\/span>3500<span style=\"font-weight: 400;\">.<\/span><\/li><\/ul>\t\t\t\t\t\t\t\t<\/div>\n\t\t\t\t<\/div>\n\t\t\t\t<div class=\"elementor-element elementor-element-5ec8752 elementor-widget__width-initial elementor-widget elementor-widget-image\" data-id=\"5ec8752\" data-element_type=\"widget\" data-e-type=\"widget\" data-widget_type=\"image.default\">\n\t\t\t\t<div class=\"elementor-widget-container\">\n\t\t\t\t\t\t\t\t\t\t\t\t\t\t\t<img loading=\"lazy\" decoding=\"async\" width=\"800\" height=\"800\" src=\"https:\/\/shatranj.art\/wp-content\/uploads\/2026\/02\/19-1024x1024.png\" class=\"attachment-large size-large wp-image-982\" alt=\"\" srcset=\"https:\/\/shatranj.art\/wp-content\/uploads\/2026\/02\/19-1024x1024.png 1024w, https:\/\/shatranj.art\/wp-content\/uploads\/2026\/02\/19-300x300.png 300w, https:\/\/shatranj.art\/wp-content\/uploads\/2026\/02\/19-150x150.png 150w, https:\/\/shatranj.art\/wp-content\/uploads\/2026\/02\/19-768x768.png 768w, https:\/\/shatranj.art\/wp-content\/uploads\/2026\/02\/19.png 1056w\" sizes=\"(max-width: 800px) 100vw, 800px\" \/>\t\t\t\t\t\t\t\t\t\t\t\t\t\t\t<\/div>\n\t\t\t\t<\/div>\n\t\t\t\t<div class=\"elementor-element elementor-element-f657508 elementor-widget__width-initial elementor-widget-tablet__width-inherit elementor-widget elementor-widget-text-editor\" data-id=\"f657508\" data-element_type=\"widget\" data-e-type=\"widget\" data-widget_type=\"text-editor.default\">\n\t\t\t\t<div class=\"elementor-widget-container\">\n\t\t\t\t\t\t\t\t\t<h3><b>\"AlphaZero\": ma\u0161in\u0173 intuicijos ir k\u016brybi\u0161kumo era<\/b><\/h3><p>\u201cGoogle\u201d bendrov\u0117s \"DeepMind\" sukurtas \"AlphaZero\" pakeit\u0117 m\u016bs\u0173 po\u017ei\u016br\u012f \u012f dirbtin\u012f intelekt\u0105. Ankstesnius variklius \"mok\u0117\" \u017emon\u0117s, naudodami u\u017eprogramuotas taisykles, o \"AlphaZero\" buvo savaime besimokanti sistema.<\/p><ul><li style=\"font-weight: 400;\" aria-level=\"1\"><b>\"Tabula Rasa\" (i\u0161 naujo):<\/b><span style=\"font-weight: 400;\"> AlphaZero buvo pateiktos tik pagrindin\u0117s \u0161achmat\u0173 taisykl\u0117s. Su\u017eaid\u0119s milijonus partij\u0173 su savimi, naudodamasis pastiprinto mokymosi metodu, jis pasiek\u0117 ant\u017emogi\u0161k\u0105 meistri\u0161kumo lyg\u012f vos per keturias valandas.<\/span><\/li><li style=\"font-weight: 400;\" aria-level=\"1\"><b>K\u016brybin\u0117 revoliucija:<\/b><span style=\"font-weight: 400;\"> \u201cAlphaZero\u201d \u017eaid\u0117 ne kaip tipi\u0161kas \u201cskai\u010diuotuvas\u201d. Jis pristat\u0117 itin agresyv\u0173, k\u016brybi\u0161k\u0105 ir intuityv\u0173 stili\u0173, da\u017enai aukojant\u012f med\u017eiag\u0105 d\u0117l ilgalaikio pozicinio spaudimo. Jis \u012frod\u0117, kad ma\u0161inos gali ne tik skai\u010diuoti grei\u010diau u\u017e \u017emones, bet ir \"i\u0161 naujo i\u0161rasti\" pat\u012f \u017eaidimo men\u0105 ir k\u016brybi\u0161kum\u0105.<\/span><\/li><\/ul>\t\t\t\t\t\t\t\t<\/div>\n\t\t\t\t<\/div>\n\t\t\t\t<\/div>\n\t\t\t\t\t<\/div>\n\t\t\t\t<\/div>\n\t\t\t\t<\/div>","protected":false},"excerpt":{"rendered":"<p>Deep Blue vs. Kasparov: The Dawn of Machine Dominance \u00a0 In 1997, the world witnessed a historic turning point in the relationship between man and machine. Developed by IBM, the supercomputer Deep Blue defeated the reigning World Champion, Garry Kasparov, in a six-match series. This was the first time a computer had beaten a world [&hellip;]<\/p>\n","protected":false},"author":1,"featured_media":0,"parent":743,"menu_order":0,"comment_status":"closed","ping_status":"closed","template":"","meta":{"footnotes":""},"class_list":["post-976","page","type-page","status-publish","hentry"],"_links":{"self":[{"href":"https:\/\/shatranj.art\/lt\/wp-json\/wp\/v2\/pages\/976","targetHints":{"allow":["GET"]}}],"collection":[{"href":"https:\/\/shatranj.art\/lt\/wp-json\/wp\/v2\/pages"}],"about":[{"href":"https:\/\/shatranj.art\/lt\/wp-json\/wp\/v2\/types\/page"}],"author":[{"embeddable":true,"href":"https:\/\/shatranj.art\/lt\/wp-json\/wp\/v2\/users\/1"}],"replies":[{"embeddable":true,"href":"https:\/\/shatranj.art\/lt\/wp-json\/wp\/v2\/comments?post=976"}],"version-history":[{"count":7,"href":"https:\/\/shatranj.art\/lt\/wp-json\/wp\/v2\/pages\/976\/revisions"}],"predecessor-version":[{"id":1228,"href":"https:\/\/shatranj.art\/lt\/wp-json\/wp\/v2\/pages\/976\/revisions\/1228"}],"up":[{"embeddable":true,"href":"https:\/\/shatranj.art\/lt\/wp-json\/wp\/v2\/pages\/743"}],"wp:attachment":[{"href":"https:\/\/shatranj.art\/lt\/wp-json\/wp\/v2\/media?parent=976"}],"curies":[{"name":"wp","href":"https:\/\/api.w.org\/{rel}","templated":true}]}}