{"id":986,"date":"2026-02-22T15:44:16","date_gmt":"2026-02-22T15:44:16","guid":{"rendered":"https:\/\/shatranj.art\/?page_id=986"},"modified":"2026-02-23T04:58:50","modified_gmt":"2026-02-23T04:58:50","slug":"poster-20","status":"publish","type":"page","link":"https:\/\/shatranj.art\/lt\/exhibit\/poster-20\/","title":{"rendered":"20 plakatas"},"content":{"rendered":"<div data-elementor-type=\"wp-page\" data-elementor-id=\"986\" class=\"elementor elementor-986\" data-elementor-post-type=\"page\">\n\t\t\t\t<div class=\"elementor-element elementor-element-12aafbd e-flex e-con-boxed e-con e-parent\" data-id=\"12aafbd\" data-element_type=\"container\" data-e-type=\"container\" data-settings=\"{&quot;background_background&quot;:&quot;classic&quot;}\">\n\t\t\t\t\t<div class=\"e-con-inner\">\n\t\t<div class=\"elementor-element elementor-element-63eb695 e-con-full e-flex e-con e-child\" data-id=\"63eb695\" data-element_type=\"container\" data-e-type=\"container\">\n\t\t\t\t<div class=\"elementor-element elementor-element-c65f0f2 elementor-widget elementor-widget-image\" data-id=\"c65f0f2\" data-element_type=\"widget\" data-e-type=\"widget\" data-widget_type=\"image.default\">\n\t\t\t\t<div class=\"elementor-widget-container\">\n\t\t\t\t\t\t\t\t\t\t\t\t\t\t\t<img fetchpriority=\"high\" decoding=\"async\" width=\"800\" height=\"563\" src=\"https:\/\/shatranj.art\/wp-content\/uploads\/2026\/02\/20-1024x720.jpg\" class=\"attachment-large size-large wp-image-989\" alt=\"\" srcset=\"https:\/\/shatranj.art\/wp-content\/uploads\/2026\/02\/20-1024x720.jpg 1024w, https:\/\/shatranj.art\/wp-content\/uploads\/2026\/02\/20-300x211.jpg 300w, https:\/\/shatranj.art\/wp-content\/uploads\/2026\/02\/20-768x540.jpg 768w, https:\/\/shatranj.art\/wp-content\/uploads\/2026\/02\/20-1536x1080.jpg 1536w, https:\/\/shatranj.art\/wp-content\/uploads\/2026\/02\/20-2048x1440.jpg 2048w\" sizes=\"(max-width: 800px) 100vw, 800px\" \/>\t\t\t\t\t\t\t\t\t\t\t\t\t\t\t<\/div>\n\t\t\t\t<\/div>\n\t\t\t\t<div class=\"elementor-element elementor-element-c898b64 elementor-widget elementor-widget-text-editor\" data-id=\"c898b64\" data-element_type=\"widget\" data-e-type=\"widget\" data-widget_type=\"text-editor.default\">\n\t\t\t\t<div class=\"elementor-widget-container\">\n\t\t\t\t\t\t\t\t\t<h3><b>Alquerque: Alfonso palikimas: senovinis \u0161a\u0161ki\u0173 prot\u0117vis ir Alfonso palikimas<\/b><\/h3><p><b>Strategija nuo Kastilijos iki \u0161i\u0173 dien\u0173<\/b> <span style=\"font-weight: 400;\"><br \/><\/span>1283 m. Kastilijos karaliaus Alfonso X (Alfonso I\u0161mintingojo) u\u017esakymu i\u0161leista \u201c\u017daidim\u0173 knyga\u201d (Libro de los Juegos) i\u0161lieka i\u0161samiausiu Viduram\u017ei\u0173 Europos \u017eaidim\u0173 kult\u016bros dokumentu. \u0160ios knygos puslapiuose i\u0161samiai apra\u0161ytas Alquerque yra senovinio strateginio \u017eaidimo, arab\u0173 pasaulyje \u017einomo kaip \"El-Qirkat\", kurio \u0161aknys siekia senov\u0117s Egipt\u0105, europin\u0117 evoliucija. XIII a. Ispanijoje \"Alquerque\" liudijo, kaip krik\u0161\u010dioni\u0173, musulmon\u0173 ir \u017eyd\u0173 mokslininkai bendradarbiavo siekdami sujungti Ryt\u0173 ir Vakar\u0173 \u017einias.<\/p><p><b>Kelias \u012f \u0161a\u0161kes<\/b> <span style=\"font-weight: 400;\"><br \/><\/span>Alquerque, kuriame \u017eaid\u017eiama su 12 fig\u016br\u0173 ant 5\u00d75 tinklelio, gim\u0117 \u201c\u0161okin\u0117jan\u010dio u\u017egrobimo\u201d mechanika, kuri yra pagrindin\u0117 \u0161iuolaikini\u0173 \u0161a\u0161ki\u0173 taisykl\u0117. XV a. pabaigoje, kai \u0161ios dinami\u0161kos taisykl\u0117s buvo perkeltos ant 8\u00d78 \u0161achmat\u0173 lentos, gim\u0117 toks \u017eaidimas \u201cDraughts\u201d (\u0161a\u0161k\u0117s), kok\u012f \u017einome \u0161iandien. \u0160is vaizdas \u012frodo, kad \u017eaidimai yra ne tik pramoga, bet ir universali kalba, jungianti geografij\u0105, kalbas ir tik\u0117jimus.<\/p>\t\t\t\t\t\t\t\t<\/div>\n\t\t\t\t<\/div>\n\t\t\t\t<\/div>\n\t\t\t\t\t<\/div>\n\t\t\t\t<\/div>\n\t\t\t\t<\/div>","protected":false},"excerpt":{"rendered":"<p>Alquerque: The Ancient Ancestor of Draughts and the Legacy of Alfonso A Strategy Stretching from Castile to the Present Commissioned in 1283 by King Alfonso X of Castile (Alfonso the Wise), the Libro de los Juegos (The Book of Games) remains the most comprehensive record of gaming culture in Medieval Europe. Alquerque, detailed within its [&hellip;]<\/p>\n","protected":false},"author":1,"featured_media":0,"parent":743,"menu_order":0,"comment_status":"closed","ping_status":"closed","template":"","meta":{"footnotes":""},"class_list":["post-986","page","type-page","status-publish","hentry"],"_links":{"self":[{"href":"https:\/\/shatranj.art\/lt\/wp-json\/wp\/v2\/pages\/986","targetHints":{"allow":["GET"]}}],"collection":[{"href":"https:\/\/shatranj.art\/lt\/wp-json\/wp\/v2\/pages"}],"about":[{"href":"https:\/\/shatranj.art\/lt\/wp-json\/wp\/v2\/types\/page"}],"author":[{"embeddable":true,"href":"https:\/\/shatranj.art\/lt\/wp-json\/wp\/v2\/users\/1"}],"replies":[{"embeddable":true,"href":"https:\/\/shatranj.art\/lt\/wp-json\/wp\/v2\/comments?post=986"}],"version-history":[{"count":7,"href":"https:\/\/shatranj.art\/lt\/wp-json\/wp\/v2\/pages\/986\/revisions"}],"predecessor-version":[{"id":1231,"href":"https:\/\/shatranj.art\/lt\/wp-json\/wp\/v2\/pages\/986\/revisions\/1231"}],"up":[{"embeddable":true,"href":"https:\/\/shatranj.art\/lt\/wp-json\/wp\/v2\/pages\/743"}],"wp:attachment":[{"href":"https:\/\/shatranj.art\/lt\/wp-json\/wp\/v2\/media?parent=986"}],"curies":[{"name":"wp","href":"https:\/\/api.w.org\/{rel}","templated":true}]}}