{"id":1016,"date":"2026-02-22T16:17:45","date_gmt":"2026-02-22T16:17:45","guid":{"rendered":"https:\/\/shatranj.art\/?page_id=1016"},"modified":"2026-02-24T09:42:49","modified_gmt":"2026-02-24T09:42:49","slug":"poster-24","status":"publish","type":"page","link":"https:\/\/shatranj.art\/lv\/exhibit\/poster-24\/","title":{"rendered":"plak\u0101ts 24"},"content":{"rendered":"<div data-elementor-type=\"wp-page\" data-elementor-id=\"1016\" class=\"elementor elementor-1016\" data-elementor-post-type=\"page\">\n\t\t\t\t<div class=\"elementor-element elementor-element-cbef851 e-flex e-con-boxed e-con e-parent\" data-id=\"cbef851\" data-element_type=\"container\" data-e-type=\"container\" data-settings=\"{&quot;background_background&quot;:&quot;classic&quot;}\">\n\t\t\t\t\t<div class=\"e-con-inner\">\n\t\t<div class=\"elementor-element elementor-element-919ca16 e-con-full e-flex e-con e-child\" data-id=\"919ca16\" data-element_type=\"container\" data-e-type=\"container\">\n\t\t\t\t<div class=\"elementor-element elementor-element-3a8b40d elementor-widget elementor-widget-image\" data-id=\"3a8b40d\" data-element_type=\"widget\" data-e-type=\"widget\" data-widget_type=\"image.default\">\n\t\t\t\t<div class=\"elementor-widget-container\">\n\t\t\t\t\t\t\t\t\t\t\t\t\t\t\t<img fetchpriority=\"high\" decoding=\"async\" width=\"800\" height=\"534\" src=\"https:\/\/shatranj.art\/wp-content\/uploads\/2026\/02\/21-1024x683.jpg\" class=\"attachment-large size-large wp-image-995\" alt=\"\" srcset=\"https:\/\/shatranj.art\/wp-content\/uploads\/2026\/02\/21-1024x683.jpg 1024w, https:\/\/shatranj.art\/wp-content\/uploads\/2026\/02\/21-300x200.jpg 300w, https:\/\/shatranj.art\/wp-content\/uploads\/2026\/02\/21-768x512.jpg 768w, https:\/\/shatranj.art\/wp-content\/uploads\/2026\/02\/21-1536x1024.jpg 1536w, https:\/\/shatranj.art\/wp-content\/uploads\/2026\/02\/21-2048x1366.jpg 2048w\" sizes=\"(max-width: 800px) 100vw, 800px\" \/>\t\t\t\t\t\t\t\t\t\t\t\t\t\t\t<\/div>\n\t\t\t\t<\/div>\n\t\t\t\t<div class=\"elementor-element elementor-element-07a7613 elementor-widget elementor-widget-text-editor\" data-id=\"07a7613\" data-element_type=\"widget\" data-e-type=\"widget\" data-widget_type=\"text-editor.default\">\n\t\t\t\t<div class=\"elementor-widget-container\">\n\t\t\t\t\t\t\t\t\t<p>\u015eAH\u00ce \u0161aha komplekts ir kas vair\u0101k nek\u0101 tikai sp\u0113le - tas ir tilts starp kult\u016br\u0101m, laikmetiem un filozofij\u0101m. Komplekta nosaukums, kas rad\u012bts, lai izrais\u012btu gan imperi\u0101las, gan karaliskas saj\u016btas, ir aizg\u016bts no Balk\u0101nos un daudz\u0101s sl\u0101vu valod\u0101s pla\u0161i lietot\u0101 termina, ar ko apz\u012bm\u0113 \u0161aha sp\u0113li.<\/p><p>V\u0101rds \u201c\u015eAH\u00ce\u201d pats par sevi darbojas k\u0101 karalisks \u012bpa\u0161\u012bbas v\u0101rds, kas noz\u012bm\u0113 \u201c\u012bpa\u0161s \u0161aham\u201d, un tam ir liter\u0101rs svars, kas noz\u012bm\u0113 sp\u0113ku, kr\u0101\u0161\u0146umu un strat\u0113\u0123isko dzi\u013cumu.<\/p><h3><b>Kult\u016bras evol\u016bcijas \u0161edevrs<\/b><\/h3><p>\u0160is komplekts, ko izstr\u0101d\u0101jis pieredz\u0113jis \u0161aha pedagogs un biju\u0161ais MIT pirm\u0101s k\u0101rts sp\u0113l\u0113t\u0101js Tamer Karatekin, eleganti atspogu\u013co sp\u0113les v\u0113sturi. Katra fig\u016bra ir veidota t\u0101, lai atspogu\u013cotu unik\u0101lu v\u0113sturisku st\u0101stu:<\/p><ul><li style=\"font-weight: 400;\" aria-level=\"1\"><b>G\u00fcl\u015fah (Karalis):<\/b><span style=\"font-weight: 400;\"> P\u0101rst\u0101v kupola sv\u0113tumu, ko iedvesmoju\u0161as t\u0101das celtnes k\u0101 Hagia Sophia un Panteons, k\u0101 ar\u012b intelektu\u0101lo mantojumu, kas saist\u012bts ar galvassegu.<\/span><\/li><li style=\"font-weight: 400;\" aria-level=\"1\"><b>Sokol (Karaliene\/viz\u012brs):<\/b><span style=\"font-weight: 400;\"> Nosaukts par milit\u0101ro simbolu - s\u0101koni - un iedvesmojies no Austrijas kafejn\u012bcas \u0161aha komplekta s\u012bpolu kupola fin\u0101la un \u0137iveres dizaina, tas simboliz\u0113 milit\u0101ro varu un \u201cviz\u012bra\u201d gudr\u012bbu. Sokolovi\u010di bija ietekm\u012bg\u0101k\u0101 Osma\u0146u imp\u0113rijas lielk\u0146aza Sokollu Mehmeta Pa\u0161as dzimt\u0101 pils\u0113ta.<\/span><\/li><li style=\"font-weight: 400;\" aria-level=\"1\"><b>Bukefal (Bru\u0146inieks):<\/b><span style=\"font-weight: 400;\"> Nosaukts Aleksandra Liel\u0101 le\u0123end\u0101r\u0101 zirga v\u0101rd\u0101, kas simboliz\u0113 divvirzienu kult\u016bras apmai\u0146u starp Austrumiem un Rietumiem.<\/span><\/li><li style=\"font-weight: 400;\" aria-level=\"1\"><b>Shahrukh (The Rook):<\/b><span style=\"font-weight: 400;\"> Lieliska milit\u0101r\u0101s evol\u016bcijas sint\u0113ze, kas ietver kara ratos, tor\u0146os, lielgabalos un ku\u0123os izmantotos elementus. \u0160aha meistars un karavadonis Timurs savam d\u0113lam deva v\u0101rdu \u0160ahruks, jo zi\u0146a par vi\u0146a piedzim\u0161anu n\u0101ca \u0161aha sp\u0113les laik\u0101.<\/span><\/li><li style=\"font-weight: 400;\" aria-level=\"1\"><b>Abul-Abbas (b\u012bskaps\/sl\u0101nis):<\/b><span style=\"font-weight: 400;\"> Atspogu\u013co K\u0101rlim Lielajam d\u0101vin\u0101t\u0101 zilo\u0146a ikonisko ce\u013cojumu, izsekojot \u0161aha migr\u0101cijai cauri trim kontinentiem.<\/span><\/li><li style=\"font-weight: 400;\" aria-level=\"1\"><b>R\u00e9gence-Philidor (Lombards):<\/b><span style=\"font-weight: 400;\"> Iedvesmojies no apgaism\u012bbas laikmeta Par\u012bzes kafejn\u012bc\u0101m un slaven\u0101 Filidora teiciena: \u201cP\u0113\u0146i ir \u0161aha dv\u0113sele\u201d.<\/span><\/li><\/ul>\t\t\t\t\t\t\t\t<\/div>\n\t\t\t\t<\/div>\n\t\t\t\t<div class=\"elementor-element elementor-element-52a94ef elementor-widget elementor-widget-text-editor\" data-id=\"52a94ef\" data-element_type=\"widget\" data-e-type=\"widget\" data-widget_type=\"text-editor.default\">\n\t\t\t\t<div class=\"elementor-widget-container\">\n\t\t\t\t\t\t\t\t\t<h3><b>Dizains un m\u0113r\u0137is<\/b><\/h3><p>\u015eAH\u00ce komplekts ir r\u016bp\u012bgi sagatavots, lai kalpotu gan k\u0101 m\u0101ksliniecisks ekspon\u0101ts, gan k\u0101 funkcion\u0101ls r\u012bks izgl\u012bt\u012bbas un turn\u012bru vajadz\u012bb\u0101m. T\u0101 dizaina filozofija ir balst\u012bta uz kult\u016bras un gar\u012bgo atv\u0113rt\u012bbu, t\u0101d\u0113j\u0101di nodro\u0161inot, ka tas atsaucas sp\u0113l\u0113t\u0101ju vid\u016b vis\u0101 pasaul\u0113.<\/p><p><b>Atbalsta mantojums:<\/b><\/p><p>\u0160\u012b komplekta tap\u0161ana bija iesp\u0113jama, pateicoties Masa\u010d\u016bsetsas Kult\u016bras padomes un Eiropas Savien\u012bbas Jaunatnes programmas atbalstam.<\/p>\t\t\t\t\t\t\t\t<\/div>\n\t\t\t\t<\/div>\n\t\t\t\t<\/div>\n\t\t\t\t\t<\/div>\n\t\t\t\t<\/div>\n\t\t\t\t<\/div>","protected":false},"excerpt":{"rendered":"<p>The \u015eAH\u00ce Chess Set is more than just a game; it is a bridge between cultures, eras, and philosophies. Designed to evoke both imperial and royal sensations, the set draws its name from a term widely used in the Balkans and many Slavic languages to refer to the game of chess. The word &#8220;\u015eAH\u00ce&#8221; itself [&hellip;]<\/p>\n","protected":false},"author":1,"featured_media":0,"parent":743,"menu_order":0,"comment_status":"closed","ping_status":"closed","template":"","meta":{"footnotes":""},"class_list":["post-1016","page","type-page","status-publish","hentry"],"_links":{"self":[{"href":"https:\/\/shatranj.art\/lv\/wp-json\/wp\/v2\/pages\/1016","targetHints":{"allow":["GET"]}}],"collection":[{"href":"https:\/\/shatranj.art\/lv\/wp-json\/wp\/v2\/pages"}],"about":[{"href":"https:\/\/shatranj.art\/lv\/wp-json\/wp\/v2\/types\/page"}],"author":[{"embeddable":true,"href":"https:\/\/shatranj.art\/lv\/wp-json\/wp\/v2\/users\/1"}],"replies":[{"embeddable":true,"href":"https:\/\/shatranj.art\/lv\/wp-json\/wp\/v2\/comments?post=1016"}],"version-history":[{"count":19,"href":"https:\/\/shatranj.art\/lv\/wp-json\/wp\/v2\/pages\/1016\/revisions"}],"predecessor-version":[{"id":1601,"href":"https:\/\/shatranj.art\/lv\/wp-json\/wp\/v2\/pages\/1016\/revisions\/1601"}],"up":[{"embeddable":true,"href":"https:\/\/shatranj.art\/lv\/wp-json\/wp\/v2\/pages\/743"}],"wp:attachment":[{"href":"https:\/\/shatranj.art\/lv\/wp-json\/wp\/v2\/media?parent=1016"}],"curies":[{"name":"wp","href":"https:\/\/api.w.org\/{rel}","templated":true}]}}