{"id":1032,"date":"2026-02-22T17:38:33","date_gmt":"2026-02-22T17:38:33","guid":{"rendered":"https:\/\/shatranj.art\/?page_id=1032"},"modified":"2026-02-24T09:08:36","modified_gmt":"2026-02-24T09:08:36","slug":"poster-26","status":"publish","type":"page","link":"https:\/\/shatranj.art\/lv\/exhibit\/poster-26\/","title":{"rendered":"plak\u0101ts 26"},"content":{"rendered":"<div data-elementor-type=\"wp-page\" data-elementor-id=\"1032\" class=\"elementor elementor-1032\" data-elementor-post-type=\"page\">\n\t\t\t\t<div class=\"elementor-element elementor-element-7573e53 e-flex e-con-boxed e-con e-parent\" data-id=\"7573e53\" data-element_type=\"container\" data-e-type=\"container\" data-settings=\"{&quot;background_background&quot;:&quot;classic&quot;}\">\n\t\t\t\t\t<div class=\"e-con-inner\">\n\t\t<div class=\"elementor-element elementor-element-bc8e8e5 e-con-full e-flex e-con e-child\" data-id=\"bc8e8e5\" data-element_type=\"container\" data-e-type=\"container\">\n\t\t\t\t<div class=\"elementor-element elementor-element-8e1f086 elementor-widget__width-initial elementor-widget elementor-widget-image\" data-id=\"8e1f086\" data-element_type=\"widget\" data-e-type=\"widget\" data-widget_type=\"image.default\">\n\t\t\t\t<div class=\"elementor-widget-container\">\n\t\t\t\t\t\t\t\t\t\t\t\t\t\t\t<img fetchpriority=\"high\" decoding=\"async\" width=\"683\" height=\"1024\" src=\"https:\/\/shatranj.art\/wp-content\/uploads\/2026\/02\/26-683x1024.jpg\" class=\"attachment-large size-large wp-image-1035\" alt=\"\" srcset=\"https:\/\/shatranj.art\/wp-content\/uploads\/2026\/02\/26-683x1024.jpg 683w, https:\/\/shatranj.art\/wp-content\/uploads\/2026\/02\/26-200x300.jpg 200w, https:\/\/shatranj.art\/wp-content\/uploads\/2026\/02\/26-768x1152.jpg 768w, https:\/\/shatranj.art\/wp-content\/uploads\/2026\/02\/26.jpg 970w\" sizes=\"(max-width: 683px) 100vw, 683px\" \/>\t\t\t\t\t\t\t\t\t\t\t\t\t\t\t<\/div>\n\t\t\t\t<\/div>\n\t\t\t\t<div class=\"elementor-element elementor-element-e5968dd elementor-widget__width-initial elementor-widget elementor-widget-text-editor\" data-id=\"e5968dd\" data-element_type=\"widget\" data-e-type=\"widget\" data-widget_type=\"text-editor.default\">\n\t\t\t\t<div class=\"elementor-widget-container\">\n\t\t\t\t\t\t\t\t\t<p><b>\u015eAH\u00ce <\/b><b>Abul-Abbas: Abulba Abbads Abbads: Zilo\u0146a ce\u013cojums p\u0101ri trim kontinentiem<\/b><\/p><p>\u00a0<\/p><p>\u0160\u012bs fig\u016bras nosaukums c\u0113lies no le\u0123end\u0101r\u0101 balt\u0101 zilo\u0146a Abul-Abbas, ko Abas\u012bdu kalifs Haruns al Ra\u0161ids 9. gadsimt\u0101 uzd\u0101vin\u0101ja Sv\u0113t\u0101s Romas imperatoram K\u0101rlim Lielajam. \u0160is v\u0113sturiskais ce\u013cojums simboliz\u0113 \u0161aha migr\u0101ciju no Indijas un Tuvajiem Austrumiem uz Eiropu, iez\u012bm\u0113jot vienu no pirmaj\u0101m noz\u012bm\u012bg\u0101kaj\u0101m kult\u016bras apmai\u0146\u0101m v\u0113stur\u0113. \u0160is dizains, kas iemieso t\u0101s fig\u016bras evol\u016bciju, kura m\u016bsdienu \u0161ah\u0101 paz\u012bstama k\u0101 neierobe\u017eots diagon\u0101les kustin\u0101t\u0101js, pied\u0101v\u0101 nevainojamu Austrumu un Rietumu sint\u0113zi, apvienojot seno Austrumu ikonogr\u0101fiju ar Rietumu strat\u0113\u0123isko mantojumu. K\u0101dreiz fig\u016bra, kas var\u0113ja l\u0113kt tikai divus laukumus pa diagon\u0101li, \u0161eit ir p\u0101rveidota, lai godin\u0101tu t\u0101s v\u0113sturisk\u0101s saknes, vienlaikus apzinoties t\u0101s moderno lomu uz \u0161aha galda.<\/p><p>\u00a0<\/p><p>\u0160aha v\u0113stur\u0113 \u0161o fig\u016bru ir d\u0113v\u0113ju\u0161i par ziloni, krokodilu, bru\u0146urupuci, bru\u0146urupuci, kamieli, standarta nes\u0113ju, kurjeru, virsnieku, l\u0113c\u0113ju, skr\u0113j\u0113ju, mednieku, loka \u0161\u0101v\u0113ju, jokdari, diagon\u0101les kustoni un b\u012bskapu. M\u016bsdienu \u0161ah\u0101 t\u0101 dizains parasti ir b\u012bskapa mitr\u0101ja form\u0101.<\/p>\t\t\t\t\t\t\t\t<\/div>\n\t\t\t\t<\/div>\n\t\t\t\t<div class=\"elementor-element elementor-element-0eee556 elementor-widget__width-initial elementor-widget elementor-widget-image\" data-id=\"0eee556\" data-element_type=\"widget\" data-e-type=\"widget\" data-widget_type=\"image.default\">\n\t\t\t\t<div class=\"elementor-widget-container\">\n\t\t\t\t\t\t\t\t\t\t\t\t\t\t\t<img decoding=\"async\" width=\"707\" height=\"1024\" src=\"https:\/\/shatranj.art\/wp-content\/uploads\/2026\/02\/26-1-707x1024.jpg\" class=\"attachment-large size-large wp-image-1036\" alt=\"\" srcset=\"https:\/\/shatranj.art\/wp-content\/uploads\/2026\/02\/26-1-707x1024.jpg 707w, https:\/\/shatranj.art\/wp-content\/uploads\/2026\/02\/26-1-207x300.jpg 207w, https:\/\/shatranj.art\/wp-content\/uploads\/2026\/02\/26-1-768x1112.jpg 768w, https:\/\/shatranj.art\/wp-content\/uploads\/2026\/02\/26-1.jpg 990w\" sizes=\"(max-width: 707px) 100vw, 707px\" \/>\t\t\t\t\t\t\t\t\t\t\t\t\t\t\t<\/div>\n\t\t\t\t<\/div>\n\t\t\t\t<\/div>\n\t\t<div class=\"elementor-element elementor-element-8d4ae5d e-con-full e-flex e-con e-child\" data-id=\"8d4ae5d\" data-element_type=\"container\" data-e-type=\"container\">\n\t\t\t\t<div class=\"elementor-element elementor-element-68b6ede elementor-widget__width-initial elementor-widget elementor-widget-image\" data-id=\"68b6ede\" data-element_type=\"widget\" data-e-type=\"widget\" data-widget_type=\"image.default\">\n\t\t\t\t<div class=\"elementor-widget-container\">\n\t\t\t\t\t\t\t\t\t\t\t\t\t\t\t<img decoding=\"async\" width=\"739\" height=\"1024\" src=\"https:\/\/shatranj.art\/wp-content\/uploads\/2026\/02\/26-2-739x1024.jpg\" class=\"attachment-large size-large wp-image-1037\" alt=\"\" srcset=\"https:\/\/shatranj.art\/wp-content\/uploads\/2026\/02\/26-2-739x1024.jpg 739w, https:\/\/shatranj.art\/wp-content\/uploads\/2026\/02\/26-2-216x300.jpg 216w, https:\/\/shatranj.art\/wp-content\/uploads\/2026\/02\/26-2-768x1065.jpg 768w, https:\/\/shatranj.art\/wp-content\/uploads\/2026\/02\/26-2.jpg 976w\" sizes=\"(max-width: 739px) 100vw, 739px\" \/>\t\t\t\t\t\t\t\t\t\t\t\t\t\t\t<\/div>\n\t\t\t\t<\/div>\n\t\t\t\t<div class=\"elementor-element elementor-element-f6ee51c elementor-widget__width-initial elementor-widget elementor-widget-text-editor\" data-id=\"f6ee51c\" data-element_type=\"widget\" data-e-type=\"widget\" data-widget_type=\"text-editor.default\">\n\t\t\t\t<div class=\"elementor-widget-container\">\n\t\t\t\t\t\t\t\t\t<p><b>K\u0101r\u013ca Liel\u0101 zilonis: Majest\u0101tisks viduslaiku mantojums<\/b><\/p><p>\u00a0<\/p><p><span style=\"font-weight: 400;\">\u0160\u012b slaven\u0101 kolekcija, kuras pirms\u0101kumi mekl\u0113jami 11. gadsimt\u0101 un kuras izcelsme, dom\u0101jams, mekl\u0113jama Dienvidit\u0101lij\u0101 vai Sp\u0101nij\u0101, ir zilo\u0146kaula amatniec\u012bbas meistar\u012bbas virsotne. \u0160\u012b zilo\u0146a fig\u016bra, kas ir da\u013ca no slaven\u0101s \u201cK\u0101r\u013ca Liel\u0101 \u0161aha fig\u016bru kolekcijas\u201d, izce\u013cas ar sare\u017e\u0123\u012btiem kokgriezumiem, kas atspogu\u013co t\u0101 laika aristokr\u0101tisko ap\u0123\u0113rbu un simboliskos elementus. Dokument\u0113jot \u0161aha est\u0113tisk\u0101s p\u0101rv\u0113rt\u012bbas, tam p\u0101rvietojoties no isl\u0101ma pasaules uz Eiropas mui\u017e\u0101m, \u0161\u012b fig\u016bra pier\u0101da, ka \u0161\u012b sp\u0113le bija ne tikai strat\u0113\u0123isks instruments, bet ar\u012b sp\u0113c\u012bgs diplom\u0101tisk\u0101s un kult\u016bras varas simbols.<\/span><\/p>\t\t\t\t\t\t\t\t<\/div>\n\t\t\t\t<\/div>\n\t\t\t\t<div class=\"elementor-element elementor-element-40a994a elementor-widget__width-initial elementor-widget elementor-widget-image\" data-id=\"40a994a\" data-element_type=\"widget\" data-e-type=\"widget\" data-widget_type=\"image.default\">\n\t\t\t\t<div class=\"elementor-widget-container\">\n\t\t\t\t\t\t\t\t\t\t\t\t\t\t\t<img loading=\"lazy\" decoding=\"async\" width=\"800\" height=\"1010\" src=\"https:\/\/shatranj.art\/wp-content\/uploads\/2026\/02\/26-3-811x1024.jpg\" class=\"attachment-large size-large wp-image-1038\" alt=\"\" srcset=\"https:\/\/shatranj.art\/wp-content\/uploads\/2026\/02\/26-3-811x1024.jpg 811w, https:\/\/shatranj.art\/wp-content\/uploads\/2026\/02\/26-3-238x300.jpg 238w, https:\/\/shatranj.art\/wp-content\/uploads\/2026\/02\/26-3-768x970.jpg 768w, https:\/\/shatranj.art\/wp-content\/uploads\/2026\/02\/26-3.jpg 1024w\" sizes=\"(max-width: 800px) 100vw, 800px\" \/>\t\t\t\t\t\t\t\t\t\t\t\t\t\t\t<\/div>\n\t\t\t\t<\/div>\n\t\t\t\t<\/div>\n\t\t<div class=\"elementor-element elementor-element-0f85a0b e-con-full e-flex e-con e-child\" data-id=\"0f85a0b\" data-element_type=\"container\" data-e-type=\"container\">\n\t\t<div class=\"elementor-element elementor-element-0dc5372 e-con-full e-flex e-con e-child\" data-id=\"0dc5372\" data-element_type=\"container\" data-e-type=\"container\">\n\t\t\t\t<div class=\"elementor-element elementor-element-3afacdc elementor-widget elementor-widget-image\" data-id=\"3afacdc\" data-element_type=\"widget\" data-e-type=\"widget\" data-widget_type=\"image.default\">\n\t\t\t\t<div class=\"elementor-widget-container\">\n\t\t\t\t\t\t\t\t\t\t\t\t\t\t\t<img loading=\"lazy\" decoding=\"async\" width=\"800\" height=\"641\" src=\"https:\/\/shatranj.art\/wp-content\/uploads\/2026\/02\/26-4-1024x820.jpg\" class=\"attachment-large size-large wp-image-1039\" alt=\"\" srcset=\"https:\/\/shatranj.art\/wp-content\/uploads\/2026\/02\/26-4-1024x820.jpg 1024w, https:\/\/shatranj.art\/wp-content\/uploads\/2026\/02\/26-4-300x240.jpg 300w, https:\/\/shatranj.art\/wp-content\/uploads\/2026\/02\/26-4-768x615.jpg 768w, https:\/\/shatranj.art\/wp-content\/uploads\/2026\/02\/26-4.jpg 1307w\" sizes=\"(max-width: 800px) 100vw, 800px\" \/>\t\t\t\t\t\t\t\t\t\t\t\t\t\t\t<\/div>\n\t\t\t\t<\/div>\n\t\t\t\t<div class=\"elementor-element elementor-element-aab0574 elementor-widget elementor-widget-text-editor\" data-id=\"aab0574\" data-element_type=\"widget\" data-e-type=\"widget\" data-widget_type=\"text-editor.default\">\n\t\t\t\t<div class=\"elementor-widget-container\">\n\t\t\t\t\t\t\t\t\t<p><b>1950 Dubrovnik un Staunton Bishops: Forma un simbolisms<\/b><\/p><p>\u00a0<\/p><p><span style=\"font-weight: 400;\">\u0160is vizu\u0101lais kontrasts par\u0101da, k\u0101 b\u012bskapa fig\u016br\u0101s atspogu\u013cojas divas da\u017e\u0101das dizaina filozofijas (1. un 3. fig\u016bra no kreis\u0101s pieder Dubrov\u0146ikas komplektam). Dubrovnik 1950. gada b\u012bskaps pied\u0101v\u0101 laic\u012bg\u0101ku un modern\u0101ku est\u0113tiku, ko nosaka t\u0101 elegantais siluets un smalk\u0101s deta\u013cas bez reli\u0123iskiem simboliem. Turpret\u012b Stauntonas b\u012bskaps ir veidots p\u0113c tradicion\u0101l\u0101m krist\u012bgaj\u0101m form\u0101m, un tam ir izteiksm\u012bgs mitr\u0101ja griezums, kas ir reli\u0123isks simbols stingr\u0101k\u0101 un iztur\u012bg\u0101k\u0101 strukt\u016br\u0101. At\u0161\u0137ir\u012bba starp Dubrov\u0146ikas dinamisko, iek\u013caujo\u0161o dizainu un Stauntonas tradicion\u0101laj\u0101m robe\u017e\u0101m par\u0101da, k\u0101 \u0161aha fig\u016bras kalpo k\u0101 kult\u016bras identit\u0101tes reprezent\u0101cijas.<\/span><\/p>\t\t\t\t\t\t\t\t<\/div>\n\t\t\t\t<\/div>\n\t\t\t\t<\/div>\n\t\t<div class=\"elementor-element elementor-element-b8ec708 e-con-full e-flex e-con e-child\" data-id=\"b8ec708\" data-element_type=\"container\" data-e-type=\"container\">\n\t\t\t\t<div class=\"elementor-element elementor-element-3d9231a elementor-widget elementor-widget-image\" data-id=\"3d9231a\" data-element_type=\"widget\" data-e-type=\"widget\" data-widget_type=\"image.default\">\n\t\t\t\t<div class=\"elementor-widget-container\">\n\t\t\t\t\t\t\t\t\t\t\t\t\t\t\t<img loading=\"lazy\" decoding=\"async\" width=\"696\" height=\"1024\" src=\"https:\/\/shatranj.art\/wp-content\/uploads\/2026\/02\/26-5-696x1024.jpg\" class=\"attachment-large size-large wp-image-1040\" alt=\"\" srcset=\"https:\/\/shatranj.art\/wp-content\/uploads\/2026\/02\/26-5-696x1024.jpg 696w, https:\/\/shatranj.art\/wp-content\/uploads\/2026\/02\/26-5-204x300.jpg 204w, https:\/\/shatranj.art\/wp-content\/uploads\/2026\/02\/26-5-768x1130.jpg 768w, https:\/\/shatranj.art\/wp-content\/uploads\/2026\/02\/26-5-1044x1536.jpg 1044w, https:\/\/shatranj.art\/wp-content\/uploads\/2026\/02\/26-5.jpg 1113w\" sizes=\"(max-width: 696px) 100vw, 696px\" \/>\t\t\t\t\t\t\t\t\t\t\t\t\t\t\t<\/div>\n\t\t\t\t<\/div>\n\t\t\t\t<div class=\"elementor-element elementor-element-556ae15 elementor-widget elementor-widget-text-editor\" data-id=\"556ae15\" data-element_type=\"widget\" data-e-type=\"widget\" data-widget_type=\"text-editor.default\">\n\t\t\t\t<div class=\"elementor-widget-container\">\n\t\t\t\t\t\t\t\t\t<p><b>Dominic Snow Bishop: B\u012bskaps: M\u016bsdienu strat\u0113\u0123isk\u0101 forma<\/b><\/p><p>\u00a0<\/p><p><span style=\"font-weight: 400;\">\u0160is darbs, kas atspogu\u013co m\u0101kslinieka Dominika Snova (Dominic Snow) rado\u0161o redz\u0113jumu, tradicion\u0101laj\u0101m \u0161aha fig\u016br\u0101m pie\u0161\u0137ir modernu, skulptur\u0101lu dz\u012bv\u012bbu. T\u0101s pl\u016bsto\u0161\u0101 forma un neparast\u0101s kr\u0101su p\u0101rejas p\u0101rsniedz ierast\u0101s b\u012bskapa robe\u017eas, no jauna defin\u0113jot sp\u0113les klasiskos elementus, izmantojot m\u0101ksliniecisku izteiksmi. \u0160\u012b fig\u016bra ir apliecin\u0101jums tam, ka \u0161ahs nav tikai pr\u0101ta c\u012b\u0146a, bet gan est\u0113tiska pieredze ar dzi\u013ciem vizu\u0101liem un intelektu\u0101liem sl\u0101\u0146iem.<\/span><\/p>\t\t\t\t\t\t\t\t<\/div>\n\t\t\t\t<\/div>\n\t\t\t\t<\/div>\n\t\t<div class=\"elementor-element elementor-element-f39a3b4 e-con-full e-flex e-con e-child\" data-id=\"f39a3b4\" data-element_type=\"container\" data-e-type=\"container\">\n\t\t\t\t<div class=\"elementor-element elementor-element-8a9ba6b elementor-widget elementor-widget-image\" data-id=\"8a9ba6b\" data-element_type=\"widget\" data-e-type=\"widget\" data-widget_type=\"image.default\">\n\t\t\t\t<div class=\"elementor-widget-container\">\n\t\t\t\t\t\t\t\t\t\t\t\t\t\t\t<img loading=\"lazy\" decoding=\"async\" width=\"800\" height=\"520\" src=\"https:\/\/shatranj.art\/wp-content\/uploads\/2026\/02\/26-6-1024x665.jpg\" class=\"attachment-large size-large wp-image-1041\" alt=\"\" srcset=\"https:\/\/shatranj.art\/wp-content\/uploads\/2026\/02\/26-6-1024x665.jpg 1024w, https:\/\/shatranj.art\/wp-content\/uploads\/2026\/02\/26-6-300x195.jpg 300w, https:\/\/shatranj.art\/wp-content\/uploads\/2026\/02\/26-6-768x499.jpg 768w, https:\/\/shatranj.art\/wp-content\/uploads\/2026\/02\/26-6.jpg 1491w\" sizes=\"(max-width: 800px) 100vw, 800px\" \/>\t\t\t\t\t\t\t\t\t\t\t\t\t\t\t<\/div>\n\t\t\t\t<\/div>\n\t\t\t\t<div class=\"elementor-element elementor-element-ae04c33 elementor-widget elementor-widget-text-editor\" data-id=\"ae04c33\" data-element_type=\"widget\" data-e-type=\"widget\" data-widget_type=\"text-editor.default\">\n\t\t\t\t<div class=\"elementor-widget-container\">\n\t\t\t\t\t\t\t\t\t<p><b>Timuridas laikmeta \u0161aha zilonis<\/b> <span style=\"font-weight: 400;\"><br \/><\/span><span style=\"font-weight: 400;\"><br \/><\/span>\u0160is ar rok\u0101m kaltais akmens darbs ilustr\u0113 v\u0113sturisko p\u0101reju no figurat\u012bv\u0101 re\u0101lisma uz isl\u0101ma abstrakciju. Izteikt\u0101 \u201cdivu ragu\u201d forma simboliski ataino zilo\u0146a ilk\u0146us, kas izplat\u012bj\u0101s Tuvajos Austrumos un Vidusj\u016bras re\u0123ion\u0101. Ang\u013ci v\u0113l\u0101k p\u0101r\u0146\u0113ma nosaukumu \u201cBishop\u201d, bet sp\u0101\u0146i saglab\u0101ja s\u0101kotn\u0113jo ar\u0101bu valodas sakni k\u0101 Alfil (Zilonis), bet franc\u016b\u017ei \u0161o terminu fon\u0113tiski p\u0101rveidoja par Le Fou. \u0160is darbs joproj\u0101m ir liec\u012bba par s\u0101kotn\u0113j\u0101 zilo\u0146a t\u0113la palieko\u0161o mantojumu un sp\u0113les univers\u0101lo garu.<\/p>\t\t\t\t\t\t\t\t<\/div>\n\t\t\t\t<\/div>\n\t\t\t\t<div class=\"elementor-element elementor-element-909cf0f elementor-widget elementor-widget-image\" data-id=\"909cf0f\" data-element_type=\"widget\" data-e-type=\"widget\" data-widget_type=\"image.default\">\n\t\t\t\t<div class=\"elementor-widget-container\">\n\t\t\t\t\t\t\t\t\t\t\t\t\t\t\t<img loading=\"lazy\" decoding=\"async\" width=\"116\" height=\"90\" src=\"https:\/\/shatranj.art\/wp-content\/uploads\/2026\/02\/nishapur-elephant-piece.jpg\" class=\"attachment-large size-large wp-image-1570\" alt=\"\" srcset=\"https:\/\/shatranj.art\/wp-content\/uploads\/2026\/02\/nishapur-elephant-piece.jpg 116w, https:\/\/shatranj.art\/wp-content\/uploads\/2026\/02\/nishapur-elephant-piece-15x12.jpg 15w\" sizes=\"(max-width: 116px) 100vw, 116px\" \/>\t\t\t\t\t\t\t\t\t\t\t\t\t\t\t<\/div>\n\t\t\t\t<\/div>\n\t\t\t\t<div class=\"elementor-element elementor-element-36cfba7 elementor-widget elementor-widget-text-editor\" data-id=\"36cfba7\" data-element_type=\"widget\" data-e-type=\"widget\" data-widget_type=\"text-editor.default\">\n\t\t\t\t<div class=\"elementor-widget-container\">\n\t\t\t\t\t\t\t\t\t<p><b>Zilo\u0146a gabals no Ni\u0161apuras, 9. gs.<br \/><br \/><\/b>L\u012bdz\u012bgas formas zilo\u0146i tika izmantoti Sp\u0101nij\u0101, un tie ir redzami k\u0101 \u0161aha ikonas 13. gadsimt\u0101 sarakst\u012btaj\u0101 Libro del Acedrez Sp\u0101nij\u0101.<\/p>\t\t\t\t\t\t\t\t<\/div>\n\t\t\t\t<\/div>\n\t\t\t\t<\/div>\n\t\t\t\t<\/div>\n\t\t\t\t\t<\/div>\n\t\t\t\t<\/div>\n\t\t\t\t<\/div>","protected":false},"excerpt":{"rendered":"<p>\u015eAH\u00ce Abul-Abbas: The Elephant\u2019s Journey Across Three Continents \u00a0 This figure takes its name from the legendary white elephant, Abul-Abbas, gifted by the Abbasid Caliph Harun al-Rashid to the Holy Roman Emperor Charlemagne in the 9th century. This historical voyage symbolizes the migration of chess from India and the Middle East to Europe, marking one [&hellip;]<\/p>\n","protected":false},"author":1,"featured_media":0,"parent":743,"menu_order":0,"comment_status":"closed","ping_status":"closed","template":"","meta":{"footnotes":""},"class_list":["post-1032","page","type-page","status-publish","hentry"],"_links":{"self":[{"href":"https:\/\/shatranj.art\/lv\/wp-json\/wp\/v2\/pages\/1032","targetHints":{"allow":["GET"]}}],"collection":[{"href":"https:\/\/shatranj.art\/lv\/wp-json\/wp\/v2\/pages"}],"about":[{"href":"https:\/\/shatranj.art\/lv\/wp-json\/wp\/v2\/types\/page"}],"author":[{"embeddable":true,"href":"https:\/\/shatranj.art\/lv\/wp-json\/wp\/v2\/users\/1"}],"replies":[{"embeddable":true,"href":"https:\/\/shatranj.art\/lv\/wp-json\/wp\/v2\/comments?post=1032"}],"version-history":[{"count":22,"href":"https:\/\/shatranj.art\/lv\/wp-json\/wp\/v2\/pages\/1032\/revisions"}],"predecessor-version":[{"id":1576,"href":"https:\/\/shatranj.art\/lv\/wp-json\/wp\/v2\/pages\/1032\/revisions\/1576"}],"up":[{"embeddable":true,"href":"https:\/\/shatranj.art\/lv\/wp-json\/wp\/v2\/pages\/743"}],"wp:attachment":[{"href":"https:\/\/shatranj.art\/lv\/wp-json\/wp\/v2\/media?parent=1032"}],"curies":[{"name":"wp","href":"https:\/\/api.w.org\/{rel}","templated":true}]}}