{"id":1045,"date":"2026-02-22T18:00:08","date_gmt":"2026-02-22T18:00:08","guid":{"rendered":"https:\/\/shatranj.art\/?page_id=1045"},"modified":"2026-02-23T06:54:44","modified_gmt":"2026-02-23T06:54:44","slug":"poster-27","status":"publish","type":"page","link":"https:\/\/shatranj.art\/lv\/exhibit\/poster-27\/","title":{"rendered":"plak\u0101ts 27"},"content":{"rendered":"<div data-elementor-type=\"wp-page\" data-elementor-id=\"1045\" class=\"elementor elementor-1045\" data-elementor-post-type=\"page\">\n\t\t\t\t<div class=\"elementor-element elementor-element-cb9e80e e-flex e-con-boxed e-con e-parent\" data-id=\"cb9e80e\" data-element_type=\"container\" data-e-type=\"container\" data-settings=\"{&quot;background_background&quot;:&quot;classic&quot;}\">\n\t\t\t\t\t<div class=\"e-con-inner\">\n\t\t<div class=\"elementor-element elementor-element-c0024d0 e-con-full e-flex e-con e-child\" data-id=\"c0024d0\" data-element_type=\"container\" data-e-type=\"container\">\n\t\t\t\t<div class=\"elementor-element elementor-element-99752bb elementor-widget elementor-widget-image\" data-id=\"99752bb\" data-element_type=\"widget\" data-e-type=\"widget\" data-widget_type=\"image.default\">\n\t\t\t\t<div class=\"elementor-widget-container\">\n\t\t\t\t\t\t\t\t\t\t\t\t\t\t\t<img fetchpriority=\"high\" decoding=\"async\" width=\"800\" height=\"720\" src=\"https:\/\/shatranj.art\/wp-content\/uploads\/2026\/02\/dede-takimi-kale-top-subotica.jpg\" class=\"attachment-large size-large wp-image-1047\" alt=\"\" srcset=\"https:\/\/shatranj.art\/wp-content\/uploads\/2026\/02\/dede-takimi-kale-top-subotica.jpg 1024w, https:\/\/shatranj.art\/wp-content\/uploads\/2026\/02\/dede-takimi-kale-top-subotica-300x270.jpg 300w, https:\/\/shatranj.art\/wp-content\/uploads\/2026\/02\/dede-takimi-kale-top-subotica-768x692.jpg 768w\" sizes=\"(max-width: 800px) 100vw, 800px\" \/>\t\t\t\t\t\t\t\t\t\t\t\t\t\t\t<\/div>\n\t\t\t\t<\/div>\n\t\t\t\t<div class=\"elementor-element elementor-element-d61bb1f elementor-widget elementor-widget-text-editor\" data-id=\"d61bb1f\" data-element_type=\"widget\" data-e-type=\"widget\" data-widget_type=\"text-editor.default\">\n\t\t\t\t<div class=\"elementor-widget-container\">\n\t\t\t\t\t\t\t\t\t<h3><b>Balk\u0101nu lielgabals<\/b><\/h3><p><b>Dienvidsl\u0101vu \u201cTop\u201d (lielgabala) dizains<\/b><\/p><p>Dienvidsl\u0101vu trad\u012bcij\u0101 gai\u013ca ikonogr\u0101fija p\u0101riet no arhitekt\u016bras uz artil\u0113riju. T\u0101 k\u0101 \u0161\u012b fig\u016bra ir nosaukta par Topu (kas noz\u012bm\u0113 \u201clielgabals\u201d), daudzi re\u0123ion\u0101lie dizaini, piem\u0113ram, slavenais Suboticas komplekts, atsak\u0101s no tradicion\u0101lajiem pils tor\u0146a kaujas m\u016briem. T\u0101 viet\u0101 rotai tiek pie\u0161\u0137irta cilindriska vai konusveida forma ar ieliektu, kausveida virsotni, kas atg\u0101dina lielgabala stobru. \u0160\u012b evol\u016bcija atspogu\u013co Balk\u0101nu unik\u0101los lingvistiskos un kult\u016bras sl\u0101\u0146us, kur turku, sl\u0101vu un austroung\u0101ru ietekme bie\u017ei vien pie\u0161\u0137ir darbiem dubultus nosaukumus, piem\u0113ram, Top un Kula (tornis). \u0160\u012b kult\u016bru krustpunkts uzsver, ka \u0161ahs kalpo k\u0101 tilts starp da\u017e\u0101diem v\u0113sturiskiem laikmetiem un sabiedr\u012bb\u0101m.<\/p>\t\t\t\t\t\t\t\t<\/div>\n\t\t\t\t<\/div>\n\t\t\t\t<\/div>\n\t\t<div class=\"elementor-element elementor-element-d9490d4 e-con-full e-flex e-con e-child\" data-id=\"d9490d4\" data-element_type=\"container\" data-e-type=\"container\">\n\t\t\t\t<div class=\"elementor-element elementor-element-53c002b elementor-widget elementor-widget-image\" data-id=\"53c002b\" data-element_type=\"widget\" data-e-type=\"widget\" data-widget_type=\"image.default\">\n\t\t\t\t<div class=\"elementor-widget-container\">\n\t\t\t\t\t\t\t\t\t\t\t\t\t\t\t<img decoding=\"async\" width=\"800\" height=\"921\" src=\"https:\/\/shatranj.art\/wp-content\/uploads\/2026\/02\/rook-nishapur-889x1024.jpeg\" class=\"attachment-large size-large wp-image-1048\" alt=\"\" srcset=\"https:\/\/shatranj.art\/wp-content\/uploads\/2026\/02\/rook-nishapur-889x1024.jpeg 889w, https:\/\/shatranj.art\/wp-content\/uploads\/2026\/02\/rook-nishapur-261x300.jpeg 261w, https:\/\/shatranj.art\/wp-content\/uploads\/2026\/02\/rook-nishapur-768x884.jpeg 768w, https:\/\/shatranj.art\/wp-content\/uploads\/2026\/02\/rook-nishapur.jpeg 1042w\" sizes=\"(max-width: 800px) 100vw, 800px\" \/>\t\t\t\t\t\t\t\t\t\t\t\t\t\t\t<\/div>\n\t\t\t\t<\/div>\n\t\t\t\t<div class=\"elementor-element elementor-element-7b2ef7f elementor-widget elementor-widget-text-editor\" data-id=\"7b2ef7f\" data-element_type=\"widget\" data-e-type=\"widget\" data-widget_type=\"text-editor.default\">\n\t\t\t\t<div class=\"elementor-widget-container\">\n\t\t\t\t\t\t\t\t\t<p><b>Ni\u0161ap\u016bras lauva (Rukh)<\/b> <span style=\"font-weight: 400;\"><br \/><\/span><span style=\"font-weight: 400;\"><br \/><\/span>\u0160is akmens gabals no Ni\u0161apuras ir sena laukakmens, kas s\u0101kotn\u0113ji bija paz\u012bstams k\u0101 Rukh. Lai gan m\u016bsdienu b\u012bskapa \u0161\u0137elto aug\u0161da\u013cu bie\u017ei vien k\u013c\u016bdaini attiecina uz seno zilo\u0146u ilk\u0146iem, paties\u012bb\u0101 tie\u0161i tradicion\u0101lajam Rook bija rakstur\u012bga \u0161\u012b izteikt\u0101 sprauga starp div\u0101m augst\u0101m mal\u0101m. \u0160is V-veida siluets bija abstrakts rati\u0146u att\u0113lojums, izce\u013cot \u0123eometrisko dizaina valodu, kas raksturoja agr\u012bnos persie\u0161u un Vidusj\u016bras re\u0123iona \u0161aha komplektus.<\/p>\t\t\t\t\t\t\t\t<\/div>\n\t\t\t\t<\/div>\n\t\t\t\t<\/div>\n\t\t<div class=\"elementor-element elementor-element-03fdcd4 e-con-full e-flex e-con e-child\" data-id=\"03fdcd4\" data-element_type=\"container\" data-e-type=\"container\">\n\t\t\t\t<div class=\"elementor-element elementor-element-05ec882 elementor-widget elementor-widget-image\" data-id=\"05ec882\" data-element_type=\"widget\" data-e-type=\"widget\" data-widget_type=\"image.default\">\n\t\t\t\t<div class=\"elementor-widget-container\">\n\t\t\t\t\t\t\t\t\t\t\t\t\t\t\t<img decoding=\"async\" width=\"800\" height=\"800\" src=\"https:\/\/shatranj.art\/wp-content\/uploads\/2026\/02\/shahi-rook-shahkrukh-piece-1024x1024.png\" class=\"attachment-large size-large wp-image-1049\" alt=\"\" srcset=\"https:\/\/shatranj.art\/wp-content\/uploads\/2026\/02\/shahi-rook-shahkrukh-piece-1024x1024.png 1024w, https:\/\/shatranj.art\/wp-content\/uploads\/2026\/02\/shahi-rook-shahkrukh-piece-300x300.png 300w, https:\/\/shatranj.art\/wp-content\/uploads\/2026\/02\/shahi-rook-shahkrukh-piece-150x150.png 150w, https:\/\/shatranj.art\/wp-content\/uploads\/2026\/02\/shahi-rook-shahkrukh-piece-768x768.png 768w, https:\/\/shatranj.art\/wp-content\/uploads\/2026\/02\/shahi-rook-shahkrukh-piece-1536x1536.png 1536w, https:\/\/shatranj.art\/wp-content\/uploads\/2026\/02\/shahi-rook-shahkrukh-piece-2048x2048.png 2048w\" sizes=\"(max-width: 800px) 100vw, 800px\" \/>\t\t\t\t\t\t\t\t\t\t\t\t\t\t\t<\/div>\n\t\t\t\t<\/div>\n\t\t\t\t<div class=\"elementor-element elementor-element-cb65d08 elementor-widget elementor-widget-text-editor\" data-id=\"cb65d08\" data-element_type=\"widget\" data-e-type=\"widget\" data-widget_type=\"text-editor.default\">\n\t\t\t\t<div class=\"elementor-widget-container\">\n\t\t\t\t\t\t\t\t\t<p><b>\u015eAH\u00ce komplekts lauka fig\u016bra: Shahrukh<\/b><span style=\"font-weight: 400;\"><br \/><\/span><span style=\"font-weight: 400;\"><br \/><\/span>\u0160ahruhs, kas nosaukts karavado\u0146a un \u0161aha meistara Tim\u016bra d\u0113la v\u0101rd\u0101, noz\u012bm\u0113 \u201dvaldnieks, meistars un gavi\u013cu di\u017egars\u201d. \u0160ahruhs k\u013cuva par noz\u012bm\u012bgu zin\u0101tnes, kult\u016bras un m\u0101kslas mecen\u0101tu. Termins \u201cRukh\u201d noz\u012bm\u0113 kara ratus un p\u0101rtapa par \u201croca\u201d, kas sp\u0101\u0146u un it\u0101\u013cu valod\u0101 noz\u012bm\u0113 tornis, kas ietekm\u0113ja \u0161aha fig\u016bru dizainu. \u0161\u012b fig\u016bra v\u0113sturiski ir tikusi d\u0113v\u0113ta par kara ratiem, tor\u0146iem, ku\u0123iem un lielgabaliem. \u015eahruh fig\u016bra ietver kara ratus, tor\u0146a \u0137ie\u0123e\u013cus, lielgabala stobru un ku\u0123a enkuru.<\/p>\t\t\t\t\t\t\t\t<\/div>\n\t\t\t\t<\/div>\n\t\t\t\t<\/div>\n\t\t\t\t\t<\/div>\n\t\t\t\t<\/div>\n\t\t\t\t<\/div>","protected":false},"excerpt":{"rendered":"<p>The Cannon of the Balkans South Slavic &#8220;Top&#8221; (Cannon) Design In the South Slavic tradition, the iconography of the rook shifts from architecture to artillery. Because the piece is named Top (meaning &#8220;Cannon&#8221;), many regional designs such as the famous Subotica set abandon the traditional battlements of a castle tower. Instead, the piece takes on [&hellip;]<\/p>\n","protected":false},"author":1,"featured_media":0,"parent":743,"menu_order":0,"comment_status":"closed","ping_status":"closed","template":"","meta":{"footnotes":""},"class_list":["post-1045","page","type-page","status-publish","hentry"],"_links":{"self":[{"href":"https:\/\/shatranj.art\/lv\/wp-json\/wp\/v2\/pages\/1045","targetHints":{"allow":["GET"]}}],"collection":[{"href":"https:\/\/shatranj.art\/lv\/wp-json\/wp\/v2\/pages"}],"about":[{"href":"https:\/\/shatranj.art\/lv\/wp-json\/wp\/v2\/types\/page"}],"author":[{"embeddable":true,"href":"https:\/\/shatranj.art\/lv\/wp-json\/wp\/v2\/users\/1"}],"replies":[{"embeddable":true,"href":"https:\/\/shatranj.art\/lv\/wp-json\/wp\/v2\/comments?post=1045"}],"version-history":[{"count":10,"href":"https:\/\/shatranj.art\/lv\/wp-json\/wp\/v2\/pages\/1045\/revisions"}],"predecessor-version":[{"id":1292,"href":"https:\/\/shatranj.art\/lv\/wp-json\/wp\/v2\/pages\/1045\/revisions\/1292"}],"up":[{"embeddable":true,"href":"https:\/\/shatranj.art\/lv\/wp-json\/wp\/v2\/pages\/743"}],"wp:attachment":[{"href":"https:\/\/shatranj.art\/lv\/wp-json\/wp\/v2\/media?parent=1045"}],"curies":[{"name":"wp","href":"https:\/\/api.w.org\/{rel}","templated":true}]}}