{"id":1115,"date":"2026-02-22T19:38:33","date_gmt":"2026-02-22T19:38:33","guid":{"rendered":"https:\/\/shatranj.art\/?page_id=1115"},"modified":"2026-02-23T05:23:39","modified_gmt":"2026-02-23T05:23:39","slug":"poster-30","status":"publish","type":"page","link":"https:\/\/shatranj.art\/lv\/exhibit\/poster-30\/","title":{"rendered":"plak\u0101ts 30"},"content":{"rendered":"<div data-elementor-type=\"wp-page\" data-elementor-id=\"1115\" class=\"elementor elementor-1115\" data-elementor-post-type=\"page\">\n\t\t\t\t<div class=\"elementor-element elementor-element-98c0e8e e-flex e-con-boxed e-con e-parent\" data-id=\"98c0e8e\" data-element_type=\"container\" data-e-type=\"container\" data-settings=\"{&quot;background_background&quot;:&quot;classic&quot;}\">\n\t\t\t\t\t<div class=\"e-con-inner\">\n\t\t<div class=\"elementor-element elementor-element-ab167a6 e-con-full e-flex e-con e-child\" data-id=\"ab167a6\" data-element_type=\"container\" data-e-type=\"container\">\n\t\t\t\t<div class=\"elementor-element elementor-element-37084a7 elementor-widget__width-initial elementor-widget elementor-widget-image\" data-id=\"37084a7\" data-element_type=\"widget\" data-e-type=\"widget\" data-widget_type=\"image.default\">\n\t\t\t\t<div class=\"elementor-widget-container\">\n\t\t\t\t\t\t\t\t\t\t\t\t\t\t\t<img fetchpriority=\"high\" decoding=\"async\" width=\"683\" height=\"1024\" src=\"https:\/\/shatranj.art\/wp-content\/uploads\/2026\/02\/30-683x1024.jpg\" class=\"attachment-large size-large wp-image-1118\" alt=\"\" srcset=\"https:\/\/shatranj.art\/wp-content\/uploads\/2026\/02\/30-683x1024.jpg 683w, https:\/\/shatranj.art\/wp-content\/uploads\/2026\/02\/30-200x300.jpg 200w, https:\/\/shatranj.art\/wp-content\/uploads\/2026\/02\/30-768x1152.jpg 768w, https:\/\/shatranj.art\/wp-content\/uploads\/2026\/02\/30-1024x1536.jpg 1024w, https:\/\/shatranj.art\/wp-content\/uploads\/2026\/02\/30-8x12.jpg 8w, https:\/\/shatranj.art\/wp-content\/uploads\/2026\/02\/30.jpg 1085w\" sizes=\"(max-width: 683px) 100vw, 683px\" \/>\t\t\t\t\t\t\t\t\t\t\t\t\t\t\t<\/div>\n\t\t\t\t<\/div>\n\t\t\t\t<div class=\"elementor-element elementor-element-c04f36b elementor-widget__width-initial elementor-widget-tablet__width-inherit elementor-widget elementor-widget-text-editor\" data-id=\"c04f36b\" data-element_type=\"widget\" data-e-type=\"widget\" data-widget_type=\"text-editor.default\">\n\t\t\t\t<div class=\"elementor-widget-container\">\n\t\t\t\t\t\t\t\t\t<p><b>\u015eAH\u00ce vez\u012bra\/karalienes gabals:<\/b><span style=\"font-weight: 400;\"><br \/><\/span><span style=\"font-weight: 400;\"><br \/><\/span><\/p><p>Sokol, kas sl\u0101vu valod\u0101s noz\u012bm\u0113 \u201csokolis\u201d, ar savu nosaukumu un Timuridas spir\u0101lveida \u0137iveres dizainu simboliz\u0113 milit\u0101ro sp\u0113ku. \u201cSokolovi\u010di\u201d, kas noz\u012bm\u0113 \u201csokola ciems\u201d, bija Sokollu Mehmeda pashas, viena no slaven\u0101kajiem vez\u012briem, kas veidoja gan Austrumus, gan Rietumus, dzimtene.<\/p><p><br \/>T\u0101s augst\u0101, smailei l\u012bdz\u012bg\u0101 forma un apgriezt\u0101 pildspalvas forma simboliz\u0113 vez\u012bra autorit\u0101ti un gudr\u012bbu. Asto\u0146st\u016bra formas disks simboliz\u0113 \u0161\u012b darba modern\u0101s kust\u012bbas. V\u0113sturiski firz\/viz\u012brs var\u0113ja p\u0101rvietoties tikai par vienu laukumu pa diagon\u0101li.<\/p><p><br \/>Laika gait\u0101 \u0161\u012b \u0161aha fig\u016bra ir paz\u012bstama k\u0101 Mantri, Firz, Vizier, Advisor, Minister, General, Leader, Vierge, Dame, Donna, Lady un Queen.<\/p>\t\t\t\t\t\t\t\t<\/div>\n\t\t\t\t<\/div>\n\t\t\t\t<div class=\"elementor-element elementor-element-cd19c67 elementor-widget__width-initial elementor-widget elementor-widget-image\" data-id=\"cd19c67\" data-element_type=\"widget\" data-e-type=\"widget\" data-widget_type=\"image.default\">\n\t\t\t\t<div class=\"elementor-widget-container\">\n\t\t\t\t\t\t\t\t\t\t\t\t\t\t\t<img decoding=\"async\" width=\"683\" height=\"1024\" src=\"https:\/\/shatranj.art\/wp-content\/uploads\/2026\/02\/30-1-683x1024.jpg\" class=\"attachment-large size-large wp-image-1119\" alt=\"\" srcset=\"https:\/\/shatranj.art\/wp-content\/uploads\/2026\/02\/30-1-683x1024.jpg 683w, https:\/\/shatranj.art\/wp-content\/uploads\/2026\/02\/30-1-200x300.jpg 200w, https:\/\/shatranj.art\/wp-content\/uploads\/2026\/02\/30-1-768x1152.jpg 768w, https:\/\/shatranj.art\/wp-content\/uploads\/2026\/02\/30-1-1024x1536.jpg 1024w, https:\/\/shatranj.art\/wp-content\/uploads\/2026\/02\/30-1-8x12.jpg 8w, https:\/\/shatranj.art\/wp-content\/uploads\/2026\/02\/30-1.jpg 1090w\" sizes=\"(max-width: 683px) 100vw, 683px\" \/>\t\t\t\t\t\t\t\t\t\t\t\t\t\t\t<\/div>\n\t\t\t\t<\/div>\n\t\t\t\t<\/div>\n\t\t<div class=\"elementor-element elementor-element-cdc39f8 e-con-full e-flex e-con e-child\" data-id=\"cdc39f8\" data-element_type=\"container\" data-e-type=\"container\">\n\t\t<div class=\"elementor-element elementor-element-88c4f8e e-con-full e-flex e-con e-child\" data-id=\"88c4f8e\" data-element_type=\"container\" data-e-type=\"container\">\n\t\t\t\t<div class=\"elementor-element elementor-element-715b2a6 elementor-widget elementor-widget-image\" data-id=\"715b2a6\" data-element_type=\"widget\" data-e-type=\"widget\" data-widget_type=\"image.default\">\n\t\t\t\t<div class=\"elementor-widget-container\">\n\t\t\t\t\t\t\t\t\t\t\t\t\t\t\t<img decoding=\"async\" width=\"655\" height=\"1024\" src=\"https:\/\/shatranj.art\/wp-content\/uploads\/2026\/02\/30-4-655x1024.jpg\" class=\"attachment-large size-large wp-image-1122\" alt=\"\" srcset=\"https:\/\/shatranj.art\/wp-content\/uploads\/2026\/02\/30-4-655x1024.jpg 655w, https:\/\/shatranj.art\/wp-content\/uploads\/2026\/02\/30-4-192x300.jpg 192w, https:\/\/shatranj.art\/wp-content\/uploads\/2026\/02\/30-4-768x1201.jpg 768w, https:\/\/shatranj.art\/wp-content\/uploads\/2026\/02\/30-4-982x1536.jpg 982w, https:\/\/shatranj.art\/wp-content\/uploads\/2026\/02\/30-4-8x12.jpg 8w, https:\/\/shatranj.art\/wp-content\/uploads\/2026\/02\/30-4.jpg 1027w\" sizes=\"(max-width: 655px) 100vw, 655px\" \/>\t\t\t\t\t\t\t\t\t\t\t\t\t\t\t<\/div>\n\t\t\t\t<\/div>\n\t\t\t\t<div class=\"elementor-element elementor-element-02f6e81 elementor-widget-tablet__width-inherit elementor-widget elementor-widget-text-editor\" data-id=\"02f6e81\" data-element_type=\"widget\" data-e-type=\"widget\" data-widget_type=\"text-editor.default\">\n\t\t\t\t<div class=\"elementor-widget-container\">\n\t\t\t\t\t\t\t\t\t<p><b>12. gadsimta Dienvidit\u0101lijas viz\u012brs<\/b> <span style=\"font-weight: 400;\"><br \/><\/span><span style=\"font-weight: 400;\"><br \/><\/span><span style=\"font-weight: 400;\">\u0160aj\u0101 12. gadsimta zilo\u0146kaula priek\u0161met\u0101 att\u0113lots tron\u012b s\u0113do\u0161s padomnieks (vez\u012brs), nevis karaliene. Tas atspogu\u013co v\u0113sturisko kara\u013ca padomdev\u0113ja lomu un t\u0101 laika monarhijas simboliku, pirms v\u0113l\u0101k Eirop\u0101 tas p\u0101rtapa par sievietes fig\u016bru.\u00a0<\/span><\/p>\t\t\t\t\t\t\t\t<\/div>\n\t\t\t\t<\/div>\n\t\t\t\t<\/div>\n\t\t<div class=\"elementor-element elementor-element-79c00e3 e-con-full e-flex e-con e-child\" data-id=\"79c00e3\" data-element_type=\"container\" data-e-type=\"container\">\n\t\t\t\t<div class=\"elementor-element elementor-element-6a3ee3e elementor-widget elementor-widget-image\" data-id=\"6a3ee3e\" data-element_type=\"widget\" data-e-type=\"widget\" data-widget_type=\"image.default\">\n\t\t\t\t<div class=\"elementor-widget-container\">\n\t\t\t\t\t\t\t\t\t\t\t\t\t\t\t<img loading=\"lazy\" decoding=\"async\" width=\"674\" height=\"1024\" src=\"https:\/\/shatranj.art\/wp-content\/uploads\/2026\/02\/30-5-674x1024.jpg\" class=\"attachment-large size-large wp-image-1123\" alt=\"\" srcset=\"https:\/\/shatranj.art\/wp-content\/uploads\/2026\/02\/30-5-674x1024.jpg 674w, https:\/\/shatranj.art\/wp-content\/uploads\/2026\/02\/30-5-198x300.jpg 198w, https:\/\/shatranj.art\/wp-content\/uploads\/2026\/02\/30-5-768x1166.jpg 768w, https:\/\/shatranj.art\/wp-content\/uploads\/2026\/02\/30-5-1012x1536.jpg 1012w, https:\/\/shatranj.art\/wp-content\/uploads\/2026\/02\/30-5-8x12.jpg 8w, https:\/\/shatranj.art\/wp-content\/uploads\/2026\/02\/30-5.jpg 1026w\" sizes=\"(max-width: 674px) 100vw, 674px\" \/>\t\t\t\t\t\t\t\t\t\t\t\t\t\t\t<\/div>\n\t\t\t\t<\/div>\n\t\t\t\t<div class=\"elementor-element elementor-element-eca811b elementor-widget-tablet__width-inherit elementor-widget elementor-widget-text-editor\" data-id=\"eca811b\" data-element_type=\"widget\" data-e-type=\"widget\" data-widget_type=\"text-editor.default\">\n\t\t\t\t<div class=\"elementor-widget-container\">\n\t\t\t\t\t\t\t\t\t<p><b>Ir\u0101nas vez\u012brs: Bozorgmehrs<\/b> <span style=\"font-weight: 400;\"><br \/><\/span><span style=\"font-weight: 400;\"><br \/><\/span><span style=\"font-weight: 400;\">\u0160\u012b statuja att\u0113lo Bozorgmehru, le\u0123end\u0101ro Sassan\u012bdu imp\u0113rijas lielo vez\u012bru. Godin\u0101ts <\/span><i><span style=\"font-weight: 400;\">Shahnameh<\/span><\/i><span style=\"font-weight: 400;\"> par savu neparasto gudr\u012bbu vi\u0146\u0161 tiek uzskat\u012bts par pirmo zin\u0101mo \u0161aha trakt\u0101tu, kas sarakst\u012bts p\u0113c sp\u0113les lo\u0123ikas at\u0161ifr\u0113\u0161anas. \u0160\u012b fig\u016bra iemieso persie\u0161u strat\u0113\u0123ijas mantojumu un Sassan\u012bdu laikmeta intelektu\u0101lo di\u017eenumu.\u00a0<\/span><\/p>\t\t\t\t\t\t\t\t<\/div>\n\t\t\t\t<\/div>\n\t\t\t\t<\/div>\n\t\t<div class=\"elementor-element elementor-element-640763c e-con-full e-flex e-con e-child\" data-id=\"640763c\" data-element_type=\"container\" data-e-type=\"container\">\n\t\t\t\t<div class=\"elementor-element elementor-element-72b86e1 elementor-widget elementor-widget-image\" data-id=\"72b86e1\" data-element_type=\"widget\" data-e-type=\"widget\" data-widget_type=\"image.default\">\n\t\t\t\t<div class=\"elementor-widget-container\">\n\t\t\t\t\t\t\t\t\t\t\t\t\t\t\t<img loading=\"lazy\" decoding=\"async\" width=\"649\" height=\"1024\" src=\"https:\/\/shatranj.art\/wp-content\/uploads\/2026\/02\/30-6-649x1024.jpg\" class=\"attachment-large size-large wp-image-1124\" alt=\"\" srcset=\"https:\/\/shatranj.art\/wp-content\/uploads\/2026\/02\/30-6-649x1024.jpg 649w, https:\/\/shatranj.art\/wp-content\/uploads\/2026\/02\/30-6-190x300.jpg 190w, https:\/\/shatranj.art\/wp-content\/uploads\/2026\/02\/30-6-768x1211.jpg 768w, https:\/\/shatranj.art\/wp-content\/uploads\/2026\/02\/30-6-974x1536.jpg 974w, https:\/\/shatranj.art\/wp-content\/uploads\/2026\/02\/30-6-8x12.jpg 8w, https:\/\/shatranj.art\/wp-content\/uploads\/2026\/02\/30-6.jpg 1027w\" sizes=\"(max-width: 649px) 100vw, 649px\" \/>\t\t\t\t\t\t\t\t\t\t\t\t\t\t\t<\/div>\n\t\t\t\t<\/div>\n\t\t\t\t<div class=\"elementor-element elementor-element-0d091a5 elementor-widget-tablet__width-inherit elementor-widget elementor-widget-text-editor\" data-id=\"0d091a5\" data-element_type=\"widget\" data-e-type=\"widget\" data-widget_type=\"text-editor.default\">\n\t\t\t\t<div class=\"elementor-widget-container\">\n\t\t\t\t\t\t\t\t\t<p><b>9. gadsimta zilo\u0146kaula \u0160atran\u017eas viz\u012brs<\/b> <span style=\"font-weight: 400;\"><br \/><\/span><span style=\"font-weight: 400;\"><br \/><\/span>\u0160is retais zilo\u0146kaula artefakts ataino \u0160atran\u017eas \u201cVezir\u201d (Fers) - viduslaiku m\u016bsdienu \u0161aha priek\u0161teci. T\u0101 dizains atspogu\u013co vizu\u0101lo valodu, kas \u0161aj\u0101 laikmet\u0101 bija izplat\u012bta vis\u0101 Vidusj\u016bras re\u0123ion\u0101. At\u0161\u0137ir\u012bb\u0101 no m\u016bsdienu d\u0101mas \u0161im vez\u012bram bija ierobe\u017eotas p\u0101rvieto\u0161an\u0101s iesp\u0113jas, p\u0101rvietojoties tikai par vienu laukumu pa diagon\u0101li, t\u0101d\u0113j\u0101di veidojot l\u0113n\u0101ku, taktisk\u0101ku t\u0101 laika sp\u0113les tempu.<\/p>\t\t\t\t\t\t\t\t<\/div>\n\t\t\t\t<\/div>\n\t\t\t\t<\/div>\n\t\t<div class=\"elementor-element elementor-element-7d0682e e-con-full e-flex e-con e-child\" data-id=\"7d0682e\" data-element_type=\"container\" data-e-type=\"container\">\n\t\t\t\t<div class=\"elementor-element elementor-element-09add86 elementor-widget elementor-widget-image\" data-id=\"09add86\" data-element_type=\"widget\" data-e-type=\"widget\" data-widget_type=\"image.default\">\n\t\t\t\t<div class=\"elementor-widget-container\">\n\t\t\t\t\t\t\t\t\t\t\t\t\t\t\t<img loading=\"lazy\" decoding=\"async\" width=\"788\" height=\"1024\" src=\"https:\/\/shatranj.art\/wp-content\/uploads\/2026\/02\/30-7-788x1024.jpg\" class=\"attachment-large size-large wp-image-1125\" alt=\"\" srcset=\"https:\/\/shatranj.art\/wp-content\/uploads\/2026\/02\/30-7-788x1024.jpg 788w, https:\/\/shatranj.art\/wp-content\/uploads\/2026\/02\/30-7-231x300.jpg 231w, https:\/\/shatranj.art\/wp-content\/uploads\/2026\/02\/30-7-768x998.jpg 768w, https:\/\/shatranj.art\/wp-content\/uploads\/2026\/02\/30-7-1182x1536.jpg 1182w, https:\/\/shatranj.art\/wp-content\/uploads\/2026\/02\/30-7-9x12.jpg 9w, https:\/\/shatranj.art\/wp-content\/uploads\/2026\/02\/30-7.jpg 1197w\" sizes=\"(max-width: 788px) 100vw, 788px\" \/>\t\t\t\t\t\t\t\t\t\t\t\t\t\t\t<\/div>\n\t\t\t\t<\/div>\n\t\t\t\t<div class=\"elementor-element elementor-element-7f84f01 elementor-widget-tablet__width-inherit elementor-widget elementor-widget-text-editor\" data-id=\"7f84f01\" data-element_type=\"widget\" data-e-type=\"widget\" data-widget_type=\"text-editor.default\">\n\t\t\t\t<div class=\"elementor-widget-container\">\n\t\t\t\t\t\t\t\t\t<p><b>12. gadsimta sp\u0101\u0146u vez\u012brs<\/b> <span style=\"font-weight: 400;\"><br \/><\/span><span style=\"font-weight: 400;\"><br \/><\/span>\u0160\u012b 12. gadsimta Sp\u0101nijas viz\u012bra (Fers) ir sare\u017e\u0123\u012bti izgreznota ar arhitektoniskiem mot\u012bviem un unik\u0101li veidota pils form\u0101. Smalk\u0101s deta\u013cas, tostarp sejas vaibsti un friz\u016bra, uzsver, ka \u0161o darbu var\u0113ja d\u0113v\u0113t par d\u0101mas fig\u016bru jau ilgi pirms Lukenas gr\u0101matas izdo\u0161anas 1497. gad\u0101. B\u016bdams galvenais viduslaiku Sp\u0101nijas artefakts, tas atspogu\u013co laikmeta m\u0101ksliniecisk\u0101s v\u0113rt\u012bbas un fig\u016bras tradicion\u0101lo identit\u0101ti k\u0101 v\u012brie\u0161u padomdev\u0113ja.<\/p>\t\t\t\t\t\t\t\t<\/div>\n\t\t\t\t<\/div>\n\t\t\t\t<\/div>\n\t\t\t\t<\/div>\n\t\t<div class=\"elementor-element elementor-element-c3fa9df e-con-full e-flex e-con e-child\" data-id=\"c3fa9df\" data-element_type=\"container\" data-e-type=\"container\">\n\t\t\t\t<div class=\"elementor-element elementor-element-7179e97 elementor-widget__width-initial elementor-widget elementor-widget-image\" data-id=\"7179e97\" data-element_type=\"widget\" data-e-type=\"widget\" data-widget_type=\"image.default\">\n\t\t\t\t<div class=\"elementor-widget-container\">\n\t\t\t\t\t\t\t\t\t\t\t\t\t\t\t<img loading=\"lazy\" decoding=\"async\" width=\"469\" height=\"1024\" src=\"https:\/\/shatranj.art\/wp-content\/uploads\/2026\/02\/30-2-469x1024.jpg\" class=\"attachment-large size-large wp-image-1120\" alt=\"\" srcset=\"https:\/\/shatranj.art\/wp-content\/uploads\/2026\/02\/30-2-469x1024.jpg 469w, https:\/\/shatranj.art\/wp-content\/uploads\/2026\/02\/30-2-137x300.jpg 137w, https:\/\/shatranj.art\/wp-content\/uploads\/2026\/02\/30-2-5x12.jpg 5w, https:\/\/shatranj.art\/wp-content\/uploads\/2026\/02\/30-2.jpg 591w\" sizes=\"(max-width: 469px) 100vw, 469px\" \/>\t\t\t\t\t\t\t\t\t\t\t\t\t\t\t<\/div>\n\t\t\t\t<\/div>\n\t\t\t\t<div class=\"elementor-element elementor-element-f5a2496 elementor-widget__width-initial elementor-widget-tablet__width-inherit elementor-widget elementor-widget-text-editor\" data-id=\"f5a2496\" data-element_type=\"widget\" data-e-type=\"widget\" data-widget_type=\"text-editor.default\">\n\t\t\t\t<div class=\"elementor-widget-container\">\n\t\t\t\t\t\t\t\t\t<p><b>Austrijas kafejn\u012bca \u201cS\u012bpolu kupols\u201d Karaliene<\/b> <span style=\"font-weight: 400;\"><br \/><\/span><span style=\"font-weight: 400;\"><br \/><\/span><span style=\"font-weight: 400;\">\u0160im karalienes priek\u0161metam ir izteiksm\u012bgs \u201cs\u012bpolu kupola\u201d uzga\u013ca - dizaina paz\u012bme, kas 20. gadsimta vid\u016b k\u013cuva \u012bpa\u0161i popul\u0101ra Centr\u0101leiropas kafejn\u012bcu komplektos. Klasisk\u0101 salmu kr\u0101sas koka izmanto\u0161ana pie\u0161\u0137ir fig\u016brai siltu un dabisku noska\u0146u. \u0160is \u012bpa\u0161ais stils godina dzi\u013co sp\u0113les v\u0113sturi, vienlaikus ievie\u0161ot racion\u0101l\u0101ku, modern\u0101ku piesk\u0101rienu, kas rakstur\u012bgs laikmeta funkcion\u0101lajai un vienlaikus m\u0101kslinieciskajai meistar\u012bbai.\u00a0<\/span><\/p>\t\t\t\t\t\t\t\t<\/div>\n\t\t\t\t<\/div>\n\t\t\t\t<div class=\"elementor-element elementor-element-bd35636 elementor-widget__width-initial elementor-widget elementor-widget-image\" data-id=\"bd35636\" data-element_type=\"widget\" data-e-type=\"widget\" data-widget_type=\"image.default\">\n\t\t\t\t<div class=\"elementor-widget-container\">\n\t\t\t\t\t\t\t\t\t\t\t\t\t\t\t<img loading=\"lazy\" decoding=\"async\" width=\"495\" height=\"1024\" src=\"https:\/\/shatranj.art\/wp-content\/uploads\/2026\/02\/30-3-495x1024.jpg\" class=\"attachment-large size-large wp-image-1121\" alt=\"\" srcset=\"https:\/\/shatranj.art\/wp-content\/uploads\/2026\/02\/30-3-495x1024.jpg 495w, https:\/\/shatranj.art\/wp-content\/uploads\/2026\/02\/30-3-145x300.jpg 145w, https:\/\/shatranj.art\/wp-content\/uploads\/2026\/02\/30-3-6x12.jpg 6w, https:\/\/shatranj.art\/wp-content\/uploads\/2026\/02\/30-3.jpg 618w\" sizes=\"(max-width: 495px) 100vw, 495px\" \/>\t\t\t\t\t\t\t\t\t\t\t\t\t\t\t<\/div>\n\t\t\t\t<\/div>\n\t\t\t\t<\/div>\n\t\t\t\t\t<\/div>\n\t\t\t\t<\/div>\n\t\t\t\t<\/div>","protected":false},"excerpt":{"rendered":"<p>\u015eAH\u00ce vizier\/queen piece: Sokol, meaning &#8220;falcon&#8221; in Slavic languages, symbolizes military power with its name and Timurid spiral helmet design. &#8220;Sokolovichi,&#8221; meaning &#8220;village of falcons,&#8221; was the birthplace of Sokollu Mehmed Pasha, one of the most renowned viziers shaping both East and West. Its tall, spire-like shape and inverted pen design signify the vizier&#8217;s authority [&hellip;]<\/p>\n","protected":false},"author":1,"featured_media":0,"parent":743,"menu_order":0,"comment_status":"closed","ping_status":"closed","template":"","meta":{"footnotes":""},"class_list":["post-1115","page","type-page","status-publish","hentry"],"_links":{"self":[{"href":"https:\/\/shatranj.art\/lv\/wp-json\/wp\/v2\/pages\/1115","targetHints":{"allow":["GET"]}}],"collection":[{"href":"https:\/\/shatranj.art\/lv\/wp-json\/wp\/v2\/pages"}],"about":[{"href":"https:\/\/shatranj.art\/lv\/wp-json\/wp\/v2\/types\/page"}],"author":[{"embeddable":true,"href":"https:\/\/shatranj.art\/lv\/wp-json\/wp\/v2\/users\/1"}],"replies":[{"embeddable":true,"href":"https:\/\/shatranj.art\/lv\/wp-json\/wp\/v2\/comments?post=1115"}],"version-history":[{"count":7,"href":"https:\/\/shatranj.art\/lv\/wp-json\/wp\/v2\/pages\/1115\/revisions"}],"predecessor-version":[{"id":1258,"href":"https:\/\/shatranj.art\/lv\/wp-json\/wp\/v2\/pages\/1115\/revisions\/1258"}],"up":[{"embeddable":true,"href":"https:\/\/shatranj.art\/lv\/wp-json\/wp\/v2\/pages\/743"}],"wp:attachment":[{"href":"https:\/\/shatranj.art\/lv\/wp-json\/wp\/v2\/media?parent=1115"}],"curies":[{"name":"wp","href":"https:\/\/api.w.org\/{rel}","templated":true}]}}