{"id":1465,"date":"2026-02-24T06:30:11","date_gmt":"2026-02-24T06:30:11","guid":{"rendered":"https:\/\/shatranj.art\/?page_id=1465"},"modified":"2026-02-24T07:42:10","modified_gmt":"2026-02-24T07:42:10","slug":"35-plakats","status":"publish","type":"page","link":"https:\/\/shatranj.art\/lv\/exhibit\/35-plakats\/","title":{"rendered":"plak\u0101ts-35"},"content":{"rendered":"<div data-elementor-type=\"wp-page\" data-elementor-id=\"1465\" class=\"elementor elementor-1465\" data-elementor-post-type=\"page\">\n\t\t\t\t<div class=\"elementor-element elementor-element-08b263e e-flex e-con-boxed e-con e-parent\" data-id=\"08b263e\" data-element_type=\"container\" data-e-type=\"container\" data-settings=\"{&quot;background_background&quot;:&quot;classic&quot;}\">\n\t\t\t\t\t<div class=\"e-con-inner\">\n\t\t<div class=\"elementor-element elementor-element-7869a40 e-con-full e-flex e-con e-child\" data-id=\"7869a40\" data-element_type=\"container\" data-e-type=\"container\">\n\t\t\t\t<div class=\"elementor-element elementor-element-1c616f4 elementor-widget elementor-widget-image\" data-id=\"1c616f4\" data-element_type=\"widget\" data-e-type=\"widget\" data-widget_type=\"image.default\">\n\t\t\t\t<div class=\"elementor-widget-container\">\n\t\t\t\t\t\t\t\t\t\t\t\t\t\t\t<img fetchpriority=\"high\" decoding=\"async\" width=\"453\" height=\"371\" src=\"https:\/\/shatranj.art\/wp-content\/uploads\/2026\/02\/Cambridge_Springs_Staunton_Chessmen.jpg\" class=\"attachment-full size-full wp-image-1468\" alt=\"\" srcset=\"https:\/\/shatranj.art\/wp-content\/uploads\/2026\/02\/Cambridge_Springs_Staunton_Chessmen.jpg 453w, https:\/\/shatranj.art\/wp-content\/uploads\/2026\/02\/Cambridge_Springs_Staunton_Chessmen-300x246.jpg 300w, https:\/\/shatranj.art\/wp-content\/uploads\/2026\/02\/Cambridge_Springs_Staunton_Chessmen-15x12.jpg 15w\" sizes=\"(max-width: 453px) 100vw, 453px\" \/>\t\t\t\t\t\t\t\t\t\t\t\t\t\t\t<\/div>\n\t\t\t\t<\/div>\n\t\t\t\t<div class=\"elementor-element elementor-element-a5ffbc0 elementor-widget elementor-widget-text-editor\" data-id=\"a5ffbc0\" data-element_type=\"widget\" data-e-type=\"widget\" data-widget_type=\"text-editor.default\">\n\t\t\t\t<div class=\"elementor-widget-container\">\n\t\t\t\t\t\t\t\t\t<h3 data-path-to-node=\"0\">1904. gada Cambridge Springs International komplekts<\/h3><p data-path-to-node=\"2\">1904. gad\u0101 Kembrid\u017espring\u0101, Pensilv\u0101nijas \u0161tat\u0101, notiku\u0161ais Starptautiskais \u0161aha kongress bija v\u0113sturisks notikums, jo tas bija pirmais lielais starptautiskais turn\u012brs, kas notika ASV. \u0160is notikums k\u013cuva par \u0161aha zelta laikmeta iz\u0161\u0137iro\u0161u br\u012bdi, kas veidoja tiltu starp klasiskaj\u0101m Eiropas trad\u012bcij\u0101m un Amerikas \u0161aha ainas pieaugo\u0161o noz\u012bmi.<\/p><p data-path-to-node=\"2\">\u00a0<\/p><p data-path-to-node=\"3\"><strong>Le\u0123end\u0101ru meistaru tik\u0161an\u0101s<\/strong><\/p><p data-path-to-node=\"3\">\u00a0<\/p><p data-path-to-node=\"4\">Turn\u012br\u0101 piedal\u012bj\u0101s se\u0161padsmit pasaules sp\u0113c\u012bg\u0101kie sp\u0113l\u0113t\u0101ji, un tas bija viens no sp\u0113c\u012bg\u0101kajiem 20. gadsimta s\u0101kuma turn\u012briem. Sacens\u012bb\u0101s piedal\u012bj\u0101s:<\/p><p data-path-to-node=\"5,0,0\">Emanuels Laskers: E. Laskerkers: valdo\u0161ais pasaules \u010dempions un domin\u0113jo\u0161ais sp\u0113ks \u0161aha strat\u0113\u0123ij\u0101.<\/p><p data-path-to-node=\"5,1,0\">Mihails \u010cigorins: le\u0123end\u0101rais krievu meistars un padomju \u0161aha skolas aizs\u0101c\u0113js.<\/p><p data-path-to-node=\"5,2,0\">Dawid Janowski: Janovskis: izcils po\u013cu-fran\u010du takti\u0137is, kas paz\u012bstams ar savu agres\u012bvo un rado\u0161o sp\u0113li.<\/p><p data-path-to-node=\"5,3,0\">Frenks D\u017eeimss Mar\u0161als: Jaunais amerik\u0101\u0146u pretendents, kur\u0161 \u0161ok\u0113ja pasauli, uzvarot turn\u012br\u0101 bez uzvaras un apsteidzot pasaules \u010dempionu.<\/p><p data-path-to-node=\"5,4,0\">Citi iev\u0113rojami dal\u012bbnieki bija Harijs Nelsons Pillsberijs, K\u0101rlis \u0160lehters un Ri\u010dards Teihmans.<\/p><p data-path-to-node=\"5,4,0\">\u00a0<\/p><p>Kara\u013ca krusta iz\u0146em\u0161ana no s\u0101kotn\u0113j\u0101 Stauntona dizaina bija apzin\u0101ta virz\u012bba uz iek\u013caujo\u0161umu, godinot starptautisko sp\u0113l\u0113t\u0101ju da\u017e\u0101do izcelsmi, atgrie\u017eot sp\u0113li pie t\u0101s laic\u012bgaj\u0101m un abstraktaj\u0101m sakn\u0113m. \u0160is dizains izveidoja \u0161aha d\u0113li k\u0101 neitr\u0101lu lo\u0123ikas ar\u0113nu, kas ir br\u012bva no \u012bpa\u0161\u0101m reli\u0123isk\u0101m konot\u0101cij\u0101m.<\/p>\t\t\t\t\t\t\t\t<\/div>\n\t\t\t\t<\/div>\n\t\t\t\t<div class=\"elementor-element elementor-element-26ec034 elementor-widget elementor-widget-image\" data-id=\"26ec034\" data-element_type=\"widget\" data-e-type=\"widget\" data-widget_type=\"image.default\">\n\t\t\t\t<div class=\"elementor-widget-container\">\n\t\t\t\t\t\t\t\t\t\t\t\t\t\t\t<img decoding=\"async\" width=\"413\" height=\"520\" src=\"https:\/\/shatranj.art\/wp-content\/uploads\/2026\/02\/1904-cambridge-springs-chess-tournament.jpeg\" class=\"attachment-full size-full wp-image-1517\" alt=\"\" srcset=\"https:\/\/shatranj.art\/wp-content\/uploads\/2026\/02\/1904-cambridge-springs-chess-tournament.jpeg 413w, https:\/\/shatranj.art\/wp-content\/uploads\/2026\/02\/1904-cambridge-springs-chess-tournament-238x300.jpeg 238w, https:\/\/shatranj.art\/wp-content\/uploads\/2026\/02\/1904-cambridge-springs-chess-tournament-10x12.jpeg 10w\" sizes=\"(max-width: 413px) 100vw, 413px\" \/>\t\t\t\t\t\t\t\t\t\t\t\t\t\t\t<\/div>\n\t\t\t\t<\/div>\n\t\t\t\t<\/div>\n\t\t\t\t\t<\/div>\n\t\t\t\t<\/div>\n\t\t\t\t<\/div>","protected":false},"excerpt":{"rendered":"<p>The 1904 Cambridge Springs International Set The 1904 International Chess Congress in Cambridge Springs, Pennsylvania, marked a historic milestone as the first major international tournament hosted in the United States. This event became a defining moment for the Golden Age of chess, representing a bridge between the classic European traditions and the rising prominence of [&hellip;]<\/p>\n","protected":false},"author":1,"featured_media":0,"parent":743,"menu_order":0,"comment_status":"closed","ping_status":"closed","template":"","meta":{"footnotes":""},"class_list":["post-1465","page","type-page","status-publish","hentry"],"_links":{"self":[{"href":"https:\/\/shatranj.art\/lv\/wp-json\/wp\/v2\/pages\/1465","targetHints":{"allow":["GET"]}}],"collection":[{"href":"https:\/\/shatranj.art\/lv\/wp-json\/wp\/v2\/pages"}],"about":[{"href":"https:\/\/shatranj.art\/lv\/wp-json\/wp\/v2\/types\/page"}],"author":[{"embeddable":true,"href":"https:\/\/shatranj.art\/lv\/wp-json\/wp\/v2\/users\/1"}],"replies":[{"embeddable":true,"href":"https:\/\/shatranj.art\/lv\/wp-json\/wp\/v2\/comments?post=1465"}],"version-history":[{"count":17,"href":"https:\/\/shatranj.art\/lv\/wp-json\/wp\/v2\/pages\/1465\/revisions"}],"predecessor-version":[{"id":1520,"href":"https:\/\/shatranj.art\/lv\/wp-json\/wp\/v2\/pages\/1465\/revisions\/1520"}],"up":[{"embeddable":true,"href":"https:\/\/shatranj.art\/lv\/wp-json\/wp\/v2\/pages\/743"}],"wp:attachment":[{"href":"https:\/\/shatranj.art\/lv\/wp-json\/wp\/v2\/media?parent=1465"}],"curies":[{"name":"wp","href":"https:\/\/api.w.org\/{rel}","templated":true}]}}