{"id":1488,"date":"2026-02-24T06:58:44","date_gmt":"2026-02-24T06:58:44","guid":{"rendered":"https:\/\/shatranj.art\/?page_id=1488"},"modified":"2026-02-24T07:15:32","modified_gmt":"2026-02-24T07:15:32","slug":"plakats-36","status":"publish","type":"page","link":"https:\/\/shatranj.art\/lv\/exhibit\/plakats-36\/","title":{"rendered":"plak\u0101ts-36"},"content":{"rendered":"<div data-elementor-type=\"wp-page\" data-elementor-id=\"1488\" class=\"elementor elementor-1488\" data-elementor-post-type=\"page\">\n\t\t\t\t<div class=\"elementor-element elementor-element-ffdb7d2 e-flex e-con-boxed e-con e-parent\" data-id=\"ffdb7d2\" data-element_type=\"container\" data-e-type=\"container\" data-settings=\"{&quot;background_background&quot;:&quot;classic&quot;}\">\n\t\t\t\t\t<div class=\"e-con-inner\">\n\t\t<div class=\"elementor-element elementor-element-5551562 e-con-full e-flex e-con e-child\" data-id=\"5551562\" data-element_type=\"container\" data-e-type=\"container\">\n\t\t\t\t<div class=\"elementor-element elementor-element-1e762c9 elementor-widget elementor-widget-image\" data-id=\"1e762c9\" data-element_type=\"widget\" data-e-type=\"widget\" data-widget_type=\"image.default\">\n\t\t\t\t<div class=\"elementor-widget-container\">\n\t\t\t\t\t\t\t\t\t\t\t\t\t\t\t<img fetchpriority=\"high\" decoding=\"async\" width=\"569\" height=\"860\" src=\"https:\/\/shatranj.art\/wp-content\/uploads\/2026\/02\/damiano.jpg\" class=\"attachment-full size-full wp-image-1490\" alt=\"\" srcset=\"https:\/\/shatranj.art\/wp-content\/uploads\/2026\/02\/damiano.jpg 569w, https:\/\/shatranj.art\/wp-content\/uploads\/2026\/02\/damiano-198x300.jpg 198w, https:\/\/shatranj.art\/wp-content\/uploads\/2026\/02\/damiano-8x12.jpg 8w\" sizes=\"(max-width: 569px) 100vw, 569px\" \/>\t\t\t\t\t\t\t\t\t\t\t\t\t\t\t<\/div>\n\t\t\t\t<\/div>\n\t\t\t\t<div class=\"elementor-element elementor-element-4488bb1 elementor-widget elementor-widget-text-editor\" data-id=\"4488bb1\" data-element_type=\"widget\" data-e-type=\"widget\" data-widget_type=\"text-editor.default\">\n\t\t\t\t<div class=\"elementor-widget-container\">\n\t\t\t\t\t\t\t\t\t<h3 data-path-to-node=\"0\">Damiano \u0161aha komplekts (ap 1512. gadu)<\/h3><p data-path-to-node=\"1\">\u0160is komplekts, kas nosaukts Pedro Damiano, portug\u0101\u013cu aptiek\u0101ra, kur\u0161 bija ietekm\u012bg\u0101s 1512. gada rokasgr\u0101matas Questo Libro e da Imparare Giocare a Scacchi autors, v\u0101rd\u0101, ir noz\u012bm\u012bgs p\u0101rejas br\u012bdis \u0161aha dizain\u0101. Fig\u016bri\u0146as veido tiltu starp agr\u012bnaj\u0101m simboliskaj\u0101m form\u0101m un moderno att\u0113lojumu. Lai gan kara\u013ciem un karalien\u0113m ir eleganti virpoti sl\u012bprakme\u0146i un bru\u0146inieki ir att\u0113loti k\u0101 cirst\u0101s zirgu galvas, g\u0101r\u0146i un b\u012bskapi joproj\u0101m atg\u0101dina savus viduslaiku priek\u0161te\u010dus. Konkr\u0113ti, g\u016bst\u0101 ir saglab\u0101ts abstrakts sen\u0101 kara ratu\u013ca siluets - forma, kas dr\u012bz vien p\u0101rtapa par m\u016bsdienu pils torni.<\/p><p data-path-to-node=\"2\">Damiano darbs bija pirmais m\u016bsdienu laikmeta bestsellers, kas noteica t\u0101dus pamatstandartus k\u0101 pras\u012bba, ka baltajam laukumam j\u0101atrodas sp\u0113l\u0113t\u0101ja labaj\u0101 pus\u0113. Vi\u0146a m\u016b\u017e\u012bgais padoms: \u201cJa tu redzi labu g\u0101jienu, atrodi lab\u0101ku,\u201d atspogu\u013co intelektu\u0101lo dzi\u013cumu, ko vi\u0146\u0161 ienesa sp\u0113l\u0113. \u0160is komplekts kalpo k\u0101 16. gadsimta evol\u016bcijas vizu\u0101ls liecinieks, kas p\u0101rveidoja seno \u0161atrani par m\u016bsdienu pasaules starptautisko sporta veidu.<\/p>\t\t\t\t\t\t\t\t<\/div>\n\t\t\t\t<\/div>\n\t\t\t\t<\/div>\n\t\t\t\t\t<\/div>\n\t\t\t\t<\/div>\n\t\t\t\t<\/div>","protected":false},"excerpt":{"rendered":"<p>The Damiano Chess Set (c. 1512) Named after Pedro Damiano, the Portuguese apothecary who authored the influential 1512 manual Questo Libro e da Imparare Giocare a Scacchi, this set represents a significant transitional moment in chess design. The pieces bridge the gap between early symbolic forms and modern representation. While the Kings and Queens feature [&hellip;]<\/p>\n","protected":false},"author":1,"featured_media":0,"parent":743,"menu_order":0,"comment_status":"closed","ping_status":"closed","template":"","meta":{"footnotes":""},"class_list":["post-1488","page","type-page","status-publish","hentry"],"_links":{"self":[{"href":"https:\/\/shatranj.art\/lv\/wp-json\/wp\/v2\/pages\/1488","targetHints":{"allow":["GET"]}}],"collection":[{"href":"https:\/\/shatranj.art\/lv\/wp-json\/wp\/v2\/pages"}],"about":[{"href":"https:\/\/shatranj.art\/lv\/wp-json\/wp\/v2\/types\/page"}],"author":[{"embeddable":true,"href":"https:\/\/shatranj.art\/lv\/wp-json\/wp\/v2\/users\/1"}],"replies":[{"embeddable":true,"href":"https:\/\/shatranj.art\/lv\/wp-json\/wp\/v2\/comments?post=1488"}],"version-history":[{"count":5,"href":"https:\/\/shatranj.art\/lv\/wp-json\/wp\/v2\/pages\/1488\/revisions"}],"predecessor-version":[{"id":1501,"href":"https:\/\/shatranj.art\/lv\/wp-json\/wp\/v2\/pages\/1488\/revisions\/1501"}],"up":[{"embeddable":true,"href":"https:\/\/shatranj.art\/lv\/wp-json\/wp\/v2\/pages\/743"}],"wp:attachment":[{"href":"https:\/\/shatranj.art\/lv\/wp-json\/wp\/v2\/media?parent=1488"}],"curies":[{"name":"wp","href":"https:\/\/api.w.org\/{rel}","templated":true}]}}