{"id":1504,"date":"2026-02-24T07:16:45","date_gmt":"2026-02-24T07:16:45","guid":{"rendered":"https:\/\/shatranj.art\/?page_id=1504"},"modified":"2026-02-24T07:21:26","modified_gmt":"2026-02-24T07:21:26","slug":"plakats-38","status":"publish","type":"page","link":"https:\/\/shatranj.art\/lv\/exhibit\/plakats-38\/","title":{"rendered":"poster-38"},"content":{"rendered":"<div data-elementor-type=\"wp-page\" data-elementor-id=\"1504\" class=\"elementor elementor-1504\" data-elementor-post-type=\"page\">\n\t\t\t\t<div class=\"elementor-element elementor-element-d6ea98c e-flex e-con-boxed e-con e-parent\" data-id=\"d6ea98c\" data-element_type=\"container\" data-e-type=\"container\" data-settings=\"{&quot;background_background&quot;:&quot;classic&quot;}\">\n\t\t\t\t\t<div class=\"e-con-inner\">\n\t\t<div class=\"elementor-element elementor-element-8942b74 e-con-full e-flex e-con e-child\" data-id=\"8942b74\" data-element_type=\"container\" data-e-type=\"container\">\n\t\t\t\t<div class=\"elementor-element elementor-element-f1e4538 elementor-widget elementor-widget-image\" data-id=\"f1e4538\" data-element_type=\"widget\" data-e-type=\"widget\" data-widget_type=\"image.default\">\n\t\t\t\t<div class=\"elementor-widget-container\">\n\t\t\t\t\t\t\t\t\t\t\t\t\t\t\t<img fetchpriority=\"high\" decoding=\"async\" width=\"1893\" height=\"798\" src=\"https:\/\/shatranj.art\/wp-content\/uploads\/2026\/02\/romanian-cafe-house-langer-collection.jpg\" class=\"attachment-full size-full wp-image-1506\" alt=\"\" srcset=\"https:\/\/shatranj.art\/wp-content\/uploads\/2026\/02\/romanian-cafe-house-langer-collection.jpg 1893w, https:\/\/shatranj.art\/wp-content\/uploads\/2026\/02\/romanian-cafe-house-langer-collection-300x126.jpg 300w, https:\/\/shatranj.art\/wp-content\/uploads\/2026\/02\/romanian-cafe-house-langer-collection-1024x432.jpg 1024w, https:\/\/shatranj.art\/wp-content\/uploads\/2026\/02\/romanian-cafe-house-langer-collection-768x324.jpg 768w, https:\/\/shatranj.art\/wp-content\/uploads\/2026\/02\/romanian-cafe-house-langer-collection-1536x648.jpg 1536w, https:\/\/shatranj.art\/wp-content\/uploads\/2026\/02\/romanian-cafe-house-langer-collection-18x8.jpg 18w\" sizes=\"(max-width: 1893px) 100vw, 1893px\" \/>\t\t\t\t\t\t\t\t\t\t\t\t\t\t\t<\/div>\n\t\t\t\t<\/div>\n\t\t\t\t<div class=\"elementor-element elementor-element-dced84d elementor-widget elementor-widget-text-editor\" data-id=\"dced84d\" data-element_type=\"widget\" data-e-type=\"widget\" data-widget_type=\"text-editor.default\">\n\t\t\t\t<div class=\"elementor-widget-container\">\n\t\t\t\t\t\t\t\t\t<div id=\"1440505187\" class=\"u_1440505187 dmNewParagraph\"><h3><strong>Rum\u0101\u0146u kafejn\u012bcas \u0161aha komplekts, ap 1920-1940 g.<\/strong><br \/><br \/><\/h3><div>L\u012bdz Pirmajam pasaules karam da\u017eas m\u016bsdienu Rum\u0101nijas da\u013cas, proti, Transilv\u0101nijas re\u0123ions, pieder\u0113ja Austroung\u0101rijas imp\u0113rijai, kur\u0101 vald\u012bja H\u0101bsburgu dinastija. Var pie\u0146emt, ka, pateicoties \u0161ai saiknei, Austrijas kafejn\u012bcu kult\u016bra un t\u0101 d\u0113v\u0113t\u0101 V\u012bnes kafejn\u012bcu stila kop\u0113jie \u0161aha komplekti non\u0101ca ar\u012b Rum\u0101nijas karalistes dienvidos, kur \u0161is komplekts tika izmantots 20. gadsimta s\u0101kum\u0101. Komplekts ir izgatavots no virpota koka, kura viena puse ir dab\u012bga, bet otra p\u0101rkl\u0101tas ar melnu laku. Tam ir da\u017eas dizaina iez\u012bmes, kas ir kop\u012bgas ar iepriek\u0161 min\u0113tajiem V\u012bnes komplektiem, jo \u012bpa\u0161i karalienes kro\u0146i, kas ir cepuru form\u0101, b\u012bskapi ar lodes formas galv\u0101m pret\u0113j\u0101 kr\u0101s\u0101 vai iztur\u012bgie gai\u013ci. \u012apa\u0161i interesanta ir neparast\u0101 kara\u013ca forma, kura kronis aug\u0161pus\u0113 sa\u0161aurin\u0101s l\u012bdz iegarenam galotnes galam, ko nosl\u0113dz neliela bumba, gandr\u012bz k\u0101 neliela p\u012bl\u0101d\u017ea, kas atrodas kara\u013ca kro\u0146a aug\u0161pus\u0113. Komplekt\u0101 ir intens\u012bvas lieto\u0161anas paz\u012bmes. \u0160\u0137iet, ka da\u017eas deta\u013cas ir nomain\u012btas, ta\u010du tas nemazina kop\u0113jo iespaidu. Att\u0113ls un teksts \u0146emts no Langera kolekcijas.<\/div><\/div>\t\t\t\t\t\t\t\t<\/div>\n\t\t\t\t<\/div>\n\t\t\t\t<\/div>\n\t\t\t\t\t<\/div>\n\t\t\t\t<\/div>\n\t\t\t\t<\/div>","protected":false},"excerpt":{"rendered":"<p>Romanian Coffee House Chess set, ca. 1920-1940 Until WWI, some parts of today&#8217;s Romania &#8211; namely the region known as Transylvania &#8211; belonged to the Austro-Hungarian Empire ruled by the Habsburg dynasty. It can be assumed that through this connection the Austrian coffee house culture and the common chess sets of the so called Vienna [&hellip;]<\/p>\n","protected":false},"author":1,"featured_media":0,"parent":743,"menu_order":0,"comment_status":"closed","ping_status":"closed","template":"","meta":{"footnotes":""},"class_list":["post-1504","page","type-page","status-publish","hentry"],"_links":{"self":[{"href":"https:\/\/shatranj.art\/lv\/wp-json\/wp\/v2\/pages\/1504","targetHints":{"allow":["GET"]}}],"collection":[{"href":"https:\/\/shatranj.art\/lv\/wp-json\/wp\/v2\/pages"}],"about":[{"href":"https:\/\/shatranj.art\/lv\/wp-json\/wp\/v2\/types\/page"}],"author":[{"embeddable":true,"href":"https:\/\/shatranj.art\/lv\/wp-json\/wp\/v2\/users\/1"}],"replies":[{"embeddable":true,"href":"https:\/\/shatranj.art\/lv\/wp-json\/wp\/v2\/comments?post=1504"}],"version-history":[{"count":4,"href":"https:\/\/shatranj.art\/lv\/wp-json\/wp\/v2\/pages\/1504\/revisions"}],"predecessor-version":[{"id":1509,"href":"https:\/\/shatranj.art\/lv\/wp-json\/wp\/v2\/pages\/1504\/revisions\/1509"}],"up":[{"embeddable":true,"href":"https:\/\/shatranj.art\/lv\/wp-json\/wp\/v2\/pages\/743"}],"wp:attachment":[{"href":"https:\/\/shatranj.art\/lv\/wp-json\/wp\/v2\/media?parent=1504"}],"curies":[{"name":"wp","href":"https:\/\/api.w.org\/{rel}","templated":true}]}}