{"id":1510,"date":"2026-02-24T07:22:35","date_gmt":"2026-02-24T07:22:35","guid":{"rendered":"https:\/\/shatranj.art\/?page_id=1510"},"modified":"2026-02-24T07:36:00","modified_gmt":"2026-02-24T07:36:00","slug":"plakats-39","status":"publish","type":"page","link":"https:\/\/shatranj.art\/lv\/exhibit\/plakats-39\/","title":{"rendered":"poster-39"},"content":{"rendered":"<div data-elementor-type=\"wp-page\" data-elementor-id=\"1510\" class=\"elementor elementor-1510\" data-elementor-post-type=\"page\">\n\t\t\t\t<div class=\"elementor-element elementor-element-1426eb0 e-flex e-con-boxed e-con e-parent\" data-id=\"1426eb0\" data-element_type=\"container\" data-e-type=\"container\" data-settings=\"{&quot;background_background&quot;:&quot;classic&quot;}\">\n\t\t\t\t\t<div class=\"e-con-inner\">\n\t\t<div class=\"elementor-element elementor-element-d76d2b5 e-con-full e-flex e-con e-child\" data-id=\"d76d2b5\" data-element_type=\"container\" data-e-type=\"container\">\n\t\t\t\t<div class=\"elementor-element elementor-element-e675f73 elementor-widget elementor-widget-image\" data-id=\"e675f73\" data-element_type=\"widget\" data-e-type=\"widget\" data-widget_type=\"image.default\">\n\t\t\t\t<div class=\"elementor-widget-container\">\n\t\t\t\t\t\t\t\t\t\t\t\t\t\t\t<img fetchpriority=\"high\" decoding=\"async\" width=\"1200\" height=\"942\" src=\"https:\/\/shatranj.art\/wp-content\/uploads\/2026\/02\/Ben-Franklin-Chess-scaled-1200x942-1.jpeg\" class=\"attachment-full size-full wp-image-1513\" alt=\"\" srcset=\"https:\/\/shatranj.art\/wp-content\/uploads\/2026\/02\/Ben-Franklin-Chess-scaled-1200x942-1.jpeg 1200w, https:\/\/shatranj.art\/wp-content\/uploads\/2026\/02\/Ben-Franklin-Chess-scaled-1200x942-1-300x236.jpeg 300w, https:\/\/shatranj.art\/wp-content\/uploads\/2026\/02\/Ben-Franklin-Chess-scaled-1200x942-1-1024x804.jpeg 1024w, https:\/\/shatranj.art\/wp-content\/uploads\/2026\/02\/Ben-Franklin-Chess-scaled-1200x942-1-768x603.jpeg 768w, https:\/\/shatranj.art\/wp-content\/uploads\/2026\/02\/Ben-Franklin-Chess-scaled-1200x942-1-15x12.jpeg 15w\" sizes=\"(max-width: 1200px) 100vw, 1200px\" \/>\t\t\t\t\t\t\t\t\t\t\t\t\t\t\t<\/div>\n\t\t\t\t<\/div>\n\t\t\t\t<div class=\"elementor-element elementor-element-225c171 elementor-widget elementor-widget-text-editor\" data-id=\"225c171\" data-element_type=\"widget\" data-e-type=\"widget\" data-widget_type=\"text-editor.default\">\n\t\t\t\t<div class=\"elementor-widget-container\">\n\t\t\t\t\t\t\t\t\t<h3 data-path-to-node=\"0\"><span class=\"citation-214 citation-end-214\">\u201cBend\u017eamina Franklina \u201d\u0160aha mor\u0101le\"<\/span><\/h3><p data-path-to-node=\"0\"><span class=\"citation-214 citation-end-214\"><br \/><br \/>Bend\u017eamina Franklina 1786. gada esej\u0101 \u201c\u0160aha mor\u0101le\u201d \u0161\u012b sp\u0113le tika no jauna defin\u0113ta k\u0101 b\u016btisks person\u012bbas att\u012bst\u012bbas un intelektu\u0101l\u0101s tikum\u012bbas instruments.<\/span> <span class=\"citation-213 citation-end-213\">Franklins uzskat\u012bja, ka \u0161ahs ir kas vair\u0101k nek\u0101 tikai izklaide, tas ir vingrin\u0101jums t\u0101lredz\u012bbai, apdom\u012bbai un piesardz\u012bbai - \u012bpa\u0161\u012bbas, kas, vi\u0146apr\u0101t, ir b\u016btiskas, lai g\u016btu pan\u0101kumus gan priv\u0101taj\u0101 dz\u012bv\u0113, gan valsts diplom\u0101tij\u0101.<\/span> <span class=\"citation-212 citation-end-212\">Visu Apgaism\u012bbas laikmetu Franklins bie\u017ei apmekl\u0113ja t\u0101das slavenas \u0161aha kafejn\u012bcas k\u0101 Caf\u00e9 de la R\u00e9gence Par\u012bz\u0113.<\/span> \u0160\u012bs telpas kalpoja k\u0101 laikmeta ori\u0123in\u0101lie soci\u0101lie t\u012bkli, kur sp\u0113le veicin\u0101ja spraigas debates un revolucion\u0101ru ideju apmai\u0146u, savienojot zin\u0101tnes, politikas un filozofijas pasauli.<\/p><p data-path-to-node=\"0\">\u00a0<\/p><p data-path-to-node=\"0\">Franklina aizrau\u0161an\u0101s ar \u0161\u012bs sp\u0113les intelektu\u0101laj\u0101m robe\u017e\u0101m noveda vi\u0146u pie v\u0113sturiskas tik\u0161an\u0101s ar Meh\u0101nisko turku - pasaul\u0113 slaven\u0101ko \u0161aha autom\u0101tu. Par\u012bz\u0113 1783. gad\u0101 notiku\u0161aj\u0101 ma\u010d\u0101 Franklins p\u0101rbaud\u012bja savas prasmes pret ma\u0161\u012bnu, kas bija piem\u0113rs Apgaism\u012bbas laikmeta aps\u0113st\u012bbai ar meh\u0101nisko sapr\u0101tu. Turks galu gal\u0101 aizce\u013coja uz Amerikas Savienotaj\u0101m Valst\u012bm un savu gal\u012bgo m\u0101jvietu atrada P\u012bla muzej\u0101 (un v\u0113l\u0101k \u0136\u012bnas muzej\u0101) Filadelfij\u0101. Tas gadu desmitiem bija viens no Pensilv\u0101nijas zin\u0101tnisk\u0101s kult\u016bras st\u016brakme\u0146iem, l\u012bdz 1854. gad\u0101 ugunsgr\u0113k\u0101 g\u0101ja boj\u0101. \u0160is cilv\u0113ka atjaut\u012bbas un ma\u0161\u012bnas intelekta mantojums joproj\u0101m ir pamat\u0101 izst\u0101d\u0113m, kas p\u0113ta v\u0113stures, sp\u0113\u013cu un intelekta evol\u016bcijas krustpunktus.<br \/><br \/><br \/><\/p><p data-path-to-node=\"0\">Fotogr\u0101fij\u0101 ir att\u0113lots Bend\u017eamins Franklins, kur\u0161 sp\u0113l\u0113 \u0161ahu. Edvarda Harisona Meja m\u0101kslas darbs, 1867. gads.<\/p>\t\t\t\t\t\t\t\t<\/div>\n\t\t\t\t<\/div>\n\t\t\t\t<\/div>\n\t\t\t\t\t<\/div>\n\t\t\t\t<\/div>\n\t\t\t\t<\/div>","protected":false},"excerpt":{"rendered":"<p>&#8220;The Morals of Chess&#8221; by Benjamin Franklin Benjamin Franklin\u2019s 1786 essay, &#8220;The Morals of Chess,&#8221; redefined the game as a vital tool for personal development and intellectual virtue. Franklin believed that chess was more than a pastime; it was an exercise in foresight, circumspection, and caution\u2014qualities he deemed essential for success in both private life [&hellip;]<\/p>\n","protected":false},"author":1,"featured_media":0,"parent":743,"menu_order":0,"comment_status":"closed","ping_status":"closed","template":"","meta":{"footnotes":""},"class_list":["post-1510","page","type-page","status-publish","hentry"],"_links":{"self":[{"href":"https:\/\/shatranj.art\/lv\/wp-json\/wp\/v2\/pages\/1510","targetHints":{"allow":["GET"]}}],"collection":[{"href":"https:\/\/shatranj.art\/lv\/wp-json\/wp\/v2\/pages"}],"about":[{"href":"https:\/\/shatranj.art\/lv\/wp-json\/wp\/v2\/types\/page"}],"author":[{"embeddable":true,"href":"https:\/\/shatranj.art\/lv\/wp-json\/wp\/v2\/users\/1"}],"replies":[{"embeddable":true,"href":"https:\/\/shatranj.art\/lv\/wp-json\/wp\/v2\/comments?post=1510"}],"version-history":[{"count":4,"href":"https:\/\/shatranj.art\/lv\/wp-json\/wp\/v2\/pages\/1510\/revisions"}],"predecessor-version":[{"id":1516,"href":"https:\/\/shatranj.art\/lv\/wp-json\/wp\/v2\/pages\/1510\/revisions\/1516"}],"up":[{"embeddable":true,"href":"https:\/\/shatranj.art\/lv\/wp-json\/wp\/v2\/pages\/743"}],"wp:attachment":[{"href":"https:\/\/shatranj.art\/lv\/wp-json\/wp\/v2\/media?parent=1510"}],"curies":[{"name":"wp","href":"https:\/\/api.w.org\/{rel}","templated":true}]}}