{"id":1521,"date":"2026-02-24T07:53:08","date_gmt":"2026-02-24T07:53:08","guid":{"rendered":"https:\/\/shatranj.art\/?page_id=1521"},"modified":"2026-02-24T10:48:54","modified_gmt":"2026-02-24T10:48:54","slug":"plakats-40","status":"publish","type":"page","link":"https:\/\/shatranj.art\/lv\/exhibit\/plakats-40\/","title":{"rendered":"plak\u0101ts-40"},"content":{"rendered":"<div data-elementor-type=\"wp-page\" data-elementor-id=\"1521\" class=\"elementor elementor-1521\" data-elementor-post-type=\"page\">\n\t\t\t\t<div class=\"elementor-element elementor-element-e98c0ef e-flex e-con-boxed e-con e-parent\" data-id=\"e98c0ef\" data-element_type=\"container\" data-e-type=\"container\" data-settings=\"{&quot;background_background&quot;:&quot;classic&quot;}\">\n\t\t\t\t\t<div class=\"e-con-inner\">\n\t\t<div class=\"elementor-element elementor-element-1fd6b3d e-con-full e-flex e-con e-child\" data-id=\"1fd6b3d\" data-element_type=\"container\" data-e-type=\"container\">\n\t\t\t\t<div class=\"elementor-element elementor-element-bf9198e elementor-widget elementor-widget-image\" data-id=\"bf9198e\" data-element_type=\"widget\" data-e-type=\"widget\" data-widget_type=\"image.default\">\n\t\t\t\t<div class=\"elementor-widget-container\">\n\t\t\t\t\t\t\t\t\t\t\t\t\t\t\t<img fetchpriority=\"high\" decoding=\"async\" width=\"1225\" height=\"919\" src=\"https:\/\/shatranj.art\/wp-content\/uploads\/2026\/02\/shahi-chess-set-pieces-fsvmu-uskudar-istanbul-2022.jpg\" class=\"attachment-full size-full wp-image-1523\" alt=\"\" srcset=\"https:\/\/shatranj.art\/wp-content\/uploads\/2026\/02\/shahi-chess-set-pieces-fsvmu-uskudar-istanbul-2022.jpg 1225w, https:\/\/shatranj.art\/wp-content\/uploads\/2026\/02\/shahi-chess-set-pieces-fsvmu-uskudar-istanbul-2022-300x225.jpg 300w, https:\/\/shatranj.art\/wp-content\/uploads\/2026\/02\/shahi-chess-set-pieces-fsvmu-uskudar-istanbul-2022-1024x768.jpg 1024w, https:\/\/shatranj.art\/wp-content\/uploads\/2026\/02\/shahi-chess-set-pieces-fsvmu-uskudar-istanbul-2022-768x576.jpg 768w, https:\/\/shatranj.art\/wp-content\/uploads\/2026\/02\/shahi-chess-set-pieces-fsvmu-uskudar-istanbul-2022-16x12.jpg 16w\" sizes=\"(max-width: 1225px) 100vw, 1225px\" \/>\t\t\t\t\t\t\t\t\t\t\t\t\t\t\t<\/div>\n\t\t\t\t<\/div>\n\t\t\t\t<div class=\"elementor-element elementor-element-72424f5 elementor-widget elementor-widget-text-editor\" data-id=\"72424f5\" data-element_type=\"widget\" data-e-type=\"widget\" data-widget_type=\"text-editor.default\">\n\t\t\t\t<div class=\"elementor-widget-container\">\n\t\t\t\t\t\t\t\t\t<h3 data-path-to-node=\"0\"><strong>Shatranj projekta komanda un \u015eAH\u00ce prototips<\/strong><\/h3><p data-path-to-node=\"1\">\u00a0<\/p><p data-path-to-node=\"1\">\u015eAH\u00ce \u0161aha komplekta izstr\u0101de bija noz\u012bm\u012bgs pagrieziena punkts shatranj.ai un shatranj.art projektu komandu sadarb\u012bb\u0101. \u0160o iniciat\u012bvu, ko koordin\u0113 Fatih Sultan Mehmet Vak\u0131f Universit\u0101tes (FSMVU) Zin\u0101tnes v\u0113stures departaments un atbalsta ES programma Erasmus+ Jaunatne, m\u0113r\u0137is ir savienot zin\u0101tnes, m\u0101kslas, strat\u0113\u0123isko sp\u0113\u013cu un m\u0101ksl\u012bg\u0101 intelekta v\u0113sturi.<\/p><p data-path-to-node=\"2\">\u00a0<\/p><p data-path-to-node=\"2\">Foto 1: Projekta komanda FSMVU \u00dcsk\u00fcdar Campus<\/p><p data-path-to-node=\"3\">\u00a0<\/p><p data-path-to-node=\"3\">\u0160aj\u0101 att\u0113l\u0101 redzams, k\u0101 projekta komanda 2022. gada 26. maij\u0101 svin pirm\u0101 \u015eAH\u00ce prototipa pabeig\u0161anu. Departamenta p\u0113t\u012bjumi nodro\u0161in\u0101ja v\u0113sturisko pamatu komplekta unik\u0101lajai est\u0113tikai.<\/p><p data-path-to-node=\"4\">\u00a0<\/p><p data-path-to-node=\"4\">No kreis\u0101s uz labo:<\/p><p data-path-to-node=\"4\">\u00a0<\/p><p data-path-to-node=\"4\">D\u017eahangirs A\u0161urovs: pasaulslavens miniat\u016bru m\u0101kslinieks un pasniedz\u0113js (Buh\u0101ras skola). Vi\u0146\u0161 konsult\u0113ja \u015eAH\u00ce projekt\u0113\u0161anas procesu, izmantojot Afrasiyab \u0161aha saknes.\u00a0<\/p><p data-path-to-node=\"4\">\u00a0<\/p><p data-path-to-node=\"4\">Prof. Dr. G\u00fcner Karatekin: B\u0113rnu vesel\u012bbas un neonatolo\u0123ijas profesors.<\/p><p data-path-to-node=\"4\">\u00a0<\/p><p data-path-to-node=\"4\">Tamer Karatekin: Shatranj.ai m\u0101c\u012bbu programmas tehniskais koordinators un izst\u0101des shatranj.art l\u012bdzkurators, \u015eAH\u00ce \u0161aha komplekta un fig\u016bru dizainers.<\/p><p data-path-to-node=\"4\">\u00a0<\/p><p data-path-to-node=\"4\">Prof. Dr. Mustafa Ka\u00e7ar: FSMVU Zin\u0101t\u0146u v\u0113stures katedras dek\u0101ns. Shatranj.ai un shatranj.art projektu koordinators.<\/p><p data-path-to-node=\"4\">\u00a0<\/p><p data-path-to-node=\"4\">Prof. Dr. Atilla Bir: Atilla Birta: profesors un iev\u0113rojama zin\u0101t\u0146u v\u0113stures un v\u0113sturisko instrumentu speci\u0101lists. Vi\u0146\u0161 konsult\u0113ja \u015eAH\u00ce \u0161aha komplekta projekt\u0113\u0161anas procesu, izmantojot daudzas atsauces uz zin\u0101tnes v\u0113sturi.<\/p>\t\t\t\t\t\t\t\t<\/div>\n\t\t\t\t<\/div>\n\t\t\t\t<div class=\"elementor-element elementor-element-b19a222 elementor-widget elementor-widget-image\" data-id=\"b19a222\" data-element_type=\"widget\" data-e-type=\"widget\" data-widget_type=\"image.default\">\n\t\t\t\t<div class=\"elementor-widget-container\">\n\t\t\t\t\t\t\t\t\t\t\t\t\t\t\t<img decoding=\"async\" width=\"1000\" height=\"667\" src=\"https:\/\/shatranj.art\/wp-content\/uploads\/2026\/02\/sergi-ayasofya-11Ocak2024.jpg\" class=\"attachment-full size-full wp-image-1524\" alt=\"\" srcset=\"https:\/\/shatranj.art\/wp-content\/uploads\/2026\/02\/sergi-ayasofya-11Ocak2024.jpg 1000w, https:\/\/shatranj.art\/wp-content\/uploads\/2026\/02\/sergi-ayasofya-11Ocak2024-300x200.jpg 300w, https:\/\/shatranj.art\/wp-content\/uploads\/2026\/02\/sergi-ayasofya-11Ocak2024-768x512.jpg 768w, https:\/\/shatranj.art\/wp-content\/uploads\/2026\/02\/sergi-ayasofya-11Ocak2024-18x12.jpg 18w\" sizes=\"(max-width: 1000px) 100vw, 1000px\" \/>\t\t\t\t\t\t\t\t\t\t\t\t\t\t\t<\/div>\n\t\t\t\t<\/div>\n\t\t\t\t<div class=\"elementor-element elementor-element-8b672e6 elementor-widget elementor-widget-text-editor\" data-id=\"8b672e6\" data-element_type=\"widget\" data-e-type=\"widget\" data-widget_type=\"text-editor.default\">\n\t\t\t\t<div class=\"elementor-widget-container\">\n\t\t\t\t\t\t\t\t\t<p data-path-to-node=\"5\">Foto 2: Shatranj.art izst\u0101de Hagia Sophia Campus of FSVMU<\/p><p data-path-to-node=\"6\">\u00a0<\/p><p data-path-to-node=\"6\">\u015eAH\u00ce \u0161aha komplekts pirmo reizi sabiedr\u012bbai tika prezent\u0113ts 11. janv\u0101r\u012b, 2024, FSMVU Hagia Sophia studentu pils\u0113ti\u0146\u0101, izmantojot shatranj.art izst\u0101di. Prof. Dr. Mustafa Ka\u00e7ar un Tamer Karatekin diskut\u0113ja par \u0161aha fig\u016bru kult\u016bras un v\u0113stures att\u012bst\u012bbu. Lekcij\u0101 tika izcelts Bizantijas\/Rumi \u0161aha variants, kas atrodams Kitab-ash Shatranj, un \u012bpa\u0161\u0101s arhitekt\u016bras iedvesmas - piem\u0113ram, Hagia Sophia, Panteona un MIT ikoniskie kupoli -, kas ietekm\u0113ja \u015eAH\u00ce komplekta kara\u013ca fig\u016bras dizainu.<\/p>\t\t\t\t\t\t\t\t<\/div>\n\t\t\t\t<\/div>\n\t\t\t\t<div class=\"elementor-element elementor-element-c44898c elementor-widget elementor-widget-image\" data-id=\"c44898c\" data-element_type=\"widget\" data-e-type=\"widget\" data-widget_type=\"image.default\">\n\t\t\t\t<div class=\"elementor-widget-container\">\n\t\t\t\t\t\t\t\t\t\t\t\t\t\t\t<img decoding=\"async\" width=\"1225\" height=\"919\" src=\"https:\/\/shatranj.art\/wp-content\/uploads\/2026\/02\/fsmvu-halic-creativity-prof.jpg\" class=\"attachment-full size-full wp-image-1534\" alt=\"\" srcset=\"https:\/\/shatranj.art\/wp-content\/uploads\/2026\/02\/fsmvu-halic-creativity-prof.jpg 1225w, https:\/\/shatranj.art\/wp-content\/uploads\/2026\/02\/fsmvu-halic-creativity-prof-300x225.jpg 300w, https:\/\/shatranj.art\/wp-content\/uploads\/2026\/02\/fsmvu-halic-creativity-prof-1024x768.jpg 1024w, https:\/\/shatranj.art\/wp-content\/uploads\/2026\/02\/fsmvu-halic-creativity-prof-768x576.jpg 768w, https:\/\/shatranj.art\/wp-content\/uploads\/2026\/02\/fsmvu-halic-creativity-prof-16x12.jpg 16w\" sizes=\"(max-width: 1225px) 100vw, 1225px\" \/>\t\t\t\t\t\t\t\t\t\t\t\t\t\t\t<\/div>\n\t\t\t\t<\/div>\n\t\t\t\t<div class=\"elementor-element elementor-element-58d2518 elementor-widget elementor-widget-text-editor\" data-id=\"58d2518\" data-element_type=\"widget\" data-e-type=\"widget\" data-widget_type=\"text-editor.default\">\n\t\t\t\t<div class=\"elementor-widget-container\">\n\t\t\t\t\t\t\t\t\t<p data-path-to-node=\"6\">Foto 3: \u015eAH\u00ce komplekta prototipa fotoatt\u0113ls ar profesoru Se\u00e7il \u015eat\u0131r<\/p><p data-path-to-node=\"5\">\u00a0<\/p><p data-path-to-node=\"5\">Prof. Dr. Se\u00e7il \u015eat\u0131r ir Hitit Universit\u0101tes T\u0113lot\u0101jm\u0101kslas, dizaina un arhitekt\u016bras fakult\u0101tes dibin\u0101t\u0101js, k\u0101 ar\u012b FSMVU Arhitekt\u016bras un dizaina fakult\u0101tes profesors. Vi\u0146a bija galven\u0101 dizaina konsultante \u015eAH\u00ce projekt\u0113\u0161anas proces\u0101. Tamer Karatekin (pa kreisi), prof. dr. G\u00fcner Karatekin (pa labi).<\/p><p><em>\u00a0<\/em><\/p>\t\t\t\t\t\t\t\t<\/div>\n\t\t\t\t<\/div>\n\t\t\t\t<\/div>\n\t\t\t\t\t<\/div>\n\t\t\t\t<\/div>\n\t\t\t\t<\/div>","protected":false},"excerpt":{"rendered":"<p>The Shatranj Project Team and the \u015eAH\u00ce Prototype \u00a0 The development of the \u015eAH\u00ce chess set was a collaborative milestone for the teams behind the shatranj.ai and shatranj.art projects. These initiatives, coordinated through the Science History Department of Fatih Sultan Mehmet Vak\u0131f University (FSMVU) and supported by the EU Erasmus+ Youth programme, aim to bridge [&hellip;]<\/p>\n","protected":false},"author":1,"featured_media":0,"parent":743,"menu_order":0,"comment_status":"closed","ping_status":"closed","template":"","meta":{"footnotes":""},"class_list":["post-1521","page","type-page","status-publish","hentry"],"_links":{"self":[{"href":"https:\/\/shatranj.art\/lv\/wp-json\/wp\/v2\/pages\/1521","targetHints":{"allow":["GET"]}}],"collection":[{"href":"https:\/\/shatranj.art\/lv\/wp-json\/wp\/v2\/pages"}],"about":[{"href":"https:\/\/shatranj.art\/lv\/wp-json\/wp\/v2\/types\/page"}],"author":[{"embeddable":true,"href":"https:\/\/shatranj.art\/lv\/wp-json\/wp\/v2\/users\/1"}],"replies":[{"embeddable":true,"href":"https:\/\/shatranj.art\/lv\/wp-json\/wp\/v2\/comments?post=1521"}],"version-history":[{"count":22,"href":"https:\/\/shatranj.art\/lv\/wp-json\/wp\/v2\/pages\/1521\/revisions"}],"predecessor-version":[{"id":1637,"href":"https:\/\/shatranj.art\/lv\/wp-json\/wp\/v2\/pages\/1521\/revisions\/1637"}],"up":[{"embeddable":true,"href":"https:\/\/shatranj.art\/lv\/wp-json\/wp\/v2\/pages\/743"}],"wp:attachment":[{"href":"https:\/\/shatranj.art\/lv\/wp-json\/wp\/v2\/media?parent=1521"}],"curies":[{"name":"wp","href":"https:\/\/api.w.org\/{rel}","templated":true}]}}