{"id":1543,"date":"2026-02-24T08:36:27","date_gmt":"2026-02-24T08:36:27","guid":{"rendered":"https:\/\/shatranj.art\/?page_id=1543"},"modified":"2026-02-24T08:53:53","modified_gmt":"2026-02-24T08:53:53","slug":"41-plakats","status":"publish","type":"page","link":"https:\/\/shatranj.art\/lv\/exhibit\/41-plakats\/","title":{"rendered":"plak\u0101ts-41"},"content":{"rendered":"<div data-elementor-type=\"wp-page\" data-elementor-id=\"1543\" class=\"elementor elementor-1543\" data-elementor-post-type=\"page\">\n\t\t\t\t<div class=\"elementor-element elementor-element-7a8daa7 e-flex e-con-boxed e-con e-parent\" data-id=\"7a8daa7\" data-element_type=\"container\" data-e-type=\"container\" data-settings=\"{&quot;background_background&quot;:&quot;classic&quot;}\">\n\t\t\t\t\t<div class=\"e-con-inner\">\n\t\t<div class=\"elementor-element elementor-element-26be55b e-con-full e-flex e-con e-child\" data-id=\"26be55b\" data-element_type=\"container\" data-e-type=\"container\">\n\t\t\t\t<div class=\"elementor-element elementor-element-3278af1 elementor-widget elementor-widget-image\" data-id=\"3278af1\" data-element_type=\"widget\" data-e-type=\"widget\" data-widget_type=\"image.default\">\n\t\t\t\t<div class=\"elementor-widget-container\">\n\t\t\t\t\t\t\t\t\t\t\t\t\t\t\t<img fetchpriority=\"high\" decoding=\"async\" width=\"1280\" height=\"960\" src=\"https:\/\/shatranj.art\/wp-content\/uploads\/2026\/02\/Sahi_Cannon_at_Fort_Nelson_UK.jpg\" class=\"attachment-full size-full wp-image-1545\" alt=\"\" srcset=\"https:\/\/shatranj.art\/wp-content\/uploads\/2026\/02\/Sahi_Cannon_at_Fort_Nelson_UK.jpg 1280w, https:\/\/shatranj.art\/wp-content\/uploads\/2026\/02\/Sahi_Cannon_at_Fort_Nelson_UK-300x225.jpg 300w, https:\/\/shatranj.art\/wp-content\/uploads\/2026\/02\/Sahi_Cannon_at_Fort_Nelson_UK-1024x768.jpg 1024w, https:\/\/shatranj.art\/wp-content\/uploads\/2026\/02\/Sahi_Cannon_at_Fort_Nelson_UK-768x576.jpg 768w, https:\/\/shatranj.art\/wp-content\/uploads\/2026\/02\/Sahi_Cannon_at_Fort_Nelson_UK-16x12.jpg 16w\" sizes=\"(max-width: 1280px) 100vw, 1280px\" \/>\t\t\t\t\t\t\t\t\t\t\t\t\t\t\t<\/div>\n\t\t\t\t<\/div>\n\t\t\t\t<div class=\"elementor-element elementor-element-6723efb elementor-widget elementor-widget-text-editor\" data-id=\"6723efb\" data-element_type=\"widget\" data-e-type=\"widget\" data-widget_type=\"text-editor.default\">\n\t\t\t\t<div class=\"elementor-widget-container\">\n\t\t\t\t\t\t\t\t\t<h3><b>V\u0101rda \u015eAH\u00ce izcelsme un t\u0101 saist\u012bba ar \u0161aha att\u012bst\u012bbu\u00a0<\/b><\/h3><p>SHAH (\u015eAH) daudz\u0101s sl\u0101vu valod\u0101s ir termins, ko lieto \u0161aham. V\u0101cu v\u0101rds \u201cschach\u201d, fran\u010du \u201c\u00e9checs\u201d un ang\u013cu \u201cchess\u201d ir fon\u0113tiski atvasin\u0101ti no v\u0101rda \u201cshah\u201d. Termins \u201c\u015eAH\u00ce\u201d k\u0101 \u012bpa\u0161\u012bbas v\u0101rds noz\u012bm\u0113 karalisks vai \u012bpa\u0161s \u0161ahs. Tas tiek lietots ar\u012b liter\u0101rajos tekstos, lai apz\u012bm\u0113tu sp\u0113c\u012bgu un kr\u0101\u0161\u0146u.<\/p><p>\u00a0<\/p><p>Ung\u0101ru in\u017eeniera Orbana projekt\u0113tais lielgabals \u015eAH\u00ce sp\u0113l\u0113ja iz\u0161\u0137iro\u0161u lomu Konstantinopoles mas\u012bvo sienu un tor\u0146u uzlau\u0161an\u0101 1453. gad\u0101 Fatiha sult\u0101na Mehmeda vad\u012bt\u0101 aplenkuma laik\u0101, simboliz\u0113jot revolucion\u0101ras p\u0101rmai\u0146as aplenkuma karadarb\u012bb\u0101.<\/p><p>\u00a0<\/p><p>Tr\u012bs gadsimtus p\u0113c Stambulas iekaro\u0161anas, 1807. gad\u0101, Dardane\u013cu oper\u0101cijas laik\u0101, uz britu ku\u0123iem tika iz\u0161auts v\u0113l viens gadsimtiem vecs \u015eAH\u00ce lielgabals, kas nodar\u012bja iev\u0113rojamus zaud\u0113jumus. Osma\u0146u sult\u0101ns Abd\u00fclaziz 1866. gad\u0101 uzd\u0101vin\u0101ja \u0161o lielgabalu karalienei Viktorijai. Iepriek\u0161 redzamais \u015eAH\u00ce lielgabala fotoatt\u0113ls ir no Nelsona forta Apvienotaj\u0101 Karalist\u0113.<\/p><p>\u00a0<\/p><p>Nosaukums \u015eAH\u00ce simboliz\u0113 lauka fig\u016bras evol\u016bciju da\u017e\u0101d\u0101s valod\u0101s - no kara rati\u0146a l\u012bdz tornim, no lielgabala l\u012bdz ku\u0123im, kas atspogu\u013co \u0161aha evol\u016bciju.<\/p><p>\u00a0<\/p><p>\u0160aha komplektu \u015eAH\u00ce ir izstr\u0101d\u0101jis Tamer Karatekin, biju\u0161ais Masa\u010d\u016bsetsas Tehnolo\u0123iju instit\u016bta \u0161aha komandas pirmais galda sp\u0113l\u0113t\u0101js un pieredz\u0113jis \u0161aha pedagogs. Tas eleganti ataino \u0161aha v\u0113sturi un att\u012bst\u012bbu un ir paredz\u0113ts gan izgl\u012btojo\u0161ai, gan turn\u012bru lieto\u0161anai. T\u0101 ir veidota t\u0101, lai ietvertu ar\u012b kult\u016bras un gar\u012bg\u0101s jomas. Izr\u0101di atbalst\u012bja Masa\u010d\u016bsetsas Kult\u016bras padomes un Eiropas Savien\u012bbas Erasmus+ jaunatnes programmas dot\u0101cijas.<\/p><p>\u00a0<\/p><p>Uzziniet vair\u0101k par \u015eAH\u00ce dizaina st\u0101stu:\u00a0 \u00a0<a href=\"http:\/\/www.shahimasterset.com\/\">www.shahimasterset.com<\/a><\/p><p>Apskatiet ar\u012b m\u016bsu saist\u012btos projektus:<br \/>Uz \u0161ahu balst\u012bta m\u0101ksl\u012bg\u0101 intelekta m\u0101c\u012bbu programma: <a href=\"http:\/\/www.shatranj.ai\/\">shatranj.ai<\/a><\/p><p>V\u0113sturisko pr\u0101ta sp\u0113\u013cu izst\u0101de: <a href=\"https:\/\/shatranj.art\/lv\/\">shatranj.art<\/a><\/p>\t\t\t\t\t\t\t\t<\/div>\n\t\t\t\t<\/div>\n\t\t\t\t<div class=\"elementor-element elementor-element-7946825 elementor-widget elementor-widget-image\" data-id=\"7946825\" data-element_type=\"widget\" data-e-type=\"widget\" data-widget_type=\"image.default\">\n\t\t\t\t<div class=\"elementor-widget-container\">\n\t\t\t\t\t\t\t\t\t\t\t\t\t\t\t<img decoding=\"async\" width=\"559\" height=\"397\" src=\"https:\/\/shatranj.art\/wp-content\/uploads\/2026\/02\/shahi-engish-brochure-A6-page1.png\" class=\"attachment-full size-full wp-image-1548\" alt=\"\" srcset=\"https:\/\/shatranj.art\/wp-content\/uploads\/2026\/02\/shahi-engish-brochure-A6-page1.png 559w, https:\/\/shatranj.art\/wp-content\/uploads\/2026\/02\/shahi-engish-brochure-A6-page1-300x213.png 300w, https:\/\/shatranj.art\/wp-content\/uploads\/2026\/02\/shahi-engish-brochure-A6-page1-18x12.png 18w\" sizes=\"(max-width: 559px) 100vw, 559px\" \/>\t\t\t\t\t\t\t\t\t\t\t\t\t\t\t<\/div>\n\t\t\t\t<\/div>\n\t\t\t\t<\/div>\n\t\t\t\t\t<\/div>\n\t\t\t\t<\/div>\n\t\t\t\t<\/div>","protected":false},"excerpt":{"rendered":"<p>The origins of the \u015eAH\u00ce\u00a0 word and its connection to the evolution of chess\u00a0 SHAH (\u015eAH) is a term used in many Slavic languages for chess. The German word &#8220;schach,&#8221; French &#8220;\u00e9checs,&#8221; and English &#8220;chess&#8221; are all phonetically derived from the word &#8220;shah.&#8221; The term &#8220;\u015eAH\u00ce&#8221; as an adjective means royal or specific to the [&hellip;]<\/p>\n","protected":false},"author":1,"featured_media":0,"parent":743,"menu_order":0,"comment_status":"closed","ping_status":"closed","template":"","meta":{"footnotes":""},"class_list":["post-1543","page","type-page","status-publish","hentry"],"_links":{"self":[{"href":"https:\/\/shatranj.art\/lv\/wp-json\/wp\/v2\/pages\/1543","targetHints":{"allow":["GET"]}}],"collection":[{"href":"https:\/\/shatranj.art\/lv\/wp-json\/wp\/v2\/pages"}],"about":[{"href":"https:\/\/shatranj.art\/lv\/wp-json\/wp\/v2\/types\/page"}],"author":[{"embeddable":true,"href":"https:\/\/shatranj.art\/lv\/wp-json\/wp\/v2\/users\/1"}],"replies":[{"embeddable":true,"href":"https:\/\/shatranj.art\/lv\/wp-json\/wp\/v2\/comments?post=1543"}],"version-history":[{"count":10,"href":"https:\/\/shatranj.art\/lv\/wp-json\/wp\/v2\/pages\/1543\/revisions"}],"predecessor-version":[{"id":1557,"href":"https:\/\/shatranj.art\/lv\/wp-json\/wp\/v2\/pages\/1543\/revisions\/1557"}],"up":[{"embeddable":true,"href":"https:\/\/shatranj.art\/lv\/wp-json\/wp\/v2\/pages\/743"}],"wp:attachment":[{"href":"https:\/\/shatranj.art\/lv\/wp-json\/wp\/v2\/media?parent=1543"}],"curies":[{"name":"wp","href":"https:\/\/api.w.org\/{rel}","templated":true}]}}