{"id":754,"date":"2026-02-21T09:09:31","date_gmt":"2026-02-21T09:09:31","guid":{"rendered":"https:\/\/shatranj.art\/?page_id=754"},"modified":"2026-02-24T09:41:40","modified_gmt":"2026-02-24T09:41:40","slug":"poster-3","status":"publish","type":"page","link":"https:\/\/shatranj.art\/lv\/exhibit\/poster-3\/","title":{"rendered":"plak\u0101ts 3"},"content":{"rendered":"<div data-elementor-type=\"wp-page\" data-elementor-id=\"754\" class=\"elementor elementor-754\" data-elementor-post-type=\"page\">\n\t\t\t\t<div class=\"elementor-element elementor-element-9b83603 e-flex e-con-boxed e-con e-parent\" data-id=\"9b83603\" data-element_type=\"container\" data-e-type=\"container\" data-settings=\"{&quot;background_background&quot;:&quot;classic&quot;}\">\n\t\t\t\t\t<div class=\"e-con-inner\">\n\t\t\t\t<div class=\"elementor-element elementor-element-bd25ad4 elementor-widget__width-initial elementor-widget elementor-widget-heading\" data-id=\"bd25ad4\" data-element_type=\"widget\" data-e-type=\"widget\" data-widget_type=\"heading.default\">\n\t\t\t\t<div class=\"elementor-widget-container\">\n\t\t\t\t\t<h1 class=\"elementor-heading-title elementor-size-default\">Kult\u016bras krustcel\u0113s: \u0122eometriskais mantojums no Austrumiem l\u012bdz Al-Andalusai: kult\u016bras un kult\u016bras mantojums no Austrumiem l\u012bdz Al-Andalusai.<\/h1>\t\t\t\t<\/div>\n\t\t\t\t<\/div>\n\t\t\t\t<div class=\"elementor-element elementor-element-5240965 elementor-widget elementor-widget-text-editor\" data-id=\"5240965\" data-element_type=\"widget\" data-e-type=\"widget\" data-widget_type=\"text-editor.default\">\n\t\t\t\t<div class=\"elementor-widget-container\">\n\t\t\t\t\t\t\t\t\t<p>\u0160\u012bs \u0160atran\u017eas fig\u016bras, kas atspogu\u013co 12. gadsimta isl\u0101ma est\u0113tiku, ir taust\u0101ms liecinieks \u0161aha t\u016bksto\u0161gadu ilgajam ce\u013cojumam no Austrumiem uz Rietumiem. \u0160aj\u0101 laikmet\u0101 Abas\u012bdu un Fatim\u012bdu stilu ietekm\u0113t\u0101s abstrakt\u0101s formas caur Al-Andalu non\u0101ca Sp\u0101nij\u0101 un vis\u0101 Eirop\u0101. Gandr\u012bz identisku fig\u016bru atra\u0161ana Sp\u0101nijas arheolo\u0123iskaj\u0101s senkap\u0101s pier\u0101da, ka \u0161\u012b \u0123eometrisk\u0101 valoda k\u013cuva par univers\u0101lu m\u0101kslas valodu, kas p\u0101rvar\u0113ja robe\u017eas. \u0160is komplekts st\u0101sta par visaptvero\u0161u kop\u012bgu v\u0113sturi, kur\u0101 da\u017e\u0101das civiliz\u0101cijas satik\u0101s kop\u012bg\u0101 est\u0113tisk\u0101 un intelektu\u0101l\u0101 mekl\u0113jum\u0101.<\/p>\t\t\t\t\t\t\t\t<\/div>\n\t\t\t\t<\/div>\n\t\t\t\t<div class=\"elementor-element elementor-element-f05b288 elementor-widget elementor-widget-image\" data-id=\"f05b288\" data-element_type=\"widget\" data-e-type=\"widget\" data-widget_type=\"image.default\">\n\t\t\t\t<div class=\"elementor-widget-container\">\n\t\t\t\t\t\t\t\t\t\t\t\t\t\t\t<img fetchpriority=\"high\" decoding=\"async\" width=\"2560\" height=\"1949\" src=\"https:\/\/shatranj.art\/wp-content\/uploads\/2026\/02\/2-scaled.jpg\" class=\"attachment-full size-full wp-image-750\" alt=\"\" srcset=\"https:\/\/shatranj.art\/wp-content\/uploads\/2026\/02\/2-scaled.jpg 2560w, https:\/\/shatranj.art\/wp-content\/uploads\/2026\/02\/2-300x228.jpg 300w, https:\/\/shatranj.art\/wp-content\/uploads\/2026\/02\/2-1024x780.jpg 1024w, https:\/\/shatranj.art\/wp-content\/uploads\/2026\/02\/2-768x585.jpg 768w, https:\/\/shatranj.art\/wp-content\/uploads\/2026\/02\/2-1536x1169.jpg 1536w, https:\/\/shatranj.art\/wp-content\/uploads\/2026\/02\/2-2048x1559.jpg 2048w\" sizes=\"(max-width: 2560px) 100vw, 2560px\" \/>\t\t\t\t\t\t\t\t\t\t\t\t\t\t\t<\/div>\n\t\t\t\t<\/div>\n\t\t\t\t\t<\/div>\n\t\t\t\t<\/div>\n\t\t\t\t<\/div>","protected":false},"excerpt":{"rendered":"<p>Crossroads of Culture: A Geometric Legacy from the East to Al-Andalus Reflecting the 12th-century Islamic aesthetic, these Shatranj pieces are tangible witnesses to the millennium-long journey of chess from East to West. During this era, abstract forms influenced by Abbasid and Fatimid styles migrated through Al-Andalus into Spain and across Europe. The discovery of nearly [&hellip;]<\/p>\n","protected":false},"author":1,"featured_media":0,"parent":743,"menu_order":0,"comment_status":"closed","ping_status":"closed","template":"","meta":{"footnotes":""},"class_list":["post-754","page","type-page","status-publish","hentry"],"_links":{"self":[{"href":"https:\/\/shatranj.art\/lv\/wp-json\/wp\/v2\/pages\/754","targetHints":{"allow":["GET"]}}],"collection":[{"href":"https:\/\/shatranj.art\/lv\/wp-json\/wp\/v2\/pages"}],"about":[{"href":"https:\/\/shatranj.art\/lv\/wp-json\/wp\/v2\/types\/page"}],"author":[{"embeddable":true,"href":"https:\/\/shatranj.art\/lv\/wp-json\/wp\/v2\/users\/1"}],"replies":[{"embeddable":true,"href":"https:\/\/shatranj.art\/lv\/wp-json\/wp\/v2\/comments?post=754"}],"version-history":[{"count":17,"href":"https:\/\/shatranj.art\/lv\/wp-json\/wp\/v2\/pages\/754\/revisions"}],"predecessor-version":[{"id":1598,"href":"https:\/\/shatranj.art\/lv\/wp-json\/wp\/v2\/pages\/754\/revisions\/1598"}],"up":[{"embeddable":true,"href":"https:\/\/shatranj.art\/lv\/wp-json\/wp\/v2\/pages\/743"}],"wp:attachment":[{"href":"https:\/\/shatranj.art\/lv\/wp-json\/wp\/v2\/media?parent=754"}],"curies":[{"name":"wp","href":"https:\/\/api.w.org\/{rel}","templated":true}]}}