{"id":775,"date":"2026-02-21T17:19:47","date_gmt":"2026-02-21T17:19:47","guid":{"rendered":"https:\/\/shatranj.art\/?page_id=775"},"modified":"2026-02-24T10:32:05","modified_gmt":"2026-02-24T10:32:05","slug":"poster-4","status":"publish","type":"page","link":"https:\/\/shatranj.art\/lv\/exhibit\/poster-4\/","title":{"rendered":"plak\u0101ts 4"},"content":{"rendered":"<div data-elementor-type=\"wp-page\" data-elementor-id=\"775\" class=\"elementor elementor-775\" data-elementor-post-type=\"page\">\n\t\t\t\t<div class=\"elementor-element elementor-element-9b0f30c e-flex e-con-boxed e-con e-parent\" data-id=\"9b0f30c\" data-element_type=\"container\" data-e-type=\"container\" data-settings=\"{&quot;background_background&quot;:&quot;classic&quot;}\">\n\t\t\t\t\t<div class=\"e-con-inner\">\n\t\t\t\t<div class=\"elementor-element elementor-element-9edfd36 elementor-widget elementor-widget-image\" data-id=\"9edfd36\" data-element_type=\"widget\" data-e-type=\"widget\" data-widget_type=\"image.default\">\n\t\t\t\t<div class=\"elementor-widget-container\">\n\t\t\t\t\t\t\t\t\t\t\t\t\t\t\t<img fetchpriority=\"high\" decoding=\"async\" width=\"2560\" height=\"1657\" src=\"https:\/\/shatranj.art\/wp-content\/uploads\/2026\/02\/4-scaled.jpg\" class=\"attachment-full size-full wp-image-780\" alt=\"\" srcset=\"https:\/\/shatranj.art\/wp-content\/uploads\/2026\/02\/4-scaled.jpg 2560w, https:\/\/shatranj.art\/wp-content\/uploads\/2026\/02\/4-300x194.jpg 300w, https:\/\/shatranj.art\/wp-content\/uploads\/2026\/02\/4-1024x663.jpg 1024w, https:\/\/shatranj.art\/wp-content\/uploads\/2026\/02\/4-768x497.jpg 768w, https:\/\/shatranj.art\/wp-content\/uploads\/2026\/02\/4-1536x994.jpg 1536w, https:\/\/shatranj.art\/wp-content\/uploads\/2026\/02\/4-2048x1325.jpg 2048w\" sizes=\"(max-width: 2560px) 100vw, 2560px\" \/>\t\t\t\t\t\t\t\t\t\t\t\t\t\t\t<\/div>\n\t\t\t\t<\/div>\n\t\t\t\t<div class=\"elementor-element elementor-element-1c7dbdd elementor-widget elementor-widget-text-editor\" data-id=\"1c7dbdd\" data-element_type=\"widget\" data-e-type=\"widget\" data-widget_type=\"text-editor.default\">\n\t\t\t\t<div class=\"elementor-widget-container\">\n\t\t\t\t\t\t\t\t\t<p><strong>Afrasiyab \u0160aha fig\u016bras<\/strong><\/p><p>\u00a0<\/p><p>Zilo\u0146kaula fig\u016bras no 7.-8. gadsimta, kas atrastas Afrasiyab viet\u0101 Samarkand\u0101, ir sen\u0101kais zin\u0101mais \u0161aha komplekts. \u0160\u012bs detaliz\u0113t\u0101s fig\u016bri\u0146as sniedz t\u0113lainu ieskatu par Vidus\u0101zijas sp\u0113les sakn\u0113m, att\u0113lojot lauzi k\u0101 rati ar vair\u0101kiem zirgiem, bru\u0146inieka fig\u016bru k\u0101 kavalieri ar vairogu, k\u0101 ar\u012b ziloni Alfil kop\u0101 ar vair\u0101k\u0101m p\u0113k\u0161\u0146iem. Komplekt\u0101 atspogu\u013cota Z\u012bda ce\u013ca laikmeta milit\u0101r\u0101 hierarhija pirms p\u0101reja uz abstraktiem dizainiem.<\/p>\t\t\t\t\t\t\t\t<\/div>\n\t\t\t\t<\/div>\n\t\t\t\t<div class=\"elementor-element elementor-element-858fa4b elementor-widget elementor-widget-image\" data-id=\"858fa4b\" data-element_type=\"widget\" data-e-type=\"widget\" data-widget_type=\"image.default\">\n\t\t\t\t<div class=\"elementor-widget-container\">\n\t\t\t\t\t\t\t\t\t\t\t\t\t\t\t<img decoding=\"async\" width=\"2560\" height=\"863\" src=\"https:\/\/shatranj.art\/wp-content\/uploads\/2026\/02\/4-2-scaled.jpg\" class=\"attachment-full size-full wp-image-781\" alt=\"\" srcset=\"https:\/\/shatranj.art\/wp-content\/uploads\/2026\/02\/4-2-scaled.jpg 2560w, https:\/\/shatranj.art\/wp-content\/uploads\/2026\/02\/4-2-300x101.jpg 300w, https:\/\/shatranj.art\/wp-content\/uploads\/2026\/02\/4-2-1024x345.jpg 1024w, https:\/\/shatranj.art\/wp-content\/uploads\/2026\/02\/4-2-768x259.jpg 768w, https:\/\/shatranj.art\/wp-content\/uploads\/2026\/02\/4-2-1536x518.jpg 1536w, https:\/\/shatranj.art\/wp-content\/uploads\/2026\/02\/4-2-2048x691.jpg 2048w\" sizes=\"(max-width: 2560px) 100vw, 2560px\" \/>\t\t\t\t\t\t\t\t\t\t\t\t\t\t\t<\/div>\n\t\t\t\t<\/div>\n\t\t<div class=\"elementor-element elementor-element-8ed3a74 e-con-full e-flex e-con e-child\" data-id=\"8ed3a74\" data-element_type=\"container\" data-e-type=\"container\">\n\t\t\t\t<div class=\"elementor-element elementor-element-bf8591c elementor-widget-tablet__width-initial elementor-widget elementor-widget-image\" data-id=\"bf8591c\" data-element_type=\"widget\" data-e-type=\"widget\" data-widget_type=\"image.default\">\n\t\t\t\t<div class=\"elementor-widget-container\">\n\t\t\t\t\t\t\t\t\t\t\t\t\t\t\t<img decoding=\"async\" width=\"742\" height=\"1024\" src=\"https:\/\/shatranj.art\/wp-content\/uploads\/2026\/02\/4-3-742x1024.jpg\" class=\"attachment-large size-large wp-image-783\" alt=\"\" srcset=\"https:\/\/shatranj.art\/wp-content\/uploads\/2026\/02\/4-3-742x1024.jpg 742w, https:\/\/shatranj.art\/wp-content\/uploads\/2026\/02\/4-3-217x300.jpg 217w, https:\/\/shatranj.art\/wp-content\/uploads\/2026\/02\/4-3-768x1060.jpg 768w, https:\/\/shatranj.art\/wp-content\/uploads\/2026\/02\/4-3.jpg 874w\" sizes=\"(max-width: 742px) 100vw, 742px\" \/>\t\t\t\t\t\t\t\t\t\t\t\t\t\t\t<\/div>\n\t\t\t\t<\/div>\n\t\t\t\t<div class=\"elementor-element elementor-element-344ed8c elementor-widget__width-initial elementor-widget elementor-widget-text-editor\" data-id=\"344ed8c\" data-element_type=\"widget\" data-e-type=\"widget\" data-widget_type=\"text-editor.default\">\n\t\t\t\t<div class=\"elementor-widget-container\">\n\t\t\t\t\t\t\t\t\t<p><strong>Ang\u013cu valod\u0101: Zieme\u013cj\u016bras st\u0101stnieki:<\/strong><\/p><p>\u00a0<\/p><p>L\u016bisa \u0161aha fig\u016bras \u0160\u012bs 12. gadsimta fig\u016bras, kas atrastas Skotijas L\u016bisa sal\u0101 un izgrieztas no mor\u017eu zilo\u0146kaula, iez\u012bm\u0113 iespaid\u012bgu \u0161aha p\u0101reju no abstrakt\u0101m form\u0101m uz spilgtu st\u0101stu. \u0160\u012bs fig\u016bras, kas veidotas ar zieme\u013cnieku meistaru rok\u0101m, ar satrauktajiem kara\u013ciem, apcer\u012bgaj\u0101m karalien\u0113m un ar vairogiem sakostajiem berserkeriem atspogu\u013co viduslaiku Eiropas soci\u0101lo hierarhiju un psihi. Kad \u0123eometrisk\u0101s fig\u016bras no austrumiem non\u0101ca zieme\u013cos, t\u0101s p\u0101rtapa \u0161ajos dramatiskajos, cilv\u0113c\u012bgajos t\u0113los, veidojot m\u016bsdienu \u0161aha vizu\u0101lo pamatu.<\/p>\t\t\t\t\t\t\t\t<\/div>\n\t\t\t\t<\/div>\n\t\t\t\t<div class=\"elementor-element elementor-element-6f85ab9 elementor-widget-tablet__width-initial elementor-widget elementor-widget-image\" data-id=\"6f85ab9\" data-element_type=\"widget\" data-e-type=\"widget\" data-widget_type=\"image.default\">\n\t\t\t\t<div class=\"elementor-widget-container\">\n\t\t\t\t\t\t\t\t\t\t\t\t\t\t\t<img loading=\"lazy\" decoding=\"async\" width=\"800\" height=\"854\" src=\"https:\/\/shatranj.art\/wp-content\/uploads\/2026\/02\/4-5-959x1024.jpg\" class=\"attachment-large size-large wp-image-784\" alt=\"\" srcset=\"https:\/\/shatranj.art\/wp-content\/uploads\/2026\/02\/4-5-959x1024.jpg 959w, https:\/\/shatranj.art\/wp-content\/uploads\/2026\/02\/4-5-281x300.jpg 281w, https:\/\/shatranj.art\/wp-content\/uploads\/2026\/02\/4-5-768x820.jpg 768w, https:\/\/shatranj.art\/wp-content\/uploads\/2026\/02\/4-5.jpg 1261w\" sizes=\"(max-width: 800px) 100vw, 800px\" \/>\t\t\t\t\t\t\t\t\t\t\t\t\t\t\t<\/div>\n\t\t\t\t<\/div>\n\t\t\t\t<\/div>\n\t\t\t\t\t<\/div>\n\t\t\t\t<\/div>\n\t\t\t\t<\/div>","protected":false},"excerpt":{"rendered":"<p>Afrasiyab Chess Pieces \u00a0 The ivory pieces from the 7th\u20138th century found at the Afrasiyab site in Samarkand represent the oldest known chess set. These detailed figurines provide a figurative look at the game&#8217;s Central Asian roots, featuring the Rook as a chariot with multiple horses, the knight piece is depicted as a cavalryman with [&hellip;]<\/p>\n","protected":false},"author":1,"featured_media":0,"parent":743,"menu_order":0,"comment_status":"closed","ping_status":"closed","template":"","meta":{"footnotes":""},"class_list":["post-775","page","type-page","status-publish","hentry"],"_links":{"self":[{"href":"https:\/\/shatranj.art\/lv\/wp-json\/wp\/v2\/pages\/775","targetHints":{"allow":["GET"]}}],"collection":[{"href":"https:\/\/shatranj.art\/lv\/wp-json\/wp\/v2\/pages"}],"about":[{"href":"https:\/\/shatranj.art\/lv\/wp-json\/wp\/v2\/types\/page"}],"author":[{"embeddable":true,"href":"https:\/\/shatranj.art\/lv\/wp-json\/wp\/v2\/users\/1"}],"replies":[{"embeddable":true,"href":"https:\/\/shatranj.art\/lv\/wp-json\/wp\/v2\/comments?post=775"}],"version-history":[{"count":22,"href":"https:\/\/shatranj.art\/lv\/wp-json\/wp\/v2\/pages\/775\/revisions"}],"predecessor-version":[{"id":1631,"href":"https:\/\/shatranj.art\/lv\/wp-json\/wp\/v2\/pages\/775\/revisions\/1631"}],"up":[{"embeddable":true,"href":"https:\/\/shatranj.art\/lv\/wp-json\/wp\/v2\/pages\/743"}],"wp:attachment":[{"href":"https:\/\/shatranj.art\/lv\/wp-json\/wp\/v2\/media?parent=775"}],"curies":[{"name":"wp","href":"https:\/\/api.w.org\/{rel}","templated":true}]}}