{"id":788,"date":"2026-02-21T17:52:41","date_gmt":"2026-02-21T17:52:41","guid":{"rendered":"https:\/\/shatranj.art\/?page_id=788"},"modified":"2026-02-23T08:09:25","modified_gmt":"2026-02-23T08:09:25","slug":"poster-5","status":"publish","type":"page","link":"https:\/\/shatranj.art\/lv\/exhibit\/poster-5\/","title":{"rendered":"plak\u0101ts 5"},"content":{"rendered":"<div data-elementor-type=\"wp-page\" data-elementor-id=\"788\" class=\"elementor elementor-788\" data-elementor-post-type=\"page\">\n\t\t\t\t<div class=\"elementor-element elementor-element-392e0f4 e-flex e-con-boxed e-con e-parent\" data-id=\"392e0f4\" data-element_type=\"container\" data-e-type=\"container\" data-settings=\"{&quot;background_background&quot;:&quot;classic&quot;}\">\n\t\t\t\t\t<div class=\"e-con-inner\">\n\t\t<div class=\"elementor-element elementor-element-7cea5b8 e-con-full e-flex e-con e-child\" data-id=\"7cea5b8\" data-element_type=\"container\" data-e-type=\"container\">\n\t\t\t\t<div class=\"elementor-element elementor-element-022fe27 elementor-widget elementor-widget-image\" data-id=\"022fe27\" data-element_type=\"widget\" data-e-type=\"widget\" data-widget_type=\"image.default\">\n\t\t\t\t<div class=\"elementor-widget-container\">\n\t\t\t\t\t\t\t\t\t\t\t\t\t\t\t<img fetchpriority=\"high\" decoding=\"async\" width=\"800\" height=\"667\" src=\"https:\/\/shatranj.art\/wp-content\/uploads\/2026\/02\/22-1024x854.jpg\" class=\"attachment-large size-large wp-image-1004\" alt=\"\" srcset=\"https:\/\/shatranj.art\/wp-content\/uploads\/2026\/02\/22-1024x854.jpg 1024w, https:\/\/shatranj.art\/wp-content\/uploads\/2026\/02\/22-300x250.jpg 300w, https:\/\/shatranj.art\/wp-content\/uploads\/2026\/02\/22-768x640.jpg 768w, https:\/\/shatranj.art\/wp-content\/uploads\/2026\/02\/22-1536x1280.jpg 1536w, https:\/\/shatranj.art\/wp-content\/uploads\/2026\/02\/22-2048x1707.jpg 2048w\" sizes=\"(max-width: 800px) 100vw, 800px\" \/>\t\t\t\t\t\t\t\t\t\t\t\t\t\t\t<\/div>\n\t\t\t\t<\/div>\n\t\t\t\t<div class=\"elementor-element elementor-element-883ad20 elementor-widget elementor-widget-text-editor\" data-id=\"883ad20\" data-element_type=\"widget\" data-e-type=\"widget\" data-widget_type=\"text-editor.default\">\n\t\t\t\t<div class=\"elementor-widget-container\">\n\t\t\t\t\t\t\t\t\t<h3><b>Ludus Duodecim Scriptorum: The Roman Heritage of Backgammon<\/b><\/h3><p>Divpadsmit z\u012bmju nosl\u0113pums Ludus Duodecim Scriptorum lat\u012b\u0146u valod\u0101 noz\u012bm\u0113 \u201cDivpadsmit z\u012bmju sp\u0113le\u201d, kas bija pla\u0161i izplat\u012bta strat\u0113\u0123ijas un nejau\u0161\u012bbas sp\u0113le vis\u0101 Romas imp\u0113rij\u0101, s\u0101kot no milit\u0101raj\u0101m kazarm\u0101m l\u012bdz pat imperatora pil\u012bm. Piem\u0113ri, kas iegrav\u0113ti sen\u0101s Efesas pils\u0113tas marmora gr\u012bd\u0101s, jo \u012bpa\u0161i uz Celsa bibliot\u0113kas k\u0101pn\u0113m, dokument\u0113 \u0161\u012bs sp\u0113les centr\u0101lo lomu romie\u0161u ikdienas dz\u012bv\u0113. Sp\u0113l\u0113 ir d\u0113lis ar trim rind\u0101m, katr\u0101 no kur\u0101m ir 12 atz\u012bmes, un taj\u0101 ir sacens\u012bba, lai, izmantojot tr\u012bs kauli\u0146us, p\u0101rvietotu fig\u016bri\u0146as uz m\u0101jas zonu.<\/p><p>\u00a0<\/p><p><b>Nogu galda sp\u0113\u013cu sencis<\/b> <span style=\"font-weight: 400;\"><br \/><\/span>Gadsimtu gait\u0101, vienk\u0101r\u0161ojot noteikumus un p\u0101rejot uz divu rindu form\u0101tu, rad\u0101s sp\u0113le, kas paz\u012bstama k\u0101 Tabula - m\u016bsdienu bekgemona tie\u0161ais priek\u0161tece. Ludus Duodecim Scriptorum nav tikai izklaide, t\u0101 ir akmen\u012b iegrav\u0113ta liec\u012bba par sen\u0101 pr\u0101ta centieniem apg\u016bt matem\u0101tisko varb\u016bt\u012bbu, riska p\u0101rvald\u012bbu un m\u016b\u017e\u012bgo c\u012b\u0146u ar likteni.<\/p>\t\t\t\t\t\t\t\t<\/div>\n\t\t\t\t<\/div>\n\t\t\t\t<\/div>\n\t\t\t\t\t<\/div>\n\t\t\t\t<\/div>\n\t\t\t\t<\/div>","protected":false},"excerpt":{"rendered":"<p>Ludus Duodecim Scriptorum: The Roman Heritage of Backgammon The Mystery of the Twelve Markings Meaning &#8220;The Game of Twelve Markings&#8221; in Latin, Ludus Duodecim Scriptorum was a widely played strategy and chance game throughout the Roman Empire, from military barracks to imperial palaces. Examples etched into the marble floors of the ancient city of Ephesus [&hellip;]<\/p>\n","protected":false},"author":1,"featured_media":0,"parent":743,"menu_order":0,"comment_status":"closed","ping_status":"closed","template":"","meta":{"footnotes":""},"class_list":["post-788","page","type-page","status-publish","hentry"],"_links":{"self":[{"href":"https:\/\/shatranj.art\/lv\/wp-json\/wp\/v2\/pages\/788","targetHints":{"allow":["GET"]}}],"collection":[{"href":"https:\/\/shatranj.art\/lv\/wp-json\/wp\/v2\/pages"}],"about":[{"href":"https:\/\/shatranj.art\/lv\/wp-json\/wp\/v2\/types\/page"}],"author":[{"embeddable":true,"href":"https:\/\/shatranj.art\/lv\/wp-json\/wp\/v2\/users\/1"}],"replies":[{"embeddable":true,"href":"https:\/\/shatranj.art\/lv\/wp-json\/wp\/v2\/comments?post=788"}],"version-history":[{"count":19,"href":"https:\/\/shatranj.art\/lv\/wp-json\/wp\/v2\/pages\/788\/revisions"}],"predecessor-version":[{"id":1301,"href":"https:\/\/shatranj.art\/lv\/wp-json\/wp\/v2\/pages\/788\/revisions\/1301"}],"up":[{"embeddable":true,"href":"https:\/\/shatranj.art\/lv\/wp-json\/wp\/v2\/pages\/743"}],"wp:attachment":[{"href":"https:\/\/shatranj.art\/lv\/wp-json\/wp\/v2\/media?parent=788"}],"curies":[{"name":"wp","href":"https:\/\/api.w.org\/{rel}","templated":true}]}}