{"id":817,"date":"2026-02-21T20:02:15","date_gmt":"2026-02-21T20:02:15","guid":{"rendered":"https:\/\/shatranj.art\/?page_id=817"},"modified":"2026-02-24T06:26:33","modified_gmt":"2026-02-24T06:26:33","slug":"poster-8","status":"publish","type":"page","link":"https:\/\/shatranj.art\/lv\/exhibit\/poster-8\/","title":{"rendered":"plak\u0101ts 8"},"content":{"rendered":"<div data-elementor-type=\"wp-page\" data-elementor-id=\"817\" class=\"elementor elementor-817\" data-elementor-post-type=\"page\">\n\t\t\t\t<div class=\"elementor-element elementor-element-3be2f38 e-flex e-con-boxed e-con e-parent\" data-id=\"3be2f38\" data-element_type=\"container\" data-e-type=\"container\" data-settings=\"{&quot;background_background&quot;:&quot;classic&quot;}\">\n\t\t\t\t\t<div class=\"e-con-inner\">\n\t\t\t\t<div class=\"elementor-element elementor-element-18ff8b2 elementor-widget elementor-widget-image\" data-id=\"18ff8b2\" data-element_type=\"widget\" data-e-type=\"widget\" data-widget_type=\"image.default\">\n\t\t\t\t<div class=\"elementor-widget-container\">\n\t\t\t\t\t\t\t\t\t\t\t\t\t\t\t<img fetchpriority=\"high\" decoding=\"async\" width=\"480\" height=\"321\" src=\"https:\/\/shatranj.art\/wp-content\/uploads\/2026\/02\/bobby-fischer-dubrovnik.jpg\" class=\"attachment-full size-full wp-image-1458\" alt=\"\" srcset=\"https:\/\/shatranj.art\/wp-content\/uploads\/2026\/02\/bobby-fischer-dubrovnik.jpg 480w, https:\/\/shatranj.art\/wp-content\/uploads\/2026\/02\/bobby-fischer-dubrovnik-300x201.jpg 300w, https:\/\/shatranj.art\/wp-content\/uploads\/2026\/02\/bobby-fischer-dubrovnik-18x12.jpg 18w\" sizes=\"(max-width: 480px) 100vw, 480px\" \/>\t\t\t\t\t\t\t\t\t\t\t\t\t\t\t<\/div>\n\t\t\t\t<\/div>\n\t\t\t\t<div class=\"elementor-element elementor-element-cec26d3 elementor-widget elementor-widget-image\" data-id=\"cec26d3\" data-element_type=\"widget\" data-e-type=\"widget\" data-widget_type=\"image.default\">\n\t\t\t\t<div class=\"elementor-widget-container\">\n\t\t\t\t\t\t\t\t\t\t\t\t\t\t\t<img decoding=\"async\" width=\"964\" height=\"582\" src=\"https:\/\/shatranj.art\/wp-content\/uploads\/2026\/02\/8.png\" class=\"attachment-full size-full wp-image-820\" alt=\"\" srcset=\"https:\/\/shatranj.art\/wp-content\/uploads\/2026\/02\/8.png 964w, https:\/\/shatranj.art\/wp-content\/uploads\/2026\/02\/8-300x181.png 300w, https:\/\/shatranj.art\/wp-content\/uploads\/2026\/02\/8-768x464.png 768w\" sizes=\"(max-width: 964px) 100vw, 964px\" \/>\t\t\t\t\t\t\t\t\t\t\t\t\t\t\t<\/div>\n\t\t\t\t<\/div>\n\t\t\t\t<div class=\"elementor-element elementor-element-411e3a4 elementor-widget__width-initial elementor-widget elementor-widget-text-editor\" data-id=\"411e3a4\" data-element_type=\"widget\" data-e-type=\"widget\" data-widget_type=\"text-editor.default\">\n\t\t\t\t<div class=\"elementor-widget-container\">\n\t\t\t\t\t\t\t\t\t<p><b>Aiz ideolo\u0123iju robe\u017e\u0101m: 1950. gada Dubrovnikas komplekts<\/b><\/p><p>\u0160is komplekts, kas tika \u012bpa\u0161i rad\u012bts 9. \u0161aha olimpi\u0101dei 1950. gad\u0101 Dienvidsl\u0101vij\u0101, ir viena no radik\u0101l\u0101kaj\u0101m dizaina revol\u016bcij\u0101m \u0161aha v\u0113stur\u0113. Melnkalnes gleznot\u0101ja un t\u0113lnieka Petara Po\u010deka (Petar Po\u010dek) izstr\u0101d\u0101t\u0101 komplekta m\u0113r\u0137is bija p\u0113c Otr\u0101 pasaules kara atkal apvienot pasauli, izmantojot sp\u0113les vienojo\u0161o sp\u0113ku. \u0145emot v\u0113r\u0101 \u0161o m\u0113r\u0137i, visi reli\u0123iskie simboli tika apzin\u0101ti likvid\u0113ti: tradicion\u0101lo krustu kara\u013ca virsotn\u0113 aizst\u0101ja vienk\u0101r\u0161a lode, un uz b\u012bskapa tika likvid\u0113ta izci\u013c\u0146a, kas simboliz\u0113ja gar\u012bdznieka mitru.<\/p><p>\u0160is \u201claic\u012bgais\u201d un iek\u013caujo\u0161ais dizains p\u0101rv\u0113rta \u0161ahu no konkr\u0113tu tic\u012bbu simbola par univers\u0101lu m\u0101kslas darbu. Bobijs Fi\u0161ers to augstu nov\u0113rt\u0113ja k\u0101 \u201clab\u0101ko komplektu, ar k\u0101du jebkad esmu sp\u0113l\u0113jis\u201d, un vi\u0146\u0161 uzst\u0101ja, lai tas tiktu izmantots vi\u0146a v\u0113sturiskaj\u0101 1992. gada revan\u0161a ma\u010d\u0101 pret Spasski, un \u0161is dizains ir dzi\u013c\u0161 est\u0113tisks meistar\u012bbas apsol\u012bjums mier\u012bgai un modernai n\u0101kotnei.<\/p>\t\t\t\t\t\t\t\t<\/div>\n\t\t\t\t<\/div>\n\t\t<div class=\"elementor-element elementor-element-8bffdfb e-con-full e-flex e-con e-child\" data-id=\"8bffdfb\" data-element_type=\"container\" data-e-type=\"container\">\n\t\t\t\t<div class=\"elementor-element elementor-element-e67be09 elementor-widget__width-initial elementor-widget elementor-widget-image\" data-id=\"e67be09\" data-element_type=\"widget\" data-e-type=\"widget\" data-widget_type=\"image.default\">\n\t\t\t\t<div class=\"elementor-widget-container\">\n\t\t\t\t\t\t\t\t\t\t\t\t\t\t\t<img decoding=\"async\" width=\"1028\" height=\"817\" src=\"https:\/\/shatranj.art\/wp-content\/uploads\/2026\/02\/8.jpg\" class=\"attachment-full size-full wp-image-821\" alt=\"\" srcset=\"https:\/\/shatranj.art\/wp-content\/uploads\/2026\/02\/8.jpg 1028w, https:\/\/shatranj.art\/wp-content\/uploads\/2026\/02\/8-300x238.jpg 300w, https:\/\/shatranj.art\/wp-content\/uploads\/2026\/02\/8-1024x814.jpg 1024w, https:\/\/shatranj.art\/wp-content\/uploads\/2026\/02\/8-768x610.jpg 768w\" sizes=\"(max-width: 1028px) 100vw, 1028px\" \/>\t\t\t\t\t\t\t\t\t\t\t\t\t\t\t<\/div>\n\t\t\t\t<\/div>\n\t\t\t\t<div class=\"elementor-element elementor-element-f215331 elementor-widget__width-initial elementor-widget elementor-widget-text-editor\" data-id=\"f215331\" data-element_type=\"widget\" data-e-type=\"widget\" data-widget_type=\"text-editor.default\">\n\t\t\t\t<div class=\"elementor-widget-container\">\n\t\t\t\t\t\t\t\t\t<p><b>Kaisl\u012bba \u0101rpus robe\u017e\u0101m: Suboticas \u0161aha mantojums<\/b><\/p><p>\u0160is komplekts, kas atdz\u012bvin\u0101ts Suboticas pierobe\u017eas pils\u0113t\u0101 un izgatavots le\u0123end\u0101raj\u0101s Subozanas darbn\u012bc\u0101s, ir sp\u0113c\u012bgs Dienvidsl\u0101vijas \u0161aha pasaules zelta laikmeta simbols. \u0160\u012bs fig\u016bri\u0146as p\u0101rst\u0101v laikmetu, kad \u0161ahs k\u013cuva par \u012bstu tautas kult\u016bru, kas bija sastopama ikvien\u0101 m\u0101j\u0101, skol\u0101 un sabiedriskaj\u0101 park\u0101. T\u0101s ir vienk\u0101r\u0161as, iztur\u012bgas un cien\u012bjamas Balk\u0101nu amatniec\u012bbas est\u0113tikas paraugs un st\u0101sta par to, k\u0101 \u0161ahs no elites nodarbes p\u0101rtapa par kop\u012bgu soci\u0101lo valodu, kas apvienoja visus sabiedr\u012bbas sl\u0101\u0146us. Suboticas komplekts joproj\u0101m ir m\u016b\u017e\u012bgs kult\u016bras tilts, kur\u0101 satiekas meistar\u012bba un strat\u0113\u0123ija.<\/p>\t\t\t\t\t\t\t\t<\/div>\n\t\t\t\t<\/div>\n\t\t\t\t<\/div>\n\t\t\t\t\t<\/div>\n\t\t\t\t<\/div>\n\t\t\t\t<\/div>","protected":false},"excerpt":{"rendered":"<p>Beyond Ideologies: The 1950 Dubrovnik Set Specially created for the 9th Chess Olympiad in 1950 in Yugoslavia, this set represents one of the most radical design revolutions in chess history. Designed by Montenegrin painter and sculptor Petar Po\u010dek, the set aimed to reunite the world through the unifying power of play following the Second World [&hellip;]<\/p>\n","protected":false},"author":1,"featured_media":0,"parent":743,"menu_order":0,"comment_status":"closed","ping_status":"closed","template":"","meta":{"footnotes":""},"class_list":["post-817","page","type-page","status-publish","hentry"],"_links":{"self":[{"href":"https:\/\/shatranj.art\/lv\/wp-json\/wp\/v2\/pages\/817","targetHints":{"allow":["GET"]}}],"collection":[{"href":"https:\/\/shatranj.art\/lv\/wp-json\/wp\/v2\/pages"}],"about":[{"href":"https:\/\/shatranj.art\/lv\/wp-json\/wp\/v2\/types\/page"}],"author":[{"embeddable":true,"href":"https:\/\/shatranj.art\/lv\/wp-json\/wp\/v2\/users\/1"}],"replies":[{"embeddable":true,"href":"https:\/\/shatranj.art\/lv\/wp-json\/wp\/v2\/comments?post=817"}],"version-history":[{"count":13,"href":"https:\/\/shatranj.art\/lv\/wp-json\/wp\/v2\/pages\/817\/revisions"}],"predecessor-version":[{"id":1461,"href":"https:\/\/shatranj.art\/lv\/wp-json\/wp\/v2\/pages\/817\/revisions\/1461"}],"up":[{"embeddable":true,"href":"https:\/\/shatranj.art\/lv\/wp-json\/wp\/v2\/pages\/743"}],"wp:attachment":[{"href":"https:\/\/shatranj.art\/lv\/wp-json\/wp\/v2\/media?parent=817"}],"curies":[{"name":"wp","href":"https:\/\/api.w.org\/{rel}","templated":true}]}}